{"id":11175,"date":"2019-05-08T16:19:46","date_gmt":"2019-05-08T14:19:46","guid":{"rendered":"https:\/\/folk.world\/?page_id=11175"},"modified":"2023-04-17T16:59:46","modified_gmt":"2023-04-17T14:59:46","slug":"kontakt","status":"publish","type":"page","link":"https:\/\/folk.world\/de\/kontakt\/","title":{"rendered":"Kontakt"},"content":{"rendered":"\n<p><strong>E-Mail:<\/strong> <a href=\"mailto:mail@folk.world\" target=\"_blank\" rel=\"noreferrer noopener\">mail@folk.world<\/a><br><strong>Telefon:<\/strong> +49 7621 1617738<\/p>\n\n\n\n<div class=\"wp-block-group\"><div class=\"wp-block-group__inner-container is-layout-flow wp-block-group-is-layout-flow\">\n<div class=\"wp-block-group\"><div class=\"wp-block-group__inner-container is-layout-flow wp-block-group-is-layout-flow\">\n<h2 class=\"wp-block-heading\">\u00d6ffnungszeiten<\/h2>\n\n\n\n<p>Das sind die B\u00fcrozeiten von Folk.World:<br>B\u00fcrozeiten: Montag + Freitag, 9:00 &#8211; 17:00 Uhr<\/p>\n<\/div><\/div>\n\n\n\n<h2 class=\"wp-block-heading\">Postanschrift<\/h2>\n\n\n\n<p>Wenn Du Folk.World einen Brief senden m\u00f6chtest, nutze gerne die Postanschrift von Folk.World:<\/p>\n\n\n<p>Folk.World<br \/>\r\n\t\t\t\t\tJonas B\u00f6ttcher<br \/>\r\n\t\t\t\t\tM\u00fchlenheuweg 32<br \/>\r\n\t\t\t\t\tDE - 41749 Viersen<br \/>\r\n\t\t\t\t\t<\/p>\n<\/div><\/div>\n\n\n\n<h2 class=\"wp-block-heading\">Kontaktformular<\/h2>\n\n\n\n<p>Der schnellste zu Folk.World ist digital. Du kannst gerne eine E-Mail schreiben, \u00fcber soziale Netzwerke oder \u00fcber diese Website Kontakt aufnehmen:<\/p>\n\n\n\n<div class=\"wpcf7 no-js\" id=\"wpcf7-f11169-o1\" lang=\"de-DE\" dir=\"ltr\" data-wpcf7-id=\"11169\">\n<div class=\"screen-reader-response\"><p role=\"status\" aria-live=\"polite\" aria-atomic=\"true\"><\/p> <ul><\/ul><\/div>\n<form action=\"\/de\/wp-json\/wp\/v2\/pages\/11175#wpcf7-f11169-o1\" method=\"post\" class=\"wpcf7-form init\" aria-label=\"Kontaktformular\" novalidate=\"novalidate\" data-status=\"init\">\n<fieldset class=\"hidden-fields-container\"><input type=\"hidden\" name=\"_wpcf7\" value=\"11169\" \/><input type=\"hidden\" name=\"_wpcf7_version\" value=\"6.1.5\" \/><input type=\"hidden\" name=\"_wpcf7_locale\" value=\"de_DE\" \/><input type=\"hidden\" name=\"_wpcf7_unit_tag\" value=\"wpcf7-f11169-o1\" \/><input type=\"hidden\" name=\"_wpcf7_container_post\" value=\"0\" \/><input type=\"hidden\" name=\"_wpcf7_posted_data_hash\" value=\"\" \/><input type=\"hidden\" name=\"_wpcf7_recaptcha_response\" value=\"\" \/>\n<\/fieldset>\n<p><label>Dein Name<br \/>\n<span class=\"wpcf7-form-control-wrap\" data-name=\"your-name\"><input size=\"40\" maxlength=\"400\" class=\"wpcf7-form-control wpcf7-text wpcf7-validates-as-required\" aria-required=\"true\" aria-invalid=\"false\" value=\"\" type=\"text\" name=\"your-name\" \/><\/span> <\/label>\n<\/p>\n<p><label>Deine E-Mail-Adresse<br \/>\n<span class=\"wpcf7-form-control-wrap\" data-name=\"your-email\"><input size=\"40\" maxlength=\"400\" class=\"wpcf7-form-control wpcf7-email wpcf7-validates-as-required wpcf7-text wpcf7-validates-as-email\" aria-required=\"true\" aria-invalid=\"false\" value=\"\" type=\"email\" name=\"your-email\" \/><\/span> <\/label>\n<\/p>\n<p><label>Der Betreff<br \/>\n<span class=\"wpcf7-form-control-wrap\" data-name=\"your-subject\"><input size=\"40\" maxlength=\"400\" class=\"wpcf7-form-control wpcf7-text wpcf7-validates-as-required\" aria-required=\"true\" aria-invalid=\"false\" value=\"\" type=\"text\" name=\"your-subject\" \/><\/span> <\/label>\n<\/p>\n<p><label>Deine Nachricht<br \/>\n<span class=\"wpcf7-form-control-wrap\" data-name=\"your-message\"><textarea cols=\"40\" rows=\"10\" maxlength=\"2000\" class=\"wpcf7-form-control wpcf7-textarea wpcf7-validates-as-required\" aria-required=\"true\" aria-invalid=\"false\" name=\"your-message\"><\/textarea><\/span> <\/label>\n<\/p>\n<p><input class=\"wpcf7-form-control wpcf7-submit has-spinner\" type=\"submit\" value=\"Send\" \/>\n<\/p><input type=\"hidden\" id=\"ct_checkjs_cf7_9fd81843ad7f202f26c1a174c7357585\" name=\"ct_checkjs_cf7\" value=\"0\" \/><script >setTimeout(function(){var ct_input_name = \"ct_checkjs_cf7_9fd81843ad7f202f26c1a174c7357585\";if (document.getElementById(ct_input_name) !== null) {var ct_input_value = document.getElementById(ct_input_name).value;document.getElementById(ct_input_name).value = document.getElementById(ct_input_name).value.replace(ct_input_value, '972845392');}}, 1000);<\/script><input\n                    class=\"apbct_special_field apbct_email_id__wp_contact_form_7\"\n                    name=\"apbct__email_id__wp_contact_form_7\"\n                    aria-label=\"apbct__label_id__wp_contact_form_7\"\n                    type=\"text\" size=\"30\" maxlength=\"200\" autocomplete=\"off\"\n                    value=\"\"\n                \/><div class=\"wpcf7-response-output\" aria-hidden=\"true\"><\/div>\n<\/form>\n<\/div>\n\n","protected":false},"excerpt":{"rendered":"<p>E-Mail: mail@folk.worldTelefon: +49 7621 1617738 \u00d6ffnungszeiten Das sind die B\u00fcrozeiten von Folk.World:B\u00fcrozeiten: Montag + Freitag, 9:00 &#8211; 17:00 Uhr Postanschrift Wenn Du Folk.World einen Brief senden m\u00f6chtest, nutze gerne die Postanschrift von Folk.World: Kontaktformular Der schnellste zu Folk.World ist digital. Du kannst gerne eine E-Mail schreiben, \u00fcber soziale Netzwerke oder \u00fcber diese Website Kontakt aufnehmen:<\/p>\n","protected":false},"author":1,"featured_media":0,"parent":0,"menu_order":0,"comment_status":"closed","ping_status":"closed","template":"","meta":{"footnotes":""},"class_list":["post-11175","page","type-page","status-publish","hentry"],"_links":{"self":[{"href":"https:\/\/folk.world\/de\/wp-json\/wp\/v2\/pages\/11175","targetHints":{"allow":["GET"]}}],"collection":[{"href":"https:\/\/folk.world\/de\/wp-json\/wp\/v2\/pages"}],"about":[{"href":"https:\/\/folk.world\/de\/wp-json\/wp\/v2\/types\/page"}],"author":[{"embeddable":true,"href":"https:\/\/folk.world\/de\/wp-json\/wp\/v2\/users\/1"}],"replies":[{"embeddable":true,"href":"https:\/\/folk.world\/de\/wp-json\/wp\/v2\/comments?post=11175"}],"version-history":[{"count":10,"href":"https:\/\/folk.world\/de\/wp-json\/wp\/v2\/pages\/11175\/revisions"}],"predecessor-version":[{"id":17007,"href":"https:\/\/folk.world\/de\/wp-json\/wp\/v2\/pages\/11175\/revisions\/17007"}],"wp:attachment":[{"href":"https:\/\/folk.world\/de\/wp-json\/wp\/v2\/media?parent=11175"}],"curies":[{"name":"wp","href":"https:\/\/api.w.org\/{rel}","templated":true}]}}