{"id":13809,"date":"2020-01-01T23:01:35","date_gmt":"2020-01-01T22:01:35","guid":{"rendered":"https:\/\/folk.world\/?page_id=13809"},"modified":"2020-01-01T23:08:14","modified_gmt":"2020-01-01T22:08:14","slug":"zwei-dudelsack-lehrbuecher-im-vergleich","status":"publish","type":"page","link":"https:\/\/folk.world\/de\/zwei-dudelsack-lehrbuecher-im-vergleich\/","title":{"rendered":"Zwei Dudelsack Lehrb\u00fccher im Vergleich"},"content":{"rendered":"\n<p>Wenn Du Dudelsack lernen m\u00f6chtest, musst Du Dich erst f\u00fcr den richtige Art der Sackpfeife entscheiden. Popul\u00e4r sind der Mittelalter-Dudelsack und der schottische Dudelsack (Great Highland Bagpipe). Es gibt im Vergleich zur Gitarre nur wenig Lehrer, die Dudelsack spielen unterrichten. Die meisten Dudelsackspieler haben daher mit einem Selbststudium begonnen. F\u00fcr beide Instrumente gibt es hervorragende Dudelsack Lehrb\u00fccher, die Folk.World in diesem Beitrag kurz vorstellt.<\/p>\n\n\n\n<h2 class=\"wp-block-heading\">&#8220;Die Sackpfeifen-Fibel&#8221; f\u00fcr den Mittelalter-Dudelsack<\/h2>\n\n\n\n<p>Der <a href=\"https:\/\/folk.world\/s\/german-smallpipe\/\">Mittelalter-Dudelsack<\/a> begeistert durch einen besonderen und charakteristischen Klang. Wenn Du schon einmal auf einem Mittelaltermarkt warst oder Bands wie In Extremo oder Corvus Corax h\u00f6rst, wirst Du ihn bestimmt kennen. Die spezielle Klangfarbe entsteht bei dem Instrument durch die gro\u00dfen Schallbecher. Der Chanter ist beim mittelalterlichen Dudelsack konisch gebohrt und das Instrument besitzt ein bis drei Bordune. Das erste und bisher einzige Lehrbuch zum Mittelalter-Dudelsack ist \u201e<a href=\"https:\/\/folk.world\/s\/die-sackpfeifen-fibel-teil-1-lehrbuch\/\">Die Sackpfeifen-Fibel<\/a>\u201c.  In der Fibel von Thomas Z\u00f6ller findest Du alle notwendigen Informationen, um sofort loszulegen.<\/p>\n\n\n<div data-block-name=\"woocommerce\/handpicked-products\" data-columns=\"1\" data-edit-mode=\"false\" data-products=\"[4189]\" class=\"wc-block-grid wp-block-handpicked-products wp-block-woocommerce-handpicked-products wc-block-handpicked-products has-1-columns has-multiple-rows alignwide\"><ul class=\"wc-block-grid__products\"><li class=\"wc-block-grid__product\">\n\t\t\t\t<a href=\"https:\/\/folk.world\/de\/s\/german-smallpipe\/lehrwerk-gsp\/die-sackpfeifen-fibel-teil-1-lehrbuch\/\" class=\"wc-block-grid__product-link\">\n\t\t\t\t\t\n\t\t\t\t\t<div class=\"wc-block-grid__product-image\"><img loading=\"lazy\" decoding=\"async\" width=\"324\" height=\"324\" src=\"https:\/\/folk.world\/wp-content\/uploads\/2018\/08\/sackpfeifenfibel_1-324x324.jpg\" class=\"attachment-woocommerce_thumbnail size-woocommerce_thumbnail\" alt=\"Dudelsack lernen mit der Sackpfeifen-Fibel 1\" srcset=\"https:\/\/folk.world\/wp-content\/uploads\/2018\/08\/sackpfeifenfibel_1-324x324.jpg 324w, https:\/\/folk.world\/wp-content\/uploads\/2018\/08\/sackpfeifenfibel_1-100x100.jpg 100w, https:\/\/folk.world\/wp-content\/uploads\/2018\/08\/sackpfeifenfibel_1-416x416.jpg 416w, https:\/\/folk.world\/wp-content\/uploads\/2018\/08\/sackpfeifenfibel_1-150x150.jpg 150w, https:\/\/folk.world\/wp-content\/uploads\/2018\/08\/sackpfeifenfibel_1-300x300.jpg 300w, https:\/\/folk.world\/wp-content\/uploads\/2018\/08\/sackpfeifenfibel_1-430x430.jpg 430w, https:\/\/folk.world\/wp-content\/uploads\/2018\/08\/sackpfeifenfibel_1.jpg 700w\" sizes=\"auto, (max-width: 324px) 100vw, 324px\" title=\"\"><\/div>\n\t\t\t\t\t<div class=\"wc-block-grid__product-title\">Die Sackpfeifen-Fibel 1 &#8211; Mittelalterlichen Dudelsack lernen mit Erfolg<\/div>\n\t\t\t\t<\/a>\n\t\t\t\t<div class=\"wc-block-grid__product-price price\">\t\t<span class=\"tiered-pricing-dynamic-price-wrapper\" data-display-context=\"shop-loop\" data-price-type=\"no-rules\" data-product-id=\"4189\" data-parent-id=\"4189\">\n\t\t\t<span class=\"woocommerce-Price-amount amount\">24,90&nbsp;<span class=\"woocommerce-Price-currencySymbol\">&euro;<\/span><\/span> <small class=\"woocommerce-price-suffix\">inkl. Mwst.<\/small><\/span><\/div>\n\t\t<div class=\"wgm-info woocommerce-de_price_taxrate \"><\/div>\n\t\t<div class=\"wgm-info woocommerce_de_versandkosten\">zzgl. <a class=\"versandkosten\" href=\"https:\/\/folk.world\/de\/versand__lieferung\/\" target=\"_blank\">Versand<\/a><\/div>\n\t\t\t\t\n\t\t\t\t<div class=\"wp-block-button wc-block-grid__product-add-to-cart\"><a href=\"https:\/\/folk.world\/de\/s\/german-smallpipe\/lehrwerk-gsp\/die-sackpfeifen-fibel-teil-1-lehrbuch\/\" aria-label=\"Lese mehr \u00fcber &#8222;Die Sackpfeifen-Fibel 1 - Mittelalterlichen Dudelsack lernen mit Erfolg&#8220;\" data-quantity=\"1\" data-product_id=\"4189\" data-product_sku=\"SF1\" data-price=\"24.9\" rel=\"nofollow\" class=\"wp-block-button__link  add_to_cart_button\">Weiterlesen<\/a><\/div>\n\t\t\t<\/li><\/ul><\/div>\n\n\n<p>Einer der gr\u00f6\u00dften Pluspunkte dieses Lehrbuchs f\u00fcr den Mittelalter-Dudelsack ist der hervorragende didaktische Aufbau. Zu Beginn bekommst Du alle n\u00f6tigen Grundlagen und wissenswerte Informationen zur Sackpfeife. Als Auflockerung gibt es zwischendurch immer wieder praktische \u00dcbungen. Erg\u00e4nzend kl\u00e4ren ausf\u00fchrliche Bebilderungen m\u00f6gliche offene Fragen. Einen gro\u00dfen Schwerpunkt legt die Fibel auf die optimale Technik. Vor allem die Fingerhaltung sollte am Anfang richtig sein, weswegen das Buch <a href=\"https:\/\/folk.world\/s\/practise-chanter-fuer-german-smallpipe\/\">eine \u00dcbungspfeife<\/a> empfiehlt. Auch der Spa\u00df kommt in der Fibel nicht zu kurz. Viele Songs f\u00fcr jede K\u00f6nnerstufe motivieren, das Gelernte zu vertiefen und die Marktsackpfeife erklingen zu lassen. Enthaltene Songs f\u00fcr den Mittelalter-Dudelsack sind unter anderem:<\/p>\n\n\n\n<ul class=\"wp-block-list\"><li>Goddesses<\/li><li>Pavane<\/li><li>Pal\u00e4stinalied<\/li><li>Sine Nomine<\/li><li>B\u00e4rentanz<\/li><\/ul>\n\n\n\n<p>Abgerundet wird das Buch von <a href=\"https:\/\/www.dudelsack-akademie.de\/dudelsacklehrer-thomas-zoeller.html\" target=\"_blank\" rel=\"noopener\">Thomas Z\u00f6ller<\/a> mit Tipps zur Pflege des Mittelalter-Dudelsacks. Du erf\u00e4hrst, wie Du alle Teile Deines Instruments richtig reinigst. So hast Du lange Freude an Deiner Sackpfeife. Insgesamt ist die Sackpfeifen-Fibel 1 eine gelungene Mischung aus spannend vermittelter Theorie und Praxis. Wenn Du bereits etwas Erfahrung im Mittelalter-Dudelsack hast, kannst Du einfach in der Mitte des Buchs einsteigen.<\/p>\n\n\n\n<h2 class=\"wp-block-heading\">&#8220;Das Dudelsack-Lehrbuch&#8221; f\u00fcr den schottischen Dudelsack<\/h2>\n\n\n\n<p>Die Great Highland Bagpipe, wie ein <a href=\"https:\/\/folk.world\/s\/wee-pipe-schottisch\/\">schottischer Dudelsack<\/a> h\u00e4ufig genannt wird, zeichnet sich durch eine besondere Lautst\u00e4rke aus. Im Gegensatz zum Mittelalter-Dudelsack besitzt ein schottischer Dudelsack immer drei Bordunpfeifen und ist meist deutlich kr\u00e4ftiger im Klang. Wenn Du lernen willst, wie sich ein schottischer Dudelsack spielt, ist \u201eDas Dudelsack-Lehrbuch\u201c von <a href=\"https:\/\/www.bagpiper-andy.de\/\" target=\"_blank\" rel=\"noopener\">Andreas Hambsch<\/a> der perfekte Begleiter. Auch wenn Deine Pipe bereits sch\u00f6ne T\u00f6ne von sich gibt, kannst Du mit dem Lehrbuch weitere Fortschritte machen. Folk.World gef\u00e4llt bei diesem Buch besonders die Kombi-Methode. Im st\u00e4ndigen Wechsel lehrt das Werk Fingertechniken und Lieder. So kannst Du das Gelernte direkt anwenden, und Deine Hochlandpfeife wird schnell \u201erichtige Musik\u201c machen.<\/p>\n\n\n<div data-block-name=\"woocommerce\/handpicked-products\" data-columns=\"1\" data-edit-mode=\"false\" data-products=\"[4832]\" class=\"wc-block-grid wp-block-handpicked-products wp-block-woocommerce-handpicked-products wc-block-handpicked-products has-1-columns has-multiple-rows\"><ul class=\"wc-block-grid__products\"><li class=\"wc-block-grid__product\">\n\t\t\t\t<a href=\"https:\/\/folk.world\/de\/s\/wee-pipe\/lehrwerk-wp\/das-dudelsack-lehrbuch\/\" class=\"wc-block-grid__product-link\">\n\t\t\t\t\t\n\t\t\t\t\t<div class=\"wc-block-grid__product-image\"><img loading=\"lazy\" decoding=\"async\" width=\"324\" height=\"324\" src=\"https:\/\/folk.world\/wp-content\/uploads\/2018\/11\/Das-Dudelsack-Lehrbuch-Cover2-324x324.png\" class=\"attachment-woocommerce_thumbnail size-woocommerce_thumbnail\" alt=\"Das Dudelsack-Lehrbuch f\u00fcr schottischen Dudelsack\" srcset=\"https:\/\/folk.world\/wp-content\/uploads\/2018\/11\/Das-Dudelsack-Lehrbuch-Cover2-324x324.png 324w, https:\/\/folk.world\/wp-content\/uploads\/2018\/11\/Das-Dudelsack-Lehrbuch-Cover2-300x300.png 300w, https:\/\/folk.world\/wp-content\/uploads\/2018\/11\/Das-Dudelsack-Lehrbuch-Cover2-1024x1024.png 1024w, https:\/\/folk.world\/wp-content\/uploads\/2018\/11\/Das-Dudelsack-Lehrbuch-Cover2-150x150.png 150w, https:\/\/folk.world\/wp-content\/uploads\/2018\/11\/Das-Dudelsack-Lehrbuch-Cover2-768x768.png 768w, https:\/\/folk.world\/wp-content\/uploads\/2018\/11\/Das-Dudelsack-Lehrbuch-Cover2-1536x1536.png 1536w, https:\/\/folk.world\/wp-content\/uploads\/2018\/11\/Das-Dudelsack-Lehrbuch-Cover2-416x416.png 416w, https:\/\/folk.world\/wp-content\/uploads\/2018\/11\/Das-Dudelsack-Lehrbuch-Cover2-100x100.png 100w, https:\/\/folk.world\/wp-content\/uploads\/2018\/11\/Das-Dudelsack-Lehrbuch-Cover2.png 2000w\" sizes=\"auto, (max-width: 324px) 100vw, 324px\" title=\"\"><\/div>\n\t\t\t\t\t<div class=\"wc-block-grid__product-title\">Das Dudelsack-Lehrbuch f\u00fcr schottischen Dudelsack<\/div>\n\t\t\t\t<\/a>\n\t\t\t\t<div class=\"wc-block-grid__product-price price\">\t\t<span class=\"tiered-pricing-dynamic-price-wrapper\" data-display-context=\"shop-loop\" data-price-type=\"no-rules\" data-product-id=\"4832\" data-parent-id=\"4832\">\n\t\t\t<span class=\"woocommerce-Price-amount amount\">25,00&nbsp;<span class=\"woocommerce-Price-currencySymbol\">&euro;<\/span><\/span> <small class=\"woocommerce-price-suffix\">inkl. Mwst.<\/small><\/span><\/div>\n\t\t<div class=\"wgm-info woocommerce-de_price_taxrate \"><\/div>\n\t\t<div class=\"wgm-info woocommerce_de_versandkosten\">zzgl. <a class=\"versandkosten\" href=\"https:\/\/folk.world\/de\/versand__lieferung\/\" target=\"_blank\">Versand<\/a><\/div>\n\t\t\t\t\n\t\t\t\t<div class=\"wp-block-button wc-block-grid__product-add-to-cart\"><a href=\"https:\/\/folk.world\/de\/s\/wee-pipe\/lehrwerk-wp\/das-dudelsack-lehrbuch\/\" aria-label=\"Lese mehr \u00fcber &#8222;Das Dudelsack-Lehrbuch f\u00fcr schottischen Dudelsack&#8220;\" data-quantity=\"1\" data-product_id=\"4832\" data-product_sku=\"\" data-price=\"25\" rel=\"nofollow\" class=\"wp-block-button__link  add_to_cart_button\">Weiterlesen<\/a><\/div>\n\t\t\t<\/li><\/ul><\/div>\n\n\n<p>Alle Griffe, die ein schottischer Dudelsack verlangt, sowie etliche Finger\u00fcbungen sind im Lehrbuch detailliert beschrieben. Einen gro\u00dfen Wert legt der Autor auf die sogenannten Gracenotes. Diese Verzierungen im Spiel machen die Musik lebendig. Zu jeder Note auf der Tonleiter gibt es passende Verzierungs\u00fcbungen. F\u00fcr die praktischen \u00dcbungen und Griffe empfiehlt das Werk <a href=\"https:\/\/folk.world\/s\/practise-chanter-wee-pipe-schottisch\/\">einen Practice Chanter<\/a>.  Auch wenn Du als erfahrener Spieler Deine Technik verbessern willst, ist eine \u00dcbungsfl\u00f6te praktisch. Insgesamt sind in diesem Lehrbuch 21 Lieder enthalten, darunter bekannte St\u00fccke wie:<\/p>\n\n\n\n<ul class=\"wp-block-list\"><li>Scotland the Brave<\/li><li>Amazing Grace<\/li><li>Highroad to Gairloch<\/li><li>Heather Island<\/li><\/ul>\n\n\n\n<p>Damit Du wei\u00dft, wie Dein schottischer Dudelsack die St\u00fccke erklingen lassen sollte, ist auch eine CD enthalten. Dort findest Du alle vorgestellten St\u00fccke in zwei Geschwindigkeiten. Folk.World empfiehlt \u201eDas Dudelsack-Lehrbuch\u201c allen, die das Instrument lernen oder ihr Spiel verbessern wollen. Das Werk vermittelt das Wissen sehr praxisbezogen und Du kannst Dich auf schnelle Fortschritte auf der Great Highland Bagpipe freuen.<\/p>\n\n\n\n<h2 class=\"wp-block-heading\">Die besten Lehrb\u00fccher f\u00fcr den Dudelsack<\/h2>\n\n\n\n<p>Auch wenn die Dudelsack-Lehrb\u00fccher schon viel Stoff f\u00fcr den autodidaktischen Anfang bieten, w\u00fcrde Dir Folk.World auf jeden Fall das Hinzuziehen eines Dudelsacklehrers empfehlen. Sehr gut sind zum beispiel die jeweiligen Autoren der B\u00fccher, die selbst als Lehrer t\u00e4tig sind. Thomas Z\u00f6ller wie auch Andreas Hambsch bieten zudem den Unterricht per Videotelefonie an, sollte die Entfernung zum Unterrichtsort zu gro\u00df sein.<\/p>\n\n\n\n<p>Diese beiden vorgestellten Dudelsack Lehrb\u00fccher empfiehlt Folk.World allen Dudelsack-Begeisterten. Eine gut durchdachte Lehrmethode sorgt f\u00fcr viel Spa\u00df und schnelle Fortschritte.<\/p>\n","protected":false},"excerpt":{"rendered":"<p>Wenn Du Dudelsack lernen m\u00f6chtest, musst Du Dich erst f\u00fcr den richtige Art der Sackpfeife entscheiden. Popul\u00e4r sind der Mittelalter-Dudelsack und der schottische Dudelsack (Great Highland Bagpipe). Es gibt im Vergleich zur Gitarre nur wenig Lehrer, die Dudelsack spielen unterrichten. Die meisten Dudelsackspieler haben daher mit einem Selbststudium begonnen. F\u00fcr beide Instrumente gibt es hervorragende [&hellip;]<\/p>\n","protected":false},"author":1,"featured_media":13819,"parent":0,"menu_order":0,"comment_status":"closed","ping_status":"closed","template":"","meta":{"footnotes":""},"class_list":["post-13809","page","type-page","status-publish","has-post-thumbnail","hentry"],"_links":{"self":[{"href":"https:\/\/folk.world\/de\/wp-json\/wp\/v2\/pages\/13809","targetHints":{"allow":["GET"]}}],"collection":[{"href":"https:\/\/folk.world\/de\/wp-json\/wp\/v2\/pages"}],"about":[{"href":"https:\/\/folk.world\/de\/wp-json\/wp\/v2\/types\/page"}],"author":[{"embeddable":true,"href":"https:\/\/folk.world\/de\/wp-json\/wp\/v2\/users\/1"}],"replies":[{"embeddable":true,"href":"https:\/\/folk.world\/de\/wp-json\/wp\/v2\/comments?post=13809"}],"version-history":[{"count":5,"href":"https:\/\/folk.world\/de\/wp-json\/wp\/v2\/pages\/13809\/revisions"}],"predecessor-version":[{"id":13824,"href":"https:\/\/folk.world\/de\/wp-json\/wp\/v2\/pages\/13809\/revisions\/13824"}],"wp:featuredmedia":[{"embeddable":true,"href":"https:\/\/folk.world\/de\/wp-json\/wp\/v2\/media\/13819"}],"wp:attachment":[{"href":"https:\/\/folk.world\/de\/wp-json\/wp\/v2\/media?parent=13809"}],"curies":[{"name":"wp","href":"https:\/\/api.w.org\/{rel}","templated":true}]}}