{"id":14483,"date":"2020-07-16T14:55:50","date_gmt":"2020-07-16T12:55:50","guid":{"rendered":"https:\/\/folk.world\/?page_id=14483"},"modified":"2020-09-11T16:16:50","modified_gmt":"2020-09-11T14:16:50","slug":"dudelsack-kaufen-4-tolle-tipps","status":"publish","type":"page","link":"https:\/\/folk.world\/de\/dudelsack-kaufen-4-tolle-tipps\/","title":{"rendered":"Dudelsack kaufen: 4 tolle Tipps  zu Preis, Auswahl und Qualit\u00e4t"},"content":{"rendered":"\n<p>Er geh\u00f6rt zu den sch\u00f6nsten und geschichtstr\u00e4chtigsten Instrumenten der Folk-Musik: der Dudelsack. Ohne ihn w\u00e4re die traditionelle Musik der schottischen Highlands g\u00e4nzlich undenkbar. Doch es bedarf viel Zeit und noch mehr Hingabe, um das Spiel auf dem Dudelsack zu erlernen. Folk.World erkl\u00e4rt Dir, worauf Du achten musst, wenn Du einen Dudelsack kaufen m\u00f6chtest.<\/p>\n\n\n\n\n\n<h2 class=\"wp-block-heading\">Ein Dudelsack f\u00fcr Einsteiger<\/h2>\n\n\n\n<p>Immer wieder werde ich von Folk-Fans nach dem besten Dudelsack f\u00fcr Anf\u00e4nger gefragt. Ich nehme das Wichtigste vorweg, wenn ich Dir rate, die Finger von allzu g\u00fcnstigen Angeboten zu lassen. Im Internet und auf Plattformen wie <a href=\"https:\/\/www.ebay.de\/\" class=\"rank-math-link\" target=\"_blank\" rel=\"noopener\">eBay<\/a> und <a href=\"https:\/\/amzn.to\/2ZKlKGq\" class=\"rank-math-link\" target=\"_blank\" rel=\"noopener\">Amazon<\/a> werden mittlerweile Dudels\u00e4cke zu Dumpingpreisen angeboten.<\/p>\n\n\n\n<p>Wenn Du das Dudelsackspielen von der Pike auf erlernen m\u00f6chtest, solltest Du zuerst einen Practice Chanter kaufen. Bei diesem handelt es sich um eine \u00dcbungsspielpfeife mit einem Doppelrohrblatt. Bei den Dudels\u00e4cken von Folk.World ist der Practice Chanter bereits integriert.<\/p>\n\n\n<div data-block-name=\"woocommerce\/featured-product\" data-dim-ratio=\"40\" data-edit-mode=\"false\" data-overlay-color=\"vivid-purple\" data-product-id=\"1812\" data-show-price=\"false\" class=\"wc-block-featured-product alignnone has-background-dim has-background-dim-40 wp-block-woocommerce-featured-product\" style=\"min-height:500px;\"><div class=\"wc-block-featured-product__wrapper\"><div class=\"background-dim__overlay\" style=\"background-color: vivid-purple\"><\/div><img decoding=\"async\" alt=\"Wee-Pipe schottisch\" class=\"wc-block-featured-product__background-image\" src=\"https:\/\/folk.world\/wp-content\/uploads\/2017\/12\/B_6898-square-alpha-1024x1024.png\" style=\"object-fit: none;object-position: 50% 50%;\" title=\"\"><h2 class=\"wc-block-featured-product__title\">Wee-Pipe schottisch<\/h2><div class=\"wc-block-featured-product__description\"><p>Mit der Wee-Pipe lernst Du sehr leicht <strong>schottischen Dudelsack<\/strong> spielen. Klein, handlich, in Zimmerlautst\u00e4rke.<\/p>\n<ul>\n<li>Einstiegsdudelsack<\/li>\n<li>Zweitinstrument zur Great Highland Bagpipe<\/li>\n<li>Instrument f\u00fcr Erwachsene (Kinderversion auf Anfrage)<\/li>\n<\/ul>\n<ul>\n<li><a href=\"https:\/\/folk.world\/wp-content\/uploads\/2021\/05\/FW-Anleitung-WP-zu-PC.pdf\">Anleitung: Wee-Pipe zum Practice Chanter umbauen<\/a><\/li>\n<\/ul>\n<\/div><div class=\"wc-block-featured-product__inner-blocks\">\n\n<div class=\"wp-block-button aligncenter\"><a class=\"wp-block-button__link\" href=\"https:\/\/folk.world\/de\/s\/wee-pipe-schottisch\/\">Jetzt kaufen<\/a><\/div>\n\n<\/div><\/div><\/div>\n\n\n<h2 class=\"wp-block-heading\">Was f\u00fcr einen Dudelsack soll ich kaufen?<\/h2>\n\n\n\n<p>Hier m\u00f6chte ich zuerst auf die Herkunft und die Materialien eingehen. Anschlie\u00dfend erf\u00e4hrst Du mehr zu den verschiedenen Arten von Dudels\u00e4cken. Wenn Du einen Dudelsack kaufen m\u00f6chtest, wird Dir die Bandbreite der Preise aufgefallen sein. Du kannst einen professionellen schottischen Dudelsack f\u00fcr 1.000 Euro und mehr kaufen. Jedoch gibt es auch Sackpfeifen aus Asien f\u00fcr knapp 100 Euro oder &#8220;Instrumente&#8221; ab 30 Euro, die nur als Wandschmuck taugen. Doch worin liegen die wesentlichen Unterschiede?<\/p>\n\n\n\n<ol class=\"wp-block-list\"><li>Das Holz: Traditionelle Dudels\u00e4cke aus Schottland werden aus Palisander oder Grenadill hergestellt. Diese Holzarten sind schwer, glatt und wachsen nur sehr langsam heran. Sie kommen mit einer hohen Luftfeuchtigkeit gut zurecht und produzieren einen klaren Klang. F\u00fcr pakistanische Sackpfeifen zum Beispiel wird das schnell wachsende Indische Palisanderholz verwendet. Diese Holzart h\u00e4lt Feuchtigkeit nur sehr schlecht stand und ist sehr spr\u00f6de.<\/li><li>Das Leder: Bei schottischen Instrumenten besteht der Luftsack aus hochwertigem Leder. Es wird mit einem speziellen Mittel bearbeitet, das den Balg luftdicht macht. Bei Bagpipes aus Pakistan beispielsweise kommt minderwertiges Leder zum Einsatz.<\/li><li>Die Verarbeitung: Dudels\u00e4cke aus Europa werden von gelernten Instrumentenbauern hergestellt. Der Prozess ist langwierig und dauert oft mehrere Monate. Im Gegensatz dazu werden die Dudels\u00e4cke aus Fernost am Flie\u00dfband produziert. Auf die Qualit\u00e4t der Verarbeitung wird kaum geachtet.<\/li><li>Die Spielbarkeit: Bei der Herstellung eines professionellen Instruments wird auf langj\u00e4hrige Erfahrung gesetzt. Die Intonation, Mensur und Spielbarkeit wird bei jedem Einzelst\u00fcck mit geschultem Geh\u00f6r und routinierter Spielpraxis gepr\u00fcft und perfektioniert.<\/li><\/ol>\n\n\n\n<p>Beim Kauf eines schottischen Dudelsacks zahlst Du f\u00fcr hohe Qualit\u00e4t unter geregelten Umst\u00e4nden. Nur so ist Spielfreude und eine lange Lebensdauer des Sackpfeife gew\u00e4hrleistet.<\/p>\n\n\n\n<h2 class=\"wp-block-heading\">Dudelsack kaufen f\u00fcr Anf\u00e4nger<\/h2>\n\n\n\n<p>German Smallpipe oder Wee Pipe &#8211; welcher Dudelsack ist der Richtige? Sobald Du die Basics auf Deinem Practice Chanter erlernt hast, kannst Du den vollst\u00e4ndigen Dudelsack kaufen. Eine tolle Wahl f\u00fcr Anf\u00e4nger sind sowohl die Wee Pipe als auch die German Smallpipe. Beide Modelle bekommst Du bei Folk.World. Wenn Du Dich f\u00fcr mittelalterliche Marktsackmusik interessierst, ist die German Smallpipe die beste Wahl. Wie ihr Name besagt, stammt die German Smallpipe aus Deutschland. Mit ihrem satten und verh\u00e4ltnism\u00e4\u00dfig leisen Sound eignet sie sich wunderbar zum Musizieren in Wohnungen.<\/p>\n\n\n<div data-block-name=\"woocommerce\/featured-product\" data-dim-ratio=\"40\" data-edit-mode=\"false\" data-overlay-color=\"vivid-cyan-blue\" data-product-id=\"4194\" class=\"wc-block-featured-product alignnone has-background-dim has-background-dim-40 wp-block-woocommerce-featured-product\" style=\"min-height:500px;\"><div class=\"wc-block-featured-product__wrapper\"><div class=\"background-dim__overlay\" style=\"background-color: vivid-cyan-blue\"><\/div><img decoding=\"async\" alt=\"German Smallpipe\" class=\"wc-block-featured-product__background-image\" src=\"https:\/\/folk.world\/wp-content\/uploads\/2018\/08\/\u00fcbungssack_freigestellt-800x800-trans.png\" style=\"object-fit: none;object-position: 50% 50%;\" title=\"\"><h2 class=\"wc-block-featured-product__title\">German Smallpipe<\/h2><div class=\"wc-block-featured-product__description\"><p>Du m\u00f6chtest <strong>Mittelalter-Dudelsack<\/strong> lernen? Beginne mit der hochwertigen, g\u00fcnstigen German Smallpipe. Aus Rindsleder und Kirschholz.<\/p>\n<p>Die brandneue German Smallpipe wird ab Bestellung f\u00fcr Dich fertig gestellt: Ein frisch gebackener Dudelsack direkt vom Instrumentenbauer Dominik Pawlat.<\/p>\n<ul>\n<li><a href=\"https:\/\/folk.world\/wp-content\/uploads\/2018\/08\/FW-Pflegehinweise-GSP.pdf\">FW &#8211; Pflegehinweise GSP<\/a><\/li>\n<\/ul>\n<\/div><div class=\"wc-block-featured-product__price\">\t\t<span class=\"tiered-pricing-dynamic-price-wrapper\" data-display-context=\"shop-loop\" data-price-type=\"no-rules\" data-product-id=\"4194\" data-parent-id=\"4194\">\n\t\t\t<span class=\"woocommerce-Price-amount amount\">699,00&nbsp;<span class=\"woocommerce-Price-currencySymbol\">&euro;<\/span><\/span> <small class=\"woocommerce-price-suffix\">inkl. Mwst.<\/small><\/span><\/div><div class=\"wc-block-featured-product__inner-blocks\">\n\n<div class=\"wp-block-button aligncenter\"><a class=\"wp-block-button__link\" href=\"https:\/\/folk.world\/de\/s\/german-smallpipe\/\">Jetzt kaufen<\/a><\/div>\n\n<\/div><\/div><\/div>\n\n\n<h2 class=\"wp-block-heading\">Wie kann ich Dudelsack lernen?<\/h2>\n\n\n\n<p>Es gen\u00fcgt nicht, einen Dudelsack zu kaufen. Du musst regelm\u00e4\u00dfig \u00fcben, um spielen zu k\u00f6nnen. Am einfachsten geht das nat\u00fcrlich mit einem Lehrer, der Dir die Basics beibringt. Wenn Du regelm\u00e4\u00dfig Stunden nimmst, lassen sich eventuelle Fehler im Keim ersticken. So entwickelst Du keine schlechten Gewohnheiten und kommst schnell voran. Schau doch mal bei Folk.World vorbei, wo Du ein Lehrbuch mit vielen wertvollen Tipps und Tricks kaufen kannst.<\/p>\n\n\n<div data-align-buttons=\"true\" data-block-name=\"woocommerce\/handpicked-products\" data-columns=\"4\" data-content-visibility=\"{&quot;title&quot;:true,&quot;price&quot;:true,&quot;rating&quot;:false,&quot;button&quot;:false}\" data-edit-mode=\"false\" data-orderby=\"menu_order\" data-products=\"[4189,4194,1812,4832]\" class=\"wc-block-grid wp-block-handpicked-products wp-block-woocommerce-handpicked-products wc-block-handpicked-products has-4-columns has-multiple-rows has-aligned-buttons\"><ul class=\"wc-block-grid__products\"><li class=\"wc-block-grid__product\">\n\t\t\t\t<a href=\"https:\/\/folk.world\/de\/s\/german-smallpipe\/german-smallpipe\/\" class=\"wc-block-grid__product-link\">\n\t\t\t\t\t\n\t\t\t\t\t<div class=\"wc-block-grid__product-image\"><img loading=\"lazy\" decoding=\"async\" width=\"324\" height=\"324\" src=\"https:\/\/folk.world\/wp-content\/uploads\/2018\/08\/\u00fcbungssack_freigestellt-800x800-trans-324x324.png\" class=\"attachment-woocommerce_thumbnail size-woocommerce_thumbnail\" alt=\"&quot;German Smallpipe&quot; als eines unserer Dudelsack Schulmodelle f\u00fcr den Marktsack\" srcset=\"https:\/\/folk.world\/wp-content\/uploads\/2018\/08\/\u00fcbungssack_freigestellt-800x800-trans-324x324.png 324w, https:\/\/folk.world\/wp-content\/uploads\/2018\/08\/\u00fcbungssack_freigestellt-800x800-trans-100x100.png 100w, https:\/\/folk.world\/wp-content\/uploads\/2018\/08\/\u00fcbungssack_freigestellt-800x800-trans-416x416.png 416w, https:\/\/folk.world\/wp-content\/uploads\/2018\/08\/\u00fcbungssack_freigestellt-800x800-trans-150x150.png 150w, https:\/\/folk.world\/wp-content\/uploads\/2018\/08\/\u00fcbungssack_freigestellt-800x800-trans-300x300.png 300w, https:\/\/folk.world\/wp-content\/uploads\/2018\/08\/\u00fcbungssack_freigestellt-800x800-trans-768x768.png 768w, https:\/\/folk.world\/wp-content\/uploads\/2018\/08\/\u00fcbungssack_freigestellt-800x800-trans.png 800w\" sizes=\"auto, (max-width: 324px) 100vw, 324px\" title=\"\"><\/div>\n\t\t\t\t\t<div class=\"wc-block-grid__product-title\">German Smallpipe<\/div>\n\t\t\t\t<\/a>\n\t\t\t\t<div class=\"wc-block-grid__product-price price\">\t\t<span class=\"tiered-pricing-dynamic-price-wrapper\" data-display-context=\"shop-loop\" data-price-type=\"no-rules\" data-product-id=\"4194\" data-parent-id=\"4194\">\n\t\t\t<span class=\"woocommerce-Price-amount amount\">699,00&nbsp;<span class=\"woocommerce-Price-currencySymbol\">&euro;<\/span><\/span> <small class=\"woocommerce-price-suffix\">inkl. Mwst.<\/small><\/span><\/div>\n\t\t<div class=\"wgm-info woocommerce-de_price_taxrate \"><\/div>\n\t\t<div class=\"wgm-info woocommerce_de_versandkosten\">zzgl. <a class=\"versandkosten\" href=\"https:\/\/folk.world\/de\/versand__lieferung\/\" target=\"_blank\">Versand<\/a><\/div>\n\t\t\t\t\n\t\t\t\t\n\t\t\t<\/li><li class=\"wc-block-grid__product\">\n\t\t\t\t<a href=\"https:\/\/folk.world\/de\/s\/wee-pipe\/wee-pipe-schottisch\/\" class=\"wc-block-grid__product-link\">\n\t\t\t\t\t\n\t\t\t\t\t<div class=\"wc-block-grid__product-image\"><img loading=\"lazy\" decoding=\"async\" width=\"324\" height=\"324\" src=\"https:\/\/folk.world\/wp-content\/uploads\/2017\/12\/B_6898-square-alpha-324x324.png\" class=\"attachment-woocommerce_thumbnail size-woocommerce_thumbnail\" alt=\"Wee-Pipe mittelalterlich\/schottisch\" srcset=\"https:\/\/folk.world\/wp-content\/uploads\/2017\/12\/B_6898-square-alpha-324x324.png 324w, https:\/\/folk.world\/wp-content\/uploads\/2017\/12\/B_6898-square-alpha-100x100.png 100w, https:\/\/folk.world\/wp-content\/uploads\/2017\/12\/B_6898-square-alpha-416x416.png 416w, https:\/\/folk.world\/wp-content\/uploads\/2017\/12\/B_6898-square-alpha-150x150.png 150w, https:\/\/folk.world\/wp-content\/uploads\/2017\/12\/B_6898-square-alpha-300x300.png 300w, https:\/\/folk.world\/wp-content\/uploads\/2017\/12\/B_6898-square-alpha-768x768.png 768w, https:\/\/folk.world\/wp-content\/uploads\/2017\/12\/B_6898-square-alpha-1024x1024.png 1024w, https:\/\/folk.world\/wp-content\/uploads\/2017\/12\/B_6898-square-alpha.png 1534w\" sizes=\"auto, (max-width: 324px) 100vw, 324px\" title=\"\"><\/div>\n\t\t\t\t\t<div class=\"wc-block-grid__product-title\">Wee-Pipe schottisch<\/div>\n\t\t\t\t<\/a>\n\t\t\t\t<div class=\"wc-block-grid__product-price price\">\t\t<span class=\"tiered-pricing-dynamic-price-wrapper\" data-display-context=\"shop-loop\" data-price-type=\"no-rules\" data-product-id=\"1812\" data-parent-id=\"1812\">\n\t\t\t<span class=\"woocommerce-Price-amount amount\">690,00&nbsp;<span class=\"woocommerce-Price-currencySymbol\">&euro;<\/span><\/span> <small class=\"woocommerce-price-suffix\">inkl. Mwst.<\/small><\/span><\/div>\n\t\t<div class=\"wgm-info woocommerce-de_price_taxrate \"><\/div>\n\t\t<div class=\"wgm-info woocommerce_de_versandkosten\">zzgl. <a class=\"versandkosten\" href=\"https:\/\/folk.world\/de\/versand__lieferung\/\" target=\"_blank\">Versand<\/a><\/div>\n\t\t\t\t\n\t\t\t\t\n\t\t\t<\/li><li class=\"wc-block-grid__product\">\n\t\t\t\t<a href=\"https:\/\/folk.world\/de\/s\/german-smallpipe\/lehrwerk-gsp\/die-sackpfeifen-fibel-teil-1-lehrbuch\/\" class=\"wc-block-grid__product-link\">\n\t\t\t\t\t\n\t\t\t\t\t<div class=\"wc-block-grid__product-image\"><img loading=\"lazy\" decoding=\"async\" width=\"324\" height=\"324\" src=\"https:\/\/folk.world\/wp-content\/uploads\/2018\/08\/sackpfeifenfibel_1-324x324.jpg\" class=\"attachment-woocommerce_thumbnail size-woocommerce_thumbnail\" alt=\"Dudelsack lernen mit der Sackpfeifen-Fibel 1\" srcset=\"https:\/\/folk.world\/wp-content\/uploads\/2018\/08\/sackpfeifenfibel_1-324x324.jpg 324w, https:\/\/folk.world\/wp-content\/uploads\/2018\/08\/sackpfeifenfibel_1-100x100.jpg 100w, https:\/\/folk.world\/wp-content\/uploads\/2018\/08\/sackpfeifenfibel_1-416x416.jpg 416w, https:\/\/folk.world\/wp-content\/uploads\/2018\/08\/sackpfeifenfibel_1-150x150.jpg 150w, https:\/\/folk.world\/wp-content\/uploads\/2018\/08\/sackpfeifenfibel_1-300x300.jpg 300w, https:\/\/folk.world\/wp-content\/uploads\/2018\/08\/sackpfeifenfibel_1-430x430.jpg 430w, https:\/\/folk.world\/wp-content\/uploads\/2018\/08\/sackpfeifenfibel_1.jpg 700w\" sizes=\"auto, (max-width: 324px) 100vw, 324px\" title=\"\"><\/div>\n\t\t\t\t\t<div class=\"wc-block-grid__product-title\">Die Sackpfeifen-Fibel 1 &#8211; Mittelalterlichen Dudelsack lernen mit Erfolg<\/div>\n\t\t\t\t<\/a>\n\t\t\t\t<div class=\"wc-block-grid__product-price price\">\t\t<span class=\"tiered-pricing-dynamic-price-wrapper\" data-display-context=\"shop-loop\" data-price-type=\"no-rules\" data-product-id=\"4189\" data-parent-id=\"4189\">\n\t\t\t<span class=\"woocommerce-Price-amount amount\">24,90&nbsp;<span class=\"woocommerce-Price-currencySymbol\">&euro;<\/span><\/span> <small class=\"woocommerce-price-suffix\">inkl. Mwst.<\/small><\/span><\/div>\n\t\t<div class=\"wgm-info woocommerce-de_price_taxrate \"><\/div>\n\t\t<div class=\"wgm-info woocommerce_de_versandkosten\">zzgl. <a class=\"versandkosten\" href=\"https:\/\/folk.world\/de\/versand__lieferung\/\" target=\"_blank\">Versand<\/a><\/div>\n\t\t\t\t\n\t\t\t\t\n\t\t\t<\/li><li class=\"wc-block-grid__product\">\n\t\t\t\t<a href=\"https:\/\/folk.world\/de\/s\/wee-pipe\/lehrwerk-wp\/das-dudelsack-lehrbuch\/\" class=\"wc-block-grid__product-link\">\n\t\t\t\t\t\n\t\t\t\t\t<div class=\"wc-block-grid__product-image\"><img loading=\"lazy\" decoding=\"async\" width=\"324\" height=\"324\" src=\"https:\/\/folk.world\/wp-content\/uploads\/2018\/11\/Das-Dudelsack-Lehrbuch-Cover2-324x324.png\" class=\"attachment-woocommerce_thumbnail size-woocommerce_thumbnail\" alt=\"Das Dudelsack-Lehrbuch f\u00fcr schottischen Dudelsack\" srcset=\"https:\/\/folk.world\/wp-content\/uploads\/2018\/11\/Das-Dudelsack-Lehrbuch-Cover2-324x324.png 324w, https:\/\/folk.world\/wp-content\/uploads\/2018\/11\/Das-Dudelsack-Lehrbuch-Cover2-300x300.png 300w, https:\/\/folk.world\/wp-content\/uploads\/2018\/11\/Das-Dudelsack-Lehrbuch-Cover2-1024x1024.png 1024w, https:\/\/folk.world\/wp-content\/uploads\/2018\/11\/Das-Dudelsack-Lehrbuch-Cover2-150x150.png 150w, https:\/\/folk.world\/wp-content\/uploads\/2018\/11\/Das-Dudelsack-Lehrbuch-Cover2-768x768.png 768w, https:\/\/folk.world\/wp-content\/uploads\/2018\/11\/Das-Dudelsack-Lehrbuch-Cover2-1536x1536.png 1536w, https:\/\/folk.world\/wp-content\/uploads\/2018\/11\/Das-Dudelsack-Lehrbuch-Cover2-416x416.png 416w, https:\/\/folk.world\/wp-content\/uploads\/2018\/11\/Das-Dudelsack-Lehrbuch-Cover2-100x100.png 100w, https:\/\/folk.world\/wp-content\/uploads\/2018\/11\/Das-Dudelsack-Lehrbuch-Cover2.png 2000w\" sizes=\"auto, (max-width: 324px) 100vw, 324px\" title=\"\"><\/div>\n\t\t\t\t\t<div class=\"wc-block-grid__product-title\">Das Dudelsack-Lehrbuch f\u00fcr schottischen Dudelsack<\/div>\n\t\t\t\t<\/a>\n\t\t\t\t<div class=\"wc-block-grid__product-price price\">\t\t<span class=\"tiered-pricing-dynamic-price-wrapper\" data-display-context=\"shop-loop\" data-price-type=\"no-rules\" data-product-id=\"4832\" data-parent-id=\"4832\">\n\t\t\t<span class=\"woocommerce-Price-amount amount\">25,00&nbsp;<span class=\"woocommerce-Price-currencySymbol\">&euro;<\/span><\/span> <small class=\"woocommerce-price-suffix\">inkl. Mwst.<\/small><\/span><\/div>\n\t\t<div class=\"wgm-info woocommerce-de_price_taxrate \"><\/div>\n\t\t<div class=\"wgm-info woocommerce_de_versandkosten\">zzgl. <a class=\"versandkosten\" href=\"https:\/\/folk.world\/de\/versand__lieferung\/\" target=\"_blank\">Versand<\/a><\/div>\n\t\t\t\t\n\t\t\t\t\n\t\t\t<\/li><\/ul><\/div>\n\n\n<p>Wie Du siehst, solltest Du den Kauf eines Dudelsacks nicht auf die leichte Schulter nehmen. Lass Dir Zeit und \u00fcberst\u00fcrze nichts. Mach Dich mit den verschiedenen Modellen von Folk.World vertraut und \u00fcberlege Dir, welche Musikrichtung Dir am wichtigsten ist. Wenn Dir Marktsackmusik am Herzen liegt, ist ein Dudelsack wie die German Smallpipe einfach perfekt f\u00fcr Dich. F\u00fcr Fans der Great Highland Bagpipe ist die schottische Wee-Pipe ein sehr guter Einstieg.<\/p>\n\n\n\n<div class=\"wp-block-image\"><figure class=\"aligncenter size-large is-resized\"><img loading=\"lazy\" decoding=\"async\" src=\"\/\/i0.wp.com\/folk.world\/wp-content\/uploads\/2020\/07\/Gaita_Cantigas_3-919x1024.jpg\" alt=\"Du m\u00f6chtest einen Mittelalter Dudelsack kaufen?\" class=\"wp-image-14523\" width=\"460\" height=\"512\" title=\"\" srcset=\"https:\/\/folk.world\/wp-content\/uploads\/2020\/07\/Gaita_Cantigas_3-919x1024.jpg 919w, https:\/\/folk.world\/wp-content\/uploads\/2020\/07\/Gaita_Cantigas_3-269x300.jpg 269w, https:\/\/folk.world\/wp-content\/uploads\/2020\/07\/Gaita_Cantigas_3-768x856.jpg 768w, https:\/\/folk.world\/wp-content\/uploads\/2020\/07\/Gaita_Cantigas_3-324x361.jpg 324w, https:\/\/folk.world\/wp-content\/uploads\/2020\/07\/Gaita_Cantigas_3-416x464.jpg 416w, https:\/\/folk.world\/wp-content\/uploads\/2020\/07\/Gaita_Cantigas_3.jpg 980w\" sizes=\"auto, (max-width: 460px) 100vw, 460px\" \/><figcaption>Du m\u00f6chtest einen Mittelalter Dudelsack kaufen? (Foto: The Cantigas de Santa Maria)<\/figcaption><\/figure><\/div>\n\n\n\n<h2 class=\"wp-block-heading\">Der Preis entscheidet?<\/h2>\n\n\n\n<p>F\u00fcr Deinen Geldbeutel vielleicht schon, bei der Auswahl eines professionellen Instruments darf der Preis aber nicht zu niedrig sein. Hier eine kurze \u00dcbersicht:<\/p>\n\n\n\n<ol class=\"wp-block-list\"><li>Bis ca. 300,- \u20ac ist ein Dudelsack sehr wahrscheinlich von minderer Qualit\u00e4t. Instrumente bis 100,- \u20ac eignen sich sicherlich nur als Wandschmuck.<\/li><li>Ab 400,- \u20ac beginnt die Rubrik der g\u00fcnstigen einbordunigen Einsteiger-Instrumente. Auch Chanter am Balg ohne Bordun sind hier zu finden. Die Preisspanne f\u00fcr \u00dcbungsdudels\u00e4cke kann bis 900,- \u20ac gehen. In diesem Sektor findest Du auch Schulinstrumente, die schon f\u00fcr Konzerte geeignet sind.<\/li><li>Die Untergrenze f\u00fcr die Great Highland Bagpipe oder den lauten Mittelalter Marktsack liegt bei 1.000,- \u20ac. F\u00fcr einen hochwertigen Dudelsack mit drei Bordunen geht der Preis meistens erst bei 2.000,- \u20ac los. Nach oben sind kaum Grenzen gesetzt.<\/li><\/ol>\n","protected":false},"excerpt":{"rendered":"<p>Er geh\u00f6rt zu den sch\u00f6nsten und geschichtstr\u00e4chtigsten Instrumenten der Folk-Musik: der Dudelsack. Ohne ihn w\u00e4re die traditionelle Musik der schottischen Highlands g\u00e4nzlich undenkbar. Doch es bedarf viel Zeit und noch mehr Hingabe, um das Spiel auf dem Dudelsack zu erlernen. Folk.World erkl\u00e4rt Dir, worauf Du achten musst, wenn Du einen Dudelsack kaufen m\u00f6chtest. Ein Dudelsack [&hellip;]<\/p>\n","protected":false},"author":128,"featured_media":4313,"parent":0,"menu_order":0,"comment_status":"closed","ping_status":"closed","template":"template-fullwidth.php","meta":{"footnotes":""},"class_list":["post-14483","page","type-page","status-publish","has-post-thumbnail","hentry"],"_links":{"self":[{"href":"https:\/\/folk.world\/de\/wp-json\/wp\/v2\/pages\/14483","targetHints":{"allow":["GET"]}}],"collection":[{"href":"https:\/\/folk.world\/de\/wp-json\/wp\/v2\/pages"}],"about":[{"href":"https:\/\/folk.world\/de\/wp-json\/wp\/v2\/types\/page"}],"author":[{"embeddable":true,"href":"https:\/\/folk.world\/de\/wp-json\/wp\/v2\/users\/128"}],"replies":[{"embeddable":true,"href":"https:\/\/folk.world\/de\/wp-json\/wp\/v2\/comments?post=14483"}],"version-history":[{"count":25,"href":"https:\/\/folk.world\/de\/wp-json\/wp\/v2\/pages\/14483\/revisions"}],"predecessor-version":[{"id":14718,"href":"https:\/\/folk.world\/de\/wp-json\/wp\/v2\/pages\/14483\/revisions\/14718"}],"wp:featuredmedia":[{"embeddable":true,"href":"https:\/\/folk.world\/de\/wp-json\/wp\/v2\/media\/4313"}],"wp:attachment":[{"href":"https:\/\/folk.world\/de\/wp-json\/wp\/v2\/media?parent=14483"}],"curies":[{"name":"wp","href":"https:\/\/api.w.org\/{rel}","templated":true}]}}