{"id":14577,"date":"2020-07-31T22:36:17","date_gmt":"2020-07-31T20:36:17","guid":{"rendered":"https:\/\/folk.world\/?page_id=14577"},"modified":"2020-08-27T19:46:56","modified_gmt":"2020-08-27T17:46:56","slug":"dudelsack-spielen-lernen-mit-den-tipps-von-folk-world","status":"publish","type":"page","link":"https:\/\/folk.world\/de\/dudelsack-spielen-lernen-mit-den-tipps-von-folk-world\/","title":{"rendered":"Dudelsack spielen lernen mit den Tipps von Folk.World"},"content":{"rendered":"\n<p>Du wolltest schon immer Dudelsack spielen lernen? Mit Folk.World wird Dein Traum endlich wahr. Hier erf\u00e4hrst Du, welche Schritte besonders wichtig sind und wie Du es auch allein zu Erfolg schaffst. Mit den richtigen Lehrb\u00fcchern kannst Du das Spielen auf dem Dudelsack selber lernen. Worauf wartest Du noch?<\/p>\n\n\n\n<h2 class=\"wp-block-heading\">Dudelsack selber lernen: erste Schritte<\/h2>\n\n\n\n<p>Er sieht imposant aus und klingt genauso: der schottische Dudelsack. Doch um die Great Highland Pipe zu beherrschen, muss man intensiv \u00fcben &#8211; Dudelsack lernen geht nicht von heute auf morgen. Viele Dudelsack-Fans nehmen es sich fest vor, Dudelsack spielen zu lernen, geben jedoch bald wieder auf. Dies kann verschiedene Gr\u00fcnde haben. Am h\u00e4ufigsten greifen Anf\u00e4nger zu einem vollwertigen Dudelsack und versuchen, ihm eine Melodie zu entlocken. Doch was so einfach aussieht, entpuppt sich als echter Kraftakt. Wer Dudelsack spielen lernen m\u00f6chte, sollte zuerst zu einem sogenannten Practice Chanter greifen. Bei diesem handelt es sich um eine \u00dcbungsspielpfeife, auf der eine bestimmte Griffart trainiert wird. Je nachdem, ob Du schottischen oder Mittelalter Dudelsack spielst, wirst Du eine andere Fingertechnik anwenden m\u00fcssen. Der Practice Chanter bereitet Dich auf das Dudelsackspielen vor.<\/p>\n\n\n<div data-align-buttons=\"true\" data-block-name=\"woocommerce\/handpicked-products\" data-columns=\"2\" data-edit-mode=\"false\" data-products=\"[4120,4830]\" class=\"wc-block-grid wp-block-handpicked-products wp-block-woocommerce-handpicked-products wc-block-handpicked-products has-2-columns has-multiple-rows has-aligned-buttons\"><ul class=\"wc-block-grid__products\"><li class=\"wc-block-grid__product\">\n\t\t\t\t<a href=\"https:\/\/folk.world\/de\/s\/wee-pipe\/practise-chanter-wee-pipe-schottisch\/\" class=\"wc-block-grid__product-link\">\n\t\t\t\t\t\n\t\t\t\t\t<div class=\"wc-block-grid__product-image\"><img loading=\"lazy\" decoding=\"async\" width=\"324\" height=\"324\" src=\"https:\/\/folk.world\/wp-content\/uploads\/2018\/11\/IMG_1060-square-324x324.png\" class=\"attachment-woocommerce_thumbnail size-woocommerce_thumbnail\" alt=\"Wee-Pipe Practice Chanter\" srcset=\"https:\/\/folk.world\/wp-content\/uploads\/2018\/11\/IMG_1060-square-324x324.png 324w, https:\/\/folk.world\/wp-content\/uploads\/2018\/11\/IMG_1060-square-100x100.png 100w, https:\/\/folk.world\/wp-content\/uploads\/2018\/11\/IMG_1060-square-416x416.png 416w, https:\/\/folk.world\/wp-content\/uploads\/2018\/11\/IMG_1060-square-150x150.png 150w, https:\/\/folk.world\/wp-content\/uploads\/2018\/11\/IMG_1060-square-300x300.png 300w, https:\/\/folk.world\/wp-content\/uploads\/2018\/11\/IMG_1060-square-768x768.png 768w, https:\/\/folk.world\/wp-content\/uploads\/2018\/11\/IMG_1060-square-1024x1024.png 1024w, https:\/\/folk.world\/wp-content\/uploads\/2018\/11\/IMG_1060-square.png 2048w\" sizes=\"auto, (max-width: 324px) 100vw, 324px\" title=\"\"><\/div>\n\t\t\t\t\t<div class=\"wc-block-grid__product-title\">Practice Chanter (Wee-Pipe schottisch)<\/div>\n\t\t\t\t<\/a>\n\t\t\t\t<div class=\"wc-block-grid__product-price price\">\t\t<span class=\"tiered-pricing-dynamic-price-wrapper\" data-display-context=\"shop-loop\" data-price-type=\"no-rules\" data-product-id=\"4830\" data-parent-id=\"4830\">\n\t\t\t<span class=\"woocommerce-Price-amount amount\">129,00&nbsp;<span class=\"woocommerce-Price-currencySymbol\">&euro;<\/span><\/span> <small class=\"woocommerce-price-suffix\">inkl. Mwst.<\/small><\/span><\/div>\n\t\t<div class=\"wgm-info woocommerce-de_price_taxrate \"><\/div>\n\t\t<div class=\"wgm-info woocommerce_de_versandkosten\">zzgl. <a class=\"versandkosten\" href=\"https:\/\/folk.world\/de\/versand__lieferung\/\" target=\"_blank\">Versand<\/a><\/div>\n\t\t\t\t\n\t\t\t\t<div class=\"wp-block-button wc-block-grid__product-add-to-cart\"><a href=\"\/de\/wp-json\/wp\/v2\/pages\/14577?add-to-cart=4830\" aria-label=\"In den Warenkorb legen: \u201ePractice Chanter (Wee-Pipe schottisch)\u201c\" data-quantity=\"1\" data-product_id=\"4830\" data-product_sku=\"wppcghbA\" data-price=\"129\" rel=\"nofollow\" class=\"wp-block-button__link  add_to_cart_button ajax_add_to_cart\">In den Warenkorb<\/a><\/div>\n\t\t\t<\/li><li class=\"wc-block-grid__product\">\n\t\t\t\t<a href=\"https:\/\/folk.world\/de\/s\/german-smallpipe\/practise-chanter-fuer-german-smallpipe\/\" class=\"wc-block-grid__product-link\">\n\t\t\t\t\t\n\t\t\t\t\t<div class=\"wc-block-grid__product-image\"><img loading=\"lazy\" decoding=\"async\" width=\"324\" height=\"324\" src=\"https:\/\/folk.world\/wp-content\/uploads\/2018\/08\/German-Smallpipe-Chanter-square-324x324.png\" class=\"attachment-woocommerce_thumbnail size-woocommerce_thumbnail\" alt=\"German Smallpipe mittelalterlicher Practice Chanter\" srcset=\"https:\/\/folk.world\/wp-content\/uploads\/2018\/08\/German-Smallpipe-Chanter-square-324x324.png 324w, https:\/\/folk.world\/wp-content\/uploads\/2018\/08\/German-Smallpipe-Chanter-square-100x100.png 100w, https:\/\/folk.world\/wp-content\/uploads\/2018\/08\/German-Smallpipe-Chanter-square-416x416.png 416w, https:\/\/folk.world\/wp-content\/uploads\/2018\/08\/German-Smallpipe-Chanter-square-150x150.png 150w, https:\/\/folk.world\/wp-content\/uploads\/2018\/08\/German-Smallpipe-Chanter-square-300x300.png 300w, https:\/\/folk.world\/wp-content\/uploads\/2018\/08\/German-Smallpipe-Chanter-square-768x768.png 768w, https:\/\/folk.world\/wp-content\/uploads\/2018\/08\/German-Smallpipe-Chanter-square-1024x1024.png 1024w, https:\/\/folk.world\/wp-content\/uploads\/2018\/08\/German-Smallpipe-Chanter-square.png 2048w\" sizes=\"auto, (max-width: 324px) 100vw, 324px\" title=\"\"><\/div>\n\t\t\t\t\t<div class=\"wc-block-grid__product-title\">Mittelalterlicher Practice Chanter f\u00fcr German Smallpipe<\/div>\n\t\t\t\t<\/a>\n\t\t\t\t<div class=\"wc-block-grid__product-price price\">\t\t<span class=\"tiered-pricing-dynamic-price-wrapper\" data-display-context=\"shop-loop\" data-price-type=\"no-rules\" data-product-id=\"4120\" data-parent-id=\"4120\">\n\t\t\t<span class=\"woocommerce-Price-amount amount\">160,00&nbsp;<span class=\"woocommerce-Price-currencySymbol\">&euro;<\/span><\/span> <small class=\"woocommerce-price-suffix\">inkl. Mwst.<\/small><\/span><\/div>\n\t\t<div class=\"wgm-info woocommerce-de_price_taxrate \"><\/div>\n\t\t<div class=\"wgm-info woocommerce_de_versandkosten\">zzgl. <a class=\"versandkosten\" href=\"https:\/\/folk.world\/de\/versand__lieferung\/\" target=\"_blank\">Versand<\/a><\/div>\n\t\t\t\t\n\t\t\t\t<div class=\"wp-block-button wc-block-grid__product-add-to-cart\"><a href=\"\/de\/wp-json\/wp\/v2\/pages\/14577?add-to-cart=4120\" aria-label=\"In den Warenkorb legen: \u201eMittelalterlicher Practice Chanter f\u00fcr German Smallpipe\u201c\" data-quantity=\"1\" data-product_id=\"4120\" data-product_sku=\"1221\" data-price=\"160\" rel=\"nofollow\" class=\"wp-block-button__link  add_to_cart_button ajax_add_to_cart\">In den Warenkorb<\/a><\/div>\n\t\t\t<\/li><\/ul><\/div>\n\n\n<h2 class=\"wp-block-heading\">Dudelsack lernen: Mit oder ohne Lehrer?<\/h2>\n\n\n\n<p>Dudelsack selber zu lernen erscheint vielen als eine verlockende Aussicht. Man kann sich hin und wieder ein paar Videos auf YouTube ansehen und ist an keine Unterrichtsstunden gebunden. Eigentlich h\u00f6rt sich das alles ganz gut an, doch in der Praxis sieht die Sache dann doch anders aus. Wer g\u00e4nzlich auf einen Lehrer verzichtet, hat keine M\u00f6glichkeit, Feedback zu erhalten. Die Folge davon sind Fehler, die sich hartn\u00e4ckig halten und nach einiger Zeit kaum mehr ausmerzen lassen. Deshalb solltest Du einen Lehrer zurate ziehen &#8211; und wenn es nur ein- oder zweimal pro Monat ist. Den Rest der Zeit kommst Du mit einem Lehrbuch gut voran. Dennoch sollten sich Lehrbuch und Lehrer gegenseitig erg\u00e4nzen. Sobald Du \u00fcber die erforderlichen Kenntnisse verf\u00fcgst, kannst Du an Workshops teilnehmen. Hier triffst Du auf Gleichgesinnte und kannst wertvolle Tipps rund um den Dudelsack austauschen.<\/p>\n\n\n<div data-block-name=\"woocommerce\/handpicked-products\" data-columns=\"2\" data-edit-mode=\"false\" data-products=\"[4189,4832]\" class=\"wc-block-grid wp-block-handpicked-products wp-block-woocommerce-handpicked-products wc-block-handpicked-products has-2-columns has-multiple-rows\"><ul class=\"wc-block-grid__products\"><li class=\"wc-block-grid__product\">\n\t\t\t\t<a href=\"https:\/\/folk.world\/de\/s\/wee-pipe\/lehrwerk-wp\/das-dudelsack-lehrbuch\/\" class=\"wc-block-grid__product-link\">\n\t\t\t\t\t\n\t\t\t\t\t<div class=\"wc-block-grid__product-image\"><img loading=\"lazy\" decoding=\"async\" width=\"324\" height=\"324\" src=\"https:\/\/folk.world\/wp-content\/uploads\/2018\/11\/Das-Dudelsack-Lehrbuch-Cover2-324x324.png\" class=\"attachment-woocommerce_thumbnail size-woocommerce_thumbnail\" alt=\"Das Dudelsack-Lehrbuch f\u00fcr schottischen Dudelsack\" srcset=\"https:\/\/folk.world\/wp-content\/uploads\/2018\/11\/Das-Dudelsack-Lehrbuch-Cover2-324x324.png 324w, https:\/\/folk.world\/wp-content\/uploads\/2018\/11\/Das-Dudelsack-Lehrbuch-Cover2-300x300.png 300w, https:\/\/folk.world\/wp-content\/uploads\/2018\/11\/Das-Dudelsack-Lehrbuch-Cover2-1024x1024.png 1024w, https:\/\/folk.world\/wp-content\/uploads\/2018\/11\/Das-Dudelsack-Lehrbuch-Cover2-150x150.png 150w, https:\/\/folk.world\/wp-content\/uploads\/2018\/11\/Das-Dudelsack-Lehrbuch-Cover2-768x768.png 768w, https:\/\/folk.world\/wp-content\/uploads\/2018\/11\/Das-Dudelsack-Lehrbuch-Cover2-1536x1536.png 1536w, https:\/\/folk.world\/wp-content\/uploads\/2018\/11\/Das-Dudelsack-Lehrbuch-Cover2-416x416.png 416w, https:\/\/folk.world\/wp-content\/uploads\/2018\/11\/Das-Dudelsack-Lehrbuch-Cover2-100x100.png 100w, https:\/\/folk.world\/wp-content\/uploads\/2018\/11\/Das-Dudelsack-Lehrbuch-Cover2.png 2000w\" sizes=\"auto, (max-width: 324px) 100vw, 324px\" title=\"\"><\/div>\n\t\t\t\t\t<div class=\"wc-block-grid__product-title\">Das Dudelsack-Lehrbuch f\u00fcr schottischen Dudelsack<\/div>\n\t\t\t\t<\/a>\n\t\t\t\t<div class=\"wc-block-grid__product-price price\">\t\t<span class=\"tiered-pricing-dynamic-price-wrapper\" data-display-context=\"shop-loop\" data-price-type=\"no-rules\" data-product-id=\"4832\" data-parent-id=\"4832\">\n\t\t\t<span class=\"woocommerce-Price-amount amount\">25,00&nbsp;<span class=\"woocommerce-Price-currencySymbol\">&euro;<\/span><\/span> <small class=\"woocommerce-price-suffix\">inkl. Mwst.<\/small><\/span><\/div>\n\t\t<div class=\"wgm-info woocommerce-de_price_taxrate \"><\/div>\n\t\t<div class=\"wgm-info woocommerce_de_versandkosten\">zzgl. <a class=\"versandkosten\" href=\"https:\/\/folk.world\/de\/versand__lieferung\/\" target=\"_blank\">Versand<\/a><\/div>\n\t\t\t\t\n\t\t\t\t<div class=\"wp-block-button wc-block-grid__product-add-to-cart\"><a href=\"https:\/\/folk.world\/de\/s\/wee-pipe\/lehrwerk-wp\/das-dudelsack-lehrbuch\/\" aria-label=\"Lese mehr \u00fcber &#8222;Das Dudelsack-Lehrbuch f\u00fcr schottischen Dudelsack&#8220;\" data-quantity=\"1\" data-product_id=\"4832\" data-product_sku=\"\" data-price=\"25\" rel=\"nofollow\" class=\"wp-block-button__link  add_to_cart_button\">Weiterlesen<\/a><\/div>\n\t\t\t<\/li><li class=\"wc-block-grid__product\">\n\t\t\t\t<a href=\"https:\/\/folk.world\/de\/s\/german-smallpipe\/lehrwerk-gsp\/die-sackpfeifen-fibel-teil-1-lehrbuch\/\" class=\"wc-block-grid__product-link\">\n\t\t\t\t\t\n\t\t\t\t\t<div class=\"wc-block-grid__product-image\"><img loading=\"lazy\" decoding=\"async\" width=\"324\" height=\"324\" src=\"https:\/\/folk.world\/wp-content\/uploads\/2018\/08\/sackpfeifenfibel_1-324x324.jpg\" class=\"attachment-woocommerce_thumbnail size-woocommerce_thumbnail\" alt=\"Dudelsack lernen mit der Sackpfeifen-Fibel 1\" srcset=\"https:\/\/folk.world\/wp-content\/uploads\/2018\/08\/sackpfeifenfibel_1-324x324.jpg 324w, https:\/\/folk.world\/wp-content\/uploads\/2018\/08\/sackpfeifenfibel_1-100x100.jpg 100w, https:\/\/folk.world\/wp-content\/uploads\/2018\/08\/sackpfeifenfibel_1-416x416.jpg 416w, https:\/\/folk.world\/wp-content\/uploads\/2018\/08\/sackpfeifenfibel_1-150x150.jpg 150w, https:\/\/folk.world\/wp-content\/uploads\/2018\/08\/sackpfeifenfibel_1-300x300.jpg 300w, https:\/\/folk.world\/wp-content\/uploads\/2018\/08\/sackpfeifenfibel_1-430x430.jpg 430w, https:\/\/folk.world\/wp-content\/uploads\/2018\/08\/sackpfeifenfibel_1.jpg 700w\" sizes=\"auto, (max-width: 324px) 100vw, 324px\" title=\"\"><\/div>\n\t\t\t\t\t<div class=\"wc-block-grid__product-title\">Die Sackpfeifen-Fibel 1 &#8211; Mittelalterlichen Dudelsack lernen mit Erfolg<\/div>\n\t\t\t\t<\/a>\n\t\t\t\t<div class=\"wc-block-grid__product-price price\">\t\t<span class=\"tiered-pricing-dynamic-price-wrapper\" data-display-context=\"shop-loop\" data-price-type=\"no-rules\" data-product-id=\"4189\" data-parent-id=\"4189\">\n\t\t\t<span class=\"woocommerce-Price-amount amount\">24,90&nbsp;<span class=\"woocommerce-Price-currencySymbol\">&euro;<\/span><\/span> <small class=\"woocommerce-price-suffix\">inkl. Mwst.<\/small><\/span><\/div>\n\t\t<div class=\"wgm-info woocommerce-de_price_taxrate \"><\/div>\n\t\t<div class=\"wgm-info woocommerce_de_versandkosten\">zzgl. <a class=\"versandkosten\" href=\"https:\/\/folk.world\/de\/versand__lieferung\/\" target=\"_blank\">Versand<\/a><\/div>\n\t\t\t\t\n\t\t\t\t<div class=\"wp-block-button wc-block-grid__product-add-to-cart\"><a href=\"https:\/\/folk.world\/de\/s\/german-smallpipe\/lehrwerk-gsp\/die-sackpfeifen-fibel-teil-1-lehrbuch\/\" aria-label=\"Lese mehr \u00fcber &#8222;Die Sackpfeifen-Fibel 1 - Mittelalterlichen Dudelsack lernen mit Erfolg&#8220;\" data-quantity=\"1\" data-product_id=\"4189\" data-product_sku=\"SF1\" data-price=\"24.9\" rel=\"nofollow\" class=\"wp-block-button__link  add_to_cart_button\">Weiterlesen<\/a><\/div>\n\t\t\t<\/li><\/ul><\/div>\n\n\n<h2 class=\"wp-block-heading\">Welche Art von Dudelsack soll ich lernen?<\/h2>\n\n\n\n<p>Wenn Du Dich f\u00fcr Dudelsackmusik interessierst, wei\u00dft Du wahrscheinlich, dass es mehrere Arten von Dudelsack gibt. Welchen Dudelsack Du lernen m\u00f6chtest, entscheidest Du selbst. Dabei ist es egal, welchen Dudelsack Du spielen lernen m\u00f6chtest &#8211; um den Practice Chanter kommst Du auf jeden Fall nicht herum. Die Wahl des Dudelsacks h\u00e4ngt von Deinen musikalischen Vorlieben ab. Stehst Du auf den Klang des schottischen Dudelsacks? Dann ist eine Wee Pipe die richtige Wahl, um Dudelsack spielen zu lernen. Hat es Dir die mittelalterliche Marktsackmusik angetan, die Du neulich auf einem Mittelaltermarkt geh\u00f6rt hast? Dann greifst Du am besten zur German Smallpipe oder zu einer mittelalterlichen Wee Pipe, um den Dudelsack selber zu lernen.<\/p>\n\n\n\n<figure class=\"wp-block-embed-youtube wp-block-embed is-type-video is-provider-youtube wp-embed-aspect-16-9 wp-has-aspect-ratio\"><div class=\"wp-block-embed__wrapper\">\n<iframe loading=\"lazy\" title=\"Unterschied zwischen Wee-Pipe und German Smallpipe\" width=\"980\" height=\"551\" src=\"https:\/\/www.youtube.com\/embed\/LcJEM9eC6n8?feature=oembed\" frameborder=\"0\" allow=\"accelerometer; autoplay; encrypted-media; gyroscope; picture-in-picture\" allowfullscreen><\/iframe>\n<\/div><\/figure>\n\n\n\n<h2 class=\"wp-block-heading\">Schottischer und Mittelalter Dudelsack: die Unterschiede<\/h2>\n\n\n\n<p>Sowohl der schottische Dudelsack als auch der Mittelalter Dudelsack sollten nur dann in Angriff genommen werden, wenn Du bereits ein paar Jahre lang auf dem Practice Chanter und anschlie\u00dfend auf einem Einsteigerinstrument gespielt hast. Als Einsteigerinstrumente f\u00fcr diese beiden Dudelsackarten findest Du bei Folk.World die Wee Pipe und die German Smallpipe. Im Gegensatz zu den &#8220;gro\u00dfen&#8221; Modellen sind diese Instrumente viel leiser und eignen sich somit auch zum \u00dcben in den eigenen vier W\u00e4nden. Die Dudels\u00e4cke von Folk.World bestehen aus einem Practice Chanter und einem ledernen Luftsack. Somit begleitet Dich Dein Einsteigerinstrument auf jedem Schritt und hilft Dir dabei, das Spielen auf dem Dudelsack zu lernen. Die Instrumente unterscheiden sich in erster Linie durch den Practice Chanter, der bei jedem Instrument f\u00fcr eine andere Griffart ausgelegt ist. Auch in puncto Material gibt es Unterschiede: Die \u00dcbungspfeife der Wee Pipe besteht aus Kunststoff, diejenige der German Smallpipe hingegen aus Kirschholz.<\/p>\n\n\n\n<h2 class=\"wp-block-heading\">Starthilfe &#8211; JETZT anfragen!<\/h2>\n\n\n\n<p>Wie Du siehst, ist es gar nicht so schwer, Dudelsack selber zu lernen. Wer Dudelsack lernen m\u00f6chte, holt sich ganz einfach ein passendes Einsteigerinstrument und das dazugeh\u00f6rige Lehrbuch bei Folk.World. So kannst Du ganz bequem und in Deinem eigenen Tempo den Dudelsack selber lernen. Bei Bedarf kannst Du Dich an einen Lehrer wenden oder \u00fcber Folk.World einen Workshop buchen.<\/p>\n\n\n\n<div class=\"wp-block-group has-luminous-vivid-amber-background-color has-background\"><div class=\"wp-block-group__inner-container is-layout-flow wp-block-group-is-layout-flow\">\n<h3 class=\"wp-block-heading\">Du m\u00f6chtest einen Dudelsack kaufen? Schreib uns!<\/h3>\n\n\n\n<div class=\"wpcf7 no-js\" id=\"wpcf7-f11169-o1\" lang=\"de-DE\" dir=\"ltr\" data-wpcf7-id=\"11169\">\n<div class=\"screen-reader-response\"><p role=\"status\" aria-live=\"polite\" aria-atomic=\"true\"><\/p> <ul><\/ul><\/div>\n<form action=\"\/de\/wp-json\/wp\/v2\/pages\/14577#wpcf7-f11169-o1\" method=\"post\" class=\"wpcf7-form init\" aria-label=\"Kontaktformular\" novalidate=\"novalidate\" data-status=\"init\">\n<fieldset class=\"hidden-fields-container\"><input type=\"hidden\" name=\"_wpcf7\" value=\"11169\" \/><input type=\"hidden\" name=\"_wpcf7_version\" value=\"6.1.5\" \/><input type=\"hidden\" name=\"_wpcf7_locale\" value=\"de_DE\" \/><input type=\"hidden\" name=\"_wpcf7_unit_tag\" value=\"wpcf7-f11169-o1\" \/><input type=\"hidden\" name=\"_wpcf7_container_post\" value=\"0\" \/><input type=\"hidden\" name=\"_wpcf7_posted_data_hash\" value=\"\" \/><input type=\"hidden\" name=\"_wpcf7_recaptcha_response\" value=\"\" \/>\n<\/fieldset>\n<p><label>Dein Name<br \/>\n<span class=\"wpcf7-form-control-wrap\" data-name=\"your-name\"><input size=\"40\" maxlength=\"400\" class=\"wpcf7-form-control wpcf7-text wpcf7-validates-as-required\" aria-required=\"true\" aria-invalid=\"false\" value=\"\" type=\"text\" name=\"your-name\" \/><\/span> <\/label>\n<\/p>\n<p><label>Deine E-Mail-Adresse<br \/>\n<span class=\"wpcf7-form-control-wrap\" data-name=\"your-email\"><input size=\"40\" maxlength=\"400\" class=\"wpcf7-form-control wpcf7-email wpcf7-validates-as-required wpcf7-text wpcf7-validates-as-email\" aria-required=\"true\" aria-invalid=\"false\" value=\"\" type=\"email\" name=\"your-email\" \/><\/span> <\/label>\n<\/p>\n<p><label>Der Betreff<br \/>\n<span class=\"wpcf7-form-control-wrap\" data-name=\"your-subject\"><input size=\"40\" maxlength=\"400\" class=\"wpcf7-form-control wpcf7-text wpcf7-validates-as-required\" aria-required=\"true\" aria-invalid=\"false\" value=\"\" type=\"text\" name=\"your-subject\" \/><\/span> <\/label>\n<\/p>\n<p><label>Deine Nachricht<br \/>\n<span class=\"wpcf7-form-control-wrap\" data-name=\"your-message\"><textarea cols=\"40\" rows=\"10\" maxlength=\"2000\" class=\"wpcf7-form-control wpcf7-textarea wpcf7-validates-as-required\" aria-required=\"true\" aria-invalid=\"false\" name=\"your-message\"><\/textarea><\/span> <\/label>\n<\/p>\n<p><input class=\"wpcf7-form-control wpcf7-submit has-spinner\" type=\"submit\" value=\"Send\" \/>\n<\/p><input type=\"hidden\" id=\"ct_checkjs_cf7_85422afb467e9456013a2a51d4dff702\" name=\"ct_checkjs_cf7\" value=\"0\" \/><script >setTimeout(function(){var ct_input_name = \"ct_checkjs_cf7_85422afb467e9456013a2a51d4dff702\";if (document.getElementById(ct_input_name) !== null) {var ct_input_value = document.getElementById(ct_input_name).value;document.getElementById(ct_input_name).value = document.getElementById(ct_input_name).value.replace(ct_input_value, '1047218824');}}, 1000);<\/script><input\n                    class=\"apbct_special_field apbct_email_id__wp_contact_form_7\"\n                    name=\"apbct__email_id__wp_contact_form_7\"\n                    aria-label=\"apbct__label_id__wp_contact_form_7\"\n                    type=\"text\" size=\"30\" maxlength=\"200\" autocomplete=\"off\"\n                    value=\"\"\n                \/><div class=\"wpcf7-response-output\" aria-hidden=\"true\"><\/div>\n<\/form>\n<\/div>\n\n<\/div><\/div>\n","protected":false},"excerpt":{"rendered":"<p>Du wolltest schon immer Dudelsack spielen lernen? Mit Folk.World wird Dein Traum endlich wahr. Hier erf\u00e4hrst Du, welche Schritte besonders wichtig sind und wie Du es auch allein zu Erfolg schaffst. Mit den richtigen Lehrb\u00fcchern kannst Du das Spielen auf dem Dudelsack selber lernen. Worauf wartest Du noch? Dudelsack selber lernen: erste Schritte Er sieht [&hellip;]<\/p>\n","protected":false},"author":1,"featured_media":14598,"parent":0,"menu_order":0,"comment_status":"closed","ping_status":"closed","template":"","meta":{"footnotes":""},"class_list":["post-14577","page","type-page","status-publish","has-post-thumbnail","hentry"],"_links":{"self":[{"href":"https:\/\/folk.world\/de\/wp-json\/wp\/v2\/pages\/14577","targetHints":{"allow":["GET"]}}],"collection":[{"href":"https:\/\/folk.world\/de\/wp-json\/wp\/v2\/pages"}],"about":[{"href":"https:\/\/folk.world\/de\/wp-json\/wp\/v2\/types\/page"}],"author":[{"embeddable":true,"href":"https:\/\/folk.world\/de\/wp-json\/wp\/v2\/users\/1"}],"replies":[{"embeddable":true,"href":"https:\/\/folk.world\/de\/wp-json\/wp\/v2\/comments?post=14577"}],"version-history":[{"count":6,"href":"https:\/\/folk.world\/de\/wp-json\/wp\/v2\/pages\/14577\/revisions"}],"predecessor-version":[{"id":14609,"href":"https:\/\/folk.world\/de\/wp-json\/wp\/v2\/pages\/14577\/revisions\/14609"}],"wp:featuredmedia":[{"embeddable":true,"href":"https:\/\/folk.world\/de\/wp-json\/wp\/v2\/media\/14598"}],"wp:attachment":[{"href":"https:\/\/folk.world\/de\/wp-json\/wp\/v2\/media?parent=14577"}],"curies":[{"name":"wp","href":"https:\/\/api.w.org\/{rel}","templated":true}]}}