{"id":14642,"date":"2020-09-10T09:43:20","date_gmt":"2020-09-10T07:43:20","guid":{"rendered":"https:\/\/folk.world\/?page_id=14642"},"modified":"2020-09-10T10:08:20","modified_gmt":"2020-09-10T08:08:20","slug":"pflegetipps-zur-german-smallpipe","status":"publish","type":"page","link":"https:\/\/folk.world\/de\/pflegetipps-zur-german-smallpipe\/","title":{"rendered":"Pflegetipps zur German Smallpipe"},"content":{"rendered":"\n<p>Herzlichen Gl\u00fcckwunsch, Du bist stolzer Besitzer der German Smallpipe. Dieses Instrument aus nat\u00fcrlichen Rohstoffen bedarf ein wenig regelm\u00e4\u00dfiger Pflege, damit Du f\u00fcr immer gro\u00dfe Spielfreude mit Deinem Dudelsack hast.<\/p>\n\n\n\n\n\n<p>Hier sind die Tipps:<\/p>\n\n\n\n<h2 class=\"wp-block-heading\">Lagerung<\/h2>\n\n\n\n<ol class=\"wp-block-list\"><li>Lagere die German Smallpipe immer an einem trockenen, gut bel\u00fcfteten, schattigen Ort bei Zimmertemperatur.<\/li><li>Besonders gut ist zum Beispiel das Wohnzimmer geeignet, au\u00dferhalb der Sonneneinstrahlung und mit genug Abstand zum Heizk\u00f6rper.<\/li><li>Lass Deinen Mittelalter Dudelsack niemals im Auto liegen. Die Sackpfeife ist hier Hitze, K\u00e4lte und Feuchtigkeit ausgesetzt und wird Schaden nehmen.<\/li><\/ol>\n\n\n\n<h2 class=\"wp-block-heading\">Einspielen<\/h2>\n\n\n\n<ol class=\"wp-block-list\"><li>Spiele die German Smallpipe mindestens 10 Minuten gut ein. Erst dann entfaltet Dein H\u00fcmmelchen den vollen stabilen Klang.<\/li><li>Dein Instrument muss erst mit Dir warm werden. Dein Atem w\u00e4rmt das Leder und die Holzpfeifen auf und spendet Feuchtigkeit.<\/li><li>Das Dichtmittel im Balg saugt die Feuchtigkeit aus Deinem Atem auf, wird wieder geschmeidig und dichtet Dein Instrument automatisch neu ab.<\/li><li>Nach ca. 10 Minuten Spielzeit stimmst Du den Bordun noch einmal nach. Jetzt kann es mit dem frohen Dudelsackspiel losgehen!<\/li><\/ol>\n\n\n\n<h2 class=\"wp-block-heading\">Abk\u00fchlen<\/h2>\n\n\n\n<ol class=\"wp-block-list\"><li>Lass die German Smallpipe nach dem Spiel ein paar Stunden ausruhen. Dazu kannst Du auch die Pfeifen auseinander nehmen, damit das Instrument gut trocknet. Nach einem halben Tag ist das Instrument bereit, wieder eingelagert zu werden.<\/li><li>Verstaue das Instrument niemals sofort nach dem Du es verwendet hast. Die Gefahr ist zu gross, dass die gesammelte Feuchtigkeit nicht entweichen und somit dem Dudelsack schaden kann.<\/li><\/ol>\n\n\n\n<h2 class=\"wp-block-heading\">Abdichten<\/h2>\n\n\n\n<ol class=\"wp-block-list\"><li>\u00dcberpr\u00fcfe ca. alle 3 Monate ob das Dichtmittel im Rindsleder ausreicht.<\/li><li>Das geht ganz einfach: Nachdem Du das Instrument nach dem Einspielen ca. 10 Minuten lang gespielt hast, lasse die Luft aus dem Balg entweichen und reibe mit den Fingern die Lederw\u00e4nde aneinander.<\/li><li>Wenn das Leder gut gleitet, ist alles perfekt. Wenn Du aber die Lederstruktur der Innenseite ertastet kannst oder es gar Kratzger\u00e4usche gibt, muss Du Dein Instrument nachdichten.<\/li><\/ol>\n\n\n\n<p>Anleitung: <a href=\"https:\/\/folk.world\/de\/s\/dudelsack-dichtmittel-bagpipe-seasoning\/\" class=\"rank-math-link\">So verwendest Du Dichtmittel<\/a><\/p>\n\n\n\n<h2 class=\"wp-block-heading\">Neu wickeln<\/h2>\n\n\n\n<ol class=\"wp-block-list\"><li>Gib Acht auf die Hanfwicklungen an Chanter und Bordun.<\/li><li>Das Kirschholz der German Smallpipe arbeitet. Temperatur und Feuchtigkeit lassen es bewegen, was sich auf die Wicklungen auswirkt. Pr\u00fcfe also regelm\u00e4ssig, ob der Chanter noch gut sitzt, ob sich der Bordun gut stimmen l\u00e4sst und ob die \u00fcbrigen Teile noch luftdicht miteinander verbunden sind.<\/li><li>Je nach Beanspruchung und klimatischen Bedingungen musst Du ab und zu mal eine Wicklung mit so genanntem Bagpipe Hemp erneuern.<\/li><\/ol>\n\n\n\n<p>Anleitung: <a href=\"https:\/\/folk.world\/de\/bagpipe-hemp-so-wickelst-du-richtig\/\" class=\"rank-math-link\">Bagpipe Hemp richtig verwenden<\/a><\/p>\n\n\n\n<h2 class=\"wp-block-heading\">Reeds pr\u00fcfen<\/h2>\n\n\n\n<ol class=\"wp-block-list\"><li>Die Reeds sind wartungsfrei. Eher im Fall von mechanischer Beanspruchung (das Reed eckt an) muss ein Reed auch mal getauscht werden.<\/li><li>Das Gibson Practice Chanter Reed in der Spielfpfeife der German Smallpipe l\u00e4uft ewig. Trotzdem kann es sein, dass beim Wechsel des Chanters von Balg zu Windkapsel das Reed Schaden nimmt. In dem Fall hat Folk.World f\u00fcr Dich Ersatz-Reeds auf Lager.<\/li><li>Das Reed im Bordun kann in seltenen F\u00e4llen die Spannung verlieren und muss erneut aufgebogen werden. Es handelt sich hier um eine Aufschlagzunge aus Polystyrol. Sitzt diese zu nah am Korpus des Reeds, kann diese durch verstellen des Justier-Rings oder durch vorsichtiges Aufbiegen wiederhergestellt werden.<\/li><li>Wenn der Bordun zu schnell aus geht (zu empfindlich) oder zu hoch gestimmt ist, solltest Du die Aufschlagzunge genau pr\u00fcfen.<\/li><\/ol>\n\n\n\n<p>Zubeh\u00f6r: <a href=\"https:\/\/folk.world\/de\/s\/gibson-chanter-reed-rohrblatt\/\" class=\"rank-math-link\">Gibson Practice Chanter Reed<\/a><\/p>\n\n\n\n<h2 class=\"wp-block-heading\">Hast Du Fragen?<\/h2>\n\n\n\n<p>Wenn Du Dir unsicher bist mit der Wartungsanleitung oder Du hast eine andere Frage zu Deinem Instrument, dann kontaktiere Folk.World auf <a href=\"mailto:mail@folk.world\" class=\"rank-math-link\">mail@folk.world<\/a>. Hier bekommst Du sicher eine gute Antwort.<\/p>\n","protected":false},"excerpt":{"rendered":"<p>Herzlichen Gl\u00fcckwunsch, Du bist stolzer Besitzer der German Smallpipe. Dieses Instrument aus nat\u00fcrlichen Rohstoffen bedarf ein wenig regelm\u00e4\u00dfiger Pflege, damit Du f\u00fcr immer gro\u00dfe Spielfreude mit Deinem Dudelsack hast. Hier sind die Tipps: Lagerung Lagere die German Smallpipe immer an einem trockenen, gut bel\u00fcfteten, schattigen Ort bei Zimmertemperatur. Besonders gut ist zum Beispiel das Wohnzimmer [&hellip;]<\/p>\n","protected":false},"author":1,"featured_media":9581,"parent":0,"menu_order":0,"comment_status":"closed","ping_status":"closed","template":"","meta":{"footnotes":""},"class_list":["post-14642","page","type-page","status-publish","has-post-thumbnail","hentry"],"_links":{"self":[{"href":"https:\/\/folk.world\/de\/wp-json\/wp\/v2\/pages\/14642","targetHints":{"allow":["GET"]}}],"collection":[{"href":"https:\/\/folk.world\/de\/wp-json\/wp\/v2\/pages"}],"about":[{"href":"https:\/\/folk.world\/de\/wp-json\/wp\/v2\/types\/page"}],"author":[{"embeddable":true,"href":"https:\/\/folk.world\/de\/wp-json\/wp\/v2\/users\/1"}],"replies":[{"embeddable":true,"href":"https:\/\/folk.world\/de\/wp-json\/wp\/v2\/comments?post=14642"}],"version-history":[{"count":14,"href":"https:\/\/folk.world\/de\/wp-json\/wp\/v2\/pages\/14642\/revisions"}],"predecessor-version":[{"id":14657,"href":"https:\/\/folk.world\/de\/wp-json\/wp\/v2\/pages\/14642\/revisions\/14657"}],"wp:featuredmedia":[{"embeddable":true,"href":"https:\/\/folk.world\/de\/wp-json\/wp\/v2\/media\/9581"}],"wp:attachment":[{"href":"https:\/\/folk.world\/de\/wp-json\/wp\/v2\/media?parent=14642"}],"curies":[{"name":"wp","href":"https:\/\/api.w.org\/{rel}","templated":true}]}}