{"id":14725,"date":"2020-09-18T18:11:20","date_gmt":"2020-09-18T16:11:20","guid":{"rendered":"https:\/\/folk.world\/?page_id=14725"},"modified":"2020-09-18T19:43:39","modified_gmt":"2020-09-18T17:43:39","slug":"practice-chanter-pflegen-und-warten","status":"publish","type":"page","link":"https:\/\/folk.world\/de\/practice-chanter-pflegen-und-warten\/","title":{"rendered":"Practice Chanter pflegen &#038; warten: 3 wichtige Tipps"},"content":{"rendered":"\n<p>Man k\u00f6nnte meinen, es sei doch &#8220;nur ein Practice Chanter&#8221;. Aber es ist doch ein wertvolles Instrument, was Dich beim Dudelsack spielen lernen essentiell unterst\u00fctzt. Damit Du auf Ewig damit Freude hast, solltest Du ihm ab und zu etwas Aufmerksamkeit widmen und Deinen Practice Chanter pflegen und warten.<\/p>\n\n\n\n<p>Am wichtigsten ist zu wissen, aus was Dein Instrument besteht. Denn danach richten sich die Pflegehinweise aus.<\/p>\n\n\n\n<h2 class=\"wp-block-heading\">Besteht Dein Practice Chanter aus Holz oder Kunststoff?<\/h2>\n\n\n\n<p>Das erkennst Du daran, ob Poren am Chanteranfang oder -ende sichtbar sind, oder ob es eine Maserung im L\u00e4ngsverlauf aufweist. Auch Blackwood hat eine Maserung, Du musst nur ganz genau hinschauen. Im Zweifel kannst Du den Instrumentenbauer- oder H\u00e4ndler Deines Vertrauens fragen, aus welchem Material Dein Practice Chanter gefertigt wurde.<\/p>\n\n\n<div data-block-name=\"woocommerce\/featured-product\" data-edit-mode=\"false\" data-product-id=\"4120\" class=\"wc-block-featured-product alignnone has-background-dim wp-block-woocommerce-featured-product\" style=\"min-height:500px;\"><div class=\"wc-block-featured-product__wrapper\"><div class=\"background-dim__overlay\" style=\"background-color: #000000\"><\/div><img decoding=\"async\" alt=\"Mittelalterlicher Practice Chanter f\u00fcr German Smallpipe\" class=\"wc-block-featured-product__background-image\" src=\"https:\/\/folk.world\/wp-content\/uploads\/2018\/08\/German-Smallpipe-Chanter-square-1024x1024.png\" style=\"object-fit: none;object-position: 50% 50%;\" title=\"\"><h2 class=\"wc-block-featured-product__title\">Mittelalterlicher Practice Chanter f\u00fcr German Smallpipe<\/h2><div class=\"wc-block-featured-product__description\"><p>Beginne wie die Profis! Mit dem Practise Chanter lernst Du neue Melodien am besten. Dieser Practise Chanter l\u00e4sst sich sp\u00e4ter mit dem Erweiterungsset zum vollst\u00e4ndigen German Smallpipe Classic Dudelsack ausbauen!<\/p>\n<p><strong>ACHTUNG ausverkauft!<\/strong><\/p>\n<p>Der Hersteller m\u00f6chte die Practice Chanters nicht mehr einzeln verkaufen. Du kannst stattdessen die gesamte <a href=\"https:\/\/folk.world\/de\/s\/german-smallpipe\/\">German Smallpipe<\/a> bestellen. Oder schau Dir Folk.Worlds Alternative an:<\/p>\n<ul>\n<li><a href=\"https:\/\/folk.world\/de\/s\/practice-chanter-wee-pipe-mittelalterlich\/\">Wee-Pipe Practice Chanter mittelalterlich<\/a><\/li>\n<\/ul>\n<\/div><div class=\"wc-block-featured-product__price\">\t\t<span class=\"tiered-pricing-dynamic-price-wrapper\" data-display-context=\"shop-loop\" data-price-type=\"no-rules\" data-product-id=\"4120\" data-parent-id=\"4120\">\n\t\t\t<span class=\"woocommerce-Price-amount amount\">160,00&nbsp;<span class=\"woocommerce-Price-currencySymbol\">&euro;<\/span><\/span> <small class=\"woocommerce-price-suffix\">inkl. Mwst.<\/small><\/span><\/div><div class=\"wc-block-featured-product__inner-blocks\">\n\n<div class=\"wp-block-button aligncenter\"><a class=\"wp-block-button__link\" href=\"https:\/\/folk.world\/de\/s\/practise-chanter-fuer-german-smallpipe\/\">Jetzt einkaufen<\/a><\/div>\n\n<\/div><\/div><\/div>\n\n\n<p><\/p>\n\n\n\n<h2 class=\"wp-block-heading\">Holz brauch Pflege und sorgsamen Umgang<\/h2>\n\n\n\n<p>Du hast also entdeckt, dass Dein Practice Chanter aus Holz gebaut ist. Im Fall des <a href=\"https:\/\/folk.world\/de\/s\/practise-chanter-fuer-german-smallpipe\/\" class=\"rank-math-link\">Practice Chanters der German Smallpipe<\/a> sind Chanter und Windkapsel aus Kirschholz hergestellt. Bei Holzinstrumenten ist die Oberfl\u00e4che meist behandelt, also vor Umwelteinfl\u00fcssen gesch\u00fctzt. Holzblasinstrumente k\u00f6nnen mit Lack, Wachs oder \u00d6l versiegelt sein. Der Chanter der German Smallpipe ist mit Lein\u00f6l veredelt. Wenn die Holzoberfl\u00e4che mit der Zeit stumpf oder unregelm\u00e4ssig geworden ist, kannst Du sie im Fall der German Smallpipe mit einem sauberen Tuch und etwas Lein\u00f6l aus dem Supermarkt wieder auf Hochglanz polieren.<\/p>\n\n\n\n<p>Jedoch ist vor allem ein vorsichtiger Umgang mit Deinem Holzinstrument wichtig. Nach dem Spielen lass das Instrument vorsichtig trocknen (NICHT auf die Heizung legen!). Dazu kannst Du die Windkapsel vorsichtig vom Chanter l\u00f6sen und beide Teile im Wohnraum an einen schattigen trockenen Ort ausl\u00fcften lassen.<\/p>\n\n\n\n<p>Wenn sich viel Kondenswasser gebildet hat, nimm ein Taschentuch zur Hilfe und tupfe die nassen Stellen sorgsam trocken. Das Reed kannst Du bei nassen Bedingungen vorsichtig aus der Fassung l\u00f6sen und dazu legen. Wenn  sich allerdings nur wenig Feuchtigkeit gesammelt hat, kannst Du das empfindliche Rohrblatt eingebaut lassen. Je nach Feuchtigkeit bzw. \u00e4usseren klimatischen Bedingungen kann das Practice Chanter Pflegen mehr oder weniger Zeit in Anspruch nehmen.<\/p>\n\n\n<div data-block-name=\"woocommerce\/featured-product\" data-edit-mode=\"false\" data-product-id=\"4830\" class=\"wc-block-featured-product alignnone has-background-dim wp-block-woocommerce-featured-product\" style=\"min-height:500px;\"><div class=\"wc-block-featured-product__wrapper\"><div class=\"background-dim__overlay\" style=\"background-color: #000000\"><\/div><img decoding=\"async\" alt=\"Practice Chanter (Wee-Pipe schottisch)\" class=\"wc-block-featured-product__background-image\" src=\"https:\/\/folk.world\/wp-content\/uploads\/2018\/11\/IMG_1060-square-1024x1024.png\" style=\"object-fit: none;object-position: 50% 50%;\" title=\"\"><h2 class=\"wc-block-featured-product__title\">Practice Chanter (Wee-Pipe schottisch)<\/h2><div class=\"wc-block-featured-product__description\"><p>Beginne wie die Profis! Mit dem Practise Chanter in schottischer Griffweise lernst Du neue Melodien am besten. Dieser Practise Chanter l\u00e4sst sich sp\u00e4ter mit dem Erweiterungsset zur vollst\u00e4ndigen Wee-Pipe ausbauen!<\/p>\n<\/div><div class=\"wc-block-featured-product__price\">\t\t<span class=\"tiered-pricing-dynamic-price-wrapper\" data-display-context=\"shop-loop\" data-price-type=\"no-rules\" data-product-id=\"4830\" data-parent-id=\"4830\">\n\t\t\t<span class=\"woocommerce-Price-amount amount\">129,00&nbsp;<span class=\"woocommerce-Price-currencySymbol\">&euro;<\/span><\/span> <small class=\"woocommerce-price-suffix\">inkl. Mwst.<\/small><\/span><\/div><div class=\"wc-block-featured-product__inner-blocks\">\n\n<div class=\"wp-block-button aligncenter\"><a class=\"wp-block-button__link\" href=\"https:\/\/folk.world\/de\/s\/practise-chanter-wee-pipe-schottisch\/\">Jetzt einkaufen<\/a><\/div>\n\n<\/div><\/div><\/div>\n\n\n<h2 class=\"wp-block-heading\">Kunststoff ist wartungsarm und robust<\/h2>\n\n\n\n<p>Viele g\u00fcnstige Practice Chanter sind aus Kunststoff gefertigt, oftmals aus drechselbarem <a href=\"https:\/\/de.wikipedia.org\/wiki\/Polyoxymethylene\" class=\"rank-math-link\" target=\"_blank\" rel=\"noopener\">POM (Polyoxymethylene)<\/a>. Die <a href=\"https:\/\/folk.world\/de\/s\/practise-chanter-wee-pipe-schottisch\/\" class=\"rank-math-link\">schottische<\/a> wie auch die <a href=\"https:\/\/folk.world\/de\/s\/practise-chanter-wee-pipe-mittelalterlich\/\" class=\"rank-math-link\">mittelalterliche<\/a> Version der Wee-Pipe Chanters ist ebenfalls aus POM gebaut. Kunststoff braucht keine Oberfl\u00e4chenbehandlung und muss daher auch nicht nachbehandelt werden. Da Kunststoff unempfindlich gegen\u00fcber Feuchtigkeit ist, kann das Instrument bei feuchter Lagerung auch kaum Schaden nehmen.<\/p>\n\n\n\n<p>&#8220;Kaum&#8221; deswegen, weil es zumindest noch einen Schwachpunkt gibt: das <a href=\"https:\/\/folk.world\/de\/s\/gibson-chanter-reed-rohrblatt\/\" class=\"rank-math-link\">Reed<\/a>. Ist es ein Rohrblatt aus Schilf (Cane Reed) gelten noch einmal gesonderte Pflegehinweise. Aber auch Kunststoffreeds bestehen zus\u00e4tzlich aus Metall (das Tr\u00e4gerr\u00f6hrchen) und <a href=\"https:\/\/folk.world\/de\/s\/bagpipe-hemp-waxed\/\" class=\"rank-math-link\">Hemp<\/a> (Hanfgarnwicklung). Diese beiden Materialien haben Feuchtigkeit ebenfalls ungern. Im schlimmsten Fall kann Metall anfangen zu korrodieren oder die Wicklung anfangen zu riechen.<\/p>\n\n\n\n<p>Daher gilt auch f\u00fcr Practice Chanter aus Kunststoff: Lass Dein Instrument nach dem Spielen an einem schattigen trockenen Ort bei Zimmertemperatur ausl\u00fcften. Hierzu kannst Du bei einem sehr feucht gewordenen Chanter auch das Reed ausbauen und dazu legen.<\/p>\n\n\n<div data-block-name=\"woocommerce\/handpicked-products\" data-columns=\"4\" data-edit-mode=\"false\" data-products=\"{&quot;1&quot;:406,&quot;2&quot;:4757}\" class=\"wc-block-grid wp-block-handpicked-products wp-block-woocommerce-handpicked-products wc-block-handpicked-products has-4-columns has-multiple-rows\"><ul class=\"wc-block-grid__products\"><li class=\"wc-block-grid__product\">\n\t\t\t\t<a href=\"https:\/\/folk.world\/de\/s\/wee-pipe\/zubehoer-wp\/ezee-pipe-dreams-practice-chanter-reed\/\" class=\"wc-block-grid__product-link\">\n\t\t\t\t\t\n\t\t\t\t\t<div class=\"wc-block-grid__product-image\"><img loading=\"lazy\" decoding=\"async\" width=\"324\" height=\"324\" src=\"https:\/\/folk.world\/wp-content\/uploads\/2018\/11\/2021-02-19-17.49.47-1-e1613755532356-324x324.png\" class=\"attachment-woocommerce_thumbnail size-woocommerce_thumbnail\" alt=\"Ezee Practice Chanter Reed\" srcset=\"https:\/\/folk.world\/wp-content\/uploads\/2018\/11\/2021-02-19-17.49.47-1-e1613755532356-324x324.png 324w, https:\/\/folk.world\/wp-content\/uploads\/2018\/11\/2021-02-19-17.49.47-1-e1613755532356-300x300.png 300w, https:\/\/folk.world\/wp-content\/uploads\/2018\/11\/2021-02-19-17.49.47-1-e1613755532356-1024x1024.png 1024w, https:\/\/folk.world\/wp-content\/uploads\/2018\/11\/2021-02-19-17.49.47-1-e1613755532356-150x150.png 150w, https:\/\/folk.world\/wp-content\/uploads\/2018\/11\/2021-02-19-17.49.47-1-e1613755532356-768x768.png 768w, https:\/\/folk.world\/wp-content\/uploads\/2018\/11\/2021-02-19-17.49.47-1-e1613755532356-1536x1536.png 1536w, https:\/\/folk.world\/wp-content\/uploads\/2018\/11\/2021-02-19-17.49.47-1-e1613755532356-416x416.png 416w, https:\/\/folk.world\/wp-content\/uploads\/2018\/11\/2021-02-19-17.49.47-1-e1613755532356-100x100.png 100w, https:\/\/folk.world\/wp-content\/uploads\/2018\/11\/2021-02-19-17.49.47-1-e1613755532356.png 1735w\" sizes=\"auto, (max-width: 324px) 100vw, 324px\" title=\"\"><\/div>\n\t\t\t\t\t<div class=\"wc-block-grid__product-title\">Ezee Pipe Dreams Practice Chanter Reed<\/div>\n\t\t\t\t<\/a>\n\t\t\t\t<div class=\"wc-block-grid__product-price price\">\t\t<span class=\"tiered-pricing-dynamic-price-wrapper\" data-display-context=\"shop-loop\" data-price-type=\"no-rules\" data-product-id=\"4757\" data-parent-id=\"4757\">\n\t\t\t<span class=\"woocommerce-Price-amount amount\">9,60&nbsp;<span class=\"woocommerce-Price-currencySymbol\">&euro;<\/span><\/span> <small class=\"woocommerce-price-suffix\">inkl. Mwst.<\/small><\/span><\/div>\n\t\t<div class=\"wgm-info woocommerce-de_price_taxrate \"><\/div>\n\t\t<div class=\"wgm-info woocommerce_de_versandkosten\">zzgl. <a class=\"versandkosten\" href=\"https:\/\/folk.world\/de\/versand__lieferung\/\" target=\"_blank\">Versand<\/a><\/div>\n\t\t\t\t\n\t\t\t\t<div class=\"wp-block-button wc-block-grid__product-add-to-cart\"><a href=\"https:\/\/folk.world\/de\/s\/wee-pipe\/zubehoer-wp\/ezee-pipe-dreams-practice-chanter-reed\/\" aria-label=\"Lese mehr \u00fcber &#8222;Ezee Pipe Dreams Practice Chanter Reed&#8220;\" data-quantity=\"1\" data-product_id=\"4757\" data-product_sku=\"IF-ECTH-O1Q0\" data-price=\"9.6\" rel=\"nofollow\" class=\"wp-block-button__link  add_to_cart_button\">Weiterlesen<\/a><\/div>\n\t\t\t<\/li><li class=\"wc-block-grid__product\">\n\t\t\t\t<a href=\"https:\/\/folk.world\/de\/s\/german-smallpipe\/zubehoer-gsp\/gibson-chanter-reed-rohrblatt\/\" class=\"wc-block-grid__product-link\">\n\t\t\t\t\t\n\t\t\t\t\t<div class=\"wc-block-grid__product-image\"><img loading=\"lazy\" decoding=\"async\" width=\"324\" height=\"324\" src=\"https:\/\/folk.world\/wp-content\/uploads\/2017\/11\/IMG_20180717_100701-square-324x324.png\" class=\"attachment-woocommerce_thumbnail size-woocommerce_thumbnail\" alt=\"Gibson Practice Chanter Reed\" srcset=\"https:\/\/folk.world\/wp-content\/uploads\/2017\/11\/IMG_20180717_100701-square-324x324.png 324w, https:\/\/folk.world\/wp-content\/uploads\/2017\/11\/IMG_20180717_100701-square-100x100.png 100w, https:\/\/folk.world\/wp-content\/uploads\/2017\/11\/IMG_20180717_100701-square-416x416.png 416w, https:\/\/folk.world\/wp-content\/uploads\/2017\/11\/IMG_20180717_100701-square-150x150.png 150w, https:\/\/folk.world\/wp-content\/uploads\/2017\/11\/IMG_20180717_100701-square-300x300.png 300w, https:\/\/folk.world\/wp-content\/uploads\/2017\/11\/IMG_20180717_100701-square-768x768.png 768w, https:\/\/folk.world\/wp-content\/uploads\/2017\/11\/IMG_20180717_100701-square-1024x1024.png 1024w, https:\/\/folk.world\/wp-content\/uploads\/2017\/11\/IMG_20180717_100701-square.png 1295w\" sizes=\"auto, (max-width: 324px) 100vw, 324px\" title=\"\"><\/div>\n\t\t\t\t\t<div class=\"wc-block-grid__product-title\">Gibson Practice Chanter Reed (Rohrblatt)<\/div>\n\t\t\t\t<\/a>\n\t\t\t\t<div class=\"wc-block-grid__product-price price\">\t\t<span class=\"tiered-pricing-dynamic-price-wrapper\" data-display-context=\"shop-loop\" data-price-type=\"no-rules\" data-product-id=\"406\" data-parent-id=\"406\">\n\t\t\t<span class=\"woocommerce-Price-amount amount\">15,00&nbsp;<span class=\"woocommerce-Price-currencySymbol\">&euro;<\/span><\/span> <small class=\"woocommerce-price-suffix\">inkl. Mwst.<\/small><\/span><\/div>\n\t\t<div class=\"wgm-info woocommerce-de_price_taxrate \"><\/div>\n\t\t<div class=\"wgm-info woocommerce_de_versandkosten\">zzgl. <a class=\"versandkosten\" href=\"https:\/\/folk.world\/de\/versand__lieferung\/\" target=\"_blank\">Versand<\/a><\/div>\n\t\t\t\t\n\t\t\t\t<div class=\"wp-block-button wc-block-grid__product-add-to-cart\"><a href=\"https:\/\/folk.world\/de\/s\/german-smallpipe\/zubehoer-gsp\/gibson-chanter-reed-rohrblatt\/\" aria-label=\"Lese mehr \u00fcber &#8222;Gibson Practice Chanter Reed (Rohrblatt)&#8220;\" data-quantity=\"1\" data-product_id=\"406\" data-product_sku=\"PC-R-GIBS\" data-price=\"15\" rel=\"nofollow\" class=\"wp-block-button__link  add_to_cart_button\">Weiterlesen<\/a><\/div>\n\t\t\t<\/li><\/ul><\/div>\n\n\n<h2 class=\"wp-block-heading\">Reinigung des Practice Chanters<\/h2>\n\n\n\n<p>Hast Du den Wunsch Dein Practice Chanter zu reinigen, kannst Du dies mit einem Pfeifenreiniger oder einem St\u00fcck Textiltaschentuch an einem langen Draht reinigen. Dazu f\u00fchrst Du die B\u00fcrste oder das Tuch vorsichtig durch Chanter und Windkapsel. Nimm in jedem Fall zuvor das Reed aus der Fassung. Das Mundst\u00fcck bzw. die Windkapsel ist das Bauteil, dass am h\u00e4ufigsten ges\u00e4ubert werden muss, sollte eine Reinigung \u00fcberhaupt notwendig sein. Zumindest eine Innenreinigung ist bei regelm\u00e4\u00dfiger L\u00fcftung nach dem Spielen selten n\u00f6tig. Der Mundansatz beim Practice Chanter kann beim Holzinstrument mit einem feuchten Tuch gereinigt und anschlie\u00dfend mit etwas \u00d6l gepflegt werden. Bei der Windkapsel aus Kunststoff darfst Du sogar mit lauwarmem flie\u00dfenden Wasser und Seife arbeiten.<\/p>\n\n\n\n<p>In jedem Fall gilt: Das Reinigen des Mundst\u00fccks f\u00e4llt deutlich leichter und ist schonender direkt nach Gebrauch des Chanters, anstatt eingetrocknete R\u00fcckst\u00e4nde entfernen zu m\u00fcssen.<\/p>\n\n\n\n<h2 class=\"wp-block-heading\">3 Regeln zur Pflege<\/h2>\n\n\n\n<p>Fassen wir die wichtigsten Punkte kurz zusammen:<\/p>\n\n\n\n<ol class=\"wp-block-list\"><li>Lasse Deinen Practice Chanter nach Gebrauch ausl\u00fcften<\/li><li>Pflege die Holzoberfl\u00e4che nach Beschreibung Deines Instrumentenbauers<\/li><li>Reinige das Mundst\u00fcck (falls erforderlich) sofort nach dem Spielen<\/li><\/ol>\n\n\n\n<h2 class=\"wp-block-heading\">Brauchst Du Hilfe beim Practice Chanter pflegen?<\/h2>\n\n\n\n<p>Je nach Instrument gibt es Besonderheiten. Bei Unsicherheit schreibe gerne an <a href=\"mailto:mail@folk.world\" class=\"rank-math-link\">mail@folk.world<\/a>. Folk.World hat sicher eine gute Antwort zum Thema Practice Chanter pflegen f\u00fcr Dich parat.<\/p>\n","protected":false},"excerpt":{"rendered":"<p>Man k\u00f6nnte meinen, es sei doch &#8220;nur ein Practice Chanter&#8221;. Aber es ist doch ein wertvolles Instrument, was Dich beim Dudelsack spielen lernen essentiell unterst\u00fctzt. Damit Du auf Ewig damit Freude hast, solltest Du ihm ab und zu etwas Aufmerksamkeit widmen und Deinen Practice Chanter pflegen und warten. Am wichtigsten ist zu wissen, aus was [&hellip;]<\/p>\n","protected":false},"author":1,"featured_media":14729,"parent":0,"menu_order":0,"comment_status":"closed","ping_status":"closed","template":"","meta":{"footnotes":""},"class_list":["post-14725","page","type-page","status-publish","has-post-thumbnail","hentry"],"_links":{"self":[{"href":"https:\/\/folk.world\/de\/wp-json\/wp\/v2\/pages\/14725","targetHints":{"allow":["GET"]}}],"collection":[{"href":"https:\/\/folk.world\/de\/wp-json\/wp\/v2\/pages"}],"about":[{"href":"https:\/\/folk.world\/de\/wp-json\/wp\/v2\/types\/page"}],"author":[{"embeddable":true,"href":"https:\/\/folk.world\/de\/wp-json\/wp\/v2\/users\/1"}],"replies":[{"embeddable":true,"href":"https:\/\/folk.world\/de\/wp-json\/wp\/v2\/comments?post=14725"}],"version-history":[{"count":17,"href":"https:\/\/folk.world\/de\/wp-json\/wp\/v2\/pages\/14725\/revisions"}],"predecessor-version":[{"id":14752,"href":"https:\/\/folk.world\/de\/wp-json\/wp\/v2\/pages\/14725\/revisions\/14752"}],"wp:featuredmedia":[{"embeddable":true,"href":"https:\/\/folk.world\/de\/wp-json\/wp\/v2\/media\/14729"}],"wp:attachment":[{"href":"https:\/\/folk.world\/de\/wp-json\/wp\/v2\/media?parent=14725"}],"curies":[{"name":"wp","href":"https:\/\/api.w.org\/{rel}","templated":true}]}}