{"id":14855,"date":"2020-11-30T19:52:27","date_gmt":"2020-11-30T18:52:27","guid":{"rendered":"https:\/\/folk.world\/?page_id=14855"},"modified":"2024-02-15T15:42:02","modified_gmt":"2024-02-15T14:42:02","slug":"rent-an-instrument-dudelsack-im-mietkauf","status":"publish","type":"page","link":"https:\/\/folk.world\/de\/rent-an-instrument-dudelsack-im-mietkauf\/","title":{"rendered":"Entdecke Deine Musikfreiheit mit R\u00fcckgaberecht PLUS"},"content":{"rendered":"\n<p>Stell Dir vor, Du k\u00f6nntest Dein Trauminstrument in die H\u00e4nde bekommen, es voll auskosten und dabei v\u00f6llig frei entscheiden, ob es wirklich das Richtige f\u00fcr Dich ist. Klingt wie ein Musiktraum, oder? Mit Folk.Worlds neuem Konzept &#8220;R\u00fcckgaberecht PLUS&#8221; wird genau das m\u00f6glich!<\/p>\n\n\n<div class=\"wp-block-image\">\n<figure class=\"aligncenter size-full\"><img loading=\"lazy\" decoding=\"async\" width=\"661\" height=\"661\" src=\"https:\/\/folk.world\/wp-content\/uploads\/2024\/01\/Ruckgaberecht-Plus.png\" alt=\"-\" class=\"wp-image-18228\" title=\"\" srcset=\"https:\/\/folk.world\/wp-content\/uploads\/2024\/01\/Ruckgaberecht-Plus.png 661w, https:\/\/folk.world\/wp-content\/uploads\/2024\/01\/Ruckgaberecht-Plus-300x300.png 300w, https:\/\/folk.world\/wp-content\/uploads\/2024\/01\/Ruckgaberecht-Plus-150x150.png 150w, https:\/\/folk.world\/wp-content\/uploads\/2024\/01\/Ruckgaberecht-Plus-324x324.png 324w, https:\/\/folk.world\/wp-content\/uploads\/2024\/01\/Ruckgaberecht-Plus-416x416.png 416w, https:\/\/folk.world\/wp-content\/uploads\/2024\/01\/Ruckgaberecht-Plus-100x100.png 100w, https:\/\/folk.world\/wp-content\/uploads\/2024\/01\/Ruckgaberecht-Plus-64x64.png 64w\" sizes=\"auto, (max-width: 661px) 100vw, 661px\" \/><\/figure>\n<\/div>\n\n\n<p>Du brennst darauf, Dich in die Welt der Folkmusik zu st\u00fcrzen, aber der Gedanke, Dich gleich zu Beginn an ein teures Instrument zu binden, l\u00e4sst Dich z\u00f6gern? Kein Problem! Ob Dudelsack, Irish Flute oder ein anderes Schmuckst\u00fcck traditioneller Musikinstrumente &#8211; bei uns kannst Du ganz unbeschwert in die Welt der Kl\u00e4nge eintauchen. &#8220;Mietkauf&#8221; war gestern, heute ist es das &#8220;R\u00fcckgaberecht PLUS&#8221;, das Dir die Freiheit gibt, ohne Risiko Deine musikalische Leidenschaft zu entdecken.<\/p>\n\n\n\n<h2 class=\"wp-block-heading\"><strong>Die Flexibilit\u00e4t, die Du Dir w\u00fcnschst<\/strong><\/h2>\n\n\n\n<p>Hier der Clou: Du kannst das Instrument nach 6 Monaten Nutzung einfach zur\u00fcckgeben, falls es doch nicht so ganz zu Dir passt. Und falls Du Dich unsterblich verliebt hast? Dann ist es nach 24 Monaten ganz Deins. Klingt fantastisch, nicht wahr?<\/p>\n\n\n\n<p>Wir wissen, dass der Einstieg in die Folkmusik manchmal herausfordernd sein kann, besonders wenn Du noch auf der Suche nach Deinem perfekten Instrumentalpartner bist. Genau deshalb bieten wir Dir und auch erfahrenen Musikern das R\u00fcckgaberecht PLUS an. Du bekommst ein brandneues Instrument und die Freiheit, es ab dem 7. Monat zur\u00fcckzugeben, falls es nicht das Richtige sein sollte. Nach 24 Monaten geh\u00f6rt es ohne Wenn und Aber Dir.<\/p>\n\n\n\n<h2 class=\"wp-block-heading\"><strong>Einfach und unkompliziert<\/strong><\/h2>\n\n\n\n<p>Beim &#8220;R\u00fcckgaberecht PLUS&#8221; gehst Du kein Risiko ein. Zahlen? Ganz easy und bequem per Klarna, Paypal oder einem anderen Zahlungsmittel Deiner Wahl. Und falls Du merkst, dass es doch nicht passt, gibst Du das Instrument einfach nach sechs Monaten zum festgelegten Restkaufwert zur\u00fcck.<\/p>\n\n\n\n<p>Wir haben das Ganze f\u00fcr Dich noch einfacher gemacht: Kein PostIDENT, keine Vertragsunterschrift und keine Wartezeit. Einfach ausw\u00e4hlen, bestellen und loslegen.<\/p>\n\n\n\n<h2 class=\"wp-block-heading\"><strong>Dein Einstieg in die Welt der Folkmusik<\/strong><\/h2>\n\n\n\n<p>Das ist Deine Chance, ohne Umwege oder Kopfzerbrechen in die Welt der Folkmusik einzutauchen. Nutze das R\u00fcckgaberecht PLUS und finde mit Folk.World Dein musikalisches Zuhause.<\/p>\n\n\n\n<h2 class=\"wp-block-heading\"><strong>Wichtige Details auf einen Blick<\/strong><\/h2>\n\n\n\n<p>Wir m\u00f6chten, dass Du genau wei\u00dft, worauf Du Dich einl\u00e4sst. Deshalb legen wir gro\u00dfen Wert auf Transparenz. Das &#8220;Kleingedruckte&#8221; zu unserem R\u00fcckgaberecht PLUS findest Du als <a href=\"https:\/\/folk.world\/wp-content\/uploads\/2024\/02\/Ruckgaberecht-PLUS-fur-alle-Instrumente.pdf\">\u00fcbersichtliches PDF unter diesem Link<\/a>. Nimm Dir einen Moment Zeit, es durchzulesen, damit Du alle Details verstehst und mit voller \u00dcberzeugung Deine musikalische Reise mit uns starten kannst.<\/p>\n","protected":false},"excerpt":{"rendered":"<p>Stell Dir vor, Du k\u00f6nntest Dein Trauminstrument in die H\u00e4nde bekommen, es voll auskosten und dabei v\u00f6llig frei entscheiden, ob es wirklich das Richtige f\u00fcr Dich ist. Klingt wie ein Musiktraum, oder? Mit Folk.Worlds neuem Konzept &#8220;R\u00fcckgaberecht PLUS&#8221; wird genau das m\u00f6glich! Du brennst darauf, Dich in die Welt der Folkmusik zu st\u00fcrzen, aber der [&hellip;]<\/p>\n","protected":false},"author":1326,"featured_media":4984,"parent":0,"menu_order":0,"comment_status":"closed","ping_status":"closed","template":"","meta":{"footnotes":""},"class_list":["post-14855","page","type-page","status-publish","has-post-thumbnail","hentry"],"_links":{"self":[{"href":"https:\/\/folk.world\/de\/wp-json\/wp\/v2\/pages\/14855","targetHints":{"allow":["GET"]}}],"collection":[{"href":"https:\/\/folk.world\/de\/wp-json\/wp\/v2\/pages"}],"about":[{"href":"https:\/\/folk.world\/de\/wp-json\/wp\/v2\/types\/page"}],"author":[{"embeddable":true,"href":"https:\/\/folk.world\/de\/wp-json\/wp\/v2\/users\/1326"}],"replies":[{"embeddable":true,"href":"https:\/\/folk.world\/de\/wp-json\/wp\/v2\/comments?post=14855"}],"version-history":[{"count":22,"href":"https:\/\/folk.world\/de\/wp-json\/wp\/v2\/pages\/14855\/revisions"}],"predecessor-version":[{"id":18238,"href":"https:\/\/folk.world\/de\/wp-json\/wp\/v2\/pages\/14855\/revisions\/18238"}],"wp:featuredmedia":[{"embeddable":true,"href":"https:\/\/folk.world\/de\/wp-json\/wp\/v2\/media\/4984"}],"wp:attachment":[{"href":"https:\/\/folk.world\/de\/wp-json\/wp\/v2\/media?parent=14855"}],"curies":[{"name":"wp","href":"https:\/\/api.w.org\/{rel}","templated":true}]}}