{"id":15448,"date":"2021-06-25T15:26:14","date_gmt":"2021-06-25T13:26:14","guid":{"rendered":"https:\/\/folk.world\/?page_id=15448"},"modified":"2021-09-24T17:06:58","modified_gmt":"2021-09-24T15:06:58","slug":"folkflute","status":"publish","type":"page","link":"https:\/\/folk.world\/de\/folkflute\/","title":{"rendered":"folkFlute &#8211; Die Welt der Fl\u00f6te"},"content":{"rendered":"\n<p>Die Irish Flute wird in der Irischen traditionellen Musik gespielt.<\/p>\n\n\n\n<p>Das erste Instrument in der Kategorie folkFlute ist die Irish Flute von Steffen Gabriel.<\/p>\n\n\n\n<div class=\"wp-block-columns is-layout-flex wp-container-core-columns-is-layout-28f84493 wp-block-columns-is-layout-flex\">\n<div class=\"wp-block-column is-layout-flow wp-block-column-is-layout-flow\">\n<h2 class=\"wp-block-heading\">Irish Flute<\/h2>\n\n\n\n<p>Die Irish Flute ist vielleicht die K\u00f6nigin der Irish Folk Musik. Ihr vielf\u00e4ltiger weicher Klang macht sie zur beliebtesten Fl\u00f6te auf den Sessions.<\/p>\n\n\n\n<div class=\"wp-block-buttons is-layout-flex wp-block-buttons-is-layout-flex\">\n<div class=\"wp-block-button\"><a class=\"wp-block-button__link\" href=\"https:\/\/folk.world\/scat\/folkflute\/irish-flute\/\">Irish Flute spielen lernen<\/a><\/div>\n<\/div>\n<\/div>\n\n\n\n<div class=\"wp-block-column is-layout-flow wp-block-column-is-layout-flow\">\n<h2 class=\"wp-block-heading\">Instrument vermisst?<\/h2>\n\n\n\n<p>Folk.World w\u00fcrde Dich gerne zu Deinem Lieblingsinstrument f\u00fchren. Wenn Du nicht f\u00fcndig geworden bist, <a href=\"https:\/\/folk.world\/de\/kontakt\/\">schreibe Folk.World eine E-Mail<\/a>.<\/p>\n<\/div>\n<\/div>\n","protected":false},"excerpt":{"rendered":"<p>Die Irish Flute wird in der Irischen traditionellen Musik gespielt. Das erste Instrument in der Kategorie folkFlute ist die Irish Flute von Steffen Gabriel. Irish Flute Die Irish Flute ist vielleicht die K\u00f6nigin der Irish Folk Musik. Ihr vielf\u00e4ltiger weicher Klang macht sie zur beliebtesten Fl\u00f6te auf den Sessions. Instrument vermisst? Folk.World w\u00fcrde Dich gerne [&hellip;]<\/p>\n","protected":false},"author":1,"featured_media":0,"parent":0,"menu_order":0,"comment_status":"closed","ping_status":"closed","template":"","meta":{"footnotes":""},"class_list":["post-15448","page","type-page","status-publish","hentry"],"_links":{"self":[{"href":"https:\/\/folk.world\/de\/wp-json\/wp\/v2\/pages\/15448","targetHints":{"allow":["GET"]}}],"collection":[{"href":"https:\/\/folk.world\/de\/wp-json\/wp\/v2\/pages"}],"about":[{"href":"https:\/\/folk.world\/de\/wp-json\/wp\/v2\/types\/page"}],"author":[{"embeddable":true,"href":"https:\/\/folk.world\/de\/wp-json\/wp\/v2\/users\/1"}],"replies":[{"embeddable":true,"href":"https:\/\/folk.world\/de\/wp-json\/wp\/v2\/comments?post=15448"}],"version-history":[{"count":3,"href":"https:\/\/folk.world\/de\/wp-json\/wp\/v2\/pages\/15448\/revisions"}],"predecessor-version":[{"id":15604,"href":"https:\/\/folk.world\/de\/wp-json\/wp\/v2\/pages\/15448\/revisions\/15604"}],"wp:attachment":[{"href":"https:\/\/folk.world\/de\/wp-json\/wp\/v2\/media?parent=15448"}],"curies":[{"name":"wp","href":"https:\/\/api.w.org\/{rel}","templated":true}]}}