{"id":15708,"date":"2021-12-07T14:06:53","date_gmt":"2021-12-07T13:06:53","guid":{"rendered":"https:\/\/folk.world\/?page_id=15708"},"modified":"2021-12-07T14:26:58","modified_gmt":"2021-12-07T13:26:58","slug":"faq-irish-flute","status":"publish","type":"page","link":"https:\/\/folk.world\/de\/folkflute\/faq-irish-flute\/","title":{"rendered":"FAQ Irish Flute"},"content":{"rendered":"\n<p>Die Irish Flute ist ein sehr typisches Instrument in der Irischen Folkmusik. Dennoch ist sie nicht so popul\u00e4r wie die Tin Whistle. Viele Fl\u00f6tenspieler w\u00fcrden aber dennoch gerne auf die Irish Flute umsteigen, hat sie doch einen so sch\u00f6nen charakteristischen Klang. Wie gelingt mit der Start mit der Irish Flute? Die folgende FAQ liefert Antworten auf die am h\u00e4ufigsten gestellten Fragen zur Irish Flute.<\/p>\n\n\n<div id=\"rank-math-faq\" class=\"rank-math-block\">\n<div class=\"rank-math-list \">\n<div id=\"faq-question-1638881563768\" class=\"rank-math-list-item\">\n<h2 class=\"rank-math-question \">Woher kommt die Irish Flute?<\/h2>\n<div class=\"rank-math-answer \">\n\n<p>Kaum ein anderes Instrument ist mit der Musik Irlands so verkn\u00fcpft wie die Irisch fli\u00fait, wie die Irish Flute auf der Gr\u00fcnen Insel noch genannt wird. Die \u00e4ltesten noch erhaltenen Exemplare stammen aus dem Mittelalter, ihr Ursprung ist aber viel \u00e4lter und reicht bis in die Zeit der Kelten hinein.<\/p>\n\n<\/div>\n<\/div>\n<div id=\"faq-question-1638881574185\" class=\"rank-math-list-item\">\n<h2 class=\"rank-math-question \">Wie schwer ist es, die Irish Flute zu spielen?<\/h2>\n<div class=\"rank-math-answer \">\n\n<p>Du stellst diese Frage zurecht, denn sie lautet: Ja und nein. Ja, weil beispielsweise Fingerstellung und Atmung relativ einfach zu erlernen sind. Nein, weil es relativ lange dauern kann, bis Du die Mundstellung raushast und in der Lage bist, diesen besonderen Ton dieser besonderen Fl\u00f6te hervorzuzaubern.<\/p>\n\n<\/div>\n<\/div>\n<div id=\"faq-question-1638881587538\" class=\"rank-math-list-item\">\n<h2 class=\"rank-math-question \">Ist eine Irish Flute das gleiche wie eine normalen Querfl\u00f6te?<\/h2>\n<div class=\"rank-math-answer \">\n\n<p>Wenn Du von der klassischen Schwester kommst, wird Dir einiges vertraut sein \u2013 doch was ist anders? Neben dem Wechsel von Metall auf Holz verf\u00fcgt die Irish Flute \u00fcber weniger L\u00f6cher als das B\u00f6hmsystem der gro\u00dfen Schwester. Ihre Bohrungen sind konisch statt zylindrisch und das Tonsystem ist in D- statt in C-Dur.<\/p>\n\n<\/div>\n<\/div>\n<div id=\"faq-question-1638881603353\" class=\"rank-math-list-item\">\n<h2 class=\"rank-math-question \">Wie h\u00e4lt man eine Irish Flute?<\/h2>\n<div class=\"rank-math-answer \">\n\n<p>Du h\u00e4ltst Deine Irish Flute quer zum K\u00f6rper. Achte auf Deine aufrechte Haltung. Halte Deine Irish Flute mit beiden Daumen, lege die drei Finger Deiner linken Hand an das oberen Fl\u00f6tenende und die drei Finger der rechten Hand an das untere Ende. Achte darauf, dass die Fingerkuppen nur sanft aufliegen.<\/p>\n\n<\/div>\n<\/div>\n<div id=\"faq-question-1638881617548\" class=\"rank-math-list-item\">\n<h2 class=\"rank-math-question \">Wie viel kostet eine Irish Flute?<\/h2>\n<div class=\"rank-math-answer \">\n\n<p>Im Gegensatz zum Beispiel zu ihrer klassischen Schwester, musst Du f\u00fcr die Irish Flute deutlich tiefer in die Tasche greifen \u2013 oder ein gr\u00f6\u00dferes Sparschwein \u2019schlachten\u2019. Je nach Qualit\u00e4t und Ausf\u00fchrung belaufen sich die Kosten meist zwischen 300 \u20ac und weit \u00fcber 1.000 \u20ac.<\/p>\n\n<\/div>\n<\/div>\n<div id=\"faq-question-1638881633367\" class=\"rank-math-list-item\">\n<h2 class=\"rank-math-question \">Welche Fl\u00f6ten werden in der irischen Musik verwendet?<\/h2>\n<div class=\"rank-math-answer \">\n\n<p>Denkst Du an Schottland, denkst Du an den Dudelsack. Denkst Du an Irland, so auch automatisch an Fl\u00f6tenmusik. Dabei spielt neben der eher einfachen, oft auch aus Blech hergestellten sechs-l\u00f6chrigen Tin Whistle vor allem die Irish Flute eine zentrale Rolle. Sie verleiht dem Irish Folk den ganz besonderen Klang.<\/p>\n\n<\/div>\n<\/div>\n<div id=\"faq-question-1638881654398\" class=\"rank-math-list-item\">\n<h2 class=\"rank-math-question \">Wie spielt man eine Irish Flute?<\/h2>\n<div class=\"rank-math-answer \">\n\n<p>Du nimmst eine aufrechte Haltung ein und legst das Mundst\u00fcck der Fl\u00f6te in der Mulde in Deinem Kinn an, so dass sich Deine Unterlippe leicht und locker direkt dem Korpus befindet. Dann spitzt Du leicht die Lippen und ziehst gleichzeitig Deine Mundwinkel nach oben (als w\u00fcrdest Du in eine Zitrone reinbeissen).<\/p>\n\n<\/div>\n<\/div>\n<div id=\"faq-question-1638881663270\" class=\"rank-math-list-item\">\n<h2 class=\"rank-math-question \">Wie w\u00e4hle ich die richtige Irish Flute aus?<\/h2>\n<div class=\"rank-math-answer \">\n\n<p>Zuerst musst Du Dir selbst die Frage stellen, wie ernst es Dir mit der Irish Flute ist. Davon h\u00e4ngt es ab, wieviel Du in die Fl\u00f6te investieren willst. Willst Du ganz auf Nummer Sicher gehen, greife zu h\u00f6henwertigeren Modellen. Sie klingen besser und sind weit robuster als die g\u00fcnstigeren Ausf\u00fchrungen.<\/p>\n\n<\/div>\n<\/div>\n<div id=\"faq-question-1638881685131\" class=\"rank-math-list-item\">\n<h2 class=\"rank-math-question \">Wie klingt die Irish Flute?<\/h2>\n<div class=\"rank-math-answer \">\n\n<p>Wenn Du auf der Insel bist und irgendwo eine Fl\u00f6te h\u00f6rst, die einen reinen und sanften Klang hat, dann stehen die Chancen gut, dass Du gerade eine h\u00f6lzerne Irish Flute vor Dir hast. Wie kaum ein anderes nationales Instrument vermag sie es, diese besondere, eigene Atmosph\u00e4re zu schaffen.<\/p>\n\n<\/div>\n<\/div>\n<div id=\"faq-question-1638881698078\" class=\"rank-math-list-item\">\n<h2 class=\"rank-math-question \">In welcher Tonart ist eine Irish Flute?<\/h2>\n<div class=\"rank-math-answer \">\n\n<p>Spielst Du Querfl\u00f6te, dann bist Du die C-Dur Tonart gewohnt. Die wesentlich einfacher aufgebaute Irish Flute spielst Du dagegen in der Tonart D-Dur. Allerdings ist die Fingerstellung der beiden Fl\u00f6tentypen gar nicht so verschieden, was einen eventuellen Umstieg von der einen zur andern stark erleichtert.<\/p>\n\n<\/div>\n<\/div>\n<div id=\"faq-question-1638881717401\" class=\"rank-math-list-item\">\n<h2 class=\"rank-math-question \">Wer sind ber\u00fchmte Irish Flute-Spieler?<\/h2>\n<div class=\"rank-math-answer \">\n\n<p>Willst Du wissen, welcher Musiker heute der Star unter den Irish Flute-Spielern ist? Es ist Matt Molloy. Geboren in 1947, geh\u00f6rt er heute zu den ber\u00fchmtesten Fl\u00f6tenspielern der Gr\u00fcnen Insel. Sein Markenzeichen ist sein stark ornamentierter, verzierter Stil, mit dem er viele zeitgen\u00f6ssische Fl\u00f6tenspieler beeinflusst hat.<\/p>\n\n<\/div>\n<\/div>\n<div id=\"faq-question-1638881734698\" class=\"rank-math-list-item\">\n<h2 class=\"rank-math-question \">Was ist der Unterschied zwischen der Irish Flute und der Tin Whistle?<\/h2>\n<div class=\"rank-math-answer \">\n\n<p>Den Unterschied zwischen den beiden Fl\u00f6ten erf\u00e4hrst Du schon, wenn Du sie in die Hand nimmst. W\u00e4hrend die eine aus Metall und mit sechs L\u00f6chern einfach aufgebaut ist, ist die Irish Flute aus Holz. Wo die &#8211; billigere &#8211; Tin Whistle eher schrill klingt, verzaubert die Irish Flute die Zuh\u00f6rer mit einem eher sanften Ton.<\/p>\n\n<\/div>\n<\/div>\n<div id=\"faq-question-1638881757185\" class=\"rank-math-list-item\">\n<h2 class=\"rank-math-question \">Ist die Querfl\u00f6te ein traditionelles irisches Instrument?<\/h2>\n<div class=\"rank-math-answer \">\n\n<p>Jeder Ire w\u00fcrde Deine Frage sofort bejahen. In der Tat kann man sich Irlands Volksmusik ohne dieses Instrument kaum vorstellen, viele Lieder werden auf ihr gespielt. Tats\u00e4chlich aber wurde die  Irish Flute im 19. Jh. durch die Engl\u00e4nder auf der Insel importiert, die damit vielfach die einfachen Fl\u00f6tenmodelle ersetzte.<\/p>\n\n<\/div>\n<\/div>\n<div id=\"faq-question-1638881765743\" class=\"rank-math-list-item\">\n<h2 class=\"rank-math-question \">Wie viele T\u00f6ne hat eine Irish Flute?<\/h2>\n<div class=\"rank-math-answer \">\n\n<p>Du findest viele Ausf\u00fchrungen der Irish Flute. Die meisten haben zwar sechs L\u00f6cher, doch unterscheiden sie sich stark in der Anzahl der Klappen. Nat\u00fcrlich sofern vorhanden, denn wo die einen Spieler Fl\u00f6ten mit sechs bis Dreizehn Klappen bevorzugen, ziehen andere die traditionelleren, klappenlosen Fl\u00f6ten vor.<\/p>\n\n<\/div>\n<\/div>\n<div id=\"faq-question-1638881780679\" class=\"rank-math-list-item\">\n<h2 class=\"rank-math-question \">Ist die Irish Flute chromatisch?<\/h2>\n<div class=\"rank-math-answer \">\n\n<p>Mit Einschr\u00e4nkungen kannst du diese Frage nach dem Tonumfang mit Ja beantworten. Denn damit Du auf Deiner Irish Flute die chromatische Tonleiter spielen kannst, muss sie mehr als sechs L\u00f6cher aufweisen, was viele Modelle ja auch tun. In der Basisausf\u00fchrung spielt diese Fl\u00f6te eine diatonische Dur-Tonleiter.<\/p>\n\n<\/div>\n<\/div>\n<\/div>\n<\/div>","protected":false},"excerpt":{"rendered":"<p>Die Irish Flute ist ein sehr typisches Instrument in der Irischen Folkmusik. Dennoch ist sie nicht so popul\u00e4r wie die Tin Whistle. Viele Fl\u00f6tenspieler w\u00fcrden aber dennoch gerne auf die Irish Flute umsteigen, hat sie doch einen so sch\u00f6nen charakteristischen Klang. Wie gelingt mit der Start mit der Irish Flute? Die folgende FAQ liefert Antworten [&hellip;]<\/p>\n","protected":false},"author":1329,"featured_media":15457,"parent":15448,"menu_order":0,"comment_status":"closed","ping_status":"closed","template":"","meta":{"footnotes":""},"class_list":["post-15708","page","type-page","status-publish","has-post-thumbnail","hentry"],"_links":{"self":[{"href":"https:\/\/folk.world\/de\/wp-json\/wp\/v2\/pages\/15708","targetHints":{"allow":["GET"]}}],"collection":[{"href":"https:\/\/folk.world\/de\/wp-json\/wp\/v2\/pages"}],"about":[{"href":"https:\/\/folk.world\/de\/wp-json\/wp\/v2\/types\/page"}],"author":[{"embeddable":true,"href":"https:\/\/folk.world\/de\/wp-json\/wp\/v2\/users\/1329"}],"replies":[{"embeddable":true,"href":"https:\/\/folk.world\/de\/wp-json\/wp\/v2\/comments?post=15708"}],"version-history":[{"count":3,"href":"https:\/\/folk.world\/de\/wp-json\/wp\/v2\/pages\/15708\/revisions"}],"predecessor-version":[{"id":15712,"href":"https:\/\/folk.world\/de\/wp-json\/wp\/v2\/pages\/15708\/revisions\/15712"}],"up":[{"embeddable":true,"href":"https:\/\/folk.world\/de\/wp-json\/wp\/v2\/pages\/15448"}],"wp:featuredmedia":[{"embeddable":true,"href":"https:\/\/folk.world\/de\/wp-json\/wp\/v2\/media\/15457"}],"wp:attachment":[{"href":"https:\/\/folk.world\/de\/wp-json\/wp\/v2\/media?parent=15708"}],"curies":[{"name":"wp","href":"https:\/\/api.w.org\/{rel}","templated":true}]}}