{"id":15873,"date":"2022-05-31T14:21:56","date_gmt":"2022-05-31T12:21:56","guid":{"rendered":"https:\/\/folk.world\/versand__lieferung\/"},"modified":"2022-05-31T14:21:56","modified_gmt":"2022-05-31T12:21:56","slug":"versand__lieferung","status":"publish","type":"page","link":"https:\/\/folk.world\/de\/versand__lieferung\/","title":{"rendered":"Versand &#038; Lieferung"},"content":{"rendered":"<p><strong>Haftungshinweis: Das nachstehende Muster ist von einem Rechtsanwalt (<a href=\"https:\/\/drschwenke.de\" rel=\"nofollow noopener\" target=\"_blank\">https:\/\/drschwenke.de<\/a>) entsprechend den typischen Anforderungen eines Onlineshops erstellt worden.\u00a0Jedoch sollten Sie das Muster nur\u00a0nach sorgf\u00e4ltiger Pr\u00fcfung und Anpassung auf Ihr konkretes Gesch\u00e4ftsmodell verwenden. Das nachfolgende Muster enth\u00e4lt daher zus\u00e4tzliche Hinweise, die Sie beachten m\u00fcssen und rote Passagen, die Sie besonders pr\u00fcfen und ggf. anpassen m\u00fcssen. Bitte entfernen Sie die Hinweise nach der Bearbeitung. Lassen Sie sich im Zweifel rechtlich beraten. Urheberrecht: Sie d\u00fcrfen das Muster solange innerhalb der Domain\/Website nutzen, solange f\u00fcr diese auch Ihre Marketpress-Lizenz gilt. Weitergabe an Dritte, auch an Kunden (z.B. als Entwickler) ist nicht erlaubt.<\/strong><\/p>\n<p><strong>Bitte beachten Sie, dass die Versandkosten oder zumindest die Berechnungsmethoden (z.B. nach Gewicht) f\u00fcr alle belieferten L&auml;nder angegeben werden sollen.<\/strong><\/p>\n<p><strong>Wenn Sie nur in bestimmte L&auml;nder liefern, m&uuml;ssen Sie dies den Kunden mitteilen. Zudem sollten Sie in den Einstellungen von WooCommerce nur diese L&auml;nder als &#8220;Erlaubte L&auml;nder&#8221; ausw&auml;hlen. Klauseln wie &#8220;Versandkosten in andere L&auml;nder nur auf Anfrage&#8221; sollten Sie nicht verwenden.<\/strong><\/p>\n<p><strong>Preise, Versandkosten und Lieferinformationen<\/strong><\/p>\n<p>Die auf den Produktseiten genannten Preise enthalten die gesetzliche Mehrwertsteuer und sonstige Preisbestandteile.<\/p>\n<p>Wir liefern nur innerhalb Deutschlands und &Ouml;sterreichs.<\/p>\n<p>Zus&auml;tzlich zu den angegebenen Preisen berechnen wir f\u00fcr die Lieferung innerhalb Deutschlands und &Ouml;sterreichs pauschal [6,90 Euro pro Bestellung]. Die Versandkosten werden Ihnen im Warenkorbsystem und auf der Bestellseite nochmals deutlich mitgeteilt.<\/p>\n<p>Bei Zahlung per Nachnahme wird eine zus&auml;tzliche Geb&uuml;hr in H&ouml;he von [2,- Euro] f&auml;llig, die der Zusteller vor Ort erhebt. [Weitere Steuern oder Kosten fallen nicht an.]<\/p>\n<p>F\u00fcr digitale Inhalte (E-Books, Software, etc.) fallen keine Versandkosten an.<\/p>\n<p><strong>[Hinweis an H\u00e4ndler: Der folgende Passus ist notwendig, wenn Sie eine Versandkostenpauschale angeben. Ansonsten k\u00f6nnen sie den Passus entfernen]<\/strong><\/p>\n<p>Die Versandkostenpauschale betr\u00e4gt [Wert Versandkostenpauschale angeben] Euro. Die Versandkostenpauschale enth\u00e4lt die gesetzliche Mehrwertsteuer. Da die Mehrwertsteuer auf die Versandkostenpauschale abh\u00e4ngig von den erworbenen Waren berechnet wird, kann sie sich mindern, wenn Waren zu niedrigeren Umsatzsteuers\u00e4tzen erworben werden (z.B. bei Erwerb von B\u00fcchern). Das bedeutet, dass die Versandkostenpauschale erst im Rahmen des Bestellprozesses endg\u00fcltig berechnet werden kann. Sie kann dabei jedoch nicht h\u00f6her, sondern nur zu Ihren Gunsten niedriger werden.<\/p>\n","protected":false},"excerpt":{"rendered":"<p>Haftungshinweis: Das nachstehende Muster ist von einem Rechtsanwalt (https:\/\/drschwenke.de) entsprechend den typischen Anforderungen eines Onlineshops erstellt worden.\u00a0Jedoch sollten Sie das Muster nur\u00a0nach sorgf\u00e4ltiger Pr\u00fcfung und Anpassung auf Ihr konkretes Gesch\u00e4ftsmodell verwenden. Das nachfolgende Muster enth\u00e4lt daher zus\u00e4tzliche Hinweise, die Sie beachten m\u00fcssen und rote Passagen, die Sie besonders pr\u00fcfen und ggf. anpassen m\u00fcssen. Bitte entfernen [&hellip;]<\/p>\n","protected":false},"author":1,"featured_media":0,"parent":0,"menu_order":0,"comment_status":"closed","ping_status":"closed","template":"","meta":{"footnotes":""},"class_list":["post-15873","page","type-page","status-publish","hentry"],"_links":{"self":[{"href":"https:\/\/folk.world\/de\/wp-json\/wp\/v2\/pages\/15873","targetHints":{"allow":["GET"]}}],"collection":[{"href":"https:\/\/folk.world\/de\/wp-json\/wp\/v2\/pages"}],"about":[{"href":"https:\/\/folk.world\/de\/wp-json\/wp\/v2\/types\/page"}],"author":[{"embeddable":true,"href":"https:\/\/folk.world\/de\/wp-json\/wp\/v2\/users\/1"}],"replies":[{"embeddable":true,"href":"https:\/\/folk.world\/de\/wp-json\/wp\/v2\/comments?post=15873"}],"version-history":[{"count":0,"href":"https:\/\/folk.world\/de\/wp-json\/wp\/v2\/pages\/15873\/revisions"}],"wp:attachment":[{"href":"https:\/\/folk.world\/de\/wp-json\/wp\/v2\/media?parent=15873"}],"curies":[{"name":"wp","href":"https:\/\/api.w.org\/{rel}","templated":true}]}}