{"id":411,"date":"2017-11-13T16:27:26","date_gmt":"2017-11-13T16:27:26","guid":{"rendered":"http:\/\/folkworld.apps-1and1.net\/impressum"},"modified":"2022-04-21T12:11:58","modified_gmt":"2022-04-21T10:11:58","slug":"impressum","status":"publish","type":"page","link":"https:\/\/folk.world\/de\/impressum\/","title":{"rendered":"Impressum"},"content":{"rendered":"\n<p>Angaben gem. \u00a7 5 TMG<\/p>\n\n\n\n<h2 class=\"wp-block-heading\">Betreiber und Kontakt<\/h2>\n\n\n<p>Folk.World<br \/>\r\n\t\t\t\t\tJonas B\u00f6ttcher<br \/>\r\n\t\t\t\t\tM\u00fchlenheuweg 32<br \/>\r\n\t\t\t\t\tDE - 41749 Viersen<br \/>\r\n\t\t\t\t\t<\/p>\n\n\n\n<p>Telefon: +49 7621 1617738<br>Web: <a title=\"Folk.World\" href=\"https:\/\/www.folk.world\">https:\/\/www.folk.world<\/a><br>E-Mail: <a href=\"mailto:mail@folk.world\">mail@folk.world<\/a><\/p>\n\n\n\n<p>Sie erreichen unseren Kundendienst f\u00fcr Fragen Reklamationen und Beanstandungen unter Telefon sowie per Email. F\u00fcr Anfragen k\u00f6nnen Sie auch das Kontaktformular auf unserer Internetseite nutzen.<\/p>\n\n\n\n<p>Gesch\u00e4ftsf\u00fchrer: Jonas B\u00f6ttcher<\/p>\n\n\n\n<h2 class=\"wp-block-heading\">Inhaltlich verantwortlich gem\u00e4\u00df \u00a7 55 II RstV<\/h2>\n\n\n\n<p>Inhalt. Verantwortlicher: Jonas B\u00f6ttcher<br>Adresse des inhalt. Verantwortlichen: siehe &#8220;Betreiber und Kontakt&#8221;<br>Verantwortlich im Sinne des Presserechts (V.i.S.d.P.): Jonas B\u00f6ttcher<\/p>\n\n\n\n<h2 class=\"wp-block-heading\">Urheber- und Kennzeichenrecht<\/h2>\n\n\n\n<p>Der Autor ist bestrebt, in allen Publikationen die Urheberrechte der verwendeten Bilder, Grafiken, Tondokumente, Videosequenzen und Texte zu beachten, von ihm selbst erstellte Bilder, Grafiken, Tondokumente, Videosequenzen und Texte zu nutzen oder auf lizenzfreie Grafiken, Tondokumente, Videosequenzen und Texte zur\u00fcckzugreifen. Alle innerhalb des Internetangebotes genannten und ggf. durch Dritte gesch\u00fctzten Marken- und Warenzeichen unterliegen uneingeschr\u00e4nkt den Bestimmungen des jeweils g\u00fcltigen Kennzeichenrechts und den Besitzrechten der jeweiligen eingetragenen Eigent\u00fcmer. Allein aufgrund der blo\u00dfen Nennung ist nicht der Schluss zu ziehen, dass Markenzeichen nicht durch Rechte Dritter gesch\u00fctzt sind! Das Copyright f\u00fcr ver\u00f6ffentlichte, vom Autor selbst erstellte Objekte bleibt allein beim Autor der Seiten. Eine Vervielf\u00e4ltigung oder Verwendung solcher Grafiken, Tondokumente, Videosequenzen und Texte in anderen elektronischen oder gedruckten Publikationen ist ohne ausdr\u00fcckliche Zustimmung des Autors nicht gestattet.<\/p>\n\n\n\n<p>Angaben der Quelle f\u00fcr verwendetes Bilder- und Grafikmaterial:<\/p>\n\n\n\n<ul class=\"wp-block-list\"><li>Depositphotos.com \/ Dr.PAS (Alexander Potapov)<\/li><li>Depositphotos.com \/ vitaliy_sokol<\/li><li>Depositphotos.com \/ welcomia<\/li><li>Depositphotos.com \/ londondeposit<\/li><li>Depositphotos.com \/ siloto<\/li><li>Depositphotos.com \/ agnieszka<\/li><li>Depositphotos.com \/ ginasanders<\/li><li>Depositphotos.com \/ Irochka<\/li><li>Font Awesome by Dave Gandy &#8211; http:\/\/fontawesome.io<\/li><li>graphic@get &#8211; Fotolia.com<\/li><li>Oana Stoica &#8211; Fotolia.com<\/li><li>DragoNika &#8211; Fotolia.com<\/li><li>boreccy &#8211; Fotolia.com<\/li><li>AnnaPa &#8211; Fotolia.com<\/li><li>Sergii Denysov &#8211; Fotolia.com<\/li><li>zonch &#8211; Fotolia.com<\/li><li>Darkbird77 | Dreamstime.com<\/li><li>The Library of Congress &#8211; flickr.com<\/li><li>Lars Haberl &#8211; flickr.com<\/li><li>Kai Sch\u00e4fer, Untergasse 2, 69483 Wald-Michelbach<\/li><li>Jonas B\u00f6ttcher, Karlstr. 60, DE-64387 Darmstadt<\/li><\/ul>\n\n\n\n<h2 class=\"wp-block-heading\">Disclaimer<\/h2>\n\n\n\n<p>Bei direkten oder indirekten Verweisen auf fremde Webseiten (&#8220;Hyperlinks&#8221;), die au\u00dferhalb des Verantwortungsbereiches des Autors liegen, w\u00fcrde eine Haftungsverpflichtung ausschlie\u00dflich in dem Fall in Kraft treten, in dem der Autor von den Inhalten Kenntnis hat und es ihm technisch m\u00f6glich und zumutbar w\u00e4re, die Nutzung im Falle rechtswidriger Inhalte zu verhindern. Der Autor erkl\u00e4rt hiermit ausdr\u00fccklich, dass zum Zeitpunkt der Linksetzung keine illegalen Inhalte auf den zu verlinkenden Seiten erkennbar waren. Auf die aktuelle und zuk\u00fcnftige Gestaltung, die Inhalte oder die Urheberschaft der verlinkten\/verkn\u00fcpften Seiten hat der Autor keinerlei Einfluss. Deshalb distanziert er sich hiermit ausdr\u00fccklich von allen Inhalten aller verlinkten \/verkn\u00fcpften Seiten, die nach der Linksetzung ver\u00e4ndert wurden. Diese Feststellung gilt f\u00fcr alle innerhalb des eigenen Internetangebotes gesetzten Links und Verweise sowie f\u00fcr Fremdeintr\u00e4ge in vom Autor eingerichteten G\u00e4steb\u00fcchern, Diskussionsforen, Linkverzeichnissen, Mailinglisten und in allen anderen Formen von Datenbanken, auf deren Inhalt externe Schreibzugriffe m\u00f6glich sind. F\u00fcr illegale, fehlerhafte oder unvollst\u00e4ndige Inhalte und insbesondere f\u00fcr Sch\u00e4den, die aus der Nutzung oder Nichtnutzung solcherart dargebotener Informationen entstehen, haftet allein der Anbieter der Seite, auf welche verwiesen wurde, nicht derjenige, der \u00fcber Links auf die jeweilige Ver\u00f6ffentlichung lediglich verweist.<\/p>\n","protected":false},"excerpt":{"rendered":"<p>Angaben gem. \u00a7 5 TMG Betreiber und Kontakt Telefon: +49 7621 1617738Web: https:\/\/www.folk.worldE-Mail: mail@folk.world Sie erreichen unseren Kundendienst f\u00fcr Fragen Reklamationen und Beanstandungen unter Telefon sowie per Email. F\u00fcr Anfragen k\u00f6nnen Sie auch das Kontaktformular auf unserer Internetseite nutzen. Gesch\u00e4ftsf\u00fchrer: Jonas B\u00f6ttcher Inhaltlich verantwortlich gem\u00e4\u00df \u00a7 55 II RstV Inhalt. Verantwortlicher: Jonas B\u00f6ttcherAdresse des inhalt. [&hellip;]<\/p>\n","protected":false},"author":1,"featured_media":0,"parent":0,"menu_order":0,"comment_status":"closed","ping_status":"closed","template":"","meta":{"footnotes":""},"class_list":["post-411","page","type-page","status-publish","hentry"],"_links":{"self":[{"href":"https:\/\/folk.world\/de\/wp-json\/wp\/v2\/pages\/411","targetHints":{"allow":["GET"]}}],"collection":[{"href":"https:\/\/folk.world\/de\/wp-json\/wp\/v2\/pages"}],"about":[{"href":"https:\/\/folk.world\/de\/wp-json\/wp\/v2\/types\/page"}],"author":[{"embeddable":true,"href":"https:\/\/folk.world\/de\/wp-json\/wp\/v2\/users\/1"}],"replies":[{"embeddable":true,"href":"https:\/\/folk.world\/de\/wp-json\/wp\/v2\/comments?post=411"}],"version-history":[{"count":7,"href":"https:\/\/folk.world\/de\/wp-json\/wp\/v2\/pages\/411\/revisions"}],"predecessor-version":[{"id":15849,"href":"https:\/\/folk.world\/de\/wp-json\/wp\/v2\/pages\/411\/revisions\/15849"}],"wp:attachment":[{"href":"https:\/\/folk.world\/de\/wp-json\/wp\/v2\/media?parent=411"}],"curies":[{"name":"wp","href":"https:\/\/api.w.org\/{rel}","templated":true}]}}