{"id":412,"date":"2017-11-13T16:27:26","date_gmt":"2017-11-13T16:27:26","guid":{"rendered":"http:\/\/folkworld.apps-1and1.net\/versand__lieferung"},"modified":"2025-02-20T20:14:48","modified_gmt":"2025-02-20T19:14:48","slug":"versand-lieferung","status":"publish","type":"page","link":"https:\/\/folk.world\/de\/versand-lieferung\/","title":{"rendered":"Lieferung &#038; Versandkosten"},"content":{"rendered":"\n<p class=\"excerpt\">Die Lieferung erfolgt per DHL oder der Deutschen Post. Im Ausland \u00fcbernimmt der entsprechende nationale Zustellpartner. Instrumente werden versichert und mit Sendungsnummer aufgegeben.<\/p>\n\n\n\n\n\n<p><strong>Sollte Dein Zielland nicht aufgef\u00fchrt sein, schreibe bitte eine <a href=\"mailto:mail@folk.world\" class=\"rank-math-link\">E-Mail an Folk.World<\/a>.<\/strong><\/p>\n\n\n\n<h2 class=\"wp-block-heading\">Versandinformationen<\/h2>\n\n\n\n<p>Die Berechnung der Versandkosten erfolgt pro Bestellung. Es wird die jeweils teurere Pauschale f\u00fcr den gesamten Warenkorb angewendet.<\/p>\n\n\n\n<p>Die Versandkosten werden Dir im Warenkorbsystem und auf der Bestellseite nochmals deutlich mitgeteilt. F\u00fcr digitale Inhalte (E-Books, Software, Seminare, etc.) fallen keine Versandkosten an.<\/p>\n\n\n\n<p>Die auf den Produktseiten genannten Preise sind von der Mehrwertsteuer befreit. Folk.World wendet die Kleinunternehmerregelung gem\u00e4\u00df \u00a7 19 UStG an.<\/p>\n\n\n\n<h2 class=\"wp-block-heading\">Zielregionen und Versandkosten<\/h2>\n\n\n\n<p>Folk.World liefert in nachfolgende Regionen und L\u00e4nder. Abholung vor Ort ist leider nicht m\u00f6glich.<\/p>\n\n\n\n<h3 class=\"wp-block-heading\">Deutschland<\/h3>\n\n\n\n<p>Der Versand innerhalb Deutschlands betr\u00e4gt pauschal <strong>5,00 \u20ac<\/strong> f\u00fcr B\u00fccher oder Zubeh\u00f6r-Artikel. Bei Musikinstrumenten ist der Versand in Deutschland&nbsp;<strong>kostenlos<\/strong>.<\/p>\n\n\n\n<h3 class=\"wp-block-heading\">Innerhalb der EU<\/h3>\n\n\n\n<p>Der Versand innerhalb der EU betr\u00e4gt pauschal <strong>19 \u20ac<\/strong> f\u00fcr Instrumente und <strong>9 \u20ac<\/strong> f\u00fcr B\u00fccher und Zubeh\u00f6r.<\/p>\n\n\n\n<p>Zu den Ziell\u00e4ndern geh\u00f6ren:<\/p>\n\n\n\n<ul class=\"wp-block-list\">\n<li>\u00d6sterreich<\/li>\n\n\n\n<li>&#8230;weitere L\u00e4nder auf <a class=\"rank-math-link\" href=\"mailto:mail@folk.world\">Anfrage<\/a><\/li>\n<\/ul>\n\n\n\n<h3 class=\"wp-block-heading\">Schweiz &amp; Gro\u00dfbritannien<\/h3>\n\n\n\n<p>F\u00fcr die Eidgenossenschaft und das Vereinigte K\u00f6nigreich gilt die &#8220;Versandkostenpauschale CH\/UK&#8221; von <strong>15 \u20ac<\/strong> f\u00fcr B\u00fccher und Zubeh\u00f6r, sowie <strong>29 \u20ac<\/strong> f\u00fcr Instrumente pro Bestellung.<\/p>\n\n\n\n<p>Die Zollausfuhrerkl\u00e4rung wird au\u00dfen sichtbar an der Sendung angebracht. Die Entrichtung der Zollgeb\u00fchren erfolgt vom Kunden gegen\u00fcber der nationalen Zollbeh\u00f6rde bzw. dessen Vertreter.<\/p>\n\n\n\n<h3 class=\"wp-block-heading\">Restliche Welt<\/h3>\n\n\n\n<p>Folk.World versendet auch in die \u00fcbrige Welt, unter folgenden Konditionen: Instrumente pauschal pro Bestellung <strong>59 \u20ac<\/strong>, B\u00fccher und Zubeh\u00f6r pauschal <strong>19 \u20ac<\/strong> pro Bestellung. Werden Instrumente <em>und<\/em> Zubeh\u00f6r\/B\u00fccher bestellt, gilt die teurere Pauschale f\u00fcr den gesamten Warenkorb.<\/p>\n\n\n\n<p>Der Sendungsinhalt wird zu Zwecken der Verzollung au\u00dfen an der Sendung deklariert.<\/p>\n\n\n\n<p>Zu den Ziell\u00e4ndern der Versandzone &#8220;Restliche Welt&#8221; geh\u00f6ren:<\/p>\n\n\n\n<ul class=\"wp-block-list\">\n<li>Japan<\/li>\n\n\n\n<li>&#8230;weitere L\u00e4nder auf <a class=\"rank-math-link\" href=\"mailto:mail@folk.world\">Anfrage<\/a><\/li>\n<\/ul>\n\n\n\n<h2 class=\"wp-block-heading\">Mehrwertsteuer (MwSt.)<\/h2>\n\n\n\n<ul class=\"wp-block-list\">\n<li><strong>Lieferungen innerhalb Deutschlands<\/strong>: Unsere Preise verstehen sich inklusive der gesetzlichen Mehrwertsteuer von 19%.<\/li>\n\n\n\n<li><strong>Lieferungen in EU-L\u00e4nder<\/strong>:\n<ul class=\"wp-block-list\">\n<li><strong>F\u00fcr Privatkunden (B2C)<\/strong>: Da wir auf das OSS-Verfahren verzichten, gilt die deutsche Mehrwertsteuer von 19% gem\u00e4\u00df \u00a7 3c Abs. 4 UStG, ohne Besteuerung im Bestimmungsland.<\/li>\n\n\n\n<li><strong>F\u00fcr Gesch\u00e4ftskunden (B2B) mit g\u00fcltiger USt-IdNr.<\/strong>: Bei Angabe und erfolgreicher Validierung der Umsatzsteuer-Identifikationsnummer entf\u00e4llt die Mehrwertsteuer (steuerfreie innergemeinschaftliche Lieferung).<\/li>\n<\/ul>\n<\/li>\n\n\n\n<li><strong>Lieferungen in Nicht-EU-L\u00e4nder<\/strong>: Unsere Preise verstehen sich netto, es wird keine deutsche Mehrwertsteuer berechnet. Bitte beachte, dass bei der Einfuhr in Dein Land zus\u00e4tzliche Z\u00f6lle oder Steuern anfallen k\u00f6nnen, die von Dir zu tragen sind.<\/li>\n<\/ul>\n","protected":false},"excerpt":{"rendered":"<p>Die Lieferung erfolgt per DHL oder der Deutschen Post. Im Ausland \u00fcbernimmt der entsprechende nationale Zustellpartner. Instrumente werden versichert und mit Sendungsnummer aufgegeben. Sollte Dein Zielland nicht aufgef\u00fchrt sein, schreibe bitte eine E-Mail an Folk.World. Versandinformationen Die Berechnung der Versandkosten erfolgt pro Bestellung. Es wird die jeweils teurere Pauschale f\u00fcr den gesamten Warenkorb angewendet. Die [&hellip;]<\/p>\n","protected":false},"author":1,"featured_media":15153,"parent":0,"menu_order":0,"comment_status":"closed","ping_status":"closed","template":"","meta":{"footnotes":""},"class_list":["post-412","page","type-page","status-publish","has-post-thumbnail","hentry"],"_links":{"self":[{"href":"https:\/\/folk.world\/de\/wp-json\/wp\/v2\/pages\/412","targetHints":{"allow":["GET"]}}],"collection":[{"href":"https:\/\/folk.world\/de\/wp-json\/wp\/v2\/pages"}],"about":[{"href":"https:\/\/folk.world\/de\/wp-json\/wp\/v2\/types\/page"}],"author":[{"embeddable":true,"href":"https:\/\/folk.world\/de\/wp-json\/wp\/v2\/users\/1"}],"replies":[{"embeddable":true,"href":"https:\/\/folk.world\/de\/wp-json\/wp\/v2\/comments?post=412"}],"version-history":[{"count":25,"href":"https:\/\/folk.world\/de\/wp-json\/wp\/v2\/pages\/412\/revisions"}],"predecessor-version":[{"id":18456,"href":"https:\/\/folk.world\/de\/wp-json\/wp\/v2\/pages\/412\/revisions\/18456"}],"wp:featuredmedia":[{"embeddable":true,"href":"https:\/\/folk.world\/de\/wp-json\/wp\/v2\/media\/15153"}],"wp:attachment":[{"href":"https:\/\/folk.world\/de\/wp-json\/wp\/v2\/media?parent=412"}],"curies":[{"name":"wp","href":"https:\/\/api.w.org\/{rel}","templated":true}]}}