{"id":413,"date":"2017-11-13T16:27:26","date_gmt":"2017-11-13T16:27:26","guid":{"rendered":"http:\/\/folkworld.apps-1and1.net\/widerruf"},"modified":"2020-04-30T13:20:00","modified_gmt":"2020-04-30T11:20:00","slug":"widerruf","status":"publish","type":"page","link":"https:\/\/folk.world\/de\/widerruf\/","title":{"rendered":"Widerruf"},"content":{"rendered":"\n<h2 class=\"wp-block-heading\">Widerrufsrecht f\u00fcr Verbraucher<\/h2>\n\n\n\n<p><b>***************************************** Widerrufsbelehrung *****************************************<\/b><br>Sie haben das Recht, binnen vierzehn Tagen ohne Angabe von Gr\u00fcnden diesen Vertrag zu widerrufen.<\/p>\n\n\n\n<p>Die Widerrufsfrist betr\u00e4gt vierzehn Tage, ab dem Tag, an dem Sie oder ein von Ihnen benannter Dritter, der nicht der Bef\u00f6rderer ist, die Waren in Besitz genommen haben bzw. hat.<\/p>\n\n\n\n<p>Um Ihr Widerrufsrecht auszu\u00fcben, m\u00fcssen Sie uns,<\/p>\n\n\n<p>Folk.World<br \/>\r\n\t\t\t\t\tJonas B\u00f6ttcher<br \/>\r\n\t\t\t\t\tM\u00fchlenheuweg 32<br \/>\r\n\t\t\t\t\tDE - 41749 Viersen<br \/>\r\n\t\t\t\t\t<\/p>\n\n\n\n<p>E-Mail mail@folk.world<\/p>\n\n\n\n<p>mittels einer eindeutigen Erkl\u00e4rung (z.B. ein mit der Post versandter Brief, Telefax oder E-Mail) \u00fcber Ihren Entschluss, diesen Vertrag zu widerrufen, informieren. Sie k\u00f6nnen daf\u00fcr das beigef\u00fcgte Muster-Widerrufsformular verwenden, das jedoch nicht vorgeschrieben ist.<\/p>\n\n\n\n<h3 class=\"wp-block-heading\">Widerrufsfolgen<\/h3>\n\n\n\n<p>Wenn Sie diesen Vertrag widerrufen, haben wir Ihnen alle Zahlungen, die wir von Ihnen erhalten haben, einschlie\u00dflich der Lieferkosten (mit Ausnahme der zus\u00e4tzlichen Kosten, die sich daraus ergeben, dass Sie eine andere Art der Lieferung als die von uns angebotene, g\u00fcnstigste Standardlieferung gew\u00e4hlt haben), unverz\u00fcglich und sp\u00e4testens binnen vierzehn Tagen ab dem Tag zur\u00fcckzuzahlen, an dem die Mitteilung \u00fcber Ihren Widerruf dieses Vertrags bei uns eingegangen ist. F\u00fcr diese R\u00fcckzahlung verwenden wir dasselbe Zahlungsmittel, das Sie bei der urspr\u00fcnglichen Transaktion eingesetzt haben, es sei denn, mit Ihnen wurde ausdr\u00fccklich etwas anderes vereinbart; in keinem Fall werden Ihnen wegen dieser R\u00fcckzahlung Entgelte berechnet.<\/p>\n\n\n\n<p>Wir k\u00f6nnen die R\u00fcckzahlung verweigern, bis wir die Waren wieder zur\u00fcckerhalten haben oder bis Sie den Nachweis erbracht haben, dass Sie die Waren zur\u00fcckgesandt haben, je nachdem, welches der fr\u00fchere Zeitpunkt ist.<\/p>\n\n\n\n<p>Sie haben die Waren unverz\u00fcglich und in jedem Fall sp\u00e4testens binnen vierzehn Tagen ab dem Tag, an dem Sie uns \u00fcber den Widerruf dieses Vertrages unterrichten, an uns zur\u00fcckzusenden oder zu \u00fcbergeben. Die Frist ist gewahrt, wenn Sie die Waren vor Ablauf der Frist von vierzehn Tagen absenden.<\/p>\n\n\n\n<p>Sie tragen die unmittelbaren Kosten der R\u00fccksendung der Waren.<\/p>\n\n\n\n<h3 class=\"wp-block-heading\">Finanzierte Gesch\u00e4fte<\/h3>\n\n\n\n<p>Haben Sie diesen Vertrag durch ein Darlehen finanziert und widerrufen Sie den finanzierten Vertrag, sind Sie auch an den Darlehensvertrag nicht mehr gebunden, wenn beide Vertr\u00e4ge eine wirtschaftliche Einheit bilden. Dies ist insbesondere anzunehmen, wenn wir gleichzeitig Ihr Darlehensgeber sind oder wenn sich Ihr Darlehensgeber im Hinblick auf die Finanzierung unserer Mitwirkung bedient. Wenn uns das Darlehen bei Wirksamwerden des Widerrufs oder der R\u00fcckgabe bereits zugeflossen ist, tritt Ihr Darlehensgeber im Verh\u00e4ltnis zu Ihnen hinsichtlich der Rechtsfolgen des Widerrufs oder der R\u00fcckgabe in unsere Rechte und Pflichten aus dem finanzierten Vertrag ein. Letzteres gilt nicht, wenn der vorliegende Vertrag den Erwerb von Wertpapieren, Devisen, Derivaten oder Edelmetallen zum Gegenstand hat.<\/p>\n\n\n\n<p>Wollen Sie eine vertragliche Bindung so weitgehend wie m\u00f6glich vermeiden, widerrufen Sie beide Vertragserkl\u00e4rungen gesondert.<\/p>\n\n\n\n<h3 class=\"wp-block-heading\">Besondere Hinweise<\/h3>\n\n\n\n<p>Ihr Widerrufsrecht erlischt vorzeitig, wenn der Vertrag von beiden Seiten auf Ihren ausdr\u00fccklichen Wunsch vollst\u00e4ndig erf\u00fcllt ist, bevor Sie Ihr Widerrufsrecht ausge\u00fcbt haben.<\/p>\n\n\n\n<p><b>***************************************** Ende der Widerrufsbelehrung *****************************************<\/b><\/p>\n\n\n\n<h2 class=\"wp-block-heading\">Widerrufsformular<\/h2>\n\n\n\n<p>Muster-Widerrufsformular<\/p>\n\n\n\n<p>(Wenn Sie den Vertrag widerrufen wollen, dann f\u00fcllen Sie bitte dieses Formular aus und senden Sie es zur\u00fcck.)<\/p>\n\n\n\n<div class=\"wp-block-group\"><div class=\"wp-block-group__inner-container is-layout-flow wp-block-group-is-layout-flow\">\n<div>An :<\/div>\n<\/div><\/div>\n\n\n\n<div><p>Folk.World<br \/>\r\n\t\t\t\t\tJonas B\u00f6ttcher<br \/>\r\n\t\t\t\t\tM\u00fchlenheuweg 32<br \/>\r\n\t\t\t\t\tDE - 41749 Viersen<br \/>\r\n\t\t\t\t\t<\/p><br>E-Mail mail@folk.world\n<p>&nbsp;<\/p>\n<p>Hiermit widerrufe(n) ich\/wir (*) den von mir\/uns (*) abgeschlossenen Vertrag \u00fcber den Kauf der folgenden Waren (*)\/die Erbringung der folgenden Dienstleistung (*)_____________________________________________________<\/p>\n<p>Bestellt am (*)\/erhalten am (*)<\/p>\n<p>__________________<\/p>\n<p>Name des\/der Verbraucher(s)<\/p>\n<p>_____________________________________________________<\/p>\n<p>Anschrift des\/der Verbraucher(s)<\/p>\n<p>_____________________________________________________<\/p>\n<p>Unterschrift des\/der Verbraucher(s) (nur bei Mitteilung auf Papier)<\/p>\n<p>__________________<\/p>\n<p>Datum<\/p>\n<p>__________________<\/p>\n<\/div>\n\n\n\n<p>(*) Unzutreffendes streichen.<\/p>\n\n\n\n<p><em>Stand: Juni 2015, Ursprung: <a href=\"http:\/\/www.agb.de\" target=\"_blank\" rel=\"noopener\">Gratis AGB<\/a><\/em><\/p>\n","protected":false},"excerpt":{"rendered":"<p>Widerrufsrecht f\u00fcr Verbraucher ***************************************** Widerrufsbelehrung *****************************************Sie haben das Recht, binnen vierzehn Tagen ohne Angabe von Gr\u00fcnden diesen Vertrag zu widerrufen. Die Widerrufsfrist betr\u00e4gt vierzehn Tage, ab dem Tag, an dem Sie oder ein von Ihnen benannter Dritter, der nicht der Bef\u00f6rderer ist, die Waren in Besitz genommen haben bzw. hat. Um Ihr Widerrufsrecht auszu\u00fcben, m\u00fcssen [&hellip;]<\/p>\n","protected":false},"author":1,"featured_media":0,"parent":0,"menu_order":0,"comment_status":"closed","ping_status":"closed","template":"","meta":{"footnotes":""},"class_list":["post-413","page","type-page","status-publish","hentry"],"_links":{"self":[{"href":"https:\/\/folk.world\/de\/wp-json\/wp\/v2\/pages\/413","targetHints":{"allow":["GET"]}}],"collection":[{"href":"https:\/\/folk.world\/de\/wp-json\/wp\/v2\/pages"}],"about":[{"href":"https:\/\/folk.world\/de\/wp-json\/wp\/v2\/types\/page"}],"author":[{"embeddable":true,"href":"https:\/\/folk.world\/de\/wp-json\/wp\/v2\/users\/1"}],"replies":[{"embeddable":true,"href":"https:\/\/folk.world\/de\/wp-json\/wp\/v2\/comments?post=413"}],"version-history":[{"count":6,"href":"https:\/\/folk.world\/de\/wp-json\/wp\/v2\/pages\/413\/revisions"}],"predecessor-version":[{"id":14310,"href":"https:\/\/folk.world\/de\/wp-json\/wp\/v2\/pages\/413\/revisions\/14310"}],"wp:attachment":[{"href":"https:\/\/folk.world\/de\/wp-json\/wp\/v2\/media?parent=413"}],"curies":[{"name":"wp","href":"https:\/\/api.w.org\/{rel}","templated":true}]}}