{"id":416,"date":"2017-11-13T16:27:26","date_gmt":"2017-11-13T16:27:26","guid":{"rendered":"http:\/\/folkworld.apps-1and1.net\/zahlungsweisen"},"modified":"2021-04-28T20:02:49","modified_gmt":"2021-04-28T18:02:49","slug":"zahlungsweisen","status":"publish","type":"page","link":"https:\/\/folk.world\/de\/zahlungsweisen\/","title":{"rendered":"Zahlungsweisen"},"content":{"rendered":"<p>Wir bieten Dir folgende Zahlungsarten an. Suche Dir einfach die f\u00fcr Dich optimale Zahlart aus. Wir erheben <i>keine Geb\u00fchren<\/i> auf den jeweiligen Zahlungsvorgang.<\/p>\n<p>Anfallenden Liefer- und Versandkosten sind nicht im Kaufpreis enthalten. Sie sind \u00fcber die Seite \u201e<a href=\"https:\/\/folk.world\/de\/versand-lieferung\/\">Versandkosten<\/a>\u201c aufrufbar, werden im Laufe des Bestellvorganges gesondert ausgewiesen und sind von Dir zus\u00e4tzlich zu tragen.<\/p>\n\n\n<div class=\"wp-block-cover alignfull has-background-dim-70 has-white-background-color has-background-dim has-parallax is-position-center-center\" style=\"background-image:url(\/\/i1.wp.com\/folk.world\/wp-content\/uploads\/2021\/04\/Depositphotos_66948645_xl-2015.jpg);min-height:375px;aspect-ratio:unset;\"><div class=\"wp-block-cover__inner-container is-layout-flow wp-block-cover-is-layout-flow\">\n<h2 class=\"wp-block-heading\">Zahlungsarten mit PayPal<\/h2>\n\n\n\n<div class=\"wp-block-image\"><figure class=\"alignleft size-large is-resized\"><img loading=\"lazy\" decoding=\"async\" src=\"https:\/\/folk.world\/wp-content\/uploads\/2021\/04\/PayPal.svg\" alt=\"-\" class=\"wp-image-15307\" width=\"150\" height=\"40\" title=\"\"><\/figure><\/div>\n\n\n\n<p class=\"has-black-color has-text-color\">PayPal ist ein b\u00f6rsennotierter Betreiber eines Online-Bezahldienstes, der zur Begleichung von Mittel- und Kleinbetr\u00e4gen zum Beispiel beim Ein- und Verkauf im Online-Handel genutzt werden kann.&nbsp;<a href=\"https:\/\/de.wikipedia.org\/wiki\/PayPal\" target=\"_blank\" rel=\"noopener\">Wikipedia<\/a><\/p>\n<\/div><\/div>\n\n\n\n<div style=\"height:25px\" aria-hidden=\"true\" class=\"wp-block-spacer\"><\/div>\n\n\n\n<p class=\"has-text-align-left\">Mit <strong>PayPal<\/strong> kannst Du bei Folk.World aus eine der folgenden Zahlungsm\u00f6glichkeit ausw\u00e4hlen:<\/p>\n\n\n\n<div class=\"wp-block-columns is-layout-flex wp-container-core-columns-is-layout-28f84493 wp-block-columns-is-layout-flex\">\n<div class=\"wp-block-column is-layout-flow wp-block-column-is-layout-flow\">\n<h3 class=\"wp-block-heading\">PayPal<\/h3>\n\n\n\n<figure class=\"wp-block-image size-large\"><img loading=\"lazy\" decoding=\"async\" width=\"124\" height=\"33\" src=\"https:\/\/folk.world\/wp-content\/uploads\/2021\/04\/PayPal.svg\" alt=\"-\" class=\"wp-image-15307\" title=\"\"><\/figure>\n\n\n\n<p class=\"has-text-align-left\">Bequem mit PayPal zahlen. Verwendest Du PayPal zum ersten Mal? Er\u00f6ffne beim Bezahlen einfach ein kostenloses Konto und profitiere vom K\u00e4uferschutz.<\/p>\n<\/div>\n\n\n\n<div class=\"wp-block-column is-layout-flow wp-block-column-is-layout-flow\">\n<h3 class=\"wp-block-heading\">Lastschrift<\/h3>\n\n\n\n<figure class=\"wp-block-image size-large is-resized\"><img loading=\"lazy\" decoding=\"async\" src=\"https:\/\/folk.world\/wp-content\/uploads\/2021\/04\/lastschriftlogo-qf_rgb.svg\" alt=\"-\" class=\"wp-image-15335\" width=\"82\" height=\"33\" title=\"\"><\/figure>\n\n\n\n<p class=\"has-text-align-left\">Ein PayPal-Service. Du ben\u00f6tigst kein PayPal-Konto.<\/p>\n<\/div>\n\n\n\n<div class=\"wp-block-column is-layout-flow wp-block-column-is-layout-flow\">\n<h3 class=\"wp-block-heading\">Kreditkarte<\/h3>\n\n\n\n<figure class=\"wp-block-image size-large is-resized\"><img loading=\"lazy\" decoding=\"async\" src=\"https:\/\/folk.world\/wp-content\/uploads\/2021\/04\/visa-mastercard.svg\" alt=\"-\" class=\"wp-image-15339\" width=\"110\" height=\"33\" title=\"\"><\/figure>\n\n\n\n<p class=\"has-text-align-left\">F\u00fcr die Zahlung via VISA oder maestro ben\u00f6tigst Du kein PayPal-Konto.<\/p>\n<\/div>\n<\/div>\n\n\n\n<div class=\"wp-block-cover alignfull has-background-dim-70 has-white-background-color has-background-dim has-parallax is-position-center-center\" style=\"background-image:url(\/\/i2.wp.com\/folk.world\/wp-content\/uploads\/2021\/04\/Depositphotos_79575134_xl-2015.jpg);min-height:375px;aspect-ratio:unset;\"><div class=\"wp-block-cover__inner-container is-layout-flow wp-block-cover-is-layout-flow\">\n<h2 class=\"wp-block-heading\">Zahlungsarten mit Klarna<\/h2>\n\n\n\n<div class=\"wp-block-image\"><figure class=\"alignleft size-large is-resized\"><img loading=\"lazy\" decoding=\"async\" src=\"https:\/\/x.klarnacdn.net\/payment-method\/assets\/badges\/generic\/klarna.svg\" alt=\"-\" width=\"200\" height=\"113\" title=\"\"><\/figure><\/div>\n\n\n\n<p class=\"has-black-color has-text-color\">Klarna ist ein schwedischer Zahlungsanbieter mit Hauptsitz in Stockholm. Das Unternehmen bietet Zahlungsl\u00f6sungen im Bereich E-Commerce an. Die Kernleistung besteht darin, die Zahlungsanspr\u00fcche der H\u00e4ndler zu \u00fcbernehmen und ab diesem Zeitpunkt deren Kundenzahlungen abzuwickeln.&nbsp;<a href=\"https:\/\/de.wikipedia.org\/wiki\/Klarna\" target=\"_blank\" rel=\"noopener\">Wikipedia<\/a><\/p>\n<\/div><\/div>\n\n\n\n<div style=\"height:25px\" aria-hidden=\"true\" class=\"wp-block-spacer\"><\/div>\n\n\n\n<p class=\"has-text-align-left\">Mit <strong>Klarna<\/strong> kannst Du bei Folk.World auf Folk.World aus eine der folgenden Zahlungsm\u00f6glichkeit ausw\u00e4hlen:<\/p>\n\n\n\n<div class=\"wp-block-group alignwide\"><div class=\"wp-block-group__inner-container is-layout-flow wp-block-group-is-layout-flow\">\n<div class=\"wp-block-columns is-layout-flex wp-container-core-columns-is-layout-28f84493 wp-block-columns-is-layout-flex\">\n<div class=\"wp-block-column is-layout-flow wp-block-column-is-layout-flow\">\n<h3 class=\"wp-block-heading\">Ratenkauf.<\/h3>\n\n\n\n<figure class=\"wp-block-image size-large\"><img loading=\"lazy\" decoding=\"async\" width=\"1024\" height=\"1024\" src=\"\/\/i2.wp.com\/folk.world\/wp-content\/uploads\/2021\/04\/Klarna-app-showcase-instagram-1024x1024.png\" alt=\"-\" class=\"wp-image-15291\" title=\"\" srcset=\"https:\/\/folk.world\/wp-content\/uploads\/2021\/04\/Klarna-app-showcase-instagram-1024x1024.png 1024w, https:\/\/folk.world\/wp-content\/uploads\/2021\/04\/Klarna-app-showcase-instagram-300x300.png 300w, https:\/\/folk.world\/wp-content\/uploads\/2021\/04\/Klarna-app-showcase-instagram-150x150.png 150w, https:\/\/folk.world\/wp-content\/uploads\/2021\/04\/Klarna-app-showcase-instagram-768x768.png 768w, https:\/\/folk.world\/wp-content\/uploads\/2021\/04\/Klarna-app-showcase-instagram-324x324.png 324w, https:\/\/folk.world\/wp-content\/uploads\/2021\/04\/Klarna-app-showcase-instagram-416x416.png 416w, https:\/\/folk.world\/wp-content\/uploads\/2021\/04\/Klarna-app-showcase-instagram-100x100.png 100w, https:\/\/folk.world\/wp-content\/uploads\/2021\/04\/Klarna-app-showcase-instagram.png 1080w\" sizes=\"auto, (max-width: 1024px) 100vw, 1024px\" \/><\/figure>\n\n\n\n<p class=\"has-text-align-left\">Folk.World hat sich mit klarna.de zusammengetan, um Dir an der Kasse flexible Zahlungsm\u00f6glichkeiten anbieten zu k\u00f6nnen. Du willst nicht alles auf einmal bezahlen? Kein Problem. W\u00e4hle den Klarna Ratenkauf, um Dir Deine W\u00fcnsche jetzt zu erf\u00fcllen und \u00fcber einen l\u00e4ngeren Zeitraum zu bezahlen.<\/p>\n<\/div>\n\n\n\n<div class=\"wp-block-column is-layout-flow wp-block-column-is-layout-flow\">\n<h3 class=\"wp-block-heading\">Rechnung.<\/h3>\n\n\n\n<figure class=\"wp-block-image size-large\"><img loading=\"lazy\" decoding=\"async\" width=\"1024\" height=\"1024\" src=\"\/\/i0.wp.com\/folk.world\/wp-content\/uploads\/2021\/04\/Smoooth-with-background-instagram-1024x1024.jpg\" alt=\"-\" class=\"wp-image-15295\" title=\"\" srcset=\"https:\/\/folk.world\/wp-content\/uploads\/2021\/04\/Smoooth-with-background-instagram-1024x1024.jpg 1024w, https:\/\/folk.world\/wp-content\/uploads\/2021\/04\/Smoooth-with-background-instagram-300x300.jpg 300w, https:\/\/folk.world\/wp-content\/uploads\/2021\/04\/Smoooth-with-background-instagram-150x150.jpg 150w, https:\/\/folk.world\/wp-content\/uploads\/2021\/04\/Smoooth-with-background-instagram-768x768.jpg 768w, https:\/\/folk.world\/wp-content\/uploads\/2021\/04\/Smoooth-with-background-instagram-324x324.jpg 324w, https:\/\/folk.world\/wp-content\/uploads\/2021\/04\/Smoooth-with-background-instagram-416x416.jpg 416w, https:\/\/folk.world\/wp-content\/uploads\/2021\/04\/Smoooth-with-background-instagram-100x100.jpg 100w, https:\/\/folk.world\/wp-content\/uploads\/2021\/04\/Smoooth-with-background-instagram.jpg 1080w\" sizes=\"auto, (max-width: 1024px) 100vw, 1024px\" \/><\/figure>\n\n\n\n<p class=\"has-text-align-left\">Jetzt einkaufen, sp\u00e4ter bezahlen. Darf Folk.World vorstellen: klarna.de, der neue Partner, der Dir flexible Zahlungsm\u00f6glichkeiten an der Kasse anbietet. Klarna gibt Dir bis zu 14 Tage Zeit, um zu entscheiden, ob Du Deinen Einkauf behalten m\u00f6chtest, bevor die Zahlung f\u00e4llig ist. Smoooth, oder?<\/p>\n<\/div>\n\n\n\n<div class=\"wp-block-column is-layout-flow wp-block-column-is-layout-flow\">\n<h3 class=\"wp-block-heading\">Sofortzahlung.<\/h3>\n\n\n\n<figure class=\"wp-block-image size-large\"><img loading=\"lazy\" decoding=\"async\" width=\"1024\" height=\"1024\" src=\"https:\/\/folk.world\/wp-content\/uploads\/2021\/04\/Smoooth-close-up-instagram-1024x1024.jpg\" alt=\"-\" class=\"wp-image-15299\" title=\"\" srcset=\"https:\/\/folk.world\/wp-content\/uploads\/2021\/04\/Smoooth-close-up-instagram-1024x1024.jpg 1024w, https:\/\/folk.world\/wp-content\/uploads\/2021\/04\/Smoooth-close-up-instagram-300x300.jpg 300w, https:\/\/folk.world\/wp-content\/uploads\/2021\/04\/Smoooth-close-up-instagram-150x150.jpg 150w, https:\/\/folk.world\/wp-content\/uploads\/2021\/04\/Smoooth-close-up-instagram-768x768.jpg 768w, https:\/\/folk.world\/wp-content\/uploads\/2021\/04\/Smoooth-close-up-instagram-324x324.jpg 324w, https:\/\/folk.world\/wp-content\/uploads\/2021\/04\/Smoooth-close-up-instagram-416x416.jpg 416w, https:\/\/folk.world\/wp-content\/uploads\/2021\/04\/Smoooth-close-up-instagram-100x100.jpg 100w, https:\/\/folk.world\/wp-content\/uploads\/2021\/04\/Smoooth-close-up-instagram.jpg 1080w\" sizes=\"auto, (max-width: 1024px) 100vw, 1024px\" \/><\/figure>\n\n\n\n<p class=\"has-text-align-left\">Ab jetzt ist smoooth shopping bei Folk.World angesagt. Gemeinsam mit klarna.de bietet Folk.World Dir ab sofort maximale Flexibilit\u00e4t. Direkt bezahlen. Schnell und sicher per Sofort\u00fcberweisung, Lastschrift oder Kreditkarte zahlen. Ohne Registrierung, per Online-Banking und mit Klarna K\u00e4uferschutz.<\/p>\n<\/div>\n<\/div>\n<\/div><\/div>\n\n\n\n<div class=\"wp-block-cover alignfull has-background-dim-70 has-white-background-color has-background-dim has-parallax is-position-center-center\" style=\"background-image:url(\/\/i1.wp.com\/folk.world\/wp-content\/uploads\/2021\/04\/Depositphotos_67922345_xl-2015.jpg);min-height:375px;aspect-ratio:unset;\"><div class=\"wp-block-cover__inner-container is-layout-flow wp-block-cover-is-layout-flow\">\n<h2 class=\"wp-block-heading\">Zahlungsarten mit Stripe<\/h2>\n\n\n\n<div class=\"wp-block-image\"><figure class=\"alignleft size-large is-resized\"><img loading=\"lazy\" decoding=\"async\" src=\"https:\/\/folk.world\/wp-content\/uploads\/2021\/04\/Stripe-wordmark-slate.svg\" alt=\"-\" class=\"wp-image-15303\" width=\"200\" height=\"95\" title=\"\"><\/figure><\/div>\n\n\n\n<p class=\"has-black-color has-text-color\">Stripe ist ein Online-Bezahldienst mit Sitz im kalifornischen San Francisco. Die Dienstleistungen des Unternehmens werden in 25 L\u00e4ndern angeboten. Stripe verwendet ein selbstlernendes Betrugs-Pr\u00e4ventions-System. Anfang 2018 verf\u00fcgte das Unternehmen \u00fcber 900 Mitarbeiter.&nbsp;<a href=\"https:\/\/de.wikipedia.org\/wiki\/Stripe\" target=\"_blank\" rel=\"noopener\">Wikipedia<\/a><\/p>\n<\/div><\/div>\n\n\n\n<div style=\"height:25px\" aria-hidden=\"true\" class=\"wp-block-spacer\"><\/div>\n\n\n\n<div class=\"wp-block-group alignwide\"><div class=\"wp-block-group__inner-container is-layout-flow wp-block-group-is-layout-flow\">\n<p class=\"has-text-align-left\">Mit <strong>Stripe<\/strong> kannst Du bei Folk.World aus eine der folgenden Zahlungsm\u00f6glichkeit ausw\u00e4hlen:<\/p>\n\n\n\n<div class=\"wp-block-columns is-layout-flex wp-container-core-columns-is-layout-28f84493 wp-block-columns-is-layout-flex\">\n<div class=\"wp-block-column is-layout-flow wp-block-column-is-layout-flow\">\n<h3 class=\"has-text-align-left wp-block-heading\">Kreditkarte<\/h3>\n\n\n\n<figure class=\"wp-block-image size-large is-resized\"><img loading=\"lazy\" decoding=\"async\" src=\"https:\/\/folk.world\/wp-content\/uploads\/2021\/04\/kreditkarten.svg\" alt=\"-\" class=\"wp-image-15319\" width=\"214\" height=\"40\" title=\"\"><\/figure>\n\n\n\n<p class=\"has-text-align-left\">Eine Kreditkarte ist eine Karte zur Bezahlung von Waren und Dienstleistungen. Die meisten Kreditkarten sind weltweit einsetzbar, sowohl im realen t\u00e4glichen Gesch\u00e4fts- wie Privatleben als auch bei Online-Geldtransaktionen. <a href=\"https:\/\/de.wikipedia.org\/wiki\/Kreditkarte\" class=\"rank-math-link\" target=\"_blank\" rel=\"noopener\">Wikipedia<\/a><\/p>\n<\/div>\n\n\n\n<div class=\"wp-block-column is-layout-flow wp-block-column-is-layout-flow\">\n<h3 class=\"has-text-align-left wp-block-heading\">SOFORT<\/h3>\n\n\n\n<figure class=\"wp-block-image size-large is-resized\"><img loading=\"lazy\" decoding=\"async\" src=\"https:\/\/folk.world\/wp-content\/plugins\/woocommerce-gateway-stripe\/assets\/images\/sofort.svg\" alt=\"-\" width=\"129\" height=\"40\" title=\"\"><\/figure>\n\n\n\n<p class=\"has-text-align-left\">Sofort\u00fcberweisung ist ein Online-Zahlungssystem der Sofort GmbH zur bargeldlosen Zahlung im Internet. Das Verfahren ist ein Pseudo-Vorkassesystem, da der H\u00e4ndler nicht die Zahlung, aber eine Zahlungsbest\u00e4tigung unverz\u00fcglich erh\u00e4lt.&nbsp;<a href=\"https:\/\/de.wikipedia.org\/wiki\/Sofort%C3%BCberweisung\" target=\"_blank\" rel=\"noopener\">Wikipedia<\/a><\/p>\n<\/div>\n\n\n\n<div class=\"wp-block-column is-vertically-aligned-top is-layout-flow wp-block-column-is-layout-flow\">\n<h3 class=\"has-text-align-left wp-block-heading\">Giropay<\/h3>\n\n\n\n<figure class=\"wp-block-image size-large is-resized\"><img loading=\"lazy\" decoding=\"async\" src=\"https:\/\/folk.world\/wp-content\/plugins\/woocommerce-gateway-stripe\/assets\/images\/giropay.svg\" alt=\"-\" width=\"93\" height=\"40\" title=\"\"><\/figure>\n\n\n\n<p class=\"has-text-align-left\">Giropay ist ein Online-Bezahlverfahren von Teilen der deutschen Kreditwirtschaft. Es basiert auf der \u00dcberweisung mittels Online-Banking und wurde speziell f\u00fcr die Anforderungen des E-Commerce optimiert.&nbsp;<a href=\"https:\/\/de.wikipedia.org\/wiki\/Giropay\" target=\"_blank\" rel=\"noopener\">Wikipedia<\/a><\/p>\n<\/div>\n<\/div>\n\n\n\n<div class=\"wp-block-columns is-layout-flex wp-container-core-columns-is-layout-28f84493 wp-block-columns-is-layout-flex\">\n<div class=\"wp-block-column is-layout-flow wp-block-column-is-layout-flow\">\n<h3 class=\"has-text-align-left wp-block-heading\">Apple Pay<\/h3>\n\n\n\n<figure class=\"wp-block-image size-large is-resized\"><img loading=\"lazy\" decoding=\"async\" src=\"https:\/\/folk.world\/wp-content\/uploads\/2021\/04\/Apple_Pay_Mark_RGB_041619.svg\" alt=\"-\" class=\"wp-image-15311\" width=\"102\" height=\"66\" title=\"\"><\/figure>\n\n\n\n<p class=\"has-text-align-left\">Apple Pay ist ein Zahlungssystem des US-amerikanischen Unternehmens Apple f\u00fcr hauseigene, mobile Ger\u00e4te. Es wurde im Oktober 2014 in den Vereinigten Staaten f\u00fcr das iPhone 6 und 6 Plus eingef\u00fchrt. Das Zahlungssystem arbeitet mittels Near Field Communication in Kombination mit Wallet.&nbsp;<a href=\"https:\/\/de.wikipedia.org\/wiki\/Apple_Pay\" target=\"_blank\" rel=\"noopener\">Wikipedia<\/a><\/p>\n<\/div>\n\n\n\n<div class=\"wp-block-column is-vertically-aligned-top is-layout-flow wp-block-column-is-layout-flow\">\n<h3 class=\"has-text-align-left wp-block-heading\">Google Pay<\/h3>\n\n\n\n<figure class=\"wp-block-image size-large is-resized\"><img loading=\"lazy\" decoding=\"async\" src=\"https:\/\/folk.world\/wp-content\/uploads\/2021\/04\/google-pay-mark_800.svg\" alt=\"-\" class=\"wp-image-15315\" width=\"100\" height=\"66\" title=\"\"><\/figure>\n\n\n\n<p class=\"has-text-align-left\">Google Pay ist ein Mobile-Payment-Zahlungssystem des US-amerikanischen Unternehmens Google f\u00fcr Android-Ger\u00e4te, in den USA auch f\u00fcr iOS ab Version 9.0.&nbsp;<a href=\"https:\/\/de.wikipedia.org\/wiki\/Google_Pay\" target=\"_blank\" rel=\"noopener\">Wikipedia<\/a><\/p>\n<\/div>\n\n\n\n<div class=\"wp-block-column is-layout-flow wp-block-column-is-layout-flow\"><\/div>\n<\/div>\n<\/div><\/div>\n\n\n\n<div class=\"wp-block-cover alignfull has-background-dim-70 has-white-background-color has-background-dim has-parallax is-position-center-center\" style=\"background-image:url(\/\/i3.wp.com\/folk.world\/wp-content\/uploads\/2021\/04\/Depositphotos_24691943_xl-2015.jpg);min-height:375px;aspect-ratio:unset;\"><div class=\"wp-block-cover__inner-container is-layout-flow wp-block-cover-is-layout-flow\">\n<h2 class=\"wp-block-heading\">Zahlungsart GoCardless<\/h2>\n\n\n\n<div class=\"wp-block-image\"><figure class=\"alignleft size-large is-resized\"><img loading=\"lazy\" decoding=\"async\" src=\"https:\/\/folk.world\/wp-content\/uploads\/2021\/04\/5e8361b5246f648ccd48d41d_gocardless_wordmark_navy.svg\" alt=\"-\" class=\"wp-image-15362\" width=\"200\" height=\"21\" title=\"\"><\/figure><\/div>\n\n\n\n<p class=\"has-black-color has-text-color\">GoCardless ist ein Londoner Zahlungsdienstleister. Es bringt Lastschriften in das digitale Zeitalter mit dem besten System f\u00fcr wiederkehrende Zahlungen. GoCardless vereint Lastschriftverfahren verschiedener europ\u00e4ischer L\u00e4nder und sind in Gro\u00dfbritannien, Frankreich, Deutschland und Spanien bereits voll etabliert.<\/p>\n<\/div><\/div>\n\n\n\n<div style=\"height:25px\" aria-hidden=\"true\" class=\"wp-block-spacer\"><\/div>\n\n\n\n<p class=\"has-text-align-left\">Mit <strong>GoCardless<\/strong> kannst Du bei Folk.World Musikinstrumente leihen oder als Mietkauf beziehen. Zahle sicher \u00fcber Dein Bankkonto.<\/p>\n","protected":false},"excerpt":{"rendered":"<p>Wir bieten Dir folgende Zahlungsarten an. Suche Dir einfach die f\u00fcr Dich optimale Zahlart aus. Wir erheben keine Geb\u00fchren auf den jeweiligen Zahlungsvorgang. Anfallenden Liefer- und Versandkosten sind nicht im Kaufpreis enthalten. Sie sind \u00fcber die Seite \u201eVersandkosten\u201c aufrufbar, werden im Laufe des Bestellvorganges gesondert ausgewiesen und sind von Dir zus\u00e4tzlich zu tragen. Mit PayPal [&hellip;]<\/p>\n","protected":false},"author":1,"featured_media":0,"parent":0,"menu_order":0,"comment_status":"closed","ping_status":"closed","template":"","meta":{"footnotes":""},"class_list":["post-416","page","type-page","status-publish","hentry"],"_links":{"self":[{"href":"https:\/\/folk.world\/de\/wp-json\/wp\/v2\/pages\/416","targetHints":{"allow":["GET"]}}],"collection":[{"href":"https:\/\/folk.world\/de\/wp-json\/wp\/v2\/pages"}],"about":[{"href":"https:\/\/folk.world\/de\/wp-json\/wp\/v2\/types\/page"}],"author":[{"embeddable":true,"href":"https:\/\/folk.world\/de\/wp-json\/wp\/v2\/users\/1"}],"replies":[{"embeddable":true,"href":"https:\/\/folk.world\/de\/wp-json\/wp\/v2\/comments?post=416"}],"version-history":[{"count":46,"href":"https:\/\/folk.world\/de\/wp-json\/wp\/v2\/pages\/416\/revisions"}],"predecessor-version":[{"id":15367,"href":"https:\/\/folk.world\/de\/wp-json\/wp\/v2\/pages\/416\/revisions\/15367"}],"wp:attachment":[{"href":"https:\/\/folk.world\/de\/wp-json\/wp\/v2\/media?parent=416"}],"curies":[{"name":"wp","href":"https:\/\/api.w.org\/{rel}","templated":true}]}}