{"id":418,"date":"2017-11-13T16:27:26","date_gmt":"2017-11-13T16:27:26","guid":{"rendered":"http:\/\/folkworld.apps-1and1.net\/allgemeine_geschaeftsbedingungen"},"modified":"2020-05-29T21:24:05","modified_gmt":"2020-05-29T19:24:05","slug":"allgemeine_geschaeftsbedingungen","status":"publish","type":"page","link":"https:\/\/folk.world\/de\/allgemeine_geschaeftsbedingungen\/","title":{"rendered":"Allgemeine Gesch\u00e4ftsbedingungen"},"content":{"rendered":"\n<p class=\"excerpt\">Allgemeine Gesch\u00e4ftsbedingungen der Firma Folk.World<\/p>\n\n\n\n<h2 class=\"wp-block-heading\">\u00a71 Geltung gegen\u00fcber Unternehmern und Begriffsdefinitionen<\/h2>\n\n\n\n<p>(1) Die nachfolgenden Allgemeinen Gesch\u00e4ftsbedingungen gelten f\u00fcr alle Lieferungen zwischen uns und einem Verbraucher in ihrer zum Zeitpunkt der Bestellung g\u00fcltigen Fassung.<\/p>\n\n\n\n<p>Verbraucher ist jede nat\u00fcrliche Person, die ein Rechtsgesch\u00e4ft zu Zwecken abschlie\u00dft, die \u00fcberwiegend weder ihrer gewerblichen noch ihrer selbst\u00e4ndigen beruflichen T\u00e4tigkeit zugerechnet werden k\u00f6nnen (\u00a7 13 BGB).<\/p>\n\n\n\n<h2 class=\"wp-block-heading\">\u00a72 Zustandekommen eines Vertrages, Speicherung des Vertragstextes<\/h2>\n\n\n\n<p>(1) Die folgenden Regelungen \u00fcber den Vertragsabschluss gelten f\u00fcr Bestellungen \u00fcber unser Internetshop<\/p>\n\n\n\n<ul class=\"list-style1 wp-block-list\"><li>https:\/\/www.folk.world<\/li><\/ul>\n\n\n\n<p>(2) Im Falle des Vertragsschlusses kommt der Vertrag mit<\/p>\n\n\n<p>Folk.World<br \/>\r\n\t\t\t\t\tJonas B\u00f6ttcher<br \/>\r\n\t\t\t\t\tM\u00fchlenheuweg 32<br \/>\r\n\t\t\t\t\tDE - 41749 Viersen<br \/>\r\n\t\t\t\t\t<\/p>\n\n\n\n<p>zustande.<\/p>\n\n\n\n<p>(3) Die Pr\u00e4sentation der Waren in unserem Internetshop stellen kein rechtlich bindendes Vertragsangebot unsererseits dar, sondern sind nur eine unverbindliche Aufforderungen an den Verbraucher, Waren zu bestellen. Mit der Bestellung der gew\u00fcnschten Ware gibt der Verbraucher ein f\u00fcr ihn verbindliches Angebot auf Abschluss eines Kaufvertrages ab.<\/p>\n\n\n\n<p>Die Annahme des Angebots erfolgt schriftlich oder in Textform oder durch \u00dcbersendung der bestellten Ware innerhalb von einer Woche. Nach fruchtlosem Ablauf der Frist gilt das Angebot als abgelehnt.<\/p>\n\n\n\n<p>(4) Bei Eingang einer Bestellung in unserem Internetshop gelten folgende Regelungen: Der Verbraucher gibt ein bindendes Vertragsangebot ab, indem er die in unserem Internetshop vorgesehene Bestellprozedur erfolgreich durchl\u00e4uft.<\/p>\n\n\n\n<p>Die Bestellung erfolgt in folgenden Schritten:<\/p>\n\n\n\n<ol class=\"list-style1 wp-block-list\"><li>Auswahl der gew\u00fcnschten Ware<\/li><li>Best\u00e4tigen durch Anklicken der Buttons \u201eBestellen\u201c<\/li><li>Pr\u00fcfung der Angaben im Warenkorb<\/li><li>Bet\u00e4tigung des Buttons \u201ezur Kasse\u201c<\/li><li>Anmeldung im Internetshop nach Registrierung und Eingabe der Anmelderangaben (E-Mail-Adresse und Passwort).<\/li><li>Nochmalige Pr\u00fcfung bzw. Berichtigung der jeweiligen eingegebenen Daten.<\/li><li>Verbindliche Absendung der Bestellung durch Anklicken des Buttons \u201ekostenpflichtig bestellen\u201c bzw. \u201ekaufen\u201c<\/li><\/ol>\n\n\n\n<p>Der Verbraucher kann vor dem verbindlichen Absenden der Bestellung durch Bet\u00e4tigen der in dem von ihm verwendeten Internet-Browser enthaltenen \u201eZur\u00fcck\u201c-Taste nach Kontrolle seiner Angaben wieder zu der Internetseite gelangen, auf der die Angaben des Kunden erfasst werden und Eingabefehler berichtigen bzw. durch Schlie\u00dfen des Internetbrowsers den Bestellvorgang abbrechen.<\/p>\n\n\n\n<p>Wir best\u00e4tigen den Eingang der Bestellung unmittelbar durch eine automatisch generierte E-Mail (Eingangsbest\u00e4tigung). Diese stellt noch keine Annahme des Angebotes dar. Die Annahme des Angebots erfolgt schriftlich, in Textform oder durch \u00dcbersendung der bestellten Ware innerhalb einer Woche.<\/p>\n\n\n\n<p>(5) Speicherung des Vertragstextes bei Bestellungen \u00fcber unseren Internetshop: Wir speichern den Vertragstext und senden Ihnen die Bestelldaten und unsere AGB per E-Mail zu. Die AGB k\u00f6nnen Sie jederzeit auch unter https:\/\/www.folk.world\/agb\/ einsehen.<\/p>\n\n\n\n<p>Ihre vergangenen Bestellungen k\u00f6nnen Sie in unserem Kunden-Bereich unter Mein Konto &#8211;&gt; Meine Bestellungen einsehen.<\/p>\n\n\n\n<h2 class=\"wp-block-heading\">\u00a72.1 Hinweise zur Buchung von Seminaren<\/h2>\n\n\n\n<ol class=\"wp-block-list\"><li>&#8220;Seminar&#8221; ist hier gleichbedeutend zu &#8220;Workshop&#8221;, &#8220;Kurs&#8221;, &#8220;Schulung&#8221; oder sonstigen Veranstaltungen, bei denen Kenntnisse und\/oder F\u00e4higkeiten vermittelt werden.<\/li><li>Mit &#8220;Buchung&#8221; oder &#8220;Anmeldung&#8221; ist gemeint, die Teilnahme an einem Seminar gegen Zahlung des angegebenen Betrags kund zu tun.<\/li><li>Buchungen werden ausschlie\u00dflich schriftlich per E-Mail, Brief oder \u00fcber unseren Webshop akzeptiert.<\/li><\/ol>\n\n\n\n<h3 class=\"wp-block-heading\">Best\u00e4tigung einer Buchung<\/h3>\n\n\n\n<p>Als Best\u00e4tigung einer Buchung gilt unsere Rechnung. Hinweise zum genauen Ablauf des Seminars sind entweder der Ausschreibung oder unseren weiteren Hinweisen zu entnehmen, die wir nach der Rechnungsstellung versenden. Die Anmeldung ist verbindlich und verpflichtet zur rechtzeitigen Zahlung der Seminargeb\u00fchren.<\/p>\n\n\n\n<h3 class=\"wp-block-heading\">Abmeldung durch den Teilnehmer<\/h3>\n\n\n\n<p>M\u00f6chte der Teilnehmer eine Buchung stornieren, m\u00fcssen wir, um die Kosten tragen zu k\u00f6nnen, gestaffelte Geb\u00fchren erheben.<\/p>\n\n\n\n<ul class=\"list-style1 wp-block-list\"><li>Bei Nichterscheinen des Teilnehmers, bei versp\u00e4teter Anreise oder vorzeitigem Abbruch kann kein Anspruch auf Erstattung geltend gemacht werden.<\/li><li>Meldet sich der Teilnehmer sp\u00e4testens eine Woche vor dem Kursbeginn ab, erstatten wir 50% der Kursgeb\u00fchren.<\/li><li>Bei Abmeldung des Teilnehmers 14 Tage vor Kursbeginn oder fr\u00fcher erstatten wir 75% der Kursgeb\u00fchren.<\/li><li>Bei mehr als vier Wochen vor Beginn des Seminars berechnen wir 5% Bearbeitungsgeb\u00fchr.<\/li><\/ul>\n\n\n\n<h3 class=\"wp-block-heading\">Absage des Seminars durch Folk.World<\/h3>\n\n\n\n<p>Durch besondere Umst\u00e4nde oder bei Nichtereichen der Mindesteilnehmerzahl f\u00fcr ein Seminar behalten wir uns das Recht vor, den Termin sp\u00e4testens 7 Tage zuvor abzusagen. Muss ausnahmsweise ein Seminar abgesagt werden, wird die bezahlte Teilnahmegeb\u00fchr unverz\u00fcglich erstattet. Weitergehende Haftungs- und Schadensersatzanspr\u00fcche sind ausgeschlossen.<\/p>\n\n\n\n<h2 class=\"wp-block-heading\">\u00a73 Preise, Versandkosten, Zahlung, F\u00e4lligkeit<\/h2>\n\n\n\n<p>(1) Die angegebenen Preise enthalten keine gesetzliche Umsatzsteuer. Es erfolgt kein Ausweis der Umsatzsteuer aufgrund der Anwendung der Kleinunternehmerregelung gem. \u00a7 19 UStG. Hinzu kommen etwaige Versandkosten.<\/p>\n\n\n\n<p>(2) Der Verbraucher hat die M\u00f6glichkeit der Zahlung per Vorkasse, PayPal, Barzahlung vor Ort.<\/p>\n\n\n\n<p>(3) Hat der Verbraucher die Zahlung per Vorkasse gew\u00e4hlt, so verpflichtet er sich, den Kaufpreis unverz\u00fcglich nach Vertragsschluss zu zahlen.<\/p>\n\n\n\n<h2 class=\"wp-block-heading\">\u00a74 Lieferung<\/h2>\n\n\n\n<p>(1) Sofern wir dies in der Produktbeschreibung nicht deutlich anders angegeben haben, sind alle von uns angebotenen Artikel sofort versandfertig. Die Lieferung erfolgt hier sp\u00e4testen innerhalb von 5 Werktagen. Dabei beginnt die Frist f\u00fcr die Lieferung im Falle der Zahlung per Vorkasse am Tag nach Zahlungsauftrag an die mit der \u00dcberweisung beauftragte Bank und bei allen anderen Zahlungsarten am Tag nach Vertragsschluss zu laufen. F\u00e4llt das Fristende auf einen Samstag, Sonntag oder gesetzlichen Feiertag am Lieferort, so endet die Frist am n\u00e4chsten Werktag.<\/p>\n\n\n\n<p>(2) Die Gefahr des zuf\u00e4lligen Untergangs und der zuf\u00e4lligen Verschlechterung der verkauften Sache geht auch beim Versendungskauf erst mit der \u00dcbergabe der Sache an den K\u00e4ufer auf diesen \u00fcber.<\/p>\n\n\n\n<h2 class=\"wp-block-heading\">\u00a75 Eigentumsvorbehalt<\/h2>\n\n\n\n<p>Wir behalten uns das Eigentum an der Ware bis zur vollst\u00e4ndigen Bezahlung des Kaufpreises vor.<\/p>\n\n\n\n<h2 class=\"wp-block-heading\">\u00a76 Widerrufsrecht des Kunden als Verbraucher<\/h2>\n\n\n\n<p>Verbrauchern steht ein Widerrufsrecht nach folgender Ma\u00dfgabe zu, wobei Verbraucher jede nat\u00fcrliche Person ist, die ein Rechtsgesch\u00e4ft zu Zwecken abschlie\u00dft, die \u00fcberwiegend weder ihrer gewerblichen noch ihrer selbst\u00e4ndigen beruflichen T\u00e4tigkeit zugerechnet werden k\u00f6nnen:<\/p>\n\n\n\n<ul class=\"wp-block-list\"><li><a href=\"https:\/\/folk.world\/widerruf\">Widerrufsrecht f\u00fcr Verbraucher<\/a><\/li><\/ul>\n\n\n\n<h2 class=\"wp-block-heading\">\u00a78 Gew\u00e4hrleistung<\/h2>\n\n\n\n<p>Es gelten die gesetzlichen Gew\u00e4hrleistungsregelungen.<\/p>\n\n\n\n<h2 class=\"wp-block-heading\">\u00a79 Vertragsprache<\/h2>\n\n\n\n<p>Als Vertragssprache steht ausschlie\u00dflich Deutsch zur Verf\u00fcgung.<\/p>\n\n\n\n<p><em>Stand: Juni 2015, Ursprung: <\/em><i><a href=\"http:\/\/www.agb.de\" target=\"_blank\" rel=\"noopener\">Gratis AGB<\/a><br><\/i><\/p>\n","protected":false},"excerpt":{"rendered":"<p>Allgemeine Gesch\u00e4ftsbedingungen der Firma Folk.World \u00a71 Geltung gegen\u00fcber Unternehmern und Begriffsdefinitionen (1) Die nachfolgenden Allgemeinen Gesch\u00e4ftsbedingungen gelten f\u00fcr alle Lieferungen zwischen uns und einem Verbraucher in ihrer zum Zeitpunkt der Bestellung g\u00fcltigen Fassung. Verbraucher ist jede nat\u00fcrliche Person, die ein Rechtsgesch\u00e4ft zu Zwecken abschlie\u00dft, die \u00fcberwiegend weder ihrer gewerblichen noch ihrer selbst\u00e4ndigen beruflichen T\u00e4tigkeit zugerechnet [&hellip;]<\/p>\n","protected":false},"author":1,"featured_media":0,"parent":0,"menu_order":0,"comment_status":"closed","ping_status":"closed","template":"","meta":{"footnotes":""},"class_list":["post-418","page","type-page","status-publish","hentry"],"_links":{"self":[{"href":"https:\/\/folk.world\/de\/wp-json\/wp\/v2\/pages\/418","targetHints":{"allow":["GET"]}}],"collection":[{"href":"https:\/\/folk.world\/de\/wp-json\/wp\/v2\/pages"}],"about":[{"href":"https:\/\/folk.world\/de\/wp-json\/wp\/v2\/types\/page"}],"author":[{"embeddable":true,"href":"https:\/\/folk.world\/de\/wp-json\/wp\/v2\/users\/1"}],"replies":[{"embeddable":true,"href":"https:\/\/folk.world\/de\/wp-json\/wp\/v2\/comments?post=418"}],"version-history":[{"count":6,"href":"https:\/\/folk.world\/de\/wp-json\/wp\/v2\/pages\/418\/revisions"}],"predecessor-version":[{"id":14407,"href":"https:\/\/folk.world\/de\/wp-json\/wp\/v2\/pages\/418\/revisions\/14407"}],"wp:attachment":[{"href":"https:\/\/folk.world\/de\/wp-json\/wp\/v2\/media?parent=418"}],"curies":[{"name":"wp","href":"https:\/\/api.w.org\/{rel}","templated":true}]}}