{"id":521,"date":"2017-11-15T22:49:41","date_gmt":"2017-11-15T22:49:41","guid":{"rendered":"http:\/\/folkworld.apps-1and1.net\/?page_id=521"},"modified":"2017-11-15T22:53:16","modified_gmt":"2017-11-15T22:53:16","slug":"order","status":"publish","type":"page","link":"https:\/\/folk.world\/de\/order\/","title":{"rendered":"Bestellvorgang"},"content":{"rendered":"<p class=\"excerpt\">Einfach und bequem bestellen<\/p>\n<h3>Wie kann ich bei bestellen?<\/h3>\n<ol>\n<li>\n<dt>Warenkorb<\/dt>\n<dd>W\u00e4hle die Artikel aus, die Du bestellen m\u00f6chtest, indem Du den &#8220;In den Warenkorb&#8221; Button anklickst. Dadurch wird Deine Auswahl in den Warenkorb gelegt. Du kannst diese Auswahl bis zum Absenden Deiner Bestellung jederzeit \u00e4ndern, in dem Du die Anzahl der Produkte \u00e4nderst, durch Anklicken des K\u00e4stchens &#8220;Entfernen&#8221; die Auswahl l\u00f6schst oder den Bestellvorgang abbrichst. Durch Anklicken des Buttons &#8220;Zur Kasse gehen&#8221; gelangst Du zum n\u00e4chsten Bestellschritt.<\/dd>\n<\/li>\n<li>\n<dt>Kasse<\/dt>\n<dd>Melde Dich bitte mit Deiner E-Mail-Adresse und Deinem Passwort an falls Du bereits ein Kundenkonto bei uns besitzt, ansonsten registriere Dich bitte als neuer Kunde. Alternativ hast Du die M\u00f6glichkeit &#8220;als Gast&#8221; zur Kasse zu gehen um kein Kundenkonto anzulegen. Deine Daten werden unter Beachtung der datenschutzrechtlichen Bestimmungen erhoben, verarbeitet und genutzt (<a href=\"\/datenschutz\/\">Datenschutzhinweis<\/a>). Eine anderweitige Verwendung oder Weitergabe an Dritte erfolgt keinesfalls. Bist Du bereits angemeldet, kannst Du nun die Versandart ausw\u00e4hlen. Durch klicken des Buttons &#8220;Fortsetzen&#8221; gelangst Du zum n\u00e4chsten Bestellschritt.<\/dd>\n<\/li>\n<li>\n<dt>Rechnungsadresse pr\u00fcfen \/ Zahlungsweise ausw\u00e4hlen<\/dt>\n<dd>\u00dcberpr\u00fcfe nun Deine Rechnungsadresse und gib Deine gew\u00fcnschte <a href=\"\/zahlungsarten\/\">Zahlungsweise<\/a> an. Durch Klicken des Buttons &#8220;Fortsetzen&#8221; gelangst Du zum n\u00e4chsten Bestellschritt.<\/dd>\n<\/li>\n<li>\n<dt>Versandadresse pr\u00fcfen \/ Versandart ausw\u00e4hlen<\/dt>\n<dd>\u00dcberpr\u00fcfe nun Deine Versandadresse und gib Deine gew\u00fcnschte <a href=\"\/lieferung\/\">Versandart<\/a> an. Durch Klicken des Buttons &#8220;Fortsetzen&#8221; gelangst Du zum n\u00e4chsten Bestellschritt.<\/dd>\n<\/li>\n<li>\n<dt>Bestellvorgang abschlie\u00dfen \/ AGB und Widerrufsbelehrung<\/dt>\n<dd>Du erh\u00e4lst eine \u00dcbersicht Deiner Bestellung: die ausgew\u00e4hlten Produkte, die Versand- und Rechnungsadresse und Deine Kontaktdaten. \u00dcberpr\u00fcfe, ob alle Angaben stimmen und lies Dir bitte die <a href=\"\/agb\/\">Allgemeinen Gesch\u00e4ftsbedingungen<\/a> und die <a href=\"\/widerrufsbelehrung\/\">Widerrufsbelehrung<\/a> aufmerksam durch. Du kannst mit der Bestellung nur fortfahren, wenn Du den AGB und der Widerrufsbelehrung zustimmst (H\u00e4kchen setzen). Mit dem Anklicken des Buttons &#8220;Jetzt kaufen&#8221; \u00fcbersendest Du Deine Bestellung an uns. Hiermit gibst Du ein rechtsverbindliches Angebot ab.<\/dd>\n<\/li>\n<\/ol>\n","protected":false},"excerpt":{"rendered":"<p>Einfach und bequem bestellen Wie kann ich bei bestellen? Warenkorb W\u00e4hle die Artikel aus, die Du bestellen m\u00f6chtest, indem Du den &#8220;In den Warenkorb&#8221; Button anklickst. Dadurch wird Deine Auswahl in den Warenkorb gelegt. Du kannst diese Auswahl bis zum Absenden Deiner Bestellung jederzeit \u00e4ndern, in dem Du die Anzahl der Produkte \u00e4nderst, durch Anklicken [&hellip;]<\/p>\n","protected":false},"author":1,"featured_media":0,"parent":0,"menu_order":0,"comment_status":"closed","ping_status":"closed","template":"","meta":{"footnotes":""},"class_list":["post-521","page","type-page","status-publish","hentry"],"_links":{"self":[{"href":"https:\/\/folk.world\/de\/wp-json\/wp\/v2\/pages\/521","targetHints":{"allow":["GET"]}}],"collection":[{"href":"https:\/\/folk.world\/de\/wp-json\/wp\/v2\/pages"}],"about":[{"href":"https:\/\/folk.world\/de\/wp-json\/wp\/v2\/types\/page"}],"author":[{"embeddable":true,"href":"https:\/\/folk.world\/de\/wp-json\/wp\/v2\/users\/1"}],"replies":[{"embeddable":true,"href":"https:\/\/folk.world\/de\/wp-json\/wp\/v2\/comments?post=521"}],"version-history":[{"count":4,"href":"https:\/\/folk.world\/de\/wp-json\/wp\/v2\/pages\/521\/revisions"}],"predecessor-version":[{"id":525,"href":"https:\/\/folk.world\/de\/wp-json\/wp\/v2\/pages\/521\/revisions\/525"}],"wp:attachment":[{"href":"https:\/\/folk.world\/de\/wp-json\/wp\/v2\/media?parent=521"}],"curies":[{"name":"wp","href":"https:\/\/api.w.org\/{rel}","templated":true}]}}