{"id":539,"date":"2017-11-20T12:05:59","date_gmt":"2017-11-20T12:05:59","guid":{"rendered":"http:\/\/folkworld.apps-1and1.net\/?page_id=539"},"modified":"2017-11-20T12:05:59","modified_gmt":"2017-11-20T12:05:59","slug":"hinweise-zur-buchung-von-seminaren","status":"publish","type":"page","link":"https:\/\/folk.world\/de\/hinweise-zur-buchung-von-seminaren\/","title":{"rendered":"Hinweise zur Buchung von Seminaren"},"content":{"rendered":"<div class=\"main container\">\n<div class=\"row\">\n<div class=\"col-main col-sm-12\">\n<div class=\"std\">\n<ol>\n<li>&#8220;Seminar&#8221; ist hier gleichbedeutend zu &#8220;Workshop&#8221;, &#8220;Kurs&#8221;, &#8220;Schulung&#8221; oder sonstigen Veranstaltungen, bei denen Kenntnisse und\/oder F\u00e4higkeiten vermittelt werden.<\/li>\n<li>Mit &#8220;Buchung&#8221; oder &#8220;Anmeldung&#8221; ist gemeint, die Teilnahme an einem Seminar gegen Zahlung des angegebenen Betrags kund zu tun.<\/li>\n<li>Buchungen werden ausschlie\u00dflich schriftlich per E-Mail, Brief oder \u00fcber unseren Webshop akzeptiert.<\/li>\n<\/ol>\n<h3>Best\u00e4tigung einer Buchung<\/h3>\n<p>Als Best\u00e4tigung einer Buchung gilt unsere Rechnung. Hinweise zum genauen Ablauf des Seminars sind entweder der Ausschreibung oder unseren weiteren Hinweisen zu entnehmen, die wir nach der Rechnungsstellung versenden. Die Anmeldung ist verbindlich und verpflichtet zur rechtzeitigen Zahlung der Seminargeb\u00fchren.<\/p>\n<h3>Abmeldung durch den Teilnehmer<\/h3>\n<p>M\u00f6chte der Teilnehmer eine Buchung stornieren, m\u00fcssen wir, um die Kosten tragen zu k\u00f6nnen, gestaffelte Geb\u00fchren erheben.<\/p>\n<ul class=\"list-style1\">\n<li>Bei Nichterscheinen des Teilnehmers, bei versp\u00e4teter Anreise oder vorzeitigem Abbruch kann kein Anspruch auf Erstattung geltend gemacht werden.<\/li>\n<li>Meldet sich der Teilnehmer sp\u00e4testens eine Woche vor dem Kursbeginn ab, erstatten wir 50% der Kursgeb\u00fchren.<\/li>\n<li>Bei Abmeldung des Teilnehmers 14 Tage vor Kursbeginn oder fr\u00fcher erstatten wir 75% der Kursgeb\u00fchren.<\/li>\n<li>Bei mehr als vier Wochen vor Beginn des Seminars berechnen wir 5% Bearbeitungsgeb\u00fchr.<\/li>\n<\/ul>\n<h3>Absage des Seminars durch World of Folk<\/h3>\n<p>Durch besondere Umst\u00e4nde oder bei Nichtereichen der Mindesteilnehmerzahl f\u00fcr ein Seminar behalten wir uns das Recht vor, den Termin sp\u00e4testens 7 Tage zuvor abzusagen. Muss ausnahmsweise ein Seminar abgesagt werden, wird die bezahlte Teilnahmegeb\u00fchr unverz\u00fcglich erstattet. Weitergehende Haftungs- und Schadensersatzanspr\u00fcche sind ausgeschlossen.<\/p>\n<\/div>\n<\/div>\n<\/div>\n<\/div>\n","protected":false},"excerpt":{"rendered":"<p>&#8220;Seminar&#8221; ist hier gleichbedeutend zu &#8220;Workshop&#8221;, &#8220;Kurs&#8221;, &#8220;Schulung&#8221; oder sonstigen Veranstaltungen, bei denen Kenntnisse und\/oder F\u00e4higkeiten vermittelt werden. Mit &#8220;Buchung&#8221; oder &#8220;Anmeldung&#8221; ist gemeint, die Teilnahme an einem Seminar gegen Zahlung des angegebenen Betrags kund zu tun. Buchungen werden ausschlie\u00dflich schriftlich per E-Mail, Brief oder \u00fcber unseren Webshop akzeptiert. Best\u00e4tigung einer Buchung Als Best\u00e4tigung einer [&hellip;]<\/p>\n","protected":false},"author":1,"featured_media":0,"parent":0,"menu_order":0,"comment_status":"closed","ping_status":"closed","template":"","meta":{"footnotes":""},"class_list":["post-539","page","type-page","status-publish","hentry"],"_links":{"self":[{"href":"https:\/\/folk.world\/de\/wp-json\/wp\/v2\/pages\/539","targetHints":{"allow":["GET"]}}],"collection":[{"href":"https:\/\/folk.world\/de\/wp-json\/wp\/v2\/pages"}],"about":[{"href":"https:\/\/folk.world\/de\/wp-json\/wp\/v2\/types\/page"}],"author":[{"embeddable":true,"href":"https:\/\/folk.world\/de\/wp-json\/wp\/v2\/users\/1"}],"replies":[{"embeddable":true,"href":"https:\/\/folk.world\/de\/wp-json\/wp\/v2\/comments?post=539"}],"version-history":[{"count":1,"href":"https:\/\/folk.world\/de\/wp-json\/wp\/v2\/pages\/539\/revisions"}],"predecessor-version":[{"id":540,"href":"https:\/\/folk.world\/de\/wp-json\/wp\/v2\/pages\/539\/revisions\/540"}],"wp:attachment":[{"href":"https:\/\/folk.world\/de\/wp-json\/wp\/v2\/media?parent=539"}],"curies":[{"name":"wp","href":"https:\/\/api.w.org\/{rel}","templated":true}]}}