{"id":58,"date":"2017-07-14T07:00:22","date_gmt":"2017-07-14T07:00:22","guid":{"rendered":"http:\/\/folkworld.apps-1and1.net\/?page_id=58"},"modified":"2021-06-10T00:10:03","modified_gmt":"2021-06-09T22:10:03","slug":"welcome","status":"publish","type":"page","link":"https:\/\/folk.world\/de\/","title":{"rendered":"Mittelalter Dudelsack lernen, Sackpfeife mieten &#038; mehr&#8230;"},"content":{"rendered":"\n<h2 class=\"wp-block-heading\">Willkommen bei Folk.World<\/h2>\n\n\n\n<p>Bei Folk.World dreht sich alles um das Thema Folkmusik. Hier kannst Du im folkBlog die neuesten Rezensionen zu Alben und Konzerten lesen, Dich \u00fcber die vielen verschiedenen Folk-Str\u00f6mungen informieren und sogar einen schottischen Dudelsack oder Mittelalter Dudelsack als \u00dcbungsinstrument  kaufen oder mieten. Folk.World ist die f\u00fchrende deutschsprachige Quelle f\u00fcr Folk-Begeisterte.<\/p>\n\n\n\n<h2 class=\"wp-block-heading\">Folk-Musik zum Mitmachen<\/h2>\n\n\n\n<p>Folk.World gibt es seit 2013. Das Online-Magazin berichtet vor allem \u00fcber die Folk-Szene in Deutschland, Frankreich und Gro\u00dfbritannien. Neben Rezensionen, Artikeln und News \u00fcber Deine Lieblingsbands und -k\u00fcnstler findest Du hier auch ein umfassendes Angebot an Serviceleistungen. Du kannst \u00fcber Folk.World einen Dudelsack mieten oder kaufen und mit den vielen tollen Lehrb\u00fcchern Deinem Instrument die ersten Melodien entlocken.<\/p>\n\n\n<div data-align-buttons=\"true\" data-block-name=\"woocommerce\/handpicked-products\" data-content-visibility=\"{&quot;title&quot;:true,&quot;price&quot;:true,&quot;rating&quot;:false,&quot;button&quot;:true}\" data-edit-mode=\"false\" data-orderby=\"menu_order\" data-products=\"[4194,1812,14823]\" class=\"wc-block-grid wp-block-handpicked-products wp-block-woocommerce-handpicked-products wc-block-handpicked-products has-3-columns has-multiple-rows has-aligned-buttons\"><ul class=\"wc-block-grid__products\"><li class=\"wc-block-grid__product\">\n\t\t\t\t<a href=\"https:\/\/folk.world\/de\/s\/german-smallpipe\/german-smallpipe\/\" class=\"wc-block-grid__product-link\">\n\t\t\t\t\t\n\t\t\t\t\t<div class=\"wc-block-grid__product-image\"><img loading=\"lazy\" decoding=\"async\" width=\"324\" height=\"324\" src=\"https:\/\/folk.world\/wp-content\/uploads\/2018\/08\/\u00fcbungssack_freigestellt-800x800-trans-324x324.png\" class=\"attachment-woocommerce_thumbnail size-woocommerce_thumbnail\" alt=\"&quot;German Smallpipe&quot; als eines unserer Dudelsack Schulmodelle f\u00fcr den Marktsack\" srcset=\"https:\/\/folk.world\/wp-content\/uploads\/2018\/08\/\u00fcbungssack_freigestellt-800x800-trans-324x324.png 324w, https:\/\/folk.world\/wp-content\/uploads\/2018\/08\/\u00fcbungssack_freigestellt-800x800-trans-100x100.png 100w, https:\/\/folk.world\/wp-content\/uploads\/2018\/08\/\u00fcbungssack_freigestellt-800x800-trans-416x416.png 416w, https:\/\/folk.world\/wp-content\/uploads\/2018\/08\/\u00fcbungssack_freigestellt-800x800-trans-150x150.png 150w, https:\/\/folk.world\/wp-content\/uploads\/2018\/08\/\u00fcbungssack_freigestellt-800x800-trans-300x300.png 300w, https:\/\/folk.world\/wp-content\/uploads\/2018\/08\/\u00fcbungssack_freigestellt-800x800-trans-768x768.png 768w, https:\/\/folk.world\/wp-content\/uploads\/2018\/08\/\u00fcbungssack_freigestellt-800x800-trans.png 800w\" sizes=\"auto, (max-width: 324px) 100vw, 324px\" title=\"\"><\/div>\n\t\t\t\t\t<div class=\"wc-block-grid__product-title\">German Smallpipe<\/div>\n\t\t\t\t<\/a>\n\t\t\t\t<div class=\"wc-block-grid__product-price price\">\t\t<span class=\"tiered-pricing-dynamic-price-wrapper\" data-display-context=\"shop-loop\" data-price-type=\"no-rules\" data-product-id=\"4194\" data-parent-id=\"4194\">\n\t\t\t<span class=\"woocommerce-Price-amount amount\">699,00&nbsp;<span class=\"woocommerce-Price-currencySymbol\">&euro;<\/span><\/span> <small class=\"woocommerce-price-suffix\">inkl. Mwst.<\/small><\/span><\/div>\n\t\t<div class=\"wgm-info woocommerce-de_price_taxrate \"><\/div>\n\t\t<div class=\"wgm-info woocommerce_de_versandkosten\">zzgl. <a class=\"versandkosten\" href=\"https:\/\/folk.world\/de\/versand__lieferung\/\" target=\"_blank\">Versand<\/a><\/div>\n\t\t\t\t\n\t\t\t\t<div class=\"wp-block-button wc-block-grid__product-add-to-cart\"><a href=\"https:\/\/folk.world\/de\/s\/german-smallpipe\/german-smallpipe\/\" aria-label=\"Lese mehr \u00fcber &#8222;German Smallpipe&#8220;\" data-quantity=\"1\" data-product_id=\"4194\" data-product_sku=\"2158\" data-price=\"699\" rel=\"nofollow\" class=\"wp-block-button__link  add_to_cart_button\">Weiterlesen<\/a><\/div>\n\t\t\t<\/li><li class=\"wc-block-grid__product\">\n\t\t\t\t<a href=\"https:\/\/folk.world\/de\/s\/wee-pipe\/wee-pipe-schottisch\/\" class=\"wc-block-grid__product-link\">\n\t\t\t\t\t\n\t\t\t\t\t<div class=\"wc-block-grid__product-image\"><img loading=\"lazy\" decoding=\"async\" width=\"324\" height=\"324\" src=\"https:\/\/folk.world\/wp-content\/uploads\/2017\/12\/B_6898-square-alpha-324x324.png\" class=\"attachment-woocommerce_thumbnail size-woocommerce_thumbnail\" alt=\"Wee-Pipe mittelalterlich\/schottisch\" srcset=\"https:\/\/folk.world\/wp-content\/uploads\/2017\/12\/B_6898-square-alpha-324x324.png 324w, https:\/\/folk.world\/wp-content\/uploads\/2017\/12\/B_6898-square-alpha-100x100.png 100w, https:\/\/folk.world\/wp-content\/uploads\/2017\/12\/B_6898-square-alpha-416x416.png 416w, https:\/\/folk.world\/wp-content\/uploads\/2017\/12\/B_6898-square-alpha-150x150.png 150w, https:\/\/folk.world\/wp-content\/uploads\/2017\/12\/B_6898-square-alpha-300x300.png 300w, https:\/\/folk.world\/wp-content\/uploads\/2017\/12\/B_6898-square-alpha-768x768.png 768w, https:\/\/folk.world\/wp-content\/uploads\/2017\/12\/B_6898-square-alpha-1024x1024.png 1024w, https:\/\/folk.world\/wp-content\/uploads\/2017\/12\/B_6898-square-alpha.png 1534w\" sizes=\"auto, (max-width: 324px) 100vw, 324px\" title=\"\"><\/div>\n\t\t\t\t\t<div class=\"wc-block-grid__product-title\">Wee-Pipe schottisch<\/div>\n\t\t\t\t<\/a>\n\t\t\t\t<div class=\"wc-block-grid__product-price price\">\t\t<span class=\"tiered-pricing-dynamic-price-wrapper\" data-display-context=\"shop-loop\" data-price-type=\"no-rules\" data-product-id=\"1812\" data-parent-id=\"1812\">\n\t\t\t<span class=\"woocommerce-Price-amount amount\">690,00&nbsp;<span class=\"woocommerce-Price-currencySymbol\">&euro;<\/span><\/span> <small class=\"woocommerce-price-suffix\">inkl. Mwst.<\/small><\/span><\/div>\n\t\t<div class=\"wgm-info woocommerce-de_price_taxrate \"><\/div>\n\t\t<div class=\"wgm-info woocommerce_de_versandkosten\">zzgl. <a class=\"versandkosten\" href=\"https:\/\/folk.world\/de\/versand__lieferung\/\" target=\"_blank\">Versand<\/a><\/div>\n\t\t\t\t\n\t\t\t\t<div class=\"wp-block-button wc-block-grid__product-add-to-cart\"><a href=\"https:\/\/folk.world\/de\/s\/wee-pipe\/wee-pipe-schottisch\/\" aria-label=\"Lese mehr \u00fcber &#8222;Wee-Pipe schottisch&#8220;\" data-quantity=\"1\" data-product_id=\"1812\" data-product_sku=\"wpghba\" data-price=\"690\" rel=\"nofollow\" class=\"wp-block-button__link  add_to_cart_button\">Weiterlesen<\/a><\/div>\n\t\t\t<\/li><li class=\"wc-block-grid__product\">\n\t\t\t\t<a href=\"https:\/\/folk.world\/de\/s\/german-smallpipe\/lehrwerk-gsp\/lehr-dvd-druckhalte-technik-auf-dem-dudelsack-fuer-anfaenger-fortgeschrittene\/\" class=\"wc-block-grid__product-link\">\n\t\t\t\t\t\n\t\t\t\t\t<div class=\"wc-block-grid__product-image\"><img loading=\"lazy\" decoding=\"async\" width=\"324\" height=\"324\" src=\"https:\/\/folk.world\/wp-content\/uploads\/2020\/11\/Lehr-DVD-Titel-324x324.png\" class=\"attachment-woocommerce_thumbnail size-woocommerce_thumbnail\" alt=\"Cover R\u00fcckseite &quot;Lehr-DVD: Druckhalte-Technik auf dem Dudelsack - f\u00fcr Anf\u00e4nger &amp; Fortgeschrittene&quot;\" srcset=\"https:\/\/folk.world\/wp-content\/uploads\/2020\/11\/Lehr-DVD-Titel-324x324.png 324w, https:\/\/folk.world\/wp-content\/uploads\/2020\/11\/Lehr-DVD-Titel-300x300.png 300w, https:\/\/folk.world\/wp-content\/uploads\/2020\/11\/Lehr-DVD-Titel-1024x1024.png 1024w, https:\/\/folk.world\/wp-content\/uploads\/2020\/11\/Lehr-DVD-Titel-150x150.png 150w, https:\/\/folk.world\/wp-content\/uploads\/2020\/11\/Lehr-DVD-Titel-768x768.png 768w, https:\/\/folk.world\/wp-content\/uploads\/2020\/11\/Lehr-DVD-Titel-1536x1536.png 1536w, https:\/\/folk.world\/wp-content\/uploads\/2020\/11\/Lehr-DVD-Titel-416x416.png 416w, https:\/\/folk.world\/wp-content\/uploads\/2020\/11\/Lehr-DVD-Titel-100x100.png 100w, https:\/\/folk.world\/wp-content\/uploads\/2020\/11\/Lehr-DVD-Titel.png 2048w\" sizes=\"auto, (max-width: 324px) 100vw, 324px\" title=\"\"><\/div>\n\t\t\t\t\t<div class=\"wc-block-grid__product-title\">Lehr-DVD: Druckhaltetechnik auf dem Dudelsack &#8211; f\u00fcr Anf\u00e4nger &amp; Fortgeschrittene<\/div>\n\t\t\t\t<\/a>\n\t\t\t\t<div class=\"wc-block-grid__product-price price\">\t\t<span class=\"tiered-pricing-dynamic-price-wrapper\" data-display-context=\"shop-loop\" data-price-type=\"no-rules\" data-product-id=\"14823\" data-parent-id=\"14823\">\n\t\t\t<span class=\"woocommerce-Price-amount amount\">35,00&nbsp;<span class=\"woocommerce-Price-currencySymbol\">&euro;<\/span><\/span> <small class=\"woocommerce-price-suffix\">inkl. Mwst.<\/small><\/span><\/div>\n\t\t<div class=\"wgm-info woocommerce-de_price_taxrate \"><\/div>\n\t\t<div class=\"wgm-info woocommerce_de_versandkosten\">zzgl. <a class=\"versandkosten\" href=\"https:\/\/folk.world\/de\/versand__lieferung\/\" target=\"_blank\">Versand<\/a><\/div>\n\t\t\t\t\n\t\t\t\t<div class=\"wp-block-button wc-block-grid__product-add-to-cart\"><a href=\"https:\/\/folk.world\/de\/s\/german-smallpipe\/lehrwerk-gsp\/lehr-dvd-druckhalte-technik-auf-dem-dudelsack-fuer-anfaenger-fortgeschrittene\/\" aria-label=\"Lese mehr \u00fcber &#8222;Lehr-DVD: Druckhaltetechnik auf dem Dudelsack - f\u00fcr Anf\u00e4nger &amp; Fortgeschrittene&#8220;\" data-quantity=\"1\" data-product_id=\"14823\" data-product_sku=\"dvd-druck\" data-price=\"35\" rel=\"nofollow\" class=\"wp-block-button__link  add_to_cart_button\">Weiterlesen<\/a><\/div>\n\t\t\t<\/li><\/ul><\/div>\n\n\n<div class=\"wp-block-buttons is-layout-flex wp-block-buttons-is-layout-flex\">\n<div class=\"wp-block-button\"><a class=\"wp-block-button__link has-text-color has-background\" href=\"https:\/\/folk.world\/de\/folkpipe\/\" style=\"background-color:#ffa500;color:#ffffff\">Dudelsack kennenlernen&#8230;<\/a><\/div>\n<\/div>\n\n\n\n<h2 class=\"wp-block-heading\">Was macht Folk-Musik so besonders?<\/h2>\n\n\n\n<p>Folk-Musik ist Musik, die zum Mitmachen anregt. Genau genommen handelt es sich hierbei um die traditionelle Volksmusik der V\u00f6lker Europas, jedoch in abgewandelter Form. Im engeren Sinne sind vor allem die Musikrichtungen aus Irland, Schottland, Flandern und der Bretagne gemeint. Das Genre umfasst aber auch die Marktsackmusik, deren Urspr\u00fcnge interessanterweise in Deutschland liegen. Viele Bands benutzen Elemente der Folk-Musik in ihren Songs, um einen einzigartigen Sound zu kreieren. Immer wieder ist von Rap-Bands die Rede, die ihren Songs mit Fl\u00f6ten und Dudels\u00e4cken einen individuellen Charakter verleihen. Seit Bob Dylans &#8220;elektrischem&#8221; Auftritt beim Newport Folk Festival im Jahr 1965 sind die Grenzen zwischen Rock und Folk flie\u00dfend. Somit bietet Folk vielen Musikern die M\u00f6glichkeit, neue musikalische Wege zu gehen und ihre Kompositionen durch ungew\u00f6hnliche Instrumente anzureichern.<\/p>\n\n\n\n<h2 class=\"wp-block-heading\">Was gibt es bei Folk.World zu entdecken?<\/h2>\n\n\n\n<p>Folk.World ist in vier verschiedene Rubriken eingeteilt. In der Rubrik folkBlog kannst Du Dich \u00fcber neue Releases informieren und Rezensionen zu Alben und Konzerten lesen. Au\u00dferdem erfahren Leser Interessantes zur Geschichte und zu den Traditionen der Folk-Musik in verschiedenen L\u00e4ndern.<\/p>\n\n\n<ul class=\"wp-block-latest-posts__list is-grid columns-3 alignleft wp-block-latest-posts\"><li><div class=\"wp-block-latest-posts__featured-image aligncenter\"><a href=\"https:\/\/folk.world\/de\/blog\/2024\/02\/19\/verlagstransformation-tradition-trifft-innovation\/\"><img loading=\"lazy\" decoding=\"async\" width=\"225\" height=\"300\" src=\"https:\/\/folk.world\/wp-content\/uploads\/2024\/02\/IMG_6879-225x300.jpeg\" class=\"attachment-medium size-medium wp-post-image\" alt=\"-\" style=\"\" srcset=\"https:\/\/folk.world\/wp-content\/uploads\/2024\/02\/IMG_6879-225x300.jpeg 225w, https:\/\/folk.world\/wp-content\/uploads\/2024\/02\/IMG_6879-768x1024.jpeg 768w, https:\/\/folk.world\/wp-content\/uploads\/2024\/02\/IMG_6879-1152x1536.jpeg 1152w, https:\/\/folk.world\/wp-content\/uploads\/2024\/02\/IMG_6879-1536x2048.jpeg 1536w, https:\/\/folk.world\/wp-content\/uploads\/2024\/02\/IMG_6879-324x432.jpeg 324w, https:\/\/folk.world\/wp-content\/uploads\/2024\/02\/IMG_6879-416x555.jpeg 416w, https:\/\/folk.world\/wp-content\/uploads\/2024\/02\/IMG_6879-64x85.jpeg 64w, https:\/\/folk.world\/wp-content\/uploads\/2024\/02\/IMG_6879-scaled.jpeg 1920w\" sizes=\"auto, (max-width: 225px) 100vw, 225px\" title=\"\"><\/a><\/div><a class=\"wp-block-latest-posts__post-title\" href=\"https:\/\/folk.world\/de\/blog\/2024\/02\/19\/verlagstransformation-tradition-trifft-innovation\/\">Verlagstransformation: Tradition trifft Innovation<\/a><div class=\"wp-block-latest-posts__post-excerpt\">Seit der \u00dcbernahme durch Folk.World vor zwei Jahren fragen sich viele: Was geschieht mit dem traditionsreichen Verlag der Spielleute? Heute brechen wir das Schweigen und laden Dich ein, hinter die Kulissen zu\u2026\u00a0<a class=\"wp-block-latest-posts__read-more\" href=\"https:\/\/folk.world\/de\/blog\/2024\/02\/19\/verlagstransformation-tradition-trifft-innovation\/\" rel=\"noopener noreferrer\"><span class=\"screen-reader-text\">Verlagstransformation: Tradition trifft Innovation <\/span>weiterlesen<\/a><\/div><\/li>\n<li><div class=\"wp-block-latest-posts__featured-image aligncenter\"><a href=\"https:\/\/folk.world\/de\/blog\/2023\/11\/21\/bewirb-dich-jetzt-deine-chance-im-jugendfolkorchester\/\"><img loading=\"lazy\" decoding=\"async\" width=\"300\" height=\"300\" src=\"https:\/\/folk.world\/wp-content\/uploads\/2023\/11\/JFO_Logo_square-300x300.jpg\" class=\"attachment-medium size-medium wp-post-image\" alt=\"-\" style=\"\" srcset=\"https:\/\/folk.world\/wp-content\/uploads\/2023\/11\/JFO_Logo_square-300x300.jpg 300w, https:\/\/folk.world\/wp-content\/uploads\/2023\/11\/JFO_Logo_square-1024x1024.jpg 1024w, https:\/\/folk.world\/wp-content\/uploads\/2023\/11\/JFO_Logo_square-150x150.jpg 150w, https:\/\/folk.world\/wp-content\/uploads\/2023\/11\/JFO_Logo_square-768x768.jpg 768w, https:\/\/folk.world\/wp-content\/uploads\/2023\/11\/JFO_Logo_square-1536x1536.jpg 1536w, https:\/\/folk.world\/wp-content\/uploads\/2023\/11\/JFO_Logo_square-324x324.jpg 324w, https:\/\/folk.world\/wp-content\/uploads\/2023\/11\/JFO_Logo_square-416x416.jpg 416w, https:\/\/folk.world\/wp-content\/uploads\/2023\/11\/JFO_Logo_square-100x100.jpg 100w, https:\/\/folk.world\/wp-content\/uploads\/2023\/11\/JFO_Logo_square-64x64.jpg 64w, https:\/\/folk.world\/wp-content\/uploads\/2023\/11\/JFO_Logo_square.jpg 1920w\" sizes=\"auto, (max-width: 300px) 100vw, 300px\" title=\"\"><\/a><\/div><a class=\"wp-block-latest-posts__post-title\" href=\"https:\/\/folk.world\/de\/blog\/2023\/11\/21\/bewirb-dich-jetzt-deine-chance-im-jugendfolkorchester\/\">Bewirb Dich jetzt: Deine Chance im Jugendfolkorchester<\/a><div class=\"wp-block-latest-posts__post-excerpt\">Musikbegeisterte Jugendliche und junge Erwachsene, aufgepasst! Im Juli 2024 erleben wir die Premiere des Jugendfolkorchester Deutschland (JFO), ein ambitioniertes Projekt von Profolk e.V., das jungen Talenten eine einzigartige B\u00fchne bietet. Was ist\u2026\u00a0<a class=\"wp-block-latest-posts__read-more\" href=\"https:\/\/folk.world\/de\/blog\/2023\/11\/21\/bewirb-dich-jetzt-deine-chance-im-jugendfolkorchester\/\" rel=\"noopener noreferrer\"><span class=\"screen-reader-text\">Bewirb Dich jetzt: Deine Chance im Jugendfolkorchester <\/span>weiterlesen<\/a><\/div><\/li>\n<li><div class=\"wp-block-latest-posts__featured-image aligncenter\"><a href=\"https:\/\/folk.world\/de\/blog\/2023\/10\/07\/die-drehleier-feinabstimmung-und-wartung-wieder-erhaeltlich\/\"><img loading=\"lazy\" decoding=\"async\" width=\"300\" height=\"300\" src=\"https:\/\/folk.world\/wp-content\/uploads\/2023\/10\/CONTENT-DFW-2023_OCR_Seite_19-300x300.jpg\" class=\"attachment-medium size-medium wp-post-image\" alt=\"-\" style=\"\" srcset=\"https:\/\/folk.world\/wp-content\/uploads\/2023\/10\/CONTENT-DFW-2023_OCR_Seite_19-300x300.jpg 300w, https:\/\/folk.world\/wp-content\/uploads\/2023\/10\/CONTENT-DFW-2023_OCR_Seite_19-1024x1024.jpg 1024w, https:\/\/folk.world\/wp-content\/uploads\/2023\/10\/CONTENT-DFW-2023_OCR_Seite_19-150x150.jpg 150w, https:\/\/folk.world\/wp-content\/uploads\/2023\/10\/CONTENT-DFW-2023_OCR_Seite_19-768x768.jpg 768w, https:\/\/folk.world\/wp-content\/uploads\/2023\/10\/CONTENT-DFW-2023_OCR_Seite_19-324x324.jpg 324w, https:\/\/folk.world\/wp-content\/uploads\/2023\/10\/CONTENT-DFW-2023_OCR_Seite_19-416x416.jpg 416w, https:\/\/folk.world\/wp-content\/uploads\/2023\/10\/CONTENT-DFW-2023_OCR_Seite_19-100x100.jpg 100w, https:\/\/folk.world\/wp-content\/uploads\/2023\/10\/CONTENT-DFW-2023_OCR_Seite_19-64x64.jpg 64w, https:\/\/folk.world\/wp-content\/uploads\/2023\/10\/CONTENT-DFW-2023_OCR_Seite_19.jpg 1178w\" sizes=\"auto, (max-width: 300px) 100vw, 300px\" title=\"\"><\/a><\/div><a class=\"wp-block-latest-posts__post-title\" href=\"https:\/\/folk.world\/de\/blog\/2023\/10\/07\/die-drehleier-feinabstimmung-und-wartung-wieder-erhaeltlich\/\">&#8220;Die Drehleier: Feinabstimmung und Wartung&#8221; wieder erh\u00e4ltlich!<\/a><div class=\"wp-block-latest-posts__post-excerpt\">Das Buch &#8220;Die Drehleier \u2013 Feinabstimmung und Wartung&#8221; ist ab sofort wieder verf\u00fcgbar und bereit, dir dabei zu helfen, dein Drehleierspiel auf das n\u00e4chste Level zu heben. Was macht dieses Buch besonders?\u2026\u00a0<a class=\"wp-block-latest-posts__read-more\" href=\"https:\/\/folk.world\/de\/blog\/2023\/10\/07\/die-drehleier-feinabstimmung-und-wartung-wieder-erhaeltlich\/\" rel=\"noopener noreferrer\"><span class=\"screen-reader-text\">&#8220;Die Drehleier: Feinabstimmung und Wartung&#8221; wieder erh\u00e4ltlich! <\/span>weiterlesen<\/a><\/div><\/li>\n<\/ul>\n\n\n<p>Die Rubriken folkPipe und folkVoice widmen sich dem Dudelsackspielen beziehungsweise dem Folk-Gesang. Hier findest Du Lehrb\u00fccher sowie wichtige Tipps und Tricks, um Deine Technik zu verbessern. In der Rubrik &#8220;Rent an instrument&#8221; erf\u00e4hrst Du, wie man bei Folk.World einen Dudelsack kaufen oder mieten kann.<\/p>\n\n\n\n<div class=\"wp-block-buttons is-layout-flex wp-block-buttons-is-layout-flex\">\n<div class=\"wp-block-button\"><a class=\"wp-block-button__link has-text-color has-background\" href=\"https:\/\/folk.world\/de\/folkblog\/\" style=\"border-radius:5px;background-color:#ffa500;color:#ffffff\">Folkmusik nachlesen&#8230;<\/a><\/div>\n<\/div>\n\n\n\n<h2 class=\"wp-block-heading\">Gemeinsam mit Folk.World Sackpfeife spielen lernen<\/h2>\n\n\n\n<p>Wenn Du Dudelsack spielen lernen m\u00f6chtest, kannst Du dies gemeinsam mit Folk.World tun. Du kannst eine German Smallpipe oder eine Wee Pipe kaufen &#8211; je nachdem, welche Art von Musik Du spielen m\u00f6chtest. Die German Smallpipe ist ein Mittelalter Dudelsack und eignet sich f\u00fcr das Spielen von Marktsackmusik. Die Wee Pipe hingegen ist eine Art Vorstufe zur Great Highland Pipe, dem traditionellen schottischen Dudelsack. Beide Dudels\u00e4cke sind sowohl f\u00fcr Anf\u00e4nger als auch f\u00fcr Profimusiker geeignet. Wer Dudelsack lernen m\u00f6chte, holt sich bei Folk.World das entsprechende Lehrbuch gleich dazu.<\/p>\n\n\n\n<h2 class=\"wp-block-heading\">Mittelalter Dudelsack oder schottischer Dudelsack?<\/h2>\n\n\n\n<p>Beide Dudels\u00e4cke sind feste Bestandteile der Folk-Musik und haben einen charakteristischen Klang. Viele Folk-Musiker setzen einen Mittelalter Dudelsack oder einen schottischen Dudelsack ein, um ihre Songs facettenreicher zu machen. Mit den Instrumenten von Folk.World kannst Du problemlos das Dudelsackspielen erlernen. Die Instrumente werden auch zum Mietkauf angeboten, sodass Du Deinen Dudelsack nach einer maximalen Vertragslaufzeit von 24 Monaten bereits abbezahlt hast.<\/p>\n\n\n\n<h2 class=\"wp-block-heading\">Immer auf dem Laufenden bleiben<\/h2>\n\n\n\n<p>Folk.World ist selbstverst\u00e4ndlich auch in den sozialen Netzwerken unterwegs und verw\u00f6hnt seine Leser mit coolen Storys und regelm\u00e4\u00dfigen News aus der Folkszene. Folge Folk.World auf Facebook, Instagram, Twitter, Pinterest, YouTube und Flickr oder abonniere den Newsletter. Im folkBlog wirfst Du einen Blick hinter die Kulissen und lernst neue und etablierte Bands kennen.<\/p>\n\n\n\n<p>Folk.World ist das f\u00fchrende deutschsprachige Online-Magazin \u00fcber Folk-Musik. Hier erfahren Folk-Fans nicht nur News aus der Folkszene, sondern k\u00f6nnen auch einen Dudelsack kaufen und sich viele tolle Tipps zum Dudelsackspielen holen. Kaufe oder miete einen schottischen Dudelsack oder einen Mittelalter Dudelsack und beginne noch heute mit dem Erlernen des Dudelsacks. Folge Folk.World auf Social Media, um informiert zu bleiben.<\/p>\n","protected":false},"excerpt":{"rendered":"<p>Willkommen bei Folk.World Bei Folk.World dreht sich alles um das Thema Folkmusik. Hier kannst Du im folkBlog die neuesten Rezensionen zu Alben und Konzerten lesen, Dich \u00fcber die vielen verschiedenen Folk-Str\u00f6mungen informieren und sogar einen schottischen Dudelsack oder Mittelalter Dudelsack als \u00dcbungsinstrument kaufen oder mieten. Folk.World ist die f\u00fchrende deutschsprachige Quelle f\u00fcr Folk-Begeisterte. Folk-Musik zum [&hellip;]<\/p>\n","protected":false},"author":1,"featured_media":4313,"parent":0,"menu_order":0,"comment_status":"closed","ping_status":"closed","template":"","meta":{"footnotes":""},"class_list":["post-58","page","type-page","status-publish","has-post-thumbnail","hentry"],"_links":{"self":[{"href":"https:\/\/folk.world\/de\/wp-json\/wp\/v2\/pages\/58","targetHints":{"allow":["GET"]}}],"collection":[{"href":"https:\/\/folk.world\/de\/wp-json\/wp\/v2\/pages"}],"about":[{"href":"https:\/\/folk.world\/de\/wp-json\/wp\/v2\/types\/page"}],"author":[{"embeddable":true,"href":"https:\/\/folk.world\/de\/wp-json\/wp\/v2\/users\/1"}],"replies":[{"embeddable":true,"href":"https:\/\/folk.world\/de\/wp-json\/wp\/v2\/comments?post=58"}],"version-history":[{"count":106,"href":"https:\/\/folk.world\/de\/wp-json\/wp\/v2\/pages\/58\/revisions"}],"predecessor-version":[{"id":15407,"href":"https:\/\/folk.world\/de\/wp-json\/wp\/v2\/pages\/58\/revisions\/15407"}],"wp:featuredmedia":[{"embeddable":true,"href":"https:\/\/folk.world\/de\/wp-json\/wp\/v2\/media\/4313"}],"wp:attachment":[{"href":"https:\/\/folk.world\/de\/wp-json\/wp\/v2\/media?parent=58"}],"curies":[{"name":"wp","href":"https:\/\/api.w.org\/{rel}","templated":true}]}}