{"id":693,"date":"2015-03-28T21:53:38","date_gmt":"2015-03-28T20:53:38","guid":{"rendered":"https:\/\/worldoffolk.wordpress.com\/?page_id=693"},"modified":"2020-01-10T11:48:47","modified_gmt":"2020-01-10T10:48:47","slug":"autor-werden","status":"publish","type":"page","link":"https:\/\/folk.world\/de\/autor-werden\/","title":{"rendered":"Autor werden!"},"content":{"rendered":"\n<div class=\"wp-block-image is-style-circle-mask\"><figure class=\"alignright\"><img loading=\"lazy\" decoding=\"async\" width=\"300\" height=\"300\" src=\"https:\/\/folk.world\/wp-content\/uploads\/2018\/11\/12611487_quadrat_600px-300x300.jpg\" alt=\"Tinte und Feder auf altem Pergament\" class=\"wp-image-5000\" title=\"\" srcset=\"https:\/\/folk.world\/wp-content\/uploads\/2018\/11\/12611487_quadrat_600px-300x300.jpg 300w, https:\/\/folk.world\/wp-content\/uploads\/2018\/11\/12611487_quadrat_600px-324x324.jpg 324w, https:\/\/folk.world\/wp-content\/uploads\/2018\/11\/12611487_quadrat_600px-100x100.jpg 100w, https:\/\/folk.world\/wp-content\/uploads\/2018\/11\/12611487_quadrat_600px-416x416.jpg 416w, https:\/\/folk.world\/wp-content\/uploads\/2018\/11\/12611487_quadrat_600px-150x150.jpg 150w, https:\/\/folk.world\/wp-content\/uploads\/2018\/11\/12611487_quadrat_600px.jpg 600w\" sizes=\"auto, (max-width: 300px) 100vw, 300px\" \/><\/figure><\/div>\n\n\n\n<p>Folk.World sucht Verst\u00e4rkung f\u00fcr den Blog! Werde Folk-Autor und teile Deine Berichte, Beitr\u00e4ge, Rezensionen oder Kolumnen mit unseren<strong> \u00fcber 1000 Fans<\/strong>. Jeder neue Beitrag wird \u00fcber unseren Newsletter verschickt und bei Facebook und Twitter gepostet.<\/p>\n\n\n\n<p>Auf ehrenamtlicher Basis suchen wir Autoren, Enthusiasten, Infosammler und begeisterte Schreiberlinge rund um das Thema Folk.<\/p>\n\n\n\n<ul class=\"wp-block-list\"><li>Du warst auf einem Festival wie dem Tanz- und Folk-Festival Rudolstadt oder auf Zusammenk\u00fcnften aus Folkmusikern, wie dem Winneweh oder Klangrauschtreffen?<\/li><li>Du begeisterst Dich f\u00fcr Mittelalter-Folk oder Bluegras, Chansons oder Liedermacher?<\/li><li>Du spielst leidenschaftlich gerne Drehleier, Didgeridoo, Maultrommel oder Harfe?<\/li><\/ul>\n\n\n\n<p>Teile mit der Welt Deine Erfahrungen, Erlebnisse, K\u00f6nnen oder Veranstaltungstipps auf dem Folk.World Blog.<\/p>\n\n\n\n<p><strong>Wenn Du mitmachen m\u00f6chtest, schreibe uns einen Beispiel-Beitrag, der gerne auch Fotos oder Videos enthalten darf, an <a href=\"mailto:mail@folk.world\">mail@folk.world<\/a>.<\/strong><\/p>\n\n\n\n<p>Wir melden uns umgehend bei Dir und kl\u00e4ren die Details. Deinen ersten Beitrag werden wir mit Deiner Zustimmung gerne schon ver\u00f6ffentlichen.<\/p>\n\n\n\n<p>Wir freuen uns auf Dich!<\/p>\n","protected":false},"excerpt":{"rendered":"<p>Folk.World sucht Verst\u00e4rkung f\u00fcr den Blog! Werde Folk-Autor und teile Deine Berichte, Beitr\u00e4ge, Rezensionen oder Kolumnen mit unseren \u00fcber 1000 Fans. Jeder neue Beitrag wird \u00fcber unseren Newsletter verschickt und bei Facebook und Twitter gepostet. Auf ehrenamtlicher Basis suchen wir Autoren, Enthusiasten, Infosammler und begeisterte Schreiberlinge rund um das Thema Folk. Du warst auf einem [&hellip;]<\/p>\n","protected":false},"author":1,"featured_media":0,"parent":0,"menu_order":0,"comment_status":"closed","ping_status":"open","template":"","meta":{"footnotes":""},"class_list":["post-693","page","type-page","status-publish","hentry"],"_links":{"self":[{"href":"https:\/\/folk.world\/de\/wp-json\/wp\/v2\/pages\/693","targetHints":{"allow":["GET"]}}],"collection":[{"href":"https:\/\/folk.world\/de\/wp-json\/wp\/v2\/pages"}],"about":[{"href":"https:\/\/folk.world\/de\/wp-json\/wp\/v2\/types\/page"}],"author":[{"embeddable":true,"href":"https:\/\/folk.world\/de\/wp-json\/wp\/v2\/users\/1"}],"replies":[{"embeddable":true,"href":"https:\/\/folk.world\/de\/wp-json\/wp\/v2\/comments?post=693"}],"version-history":[{"count":12,"href":"https:\/\/folk.world\/de\/wp-json\/wp\/v2\/pages\/693\/revisions"}],"predecessor-version":[{"id":15634,"href":"https:\/\/folk.world\/de\/wp-json\/wp\/v2\/pages\/693\/revisions\/15634"}],"wp:attachment":[{"href":"https:\/\/folk.world\/de\/wp-json\/wp\/v2\/media?parent=693"}],"curies":[{"name":"wp","href":"https:\/\/api.w.org\/{rel}","templated":true}]}}