{"id":14823,"date":"2020-11-17T20:45:50","date_gmt":"2020-11-17T19:45:50","guid":{"rendered":"https:\/\/folk.world\/?post_type=product&#038;p=14823"},"modified":"2024-09-25T19:31:18","modified_gmt":"2024-09-25T17:31:18","slug":"lehr-dvd-druckhalte-technik-auf-dem-dudelsack-fuer-anfaenger-fortgeschrittene","status":"publish","type":"product","link":"https:\/\/folk.world\/de\/s\/german-smallpipe\/lehrwerk-gsp\/lehr-dvd-druckhalte-technik-auf-dem-dudelsack-fuer-anfaenger-fortgeschrittene\/","title":{"rendered":"Lehr-DVD: Druckhaltetechnik auf dem Dudelsack &#8211; f\u00fcr Anf\u00e4nger &#038; Fortgeschrittene"},"content":{"rendered":"<p>Auf der DVD vermittelt Thomas Z\u00f6ller anschaulich eines der elementarsten Themen des Dudelsackspielens \u00fcberhaupt: Stabile Tonproduktion &#8211; die Basis f\u00fcr ein stimmbares und gut klingendes Instrument. <strong>In zwei seperat enthaltenen Filmen<\/strong> (jeweils einem f\u00fcr mund- und einen f\u00fcr\u00a0 balggeblasene Dudelsackformen) wird das daf\u00fcr notwendige Druckhalten Schritt f\u00fcr Schritt verst\u00e4ndlich erkl\u00e4rt.<\/p>\n<p>Mit fachlicher Beratung und zus\u00e4tzlichen Kommentaren zur Motorik und Atmung von Joachim Schiefer, Pr\u00e4sident der Gesellschaft f\u00fcr Dispokinesis nach G. O. van de Klashorst.<\/p>\n<p><iframe loading=\"lazy\" title=\"Druckhalte-Technik und Tonproduktion auf dem Dudelsack\" width=\"980\" height=\"551\" src=\"https:\/\/www.youtube.com\/embed\/o-MIwuRHfxs?feature=oembed\" frameborder=\"0\" allow=\"accelerometer; autoplay; clipboard-write; encrypted-media; gyroscope; picture-in-picture\" allowfullscreen><\/iframe><\/p>\n<p>Die DVD liefert antworten auf folgende Fragen:<\/p>\n<ul>\n<li>Warum ist die Druckhaltetechnik auf dem Dudelsack so wichtig?<\/li>\n<li>Welche physikalischen und instrumentalergonomischen Anforderungen stellt das Instrument an den Spieler?<\/li>\n<li>Was hat es mit dem Kontakt- bzw. Druckpunkt auf sich?<\/li>\n<li>Welche Rolle spielt die Atmung bzw der Blasebalg?<\/li>\n<li>Wie funktioniert der Druckhalte-Zyklus?<\/li>\n<li>Welche hemmenden Einfl\u00fcsse kann eine ungl\u00fcckliche Haltung bzw. Bewegungsvorstellung auf die Feinmotorik haben?<\/li>\n<li>Wie werden die notwendigen grobmotorischen Aspekte des Dudelsackspielens sinnvoll gel\u00f6st, ohne die Feinmotorik zu hemmen?<\/li>\n<\/ul>\n<p>Des Weiteren ist die DVD f\u00fcr Spieler von u.a. Borderpipe, mittelalterlicher Sackpfeife (Marktsack) und H\u00fcmmelchen geeignet. Au\u00dferdem finden sich auf der DVD grundlegende Hinweise zum K\u00f6rperbewusstsein, zum Umgang mit dem Blasebalg sowie Ratschl\u00e4ge zum Stimmen unter Einbeziehung der Obert\u00f6ne. Mit fachlicher Beratung und Kommentaren zur Motorik und Atmung von<br \/>\nJoachim Schiefer, Pr\u00e4sident der Gesellschaft f\u00fcr Dispokinesis nach G. O. van de Klashorst.<\/p>\n<p>Als besonderes Schmankerl kommt die DVD inklusive eines \u20ac 10,- Gutschein-Code zu einem der neuen Online-Kurse aus dem\u00a0Angebot der Dudelsack-Akademie unter: www.dudelsack-<br \/>\nakademie.online<\/p>\n<h2>\u00dcBER DEN AUTOR<\/h2>\n<p>Thomas Z\u00f6ller studierte von 2002-2005 als erster Deutscher und Festlandeurop\u00e4er schottische Musik mit dem Hauptfach Dudelsack (Great Highland Bagpipe) am k\u00f6niglichen Konservatorium, der Royal Scottish Academy of Music and Drama, sowie dem National Piping Centre in Glasgow, Schottland. Im Anschluss gr\u00fcndete er die Dudelsack-Akademie mit Sitz in Hofheim am Taunus.<\/p>\n","protected":false},"excerpt":{"rendered":"<p>Stabile Tonproduktion f\u00fcr Dudelsackspieler, beispielhaft erkl\u00e4rt an der schottischen Great Highland Bagpipe (mundgeblasen) sowie der Scottish Smallpipe (balggeblasen).<\/p>\n<p>Des Weiteren geeignet f\u00fcr Spieler von u.a. Borderpipe, mittelalterlicher Sackpfeife (Marktsack) und H\u00fcmmelchen.<\/p>\n","protected":false},"featured_media":15003,"comment_status":"open","ping_status":"closed","template":"","meta":[],"product_brand":[],"product_cat":[646,645,630,625],"product_tag":[],"class_list":{"0":"post-14823","1":"product","2":"type-product","3":"status-publish","4":"has-post-thumbnail","6":"product_cat-lehrwerk-gsp","7":"product_cat-german-smallpipe","8":"product_cat-lehrwerk-wp","9":"product_cat-wee-pipe","10":"product_shipping_class-etc","12":"first","13":"outofstock","14":"taxable","15":"shipping-taxable","16":"purchasable","17":"product-type-simple"},"composite_virtual":false,"composite_layout":"","composite_add_to_cart_form_location":"","composite_editable_in_cart":false,"composite_sold_individually_context":"","composite_shop_price_calc":"","composite_components":[],"composite_scenarios":[],"bundled_by":[],"bundle_stock_status":"outofstock","bundle_stock_quantity":0,"bundle_virtual":false,"bundle_layout":"","bundle_add_to_cart_form_location":"","bundle_editable_in_cart":false,"bundle_sold_individually_context":"","bundle_item_grouping":"","bundle_min_size":"","bundle_max_size":"","bundle_price":[],"bundled_items":[],"bundle_sell_ids":[],"exclude_global_add_ons":[],"addons":[],"tiered_pricing_type":"fixed","tiered_pricing_fixed_rules":[],"tiered_pricing_product_settings":{"layout":"default","base_unit_name":{"singular":null,"plural":null},"default_variation":null},"tiered_pricing_minimum_quantity":null,"tiered_pricing_roles_data":[],"tiered_pricing_percentage_rules":[],"tiered_pricing_maximum_quantity":null,"tiered_pricing_quantity_step":null,"_links":{"self":[{"href":"https:\/\/folk.world\/de\/wp-json\/wp\/v2\/product\/14823","targetHints":{"allow":["GET"]}}],"collection":[{"href":"https:\/\/folk.world\/de\/wp-json\/wp\/v2\/product"}],"about":[{"href":"https:\/\/folk.world\/de\/wp-json\/wp\/v2\/types\/product"}],"replies":[{"embeddable":true,"href":"https:\/\/folk.world\/de\/wp-json\/wp\/v2\/comments?post=14823"}],"wp:featuredmedia":[{"embeddable":true,"href":"https:\/\/folk.world\/de\/wp-json\/wp\/v2\/media\/15003"}],"wp:attachment":[{"href":"https:\/\/folk.world\/de\/wp-json\/wp\/v2\/media?parent=14823"}],"wp:term":[{"taxonomy":"product_brand","embeddable":true,"href":"https:\/\/folk.world\/de\/wp-json\/wp\/v2\/product_brand?post=14823"},{"taxonomy":"product_cat","embeddable":true,"href":"https:\/\/folk.world\/de\/wp-json\/wp\/v2\/product_cat?post=14823"},{"taxonomy":"product_tag","embeddable":true,"href":"https:\/\/folk.world\/de\/wp-json\/wp\/v2\/product_tag?post=14823"}],"curies":[{"name":"wp","href":"https:\/\/api.w.org\/{rel}","templated":true}]}}