{"id":15200,"date":"2021-02-15T13:36:14","date_gmt":"2021-02-15T12:36:14","guid":{"rendered":"https:\/\/folk.world\/?post_type=product&#038;p=15200"},"modified":"2023-07-30T11:12:00","modified_gmt":"2023-07-30T09:12:00","slug":"german-smallpipe-erweiterungsset","status":"publish","type":"product","link":"https:\/\/folk.world\/de\/s\/german-smallpipe\/zubehoer-gsp\/german-smallpipe-erweiterungsset\/","title":{"rendered":"German Smallpipe Erweiterungsset"},"content":{"rendered":"<p>Auf dem\u00a0<a href=\"http:\/\/www.german-smallpipe.com\/german-smallpipe\/practise-chanter-german-smallpipe-classic.html\" target=\"_blank\" rel=\"noopener\">Practice Chanter<\/a>\u00a0lernt der Einsteiger mithilfe des\u00a0<a href=\"http:\/\/www.german-smallpipe.com\/lehrwerk.html\" target=\"_blank\" rel=\"noopener\">Lehrbuchs<\/a>\u00a0Dudelsack spielen. Diese \u00dcbungspfeife dient der Erlernung der Tonleiter und des Fingerspiels. Nach einiger Zeit macht es Sinn, seinen German Smallpipe Chanter um den \u00fcbrigen Dudelsack zu erweitern. Hierzu erh\u00e4lst Du von uns den noch fehlenden Luftsack, den Bordun und das passende Drone-Reed.<\/p>\n<p>Bestelle jetzt das German Smallpipe Erweiterungsset um Deinen German Smallpipe Practice Chanter zum vollst\u00e4ndigen Dudelsack zu erg\u00e4nzen.<\/p>\n","protected":false},"excerpt":{"rendered":"<p>Du m\u00f6chtest Dudelsack lernen? Du hast nun auf dem Practice Chanter der German Smallpipe lange genug ge\u00fcbt? Dann hole Dir jetzt das German Smallpipe Erg\u00e4nzungsset!<\/p>\n","protected":false},"featured_media":0,"comment_status":"open","ping_status":"closed","template":"","meta":[],"product_brand":[],"product_cat":[643],"product_tag":[790],"class_list":{"0":"post-15200","1":"product","2":"type-product","3":"status-publish","5":"product_cat-zubehoer-gsp","6":"product_tag-zubehoer","8":"first","9":"instock","10":"taxable","11":"shipping-taxable","12":"purchasable","13":"product-type-simple"},"composite_virtual":false,"composite_layout":"","composite_add_to_cart_form_location":"","composite_editable_in_cart":false,"composite_sold_individually_context":"","composite_shop_price_calc":"","composite_components":[],"composite_scenarios":[],"bundled_by":[],"bundle_stock_status":"instock","bundle_stock_quantity":null,"bundle_virtual":false,"bundle_layout":"","bundle_add_to_cart_form_location":"","bundle_editable_in_cart":false,"bundle_sold_individually_context":"","bundle_item_grouping":"","bundle_min_size":"","bundle_max_size":"","bundle_price":[],"bundled_items":[],"bundle_sell_ids":[],"exclude_global_add_ons":[],"addons":[],"tiered_pricing_type":"fixed","tiered_pricing_fixed_rules":[],"tiered_pricing_product_settings":{"layout":"default","base_unit_name":{"singular":null,"plural":null},"default_variation":null},"tiered_pricing_minimum_quantity":null,"tiered_pricing_roles_data":[],"tiered_pricing_percentage_rules":[],"tiered_pricing_maximum_quantity":null,"tiered_pricing_quantity_step":null,"_links":{"self":[{"href":"https:\/\/folk.world\/de\/wp-json\/wp\/v2\/product\/15200","targetHints":{"allow":["GET"]}}],"collection":[{"href":"https:\/\/folk.world\/de\/wp-json\/wp\/v2\/product"}],"about":[{"href":"https:\/\/folk.world\/de\/wp-json\/wp\/v2\/types\/product"}],"replies":[{"embeddable":true,"href":"https:\/\/folk.world\/de\/wp-json\/wp\/v2\/comments?post=15200"}],"wp:attachment":[{"href":"https:\/\/folk.world\/de\/wp-json\/wp\/v2\/media?parent=15200"}],"wp:term":[{"taxonomy":"product_brand","embeddable":true,"href":"https:\/\/folk.world\/de\/wp-json\/wp\/v2\/product_brand?post=15200"},{"taxonomy":"product_cat","embeddable":true,"href":"https:\/\/folk.world\/de\/wp-json\/wp\/v2\/product_cat?post=15200"},{"taxonomy":"product_tag","embeddable":true,"href":"https:\/\/folk.world\/de\/wp-json\/wp\/v2\/product_tag?post=15200"}],"curies":[{"name":"wp","href":"https:\/\/api.w.org\/{rel}","templated":true}]}}