{"id":15456,"date":"2021-06-25T15:49:06","date_gmt":"2021-06-25T13:49:06","guid":{"rendered":"https:\/\/folk.world\/?post_type=product&#038;p=15456"},"modified":"2026-02-01T10:38:44","modified_gmt":"2026-02-01T09:38:44","slug":"gabriel-irish-flute","status":"publish","type":"product","link":"https:\/\/folk.world\/de\/s\/folkflute\/irish-flute\/gabriel-irish-flute\/","title":{"rendered":"Die wunderbare Irish Flute von Steffen Gabriel"},"content":{"rendered":"<p>Die <a href=\"https:\/\/de.wikipedia.org\/wiki\/Irish_flute\" target=\"_blank\" rel=\"noopener\">Irish Flute<\/a> ist die K\u00f6nigin der irischen Fl\u00f6ten. Ihr Klang ist lieblich und vielf\u00e4ltig. Die Vielfalt geht von fluent seicht bis holzig rau. Du selbst kannst dies mit Deiner Spielweise beeinflussen.<\/p>\n<p>Ob sie nun sentimental in den rauchig tiefen Kl\u00e4ngen eines Airs zum Tr\u00e4umen einl\u00e4dt, oder fr\u00f6hlich tr\u00e4llernd in den hohen T\u00f6nen zum Tanz auffordert. Aufgrund ihres ganz besonderen Klanges erhielt sie in der zweiten H\u00e4lfte des 19. Jahrhunderts Einzug in die irische und schottische Volksmusik. Seit dieser Zeit hat sie dort ihren festen Platz.<\/p>\n<p><iframe loading=\"lazy\" title=\"The pure Irish Flute from Steffen Gabriel\" width=\"980\" height=\"551\" src=\"https:\/\/www.youtube.com\/embed\/MFAwwdlfxWI?feature=oembed\" frameborder=\"0\" allow=\"accelerometer; autoplay; clipboard-write; encrypted-media; gyroscope; picture-in-picture; web-share\" referrerpolicy=\"strict-origin-when-cross-origin\" allowfullscreen><\/iframe><\/p>\n<p>Nicht zuletzt auch wegen der vielen Virtuosen, die dieses Instrument auf einen der h\u00f6chsten R\u00e4nge der Blasinstrumente heben. Ihre Vorg\u00e4nger waren die englischen Konzertfl\u00f6ten aus der ersten H\u00e4lfte des 19. Jahrhunderts.<\/p>\n<p>Zuerst war die Irish Flute nur mit sechs L\u00f6chern ausgestattet. Diese Bauart machte sie sehr leicht spielbar, beschr\u00e4nkte sich aber gleichzeitig auf nur eine Tonart. Sp\u00e4ter wurde sie mit weiteren Bohrungen oder auch Klappen versehen, um ihren Tonumfang zu erweitern.<\/p>\n<p>Gespielt wird die Irish Flute als Querfl\u00f6te, was ihr den rauchigen Klang verleiht und sehr viele Modulationen zul\u00e4sst. Anders als die ebenfalls bekannte Tin-Whistle, die \u00fcberwiegen aus Blech besteht, wird die Irish Flute aus Holz gefertigt. <a href=\"https:\/\/www.gabrielflutes.com\/\" target=\"_blank\" rel=\"noopener\">Steffen Gabriel<\/a> verwendet f\u00fcr das Folk.World-Modell hochwertiges Grenadill-Holz, einem sehr robusten Holz aus dem s\u00fcdlichen Afrika.<\/p>\n<h2 class=\"text-content\">Hochwertig kaufen<\/h2>\n<p>Wenn Dich der Klang dieses Instruments fasziniert und Du Dir eine Irish Flute kaufen m\u00f6chtest, dann entscheide Dich f\u00fcr ein solides Instrument, das f\u00fcr Einsteiger wie auch f\u00fcr Profis geeignet ist. Die Irish Flute von Steffen Gabriel wird Dich begleiten, bezaubern, verf\u00fchren und Dein musikalisches Leben bereichern.<\/p>\n<p>Du solltest also nicht zu einer billigen Flute greifen, sondern mit Bedacht und Achtsamkeit die richtige Irish Flute kaufen. <a href=\"mailto:mail@folk.world\">Folk.World ber\u00e4t Dich<\/a> mit viel Fachwissen, und mit Herz und Seele.<\/p>\n<h2 class=\"text-content\">W\u00e4hle das Folk.World Modell von Steffen Gabriel<\/h2>\n<p>Ein gro\u00dfer Vorteil bei diesem Modell liegt in der Finanzierbarkeit. Wie bei vielen anderen Instrumenten\u00a0 bei Folk.World \u00fcblich kannst Du die Irish Flute von Steffen Gabriel \u00fcber ein <a href=\"https:\/\/folk.world\/de\/rent-an-instrument-dudelsack-im-mietkauf\/\">Mietkauf-System<\/a> erwerben. Das schont Deinen Geldbeutel und l\u00e4sst Dir gen\u00fcgend Zeit, Dich mit diesem Instrument anzufreunden. Wenn das Instrument f\u00fcr Dich nicht passt, kannst Du es zur\u00fcck geben.<\/p>\n<p>Dabei ist diese Flute ein hochwertiges Musikinstrument aus bestem Holz, wie man es von Steffen Gabriel gewohnt ist. Bei diesem Folk.World-Modell wurde nur das weggelassen, was nicht zwingend ben\u00f6tigt wird, wie Metallringe und andere Verzierung. Steffen Gabriel ging bei der Entwicklung der Irish Flute f\u00fcr Folk.World keine Kompromisse ein.<\/p>\n<p>Du wirst mit ihr eine Irish Flute kaufen, die Du jederzeit im Studio und auf Konzerten benutzen kannst.Die Fl\u00f6te hat eine Gesamtl\u00e4nge von 57 cm und l\u00e4sst sich f\u00fcr den leichten Transport einfach in drei Teile in gleicher L\u00e4nge zerlegen.<\/p>\n<h2 class=\"text-content\">Lerne die irische Spielweise<\/h2>\n<p>Diese Holzfl\u00f6te wird so \u00e4hnlich gespielt wie eine B\u00f6hm-Querfl\u00f6te. Welche Haltung f\u00fcr Dich die beste ist, wirst Du bald festgestellt haben. Wichtig ist nur, dass Arme, Nacken und R\u00fccken nicht zu schnell erm\u00fcden. Wenn das Spiel und die Musik erst einmal ergriffen hat, wirst Du die Zeit vergessen.<\/p>\n<p>Umso wichtiger ist es, dass Du eine bequeme Haltung einnimmst. Die Irish Flute ist ein Folkinstrument. Daher spiele sie locker wie Du Dich wohlf\u00fchlst. Diese Flexibilit\u00e4t in der Haltung ist mit ein Grund, warum sich beim Lernen dieses Instruments erste Erfolgserlebnisse schnell einstellen.<\/p>\n<h2 class=\"text-content\">Die typische Tonart der Irish Flute<\/h2>\n<p>Die \u00fcbliche Tonart der Flute ist D-Dur. Genauso wie die Tin Whistle, jedoch eine ganze Oktave tiefer. Bei dieser Fl\u00f6te ohne Klappen sind so Repertoires in D, G, E-moll, H-moll sowie mixolydisches und dorisches A spielbar. F\u00fcr \u00fcber 90 Prozent der irischen und schottischen Lieder ist das v\u00f6llig ausreichend. Der erste Meilenstein \u2013 der richtige Ansatz \u2013 ist schnell gemeistert.<\/p>\n<h2 class=\"text-content\">Die Pflege<\/h2>\n<p>Zuerst musst Du Deine neue Fl\u00f6te nat\u00fcrlich korrekt einspielen. Nach dem Spielen solltest Du sie immer trocken wischen und in regelm\u00e4\u00dfigen Abst\u00e4nden innen und au\u00dfen mit Mandel\u00f6l einreiben. Auch die Korkbel\u00e4ge freuen sich, wenn Du sie regelm\u00e4\u00dfig einfettest.<\/p>\n<p>Vorsicht: Wenn es nicht wirklich notwendig ist, nimm bitte niemals den Stimmzug auseinander.<\/p>\n","protected":false},"excerpt":{"rendered":"<ul>\n<li>Irische Holzquerfl\u00f6te von Steffen Gabriel<\/li>\n<li>Modell Folk.World<\/li>\n<li>Grenadill, integrale Ringe, Messing-Stimmzug, Tonl\u00f6cher leicht offset<\/li>\n<\/ul>\n<p><strong><a href=\"https:\/\/folk.world\/wp-content\/uploads\/2021\/06\/Grifftabelle_fuer_die_Irish_Flute_in_D_ohne_Klappen.pdf\">Grifftabelle f\u00fcr die Irish Flute in D (ohne Klappen)<\/a><\/strong><\/p>\n","protected":false},"featured_media":15457,"comment_status":"open","ping_status":"closed","template":"","meta":[],"product_brand":[],"product_cat":[1572],"product_tag":[1571,1570,1567,1568,1569],"class_list":{"0":"post-15456","1":"product","2":"type-product","3":"status-publish","4":"has-post-thumbnail","6":"product_cat-irish-flute","7":"product_tag-holzquerfloete","8":"product_tag-irisch","9":"product_tag-irish-flute","10":"product_tag-querfloete","11":"product_tag-traditionell","12":"product_shipping_class-instruments","14":"first","15":"instock","16":"taxable","17":"shipping-taxable","18":"purchasable","19":"product-type-simple"},"composite_virtual":false,"composite_layout":"","composite_add_to_cart_form_location":"","composite_editable_in_cart":false,"composite_sold_individually_context":"","composite_shop_price_calc":"","composite_components":[],"composite_scenarios":[],"bundled_by":[],"bundle_stock_status":"instock","bundle_stock_quantity":4,"bundle_virtual":false,"bundle_layout":"","bundle_add_to_cart_form_location":"","bundle_editable_in_cart":false,"bundle_sold_individually_context":"","bundle_item_grouping":"","bundle_min_size":"","bundle_max_size":"","bundle_price":[],"bundled_items":[],"bundle_sell_ids":[18217,15615,15586],"exclude_global_add_ons":[],"addons":[],"tiered_pricing_type":"fixed","tiered_pricing_fixed_rules":[],"tiered_pricing_product_settings":{"layout":"default","base_unit_name":{"singular":null,"plural":null},"default_variation":null},"tiered_pricing_minimum_quantity":null,"tiered_pricing_roles_data":[],"tiered_pricing_percentage_rules":[],"tiered_pricing_maximum_quantity":null,"tiered_pricing_quantity_step":null,"_links":{"self":[{"href":"https:\/\/folk.world\/de\/wp-json\/wp\/v2\/product\/15456","targetHints":{"allow":["GET"]}}],"collection":[{"href":"https:\/\/folk.world\/de\/wp-json\/wp\/v2\/product"}],"about":[{"href":"https:\/\/folk.world\/de\/wp-json\/wp\/v2\/types\/product"}],"replies":[{"embeddable":true,"href":"https:\/\/folk.world\/de\/wp-json\/wp\/v2\/comments?post=15456"}],"wp:featuredmedia":[{"embeddable":true,"href":"https:\/\/folk.world\/de\/wp-json\/wp\/v2\/media\/15457"}],"wp:attachment":[{"href":"https:\/\/folk.world\/de\/wp-json\/wp\/v2\/media?parent=15456"}],"wp:term":[{"taxonomy":"product_brand","embeddable":true,"href":"https:\/\/folk.world\/de\/wp-json\/wp\/v2\/product_brand?post=15456"},{"taxonomy":"product_cat","embeddable":true,"href":"https:\/\/folk.world\/de\/wp-json\/wp\/v2\/product_cat?post=15456"},{"taxonomy":"product_tag","embeddable":true,"href":"https:\/\/folk.world\/de\/wp-json\/wp\/v2\/product_tag?post=15456"}],"curies":[{"name":"wp","href":"https:\/\/api.w.org\/{rel}","templated":true}]}}