{"id":15498,"date":"2021-08-05T16:52:52","date_gmt":"2021-08-05T14:52:52","guid":{"rendered":"https:\/\/folk.world\/?post_type=product&#038;p=15498"},"modified":"2023-07-30T11:12:00","modified_gmt":"2023-07-30T09:12:00","slug":"leinoelfirnis-30ml-pflege-fuer-europaeische-laubhoelzer","status":"publish","type":"product","link":"https:\/\/folk.world\/de\/s\/german-smallpipe\/zubehoer-gsp\/leinoelfirnis-30ml-pflege-fuer-europaeische-laubhoelzer\/","title":{"rendered":"Lein\u00f6lfirnis 30ml &#8211; Pflege f\u00fcr europ\u00e4ische Laubh\u00f6lzer"},"content":{"rendered":"<p>Wenn Du die Lebensdauer von Dudelsack und Fl\u00f6te erh\u00f6hen m\u00f6chtest, ist die richtige Pflege entscheidend. Dazu geh\u00f6rt es, dass Du die Fl\u00f6te bei Bedarf mit einem neuen Schutz versiehst. Lein\u00f6lfirnis bietet sich vor allem f\u00fcr europ\u00e4ische Laubh\u00f6lzer an. Es bietet Vorteile wie eine einfache Anwendung und geringe Kosten.<\/p>\n<h2>Wann ist ein neuer Schutz n\u00f6tig?<\/h2>\n<p>Eine Fl\u00f6te aus Holz muss viel aushalten. Feuchtigkeit und schwankende Temperaturen geh\u00f6ren dazu. Ebenso wie die \u00d6le der Haut, Schwei\u00df und kondensierende Atemluft. Das Holz arbeitet und Du tr\u00e4gst den Schutzfilm ab.<\/p>\n<p>Bei h\u00e4ufigem Gebrauch geschieht das in k\u00fcrzerer Zeit. Bei falscher Lagerung wird das Holz spr\u00f6de. Du solltest den Schutz daher regelm\u00e4\u00dfig erneuern.<\/p>\n<h2>Lein\u00f6lfirnis: Anwendung &#8211; Schritt f\u00fcr Schritt<\/h2>\n<p>Die Holzpflege wendest Du wie folgt an:<\/p>\n<ol>\n<li>Reinige das Holz und lass es vor dem Aufbringen abtrocknen. Hierdurch kann das Mittel besser einziehen und bietet gr\u00f6\u00dferen Schutz.<\/li>\n<li>Trage den Lein\u00f6lfirnis mit einem Pinsel auf. Achte dabei auf abgegriffene Stellen, Kratzer und Sch\u00e4den, denn hier muss die Holzpflege aufgetragen werden.<\/li>\n<li>Das Trocknen nimmt eine halbe Stunde in Anspruch und sollte in einer sauberen, staubfreien Umgebung erfolgen.<\/li>\n<li>Nach dem Trocknen polierst Du die Fl\u00f6te mit einem weichen und fusselfreien Tuch. Mit dieser Ma\u00dfnahme entfernst Du eventuell vorhandene \u00dcbersch\u00fcsse von dem Holz.<\/li>\n<li>Warte wenigstens einen Tag, bevor Du das Instrument verwendest. Ein vollst\u00e4ndiges Abtrocknen ist erst dann gegeben, sodass Du unbedenklich darauf spielen kannst.<\/li>\n<\/ol>\n<h2>Lein\u00f6l oder Lein\u00f6lfirnis &#8211; das sind die Unterschiede<\/h2>\n<p>Du kannst sowohl Lein\u00f6l als auch den Firnis als Holzpflege f\u00fcr Deinen Dudelsack verwenden. Folk.World empfiehlt Dir jedoch den Lein\u00f6lfirnis, da dieser mehr Vorteile bietet.<\/p>\n<p>\u00d6l allein ist d\u00fcnnfl\u00fcssiger und zieht daher tiefer in das Holz ein. Es braucht allerdings sehr lange bis es trocknet. Der Firnis ist mit einem Trocknungsmittel versehen. Er dringt nicht so tief in das Material ein, bildet einen Schutzfilm und wirkt als Versiegelung. \u00c4u\u00dfere Einfl\u00fcsse erzeugen daher keine weiteren Besch\u00e4digungen.<\/p>\n<p>Abgreifen und Abreiben findet weiterhin statt, erneuere den Schutz regelm\u00e4\u00dfig.<\/p>\n<h2>Folk.World Firnis &#8211; hohe Qualit\u00e4t f\u00fcr besten Schutz<\/h2>\n<p>Die Empfehlung f\u00fcr den Firnis hat verschiedene Gr\u00fcnde. Diese sind:<\/p>\n<ul>\n<li>einfache Anwendung<\/li>\n<li>ergiebig<\/li>\n<li>kosteng\u00fcnstig<\/li>\n<li>hohe Qualit\u00e4t<\/li>\n<li>kurze Trockenzeit<\/li>\n<li>langanhaltender Schutz<\/li>\n<\/ul>\n<p>F\u00fcr europ\u00e4ische Laubh\u00f6lzer ist das Mittel optimal und damit auch f\u00fcr die Bestandteile eines Holzblasinstruments. F\u00fcr andere Holzarten eignen sich verschiedene Mittel. Die Holzpflege sollte stets auf die Eigenschaften des Holzes angepasst sein.<\/p>\n<h2>Lein\u00f6lfirnis Selbstentz\u00fcndung<\/h2>\n<p>Firnis aus \u00d6l kann sich ebenso wie das Lein\u00f6l selbst entz\u00fcnden. Dazu ist lediglich Luftsauerstoff und eine erh\u00f6hte Temperatur erforderlich. Das trifft allerdings nur dann zu, wenn sich das Mittel auf textilen Oberfl\u00e4chen befindet.<\/p>\n<p>Reinige daher alle Utensilien mit L\u00f6sungsmittel, die Kontakt zu dem Firnis hatten. Pinsel, Tuch und sonstige eingesetzte Materialien sind auszuwaschen.<\/p>\n<p>Vermeide es bis dahin, diese erh\u00f6hten Temperaturen wie beispielsweise der Sommerhitze auszusetzen. Verwende keinen W\u00e4schetrockner oder sonstige W\u00e4rmequellen nach der Reinigung. Bereits kleine Reste erzeugen dann eine Selbstentz\u00fcndung.<\/p>\n<p>Auf dem Holz hingegen ist der Firnis unproblematisch. Lass ihn jedoch richtig abtrocknen, damit Du auf der sicheren Seite bist.<\/p>\n","protected":false},"excerpt":{"rendered":"<p>Eignet sich sehr gut f\u00fcr die Pflege von Kirschholz, Zwetschgenholz und andere europ\u00e4ische Laubh\u00f6lzer.<\/p>\n<h2>Anwendung<\/h2>\n<ol>\n<li>Mit dem Pinsel wenige Tropfen auf die zu pflegende Stelle streichen.<\/li>\n<li>Halbe Stunde einziehen lassen.<\/li>\n<li>Mit einem Tuch polieren.<\/li>\n<li>Einen Tag trocknen lassen.<\/li>\n<\/ol>\n<p>BRANDGEFAHR: Benutzte Pinsel und T\u00fccher luftdicht verschlie\u00dfen oder mit L\u00f6sungsmittel reinigen. Lein\u00f6l hat die Eigenschaft an der Luft zu reagieren. Es besteht die Gefahr der Selbstentz\u00fcndung.<\/p>\n","protected":false},"featured_media":15499,"comment_status":"open","ping_status":"closed","template":"","meta":[],"product_brand":[],"product_cat":[643],"product_tag":[],"class_list":{"0":"post-15498","1":"product","2":"type-product","3":"status-publish","4":"has-post-thumbnail","6":"product_cat-zubehoer-gsp","7":"product_shipping_class-etc","9":"first","10":"instock","11":"taxable","12":"shipping-taxable","13":"purchasable","14":"product-type-simple"},"composite_virtual":false,"composite_layout":"","composite_add_to_cart_form_location":"","composite_editable_in_cart":false,"composite_sold_individually_context":"","composite_shop_price_calc":"","composite_components":[],"composite_scenarios":[],"bundled_by":[],"bundle_stock_status":"instock","bundle_stock_quantity":42,"bundle_virtual":false,"bundle_layout":"","bundle_add_to_cart_form_location":"","bundle_editable_in_cart":false,"bundle_sold_individually_context":"","bundle_item_grouping":"","bundle_min_size":"","bundle_max_size":"","bundle_price":[],"bundled_items":[],"bundle_sell_ids":[],"exclude_global_add_ons":[],"addons":[],"tiered_pricing_type":"fixed","tiered_pricing_fixed_rules":[],"tiered_pricing_product_settings":{"layout":"default","base_unit_name":{"singular":null,"plural":null},"default_variation":null},"tiered_pricing_minimum_quantity":null,"tiered_pricing_roles_data":[],"tiered_pricing_percentage_rules":[],"tiered_pricing_maximum_quantity":null,"tiered_pricing_quantity_step":null,"_links":{"self":[{"href":"https:\/\/folk.world\/de\/wp-json\/wp\/v2\/product\/15498","targetHints":{"allow":["GET"]}}],"collection":[{"href":"https:\/\/folk.world\/de\/wp-json\/wp\/v2\/product"}],"about":[{"href":"https:\/\/folk.world\/de\/wp-json\/wp\/v2\/types\/product"}],"replies":[{"embeddable":true,"href":"https:\/\/folk.world\/de\/wp-json\/wp\/v2\/comments?post=15498"}],"wp:featuredmedia":[{"embeddable":true,"href":"https:\/\/folk.world\/de\/wp-json\/wp\/v2\/media\/15499"}],"wp:attachment":[{"href":"https:\/\/folk.world\/de\/wp-json\/wp\/v2\/media?parent=15498"}],"wp:term":[{"taxonomy":"product_brand","embeddable":true,"href":"https:\/\/folk.world\/de\/wp-json\/wp\/v2\/product_brand?post=15498"},{"taxonomy":"product_cat","embeddable":true,"href":"https:\/\/folk.world\/de\/wp-json\/wp\/v2\/product_cat?post=15498"},{"taxonomy":"product_tag","embeddable":true,"href":"https:\/\/folk.world\/de\/wp-json\/wp\/v2\/product_tag?post=15498"}],"curies":[{"name":"wp","href":"https:\/\/api.w.org\/{rel}","templated":true}]}}