{"id":15535,"date":"2021-09-10T18:30:03","date_gmt":"2021-09-10T16:30:03","guid":{"rendered":"https:\/\/folk.world\/?post_type=product&#038;p=15535"},"modified":"2024-11-10T16:53:05","modified_gmt":"2024-11-10T15:53:05","slug":"mandeloel-bio-30ml-pflege-fuer-harthoelzer","status":"publish","type":"product","link":"https:\/\/folk.world\/de\/s\/folkflute\/irish-flute\/zubehoer\/mandeloel-bio-30ml-pflege-fuer-harthoelzer\/","title":{"rendered":"Mandel\u00f6l BIO, raffiniert, 30ml &#8211; Pflege f\u00fcr Harth\u00f6lzer"},"content":{"rendered":"<p>Bei einem hochwertigen Dudelsack dienen Harth\u00f6lzer f\u00fcr die Herstellung der Bordunpfeifen und der Spielpfeife sowie des Anblasrohrs. Gerade diese Elemente des Instruments ben\u00f6tigen eine regelm\u00e4\u00dfige Pflege. Das nat\u00fcrliche Material Holz reagiert auf den Wechsel von Feuchtigkeit und Trockenheit. Folk.World empfiehlt f\u00fcr die Pflege der Holzelemente das hochwertige Mandel\u00f6l BIO 30 ml.<\/p>\n<h2>Gepflegtes Holz schafft guten Klang<\/h2>\n<p>Die Pipes eines Dudelsacks sind verantwortlich f\u00fcr seinen guten Klang und klare T\u00f6ne. Um diesen Anspruch zu erf\u00fcllen, bestehen sie aus widerstandsf\u00e4higem Hartholz wie Grenadill, Mopane oder Olivenholz. Trotz ihrer H\u00e4rte reagieren diese H\u00f6lzer auf den Kontakt mit Sauerstoff und Feuchtigkeit. Dadurch \u00f6ffnen sich die Holzporen und verursachen minimale Luftdurchl\u00e4ssigkeiten.<\/p>\n<p>Mit der Zeit leidet der Klang des Instruments darunter. Ohne Pflege m\u00fcsstest Du die Spielfl\u00f6te sowie die Drones und Stocks unter Umst\u00e4nden irgendwann austauschen. Um das zu vermeiden, solltest Du die Holzpfeifen etwa alle sechs Wochen mit Mandel\u00f6l pflegen. Das BIO Mandel\u00f6l in der 30 ml Glasflasche bietet den Vorteil, dass es frei von unerw\u00fcnschten Zus\u00e4tzen ist.<\/p>\n<h2>Mandel\u00f6l hat die optimale Konsistenz<\/h2>\n<p>Einige Anbieter empfehlen Lein\u00f6l f\u00fcr die Pflege von Instrumenten aus Hartholz. Lein\u00f6l neigt aber dazu, mit der Zeit stark auszuh\u00e4rten. Es eignet sich daher zwar f\u00fcr eine erste Impr\u00e4gnierung der Harth\u00f6lzer, nicht aber f\u00fcr die wiederkehrende Pflege. Jede neue Schicht dieses \u00d6ls h\u00e4rtet auf der Holz-Oberfl\u00e4che aus. Ausgeh\u00e4rtete \u00d6lreste k\u00f6nnen das Holz und Innenbohrungen verkleben. Selbst eine Verkleinerung der Tonl\u00f6cher kann die Folge sein.<\/p>\n<p>BIO Mandel\u00f6l hingegen \u00fcberzeugt durch seine einfache Handhabung. Das d\u00fcnnfl\u00fcssige \u00d6l zieht schnell ein. Es verleiht dem Holz einen nat\u00fcrlichen Glanz und schlie\u00dft die Poren. Vor allem aber neigt es nicht so stark zum Aush\u00e4rten wie Lein\u00f6l. Dar\u00fcber hinaus verleiht das S\u00fc\u00dfmandel\u00f6l Deinem Instrument einen angenehmen Duft.<\/p>\n<p>Auch die speziellen \u00d6le f\u00fcr Holzblasinstrumente mit aufwendigen Mechaniken sind keine Alternative zum Mandel\u00f6l. Diese mineralischen \u00d6le dienen lediglich zum \u00d6len der Mechanik von klassischen Instrumenten. Zum Ein\u00f6len der Harth\u00f6lzer eignen sie sich nicht.<\/p>\n<h2>Mandel\u00f6l nicht nur f\u00fcr Dudels\u00e4cke<\/h2>\n<p>Das Mandel\u00f6l BIO 30 ml pflegt die Harth\u00f6lzer vieler Holzblasinstrumente wie Blockfl\u00f6ten oder die Irish Flute. Sie behalten durch das \u00d6l \u00fcber lange Zeit einen sch\u00f6nen Klang und eine seidige Holzoberfl\u00e4che.<\/p>\n<p>Die Au\u00dfenseiten vieler Blockfl\u00f6ten sch\u00fctzt bereits eine Lackschicht. Daher ist es nicht notwendig, sie einzu\u00f6len. Dennoch befinden sich an lackierten Blockfl\u00f6ten Bereiche ohne Lack. Dazu z\u00e4hlen insbesondere die Innenseiten der L\u00f6cher, die Seitenschenkel des Fensters sowie die Fl\u00e4che und Kante des Labiums. Die Holzoberfl\u00e4chen an den Innenseiten des Windkanals sind ebenfalls nicht lackiert. Zum Schutz vor Feuchtigkeit must Du auch diese Partien einer lackierten Blockfl\u00f6te mit BIO S\u00fc\u00dfmandel\u00f6l behandeln.<\/p>\n<p>Folk.World empfiehlt f\u00fcr die Holzelemente von Blasinstrumenten das hochwertige BIO Mandel\u00f6l. Es pflegt Hartholz wie Olive oder Mopane, ohne Poren und \u00d6ffnungen zu verkleben. Als Bio-Produkt kommt das Mandel\u00f6l ohne chemische Zus\u00e4tze aus. Diese Eigenschaft ist vorteilhaft f\u00fcr Instrumente und Musiker. Schlie\u00dflich ber\u00fchrst Du das Einblasrohr des Dudelsacks sowie das Mundst\u00fcck einer Fl\u00f6te mit Deinem Mund.<\/p>\n<h2>Mandel\u00f6l BIO 30 ml richtig anwenden<\/h2>\n<p>Bevor Du die Holzelemente Deines Instruments ein\u00f6lst, solltest Du sie mit einer Reinigungsb\u00fcrste an den Au\u00dfenseiten reinigen. Zum Trocknen der Innenseiten eignen sich Pfeifenreiniger sehr gut.<\/p>\n<p>Anschlie\u00dfend tr\u00e4gst Du das S\u00fc\u00dfmandel\u00f6l mit dem kleinen mitgelieferten Pinsel d\u00fcnn auf alle offenen Holzkanten auf. Die Innenseiten erreichst Du mit einer kleinen runden B\u00fcrste. Achte darauf, dass Du nicht zu viel \u00d6l benutzt. \u00dcbersch\u00fcssiges \u00d6l entfernst Du mit einem trockenen, weichen Tuch. Anschlie\u00dfend reibst Du mit dem leicht einge\u00f6lten Tuch \u00fcber die Oberfl\u00e4chen. Nun l\u00e4sst Du das Mandel\u00f6l f\u00fcr einige Stunden trocknen, bevor Du alle Teile wieder zusammensetzt.<\/p>\n<h2>Dies ist ein Spezial-\u00d6l<\/h2>\n<p>Das BIO Mandel\u00f6l von Folk.World ist nicht nur aus kontrolliert biologischem Anbau (kbA), sondern zus\u00e4tzlich raffiniert. Durch diese zus\u00e4tzliche Reinigung h\u00e4lt das Pflege\u00f6l besonders lange.<\/p>\n","protected":false},"excerpt":{"rendered":"<p>Eignet sich sehr gut f\u00fcr die Pflege von Mopane, Grenadill und Olivenholz.<\/p>\n<ul>\n<li>kontrolliert bioligischer Anbau (kbA)<\/li>\n<li>raffiniert, f\u00fcr extra lange Haltbarkeit<\/li>\n<li>geeignet f\u00fcr Irish Flute, Dudelsack, Blockfl\u00f6te, etc.<\/li>\n<\/ul>\n","protected":false},"featured_media":15552,"comment_status":"open","ping_status":"closed","template":"","meta":[],"product_brand":[],"product_cat":[1573],"product_tag":[],"class_list":{"0":"post-15535","1":"product","2":"type-product","3":"status-publish","4":"has-post-thumbnail","6":"product_cat-zubehoer","7":"product_shipping_class-etc","9":"first","10":"outofstock","11":"taxable","12":"shipping-taxable","13":"purchasable","14":"product-type-simple"},"composite_virtual":false,"composite_layout":"","composite_add_to_cart_form_location":"","composite_editable_in_cart":false,"composite_sold_individually_context":"","composite_shop_price_calc":"","composite_components":[],"composite_scenarios":[],"bundled_by":[],"bundle_stock_status":"outofstock","bundle_stock_quantity":0,"bundle_virtual":false,"bundle_layout":"","bundle_add_to_cart_form_location":"","bundle_editable_in_cart":false,"bundle_sold_individually_context":"","bundle_item_grouping":"","bundle_min_size":"","bundle_max_size":"","bundle_price":[],"bundled_items":[],"bundle_sell_ids":[],"exclude_global_add_ons":[],"addons":[],"tiered_pricing_type":"fixed","tiered_pricing_fixed_rules":[],"tiered_pricing_product_settings":{"layout":"default","base_unit_name":{"singular":null,"plural":null},"default_variation":null},"tiered_pricing_minimum_quantity":null,"tiered_pricing_roles_data":[],"tiered_pricing_percentage_rules":[],"tiered_pricing_maximum_quantity":null,"tiered_pricing_quantity_step":null,"_links":{"self":[{"href":"https:\/\/folk.world\/de\/wp-json\/wp\/v2\/product\/15535","targetHints":{"allow":["GET"]}}],"collection":[{"href":"https:\/\/folk.world\/de\/wp-json\/wp\/v2\/product"}],"about":[{"href":"https:\/\/folk.world\/de\/wp-json\/wp\/v2\/types\/product"}],"replies":[{"embeddable":true,"href":"https:\/\/folk.world\/de\/wp-json\/wp\/v2\/comments?post=15535"}],"wp:featuredmedia":[{"embeddable":true,"href":"https:\/\/folk.world\/de\/wp-json\/wp\/v2\/media\/15552"}],"wp:attachment":[{"href":"https:\/\/folk.world\/de\/wp-json\/wp\/v2\/media?parent=15535"}],"wp:term":[{"taxonomy":"product_brand","embeddable":true,"href":"https:\/\/folk.world\/de\/wp-json\/wp\/v2\/product_brand?post=15535"},{"taxonomy":"product_cat","embeddable":true,"href":"https:\/\/folk.world\/de\/wp-json\/wp\/v2\/product_cat?post=15535"},{"taxonomy":"product_tag","embeddable":true,"href":"https:\/\/folk.world\/de\/wp-json\/wp\/v2\/product_tag?post=15535"}],"curies":[{"name":"wp","href":"https:\/\/api.w.org\/{rel}","templated":true}]}}