{"id":15586,"date":"2021-09-23T15:23:09","date_gmt":"2021-09-23T13:23:09","guid":{"rendered":"https:\/\/folk.world\/?post_type=product&#038;p=15586"},"modified":"2026-02-25T09:02:45","modified_gmt":"2026-02-25T08:02:45","slug":"oelbuerste-fuer-die-irish-flute-und-andere-floeten-als-holz","status":"publish","type":"product","link":"https:\/\/folk.world\/de\/s\/folkflute\/irish-flute\/zubehoer\/oelbuerste-fuer-die-irish-flute-und-andere-floeten-als-holz\/","title":{"rendered":"\u00d6lb\u00fcrste f\u00fcr die Irish Flute und andere Fl\u00f6ten als Holz, 25 mm"},"content":{"rendered":"<p>Ein Holzblasinstrument macht in seinem Leben einiges mit. Damit es lange h\u00e4lt und sch\u00f6n anzusehen bleibt, solltest Du es immer sorgsam behandeln. Dazu geh\u00f6rt auch die regelm\u00e4\u00dfige Pflege mit einem nat\u00fcrlichen \u00d6l. So ist die Fl\u00f6te einerseits vor eindringender Feuchtigkeit, andererseits vor dem Austrocknen gesch\u00fctzt.<\/p>\n<h2>Die perfekte \u00d6lb\u00fcrste<\/h2>\n<p>Bis die Holzfl\u00f6te eingespielt ist, \u00f6lt man sie am besten einmal w\u00f6chentlich. Danach reicht die Behandlung mit \u00d6l und B\u00fcrste in einem Turnus von etwa drei bis vier Monaten.<br \/>\nDie \u00d6lb\u00fcrste mit 25 mm Durchmesser von Folk.World besteht nur aus Draht und Borsten, ist also frei von Plastik. Diese einfache, aber wirkungsvolle Konstruktion sorgt daf\u00fcr, dass sich das Pflege\u00f6l in einer feinen Schicht sauber auf dem Holz verteilen l\u00e4sst. Bei Verwendung anderer B\u00fcrsten mit Textilfaser k\u00f6nnen dagegen leicht Fusseln oder Fasern im Inneren des Instruments zur\u00fcckbleiben. Dabei besteht die Gefahr, dass diese sich mit dem \u00d6l verbinden und schwer zu l\u00f6sende Anlagerungen bilden. Die Folk.World \u00d6lb\u00fcrste mit Naturborsten \u201esaugt\u201c hingegen das Pflegemittel nicht an. Es \u00fcberzieht die Borste nur mit einem feinen Film, der sofort wieder an das Holz abgegeben wird. Dadurch kannst Du das Pflege\u00f6l sparsam und effektiv einsetzen.<\/p>\n<h2>Muss ich jedes Holzblasinstrument \u00f6len?<\/h2>\n<p>Die Folk.World \u00d6lb\u00fcrste eignet sich zur Pflege einer Irish Flute und zum \u00d6len von Holzfl\u00f6ten f\u00fcr Dudels\u00e4cke. Dazu z\u00e4hlen Fl\u00f6ten aus Hartholz wie Buchsbaum, Grenadill, Palisander, Ebenholz, Pflaume oder Olive. Holzblasinstrumente aus Birne oder Ahorn musst Du hingegen nicht zwangsweise \u00f6len, die sie meist schon leicht paraffiniert sind. Es schadet allerdings nicht, ihnen von Zeit zu Zeit eine kleine \u201e\u00d6lkur\u201c zu g\u00f6nnen.<\/p>\n<p>Zum \u00d6len Deines Instruments Instruments aus Hartholz solltest Du am besten <a href=\"https:\/\/folk.world\/de\/s\/folkflute\/irish-flute\/zubehoer\/mandeloel-bio-30ml-pflege-fuer-harthoelzer\/\">Mandel\u00f6l<\/a> verwenden, denn es ist hochwertig und aus nachhaltiger Sicht unbedenklich. Einige empfehlen zu diesem Zweck auch Lein\u00f6l, welches Du aber lieber f\u00fcr &#8220;weicheres&#8221; Holz verwenden solltest. Bei Hartholz neigt Lein\u00f6l zur Bildung von harzigen R\u00fcckst\u00e4nden. Mandel\u00f6l l\u00e4sst sich bei Harth\u00f6lzern sehr d\u00fcnnfl\u00fcssig auftragen, zieht schnell ein und riecht neutral.<\/p>\n<h2>Holzfl\u00f6ten \u2013 richtig ge\u00f6lt<\/h2>\n<p>Lass die Holzfl\u00f6te vor der Pflegebehandlung gut trocknen, damit keine Restfeuchtigkeit mit eingeschlossen wird. Achte darauf, dass sie frei von Schmutz und anderen R\u00fcckst\u00e4nden ist.<\/p>\n<p>Zerlege die Fl\u00f6te (wenn n\u00f6tig) in ihre Einzelteile. Das Mundst\u00fcck wird immer separat ge\u00f6lt! Wenn Du ein Instrument mit Klappen hast, schiebe vor der \u00d6lbehandlung etwas zerkn\u00fcllte Plastikfolie unter die Klappenpolster.<\/p>\n<p>Halte die Einzelteile der Fl\u00f6te zum \u00d6len grunds\u00e4tzlich aufrecht, damit das Pflege\u00f6l nicht in die Griffl\u00f6cher oder den Windkanal laufen kann.<\/p>\n<p>Gib nun zum \u00d6len ein paar Tropfen Mandel\u00f6l auf die Innenseiten. Schiebe die \u00d6lb\u00fcrste hinein, und drehe sie behutsam mehrmals um die eigene Achse.<\/p>\n<p>Bei \u201eteilgef\u00fctterten\u201c Kopfst\u00fccken die Innenbohrung nicht vergessen! Auch der Kopf und das Labium k\u00f6nnen eine vorsichtige \u00d6lung vertragen, am besten mit einem noch leicht benetzten Lappen oder B\u00fcrstchen.<\/p>\n<p>Die Korkfl\u00e4chen, die beim Zusammenstecken aufeinander liegen, brauchst Du nicht zu \u00f6len. F\u00fcr die Korken gibt es \u00fcbrigens spezielles Korkfett, denn auch sie sollten nicht zu trocken werden.<\/p>\n<p>Pr\u00fcfe anschlie\u00dfend im Licht, ob das \u00d6l gut verteilt ist, und wiederhole gegebenenfalls den Vorgang.<\/p>\n<p>Unlackierte Holzfl\u00f6ten werden auch an der Au\u00dfenseite mit einer feinen \u00d6lschicht \u00fcberzogen. Dazu verwendest Du am besten einen Lappen, der schon leicht \u00f6lig ist. Lackierte Instrumente kannst Du \u2013 dezent! &#8211; von au\u00dfen \u00f6len. Sie erhalten dabei einen sch\u00f6nen Glanz.<\/p>\n<p>Gesamtl\u00e4nge: 30cm<br \/>\nBesatzl\u00e4nge: 12 cm<\/p>\n","protected":false},"excerpt":{"rendered":"<ul>\n<li>geeignet zum auftragen einer sch\u00fctzenden \u00d6lschicht<\/li>\n<li>Durchmesser 25 mm<\/li>\n<li>Plastikfrei! Hergestellt aus Draht und Naturborsten<\/li>\n<\/ul>\n","protected":false},"featured_media":15587,"comment_status":"open","ping_status":"closed","template":"","meta":[],"product_brand":[],"product_cat":[1573],"product_tag":[],"class_list":{"0":"post-15586","1":"product","2":"type-product","3":"status-publish","4":"has-post-thumbnail","6":"product_cat-zubehoer","8":"first","9":"instock","10":"taxable","11":"shipping-taxable","12":"purchasable","13":"product-type-simple"},"composite_virtual":false,"composite_layout":"","composite_add_to_cart_form_location":"","composite_editable_in_cart":false,"composite_sold_individually_context":"","composite_shop_price_calc":"","composite_components":[],"composite_scenarios":[],"bundled_by":[],"bundle_stock_status":"instock","bundle_stock_quantity":39,"bundle_virtual":false,"bundle_layout":"","bundle_add_to_cart_form_location":"","bundle_editable_in_cart":false,"bundle_sold_individually_context":"","bundle_item_grouping":"","bundle_min_size":"","bundle_max_size":"","bundle_price":[],"bundled_items":[],"bundle_sell_ids":[],"exclude_global_add_ons":[],"addons":[],"tiered_pricing_type":"fixed","tiered_pricing_fixed_rules":[],"tiered_pricing_product_settings":{"layout":"default","base_unit_name":{"singular":null,"plural":null},"default_variation":null},"tiered_pricing_minimum_quantity":null,"tiered_pricing_roles_data":[],"tiered_pricing_percentage_rules":[],"tiered_pricing_maximum_quantity":null,"tiered_pricing_quantity_step":null,"_links":{"self":[{"href":"https:\/\/folk.world\/de\/wp-json\/wp\/v2\/product\/15586","targetHints":{"allow":["GET"]}}],"collection":[{"href":"https:\/\/folk.world\/de\/wp-json\/wp\/v2\/product"}],"about":[{"href":"https:\/\/folk.world\/de\/wp-json\/wp\/v2\/types\/product"}],"replies":[{"embeddable":true,"href":"https:\/\/folk.world\/de\/wp-json\/wp\/v2\/comments?post=15586"}],"wp:featuredmedia":[{"embeddable":true,"href":"https:\/\/folk.world\/de\/wp-json\/wp\/v2\/media\/15587"}],"wp:attachment":[{"href":"https:\/\/folk.world\/de\/wp-json\/wp\/v2\/media?parent=15586"}],"wp:term":[{"taxonomy":"product_brand","embeddable":true,"href":"https:\/\/folk.world\/de\/wp-json\/wp\/v2\/product_brand?post=15586"},{"taxonomy":"product_cat","embeddable":true,"href":"https:\/\/folk.world\/de\/wp-json\/wp\/v2\/product_cat?post=15586"},{"taxonomy":"product_tag","embeddable":true,"href":"https:\/\/folk.world\/de\/wp-json\/wp\/v2\/product_tag?post=15586"}],"curies":[{"name":"wp","href":"https:\/\/api.w.org\/{rel}","templated":true}]}}