{"id":15615,"date":"2021-10-21T18:04:05","date_gmt":"2021-10-21T16:04:05","guid":{"rendered":"https:\/\/folk.world\/?post_type=product&#038;p=15615"},"modified":"2024-12-10T18:50:34","modified_gmt":"2024-12-10T17:50:34","slug":"irish-flute-lehrbuch-larsen","status":"publish","type":"product","link":"https:\/\/folk.world\/de\/s\/folkflute\/irish-flute\/irish-flute-lehrbuch-larsen\/","title":{"rendered":"Irish Flute Lehrbuch: &#8220;The Essential Guide to Irish Flute and Tin Whistle&#8221; by Grey Larsen &#8211; 480 Seiten geballtes Wissen!"},"content":{"rendered":"<p>Auf 480 Seiten stellt &#8220;The Essential Guide to Irish Flute and Tin Whistle&#8221; von <a href=\"https:\/\/greylarsen.com\/\" target=\"_blank\" rel=\"noopener\">Grey Larsen<\/a> geballtes Wissen f\u00fcr Spieler der Irischen Fl\u00f6te zur Verf\u00fcgung. Das Irish Flute Lehrbuch eignet sich sowohl f\u00fcr Anf\u00e4nger als auch f\u00fcr fortgeschrittene Spieler der Irischen Fl\u00f6te (Irish Flute) und Blechfl\u00f6te (Tin Whistle). &#8220;The Essential Guide to Irish Flute and Tin Whistle&#8221; erkl\u00e4rt nicht nur den Unterschied zwischen den verschiedenen Fl\u00f6ten, sondern liefert auch Ratschl\u00e4ge und Tipps zur Verbesserung des eigenen Spiels.<\/p>\n<h2>Geballtes Wissen f\u00fcr Anf\u00e4nger und Fortgeschrittene<\/h2>\n<p>Du bist blutiger Anf\u00e4nger und ben\u00f6tigst Grundlagenwissen zum Spiel der <a href=\"https:\/\/folk.world\/de\/s\/folkflute\/irish-flute\/gabriel-irish-flute\/\">Irischen Fl\u00f6te<\/a> und Tin Whistle? Dann ist das Irish Flute Lehrbuch &#8220;The Essential Guide to Irish Flute and Tin Whistle&#8221; von Grey Larsen genau das Richtige f\u00fcr dich. Schon das erste Kapitel befasst sich mit den verschiedenen Instrumenten und ihrer Handhabung.<\/p>\n<p>Das Irish Flute Lehrbuch erl\u00e4utert die Unterscheidung zwischen der traditionellen Irish Flute beziehungsweise Holzquerfl\u00f6te (&#8220;Simple System&#8221;-Griffweise) und der sp\u00e4ter eingef\u00fchrten B\u00f6hm-Systemfl\u00f6te sowie der Tin Whistle.<\/p>\n<p>W\u00e4hrend die Bauweise der Simple-Fl\u00f6te den klassischen europ\u00e4ischen Holzquerfl\u00f6ten des 19. Jahrhunderts \u00e4hnelt, wurden mit der B\u00f6hm-Fl\u00f6te technische Ver\u00e4nderungen f\u00fcr eine bessere Bespielbarkeit vorgenommen. Auch die Tin Whistle, auch Penny oder Pocket Whistle genannt, wird in der irischen Folkmusik eingesetzt.<\/p>\n<p>Auch fortgeschrittene Spieler werden mit &#8220;The Essential Guide to Irish Flute and Tin Whistle&#8221; von Grey Larsen reicht belohnt und finden zahlreiche Informationen zur Irish Flute und Tin Whistle, die in anderen Lehrb\u00fcchern fehlen. So liefert der Guide durchdachte, detaillierte und umfangreiche Texte zu wichtigen Themen wie Atmung, Haltung und der Geschichte und Theorie der traditionellen Irischen Fl\u00f6te und Whistle-Musik.<\/p>\n<h2>Hilfreiche Einf\u00fchrung in die Verzierungstechniken<\/h2>\n<p>Gro\u00dfartig ist auch die Einf\u00fchrung in die Verzierungstechniken, die so umfangreich und detailliert nirgendwo anders beschrieben werden. Du haderst noch mit einigen Verzierungen und fragst dich, wie sie korrekt ausgef\u00fchrt werden?<\/p>\n<p>Das Irish Flute Lehrbuch &#8220;The Essential Guide to Irish Flute and Tin Whistle&#8221; von Grey Larsen gibt dir alle Informationen, die du brauchst. Hinzu kommen eine Vielzahl von \u00dcbungen zu den verschiedenen Techniken, Adaptionen f\u00fcr Spieler der B\u00f6hm-Fl\u00f6te und insgesamt 27 Transkriptionen von Aufnahmen aus den Jahren 1926 bis 2001. Das Besondere: Nirgendwo sonst findet man eine so ausf\u00fchrliche Darstellung von Cuts, Strikes und Slides, Long Rolls, Short Rolls etc.<\/p>\n<p>In &#8220;The Essential Guide to Irish Flute and Tin Whistle&#8221; beschreibt Grey Larsen sehr dicht, an welcher Stelle welche Verzierungen zu spielen sind. Das Irish Flute Lehrbuch bietet dem interessierten Leser eine ausf\u00fchrliche Anleitung und ein System, um das eigene Spiel auf der Irish Flute und Tin Whistle zu erlernen beziehungsweise zu verbessern.<\/p>\n<p>Auch die vom Autor selbst entwickelten Symbole zur Vermittlung der traditionellen irischen Verzierungen sind einleuchtend und \u00e4u\u00dferst hilfreich. Gerne spricht Folk.World deshalb eine Empfehlung f\u00fcr &#8220;The Essential Guide to Irish Flute and Tin Whistle&#8221; aus, dessen Autor Grey Larsen seine Leidenschaft f\u00fcr die Irische Fl\u00f6tenmusik mit ganzem Herzen an die Leser weitergibt.<\/p>\n<h2>Irish Flute Lehrbuch mit umfangreichem Audio-Material<\/h2>\n<p>Das Audio-Begleitmaterial zum Buch ist ebenfalls hervorragend. Du kannst es ganz einfach online von der Webseite des Verlags Mel Bay Publications herunterladen. Die transkribierten Aufnahmen stammen von folgenden Fl\u00f6tenspielern:<\/p>\n<ul>\n<li>John McKenna<\/li>\n<li>Tom Morrison<\/li>\n<li>William Cummins<\/li>\n<li>S\u00e9amus Ennis<\/li>\n<li>Willie Clancy<\/li>\n<li>Paddy Taylor<\/li>\n<li>Paddy Carty<\/li>\n<li>Grey Larsen<\/li>\n<li>Josie McDermott<\/li>\n<li>Matt Molloy<\/li>\n<li>Cathal McConnell<\/li>\n<li>Mary Bergin<\/li>\n<li>Donncha \u00d3 Briain (Denis O\u2019Brien)<\/li>\n<li>Desi Wilkinson<\/li>\n<li>Breda Smyth<\/li>\n<li>Se\u00e1n Ryan<\/li>\n<li>Conal \u00d3 Gr\u00e1da<\/li>\n<li>Micho Russel<\/li>\n<li>Joanie Madden<\/li>\n<li>Kevin Crawford<\/li>\n<li>Catherine McEvoy<\/li>\n<li>Seamus Egan<\/li>\n<\/ul>\n<h2>\u00dcber den Autor<\/h2>\n<p>Gray Larsen ist ein vielseitiger und versierter Musiker und Autor von B\u00fcchern \u00fcber irische Musik.\u00a0Obwohl er seit den 1970er Jahren viele musikalische Wege beschritten hat, konzentriert er sich heute haupts\u00e4chlich auf drei:<\/p>\n<ul>\n<li>Irish Flute and Tin Whistle: Grey ist ein sehr versierter Spieler und ein gefeierter Autor.<\/li>\n<li>Konzertauftritte mit Cindy Kallet: Intime traditionelle und zeitgen\u00f6ssische Volksmusik und Lieder.<\/li>\n<li>Mastering : Mit einer Spezialit\u00e4t auf akustisch basierte Musik.<\/li>\n<\/ul>\n<p><strong>Sprache:<\/strong> Englisch<\/p>\n","protected":false},"excerpt":{"rendered":"<ul>\n<li>Lehrbuch f\u00fcr Irish Flute und Tin Whistle<\/li>\n<li>480 Seiten geballtes Wissen<\/li>\n<li>F\u00fcr Anf\u00e4nger und Fortgeschrittene<\/li>\n<\/ul>\n","protected":false},"featured_media":15617,"comment_status":"open","ping_status":"closed","template":"","meta":[],"product_brand":[],"product_cat":[1572],"product_tag":[],"class_list":{"0":"post-15615","1":"product","2":"type-product","3":"status-publish","4":"has-post-thumbnail","6":"product_cat-irish-flute","8":"first","9":"instock","10":"taxable","11":"shipping-taxable","12":"purchasable","13":"product-type-simple"},"composite_virtual":false,"composite_layout":"","composite_add_to_cart_form_location":"","composite_editable_in_cart":false,"composite_sold_individually_context":"","composite_shop_price_calc":"","composite_components":[],"composite_scenarios":[],"bundled_by":[],"bundle_stock_status":"instock","bundle_stock_quantity":null,"bundle_virtual":false,"bundle_layout":"","bundle_add_to_cart_form_location":"","bundle_editable_in_cart":false,"bundle_sold_individually_context":"","bundle_item_grouping":"","bundle_min_size":"","bundle_max_size":"","bundle_price":[],"bundled_items":[],"bundle_sell_ids":[],"exclude_global_add_ons":[],"addons":[],"tiered_pricing_type":"fixed","tiered_pricing_fixed_rules":[],"tiered_pricing_product_settings":{"layout":"default","base_unit_name":{"singular":null,"plural":null},"default_variation":null},"tiered_pricing_minimum_quantity":null,"tiered_pricing_roles_data":[],"tiered_pricing_percentage_rules":[],"tiered_pricing_maximum_quantity":null,"tiered_pricing_quantity_step":null,"_links":{"self":[{"href":"https:\/\/folk.world\/de\/wp-json\/wp\/v2\/product\/15615","targetHints":{"allow":["GET"]}}],"collection":[{"href":"https:\/\/folk.world\/de\/wp-json\/wp\/v2\/product"}],"about":[{"href":"https:\/\/folk.world\/de\/wp-json\/wp\/v2\/types\/product"}],"replies":[{"embeddable":true,"href":"https:\/\/folk.world\/de\/wp-json\/wp\/v2\/comments?post=15615"}],"wp:featuredmedia":[{"embeddable":true,"href":"https:\/\/folk.world\/de\/wp-json\/wp\/v2\/media\/15617"}],"wp:attachment":[{"href":"https:\/\/folk.world\/de\/wp-json\/wp\/v2\/media?parent=15615"}],"wp:term":[{"taxonomy":"product_brand","embeddable":true,"href":"https:\/\/folk.world\/de\/wp-json\/wp\/v2\/product_brand?post=15615"},{"taxonomy":"product_cat","embeddable":true,"href":"https:\/\/folk.world\/de\/wp-json\/wp\/v2\/product_cat?post=15615"},{"taxonomy":"product_tag","embeddable":true,"href":"https:\/\/folk.world\/de\/wp-json\/wp\/v2\/product_tag?post=15615"}],"curies":[{"name":"wp","href":"https:\/\/api.w.org\/{rel}","templated":true}]}}