{"id":15931,"date":"2022-07-21T13:13:43","date_gmt":"2022-07-21T11:13:43","guid":{"rendered":"https:\/\/folk.world\/?post_type=product&#038;p=15931"},"modified":"2025-02-11T23:11:59","modified_gmt":"2025-02-11T22:11:59","slug":"f-stoepsel-fuer-mittelalterliche-wee-pipe","status":"publish","type":"product","link":"https:\/\/folk.world\/de\/s\/wee-pipe\/zubehoer-wp\/f-stoepsel-fuer-mittelalterliche-wee-pipe\/","title":{"rendered":"F-St\u00f6psel f\u00fcr mittelalterliche Wee-Pipe"},"content":{"rendered":"<p>Mit diesem F-Stecker kannst Du das Fis-Loch verj\u00fcngen zu einem F-Loch. Einfach dort einstecken, wo Dein oberer Mittelfinger sitzt.<\/p>\n<p>Wenn Du den F-St\u00f6psel eingesteckt hast, nutzt Du den Gabelgriff um das F zu spielen.<\/p>\n<p><strong>Hinweis<\/strong><\/p>\n<p>Jedes Instrument ist handgefertigt. Das bedeutet, das beim Stimmen des Instruments jedes Tonloch auf den perfekten Ton von Hand angepasst wird. Dadurch unterscheidet sich das Tonloch vom F bei jeder Wee-Pipe um wenige zehntel Millimeter im Durchmesser. Auch die F-St\u00f6psel haben unterschiedliche Aussendurchmesser. Wenn Dein gelieferter F-St\u00f6psel nicht passt, also zu fest oder zu locker sitzt, sende ihn gern zur\u00fcck. Du bekommt dann das Geld zur\u00fcck erstattet. Empfehlenswert ist es, mehrere F-St\u00f6psel auf einmal zu bestellen und die nicht passenden zu retournieren.<\/p>\n","protected":false},"excerpt":{"rendered":"<p>Mit diesem F-Stecker kannst Du das Fis-Loch verj\u00fcngen zu einem F-Loch. Einfach dort einstecken, wo Dein oberer Mittelfinger sitzt. Wenn Du den F-St\u00f6psel eingesteckt hast, nutzt Du den Gabelgriff um das F zu spielen. Hinweis Jedes Instrument ist handgefertigt. Das bedeutet, das beim Stimmen des Instruments jedes Tonloch auf den perfekten Ton von Hand angepasst [&hellip;]<\/p>\n","protected":false},"featured_media":15933,"comment_status":"open","ping_status":"closed","template":"","meta":[],"product_brand":[],"product_cat":[672,656],"product_tag":[1583],"class_list":{"0":"post-15931","1":"product","2":"type-product","3":"status-publish","4":"has-post-thumbnail","6":"product_cat-dudelsack-zubehoer","7":"product_cat-zubehoer-wp","8":"product_tag-wee-pipe","10":"first","11":"instock","12":"taxable","13":"shipping-taxable","14":"purchasable","15":"product-type-simple"},"composite_virtual":false,"composite_layout":"","composite_add_to_cart_form_location":"","composite_editable_in_cart":false,"composite_sold_individually_context":"","composite_shop_price_calc":"","composite_components":[],"composite_scenarios":[],"bundled_by":[],"bundle_stock_status":"instock","bundle_stock_quantity":null,"bundle_virtual":false,"bundle_layout":"","bundle_add_to_cart_form_location":"","bundle_editable_in_cart":false,"bundle_sold_individually_context":"","bundle_item_grouping":"","bundle_min_size":"","bundle_max_size":"","bundle_price":[],"bundled_items":[],"bundle_sell_ids":[],"exclude_global_add_ons":[],"addons":[],"tiered_pricing_type":"fixed","tiered_pricing_fixed_rules":[],"tiered_pricing_product_settings":{"layout":"default","base_unit_name":{"singular":null,"plural":null},"default_variation":null},"tiered_pricing_minimum_quantity":null,"tiered_pricing_roles_data":[],"tiered_pricing_percentage_rules":[],"tiered_pricing_maximum_quantity":null,"tiered_pricing_quantity_step":null,"_links":{"self":[{"href":"https:\/\/folk.world\/de\/wp-json\/wp\/v2\/product\/15931","targetHints":{"allow":["GET"]}}],"collection":[{"href":"https:\/\/folk.world\/de\/wp-json\/wp\/v2\/product"}],"about":[{"href":"https:\/\/folk.world\/de\/wp-json\/wp\/v2\/types\/product"}],"replies":[{"embeddable":true,"href":"https:\/\/folk.world\/de\/wp-json\/wp\/v2\/comments?post=15931"}],"wp:featuredmedia":[{"embeddable":true,"href":"https:\/\/folk.world\/de\/wp-json\/wp\/v2\/media\/15933"}],"wp:attachment":[{"href":"https:\/\/folk.world\/de\/wp-json\/wp\/v2\/media?parent=15931"}],"wp:term":[{"taxonomy":"product_brand","embeddable":true,"href":"https:\/\/folk.world\/de\/wp-json\/wp\/v2\/product_brand?post=15931"},{"taxonomy":"product_cat","embeddable":true,"href":"https:\/\/folk.world\/de\/wp-json\/wp\/v2\/product_cat?post=15931"},{"taxonomy":"product_tag","embeddable":true,"href":"https:\/\/folk.world\/de\/wp-json\/wp\/v2\/product_tag?post=15931"}],"curies":[{"name":"wp","href":"https:\/\/api.w.org\/{rel}","templated":true}]}}