{"id":1812,"date":"2017-12-04T22:31:16","date_gmt":"2017-12-04T21:31:16","guid":{"rendered":"https:\/\/folk.world\/?post_type=product&#038;p=1812"},"modified":"2025-08-21T00:06:07","modified_gmt":"2025-08-20T22:06:07","slug":"wee-pipe-schottisch","status":"publish","type":"product","link":"https:\/\/folk.world\/de\/s\/wee-pipe\/wee-pipe-schottisch\/","title":{"rendered":"Wee-Pipe schottisch"},"content":{"rendered":"<p>Der Dudelsack geh\u00f6rt zu den \u00e4ltesten Instrumenten Europas. Der Begriff ist zwar gel\u00e4ufig, doch schr\u00e4ge Musik kommt aus der Sackpfeife nicht raus. Ob Folk, Rock, Metal oder Meditationsmusik: Das schottische Original punktet mit einem breiten Klangspektrum, das in vielen Musikgenres einen festen Platz hat.<\/p>\n<h3>Dudelsack lernen: mit einer Wee-Pipe kein Problem<\/h3>\n<p>Zieht Dich der markante Sound in seinen Bann, dann solltest Du wie viele andere Profimusiker Dudelsack lernen. Aller Anfang ist normalerweise schwer, doch mit der Wee-Pipe von Bieger Pipes steht dem unkomplizierten Einstieg nichts im Weg. Selbst f\u00fcr Fortgeschrittene ist das Qualit\u00e4tsmodell eine clevere Wahl, denn es l\u00e4sst sich optimal als Zweitinstrument nutzen.<\/p>\n<h3>Dudelsack lernen mit leichtem Einstieg<\/h3>\n<p>Die Great Highland Bagpipe ist das schottische Urgestein unter den Sackpfeifen. Der Klang ist einzigartig und typisch f\u00fcr die Gr\u00fcne Insel. Die Bedienbarkeit ist f\u00fcr Einsteiger jedoch eine Herausforderung, sodass der Spa\u00df am \u00dcben schnell zu kurz kommt. Besser ist, von Anfang an auf einen zuverl\u00e4ssigen Dudelsack zu setzen, der in Sachen Klang, Qualit\u00e4t und Funktionalit\u00e4t keine Kompromisse eingeht. Die Wee-Pipe ist das perfekte Beginnermodell. Es stellt sicher, dass Du von Grund auf alle Techniken korrekt erlernst.<\/p>\n<h3>Schottischer Dudelsack f\u00fcr Anf\u00e4nger und K\u00f6nner<\/h3>\n<p>Die Wee-Pipe ist ein schottischer Dudelsack f\u00fcr Anf\u00e4nger und Fortgeschrittene. Beginner profitieren von der unkomplizierten Handhabung, Experten freuen sich \u00fcber den leisen, nachbarschaftsfreundlichen Klang. Das Modell l\u00e4sst sich m\u00fchelos transportieren, es eignet sich besonders als Zweitdudelsack neben der Great Highland Bagpipe. Die Wee-Pipe ist klein, handlich und sehr solide verarbeitet. Gracenotes spielen sich leicht und stabil.<\/p>\n<h3>Mit der Wee-Pipe Dudelsack lernen<\/h3>\n<p>Musiker, die Dudelsack lernen, ben\u00f6tigen in erster Linie leicht bedienbare Instrumente. Das ist einer der grundlegenden Voraussetzungen, um sich auf das Wesentliche zu konzentrieren \u2013 dem \u00dcben der Technik. Die Wee-Pipe ist in der Kategorie Practice Chanter und Co. angesiedelt, es handelt sich jedoch nicht um eine reine \u00dcbungsfl\u00f6te. Anblasrohr auf den Chanter gesteckt, und Du erh\u00e4ltst den Practice Chanter. Beide Teile zur\u00fcck am Luftsack angeschlossen, erh\u00e4ltst Du einen vollst\u00e4ndigen Dudelsack mit Bordun. Dudelsack lernen ist durch die hohe Funktionalit\u00e4t ein Kinderspiel.<\/p>\n<h3>Schottischer Dudelsack mit praktischer Lernausstattung<\/h3>\n<p>Die Wee-Pipe ist mit allen Features ausgestattet, die einen vollwertigen Dudelsack ausmachen, wozu auch der Brummer (Bordun \/ Drone) geh\u00f6rt. Er sorgt f\u00fcr den charakteristischen, tiefen Dauerton. Du spielst das Instrument wie beim schottischen Original mit dem Ellenbogen. Die Sackpfeife mit syntetischem Luftsack von CANMORE verf\u00fcgt \u00fcber Windkapsel (Anblasrohr) und Spielpfeife. Beide Teile lassen sich zusammenstecken und bei Bedarf als Practice Chanter nutzen. Die meisten Komponenten bestehen aus strapazierf\u00e4higem Kunststoff, sodass ein feuchtes Tuch ausreicht, um Deine Wee-Pipe von Staub zu befreien. Im Gegensatz zur Great Highland Bagpipe entf\u00e4llt das regelm\u00e4\u00dfige Einfetten oder Abdichten des Luftsacks.<\/p>\n<h3>Dudelsack lernen mit der Wee-Pipe: f\u00fcr Deine Nachbarn eine ohrenschonende Angelegenheit<\/h3>\n<p>Wer in den eigenen vier W\u00e4nden Dudelsack lernen will, der hat es mitunter schwer auf Toleranz zu sto\u00dfen. Das gilt besonders beim Spielen der Great Highland Bagpipe. Schallwellen dringen besonders in hohen Tonlagen durch W\u00e4nde und Fenster. Die L\u00e4rmbel\u00e4stigung f\u00e4llt mit einer Wee-Pipe moderat aus. Du l\u00e4ufst keine Gefahr, Deine Freunde, Familie und Nachbarn zu nerven. Die Sackpfeife erreicht in etwa den Ger\u00e4uschpegel einer Akustikgitarre. Dudelsack lernen, funktioniert also auch ohne Extremlautst\u00e4rke.<\/p>\n<h3>Beste Qualit\u00e4t f\u00fcr den Einstieg<\/h3>\n<p>Bei der Auswahl an Materialien wurde auf beste Qualit\u00e4t geachtet. Im Chanter sitzt ein Rohrblatt von Ezee und ebenso der Bordun ist mit einem sehr hochwertigen Dronereed der bekannten Marke EzeeDrone best\u00fcckt. Der Balg von Canmore ist in ansprechender Cordoptik gehalten und besteht aus einem syntetischen Textil, dass Feuchtigkeit durchl\u00e4sst, aber luftdicht ist. Die Pfeifen und \u00fcbrigen Komponenten wurden aus POM gedrechselt, ein Material, dass die Schotten f\u00fcr ihre Instrumente zu sch\u00e4tzen wissen. Und nicht zuletzt das <a href=\"https:\/\/folk.world\/s\/dudelsack-ventil-bagpipe-valve\/\">Ventil<\/a> ist aus solidem, pflegeleichtem Kunststoff.<\/p>\n<h3>Dudelsack lernen ohne Klangkompromisse<\/h3>\n<p>Wer Dudelsack lernen will, sollte das unbedingt tun. Der Einstieg ist mit der Wee-Pipe unkompliziert. Sie funktioniert vom Prinzip her wie ein schottischer Dudelsack, doch Einsteigern geht beim Spielen nicht so schnell die Puste aus. Ob Anf\u00e4nger, Fortgeschrittener oder Profi: Folk.World empfiehlt die Wee-Pipe jedem, der die schottische und irische Musik f\u00fcr sich entdeckt hat.<\/p>\n<p>Experten aus Schottland und Deutschland entwickelten die Wee-Pipe, wobei auch die Dudelsackikone Thomas Z\u00f6ller seinen Beitrag leistete. Die Herausforderung bestand darin, ein leises, praktisches und leicht bedienbares Musikinstrument zu konzipieren, das selbst Profimusiker anspricht. Das Vorhaben ist rundum gelungen, denn die Wee-Pipe ist ein schottischer Dudelsack der Extraklasse.<\/p>\n<h3>rent an instrument<\/h3>\n<p>NEU! &#8211; <strong>Miete<\/strong> die Wee-Pipe. Kaufoption mit Anrechung der Miete ist inklusive!<\/p>\n<div class=\"woocommerce columns-3 \"><\/div>\n<h3>Video-Vorf\u00fchrung<\/h3>\n<p><iframe loading=\"lazy\" title=\"wee pipes\" width=\"980\" height=\"735\" src=\"https:\/\/www.youtube.com\/embed\/9E7qcB64zMY?feature=oembed\" frameborder=\"0\" allow=\"accelerometer; autoplay; clipboard-write; encrypted-media; gyroscope; picture-in-picture; web-share\" referrerpolicy=\"strict-origin-when-cross-origin\" allowfullscreen><\/iframe><\/p>\n<h3>Grifftabelle<\/h3>\n<p><img loading=\"lazy\" decoding=\"async\" class=\"alignnone size-full wp-image-1814\" src=\"https:\/\/folk.world\/wp-content\/uploads\/2017\/12\/grifftabelle_halbgeschlossen.png\" alt=\"-\" width=\"637\" height=\"239\" title=\"\" srcset=\"https:\/\/folk.world\/wp-content\/uploads\/2017\/12\/grifftabelle_halbgeschlossen.png 637w, https:\/\/folk.world\/wp-content\/uploads\/2017\/12\/grifftabelle_halbgeschlossen-324x122.png 324w, https:\/\/folk.world\/wp-content\/uploads\/2017\/12\/grifftabelle_halbgeschlossen-416x156.png 416w, https:\/\/folk.world\/wp-content\/uploads\/2017\/12\/grifftabelle_halbgeschlossen-300x113.png 300w\" sizes=\"auto, (max-width: 637px) 100vw, 637px\" \/><\/p>\n<ul>\n<li>[ <a href=\"https:\/\/folk.world\/wp-content\/uploads\/2017\/12\/Great-Highland-Bagpipe-Grifftabelle-v1.pdf\">Grifftabelle herunterladen<\/a> ]<\/li>\n<\/ul>\n<h3>Bestandteile<\/h3>\n<ul class=\"list-style1\">\n<li><strong>CANMORE-Sack<\/strong><br \/>\nin edler Optik von Cordstoff<\/li>\n<li><strong>Drone- und Chanter-Reed<\/strong><br \/>\nMarke &#8220;Ezeedrone&#8221; (Pipe Dreams, Schottland)<\/li>\n<li><strong>Bordun<\/strong><br \/>\nmit typisch schottischer &#8220;Combing&#8221;-Verzierung<\/li>\n<li><strong>Chanter, Mundst\u00fcck und Bordun sind aus klang-echtem Kunststoff,<\/strong><br \/>\ndas macht die <span class=\"font\">Wee-Pipe<\/span> weniger temperatur- und feuchtigkeitsanf\u00e4llig.<\/li>\n<\/ul>\n<h3>Kinder-Ausf\u00fchrung<\/h3>\n<p>Die schottische Wee-Pipe ist auch f\u00fcr Kinder erh\u00e4ltlich. Besonders geeignet ist die Tonart C f\u00fcr Kinderh\u00e4nde, da die Tonl\u00f6cher auf der Spielpfeife n\u00e4her beieinander sind. W\u00e4hrend beim A-Chanter die Strecke zwischen Daumen der oberen Hand und Kleinem Finger der unteren Hand 17,5 cm betr\u00e4gt, sind es beim Chanter in C nur 14 cm. Entsprechend zur Tonart C sollte f\u00fcr Kinder auch die kleine Gr\u00f6\u00dfe des Luftsacks gew\u00e4hlt werden. <a href=\"https:\/\/folk.world\/de\/s\/wee-pipe\/wee-pipe-schottisch-kinderdudelsack\/\">Bestellung der Kinder-Version bitte hier.<\/a><\/p>\n","protected":false},"excerpt":{"rendered":"<p>Mit der Wee-Pipe lernst Du sehr leicht <strong>schottischen Dudelsack<\/strong> spielen. Klein, handlich, in Zimmerlautst\u00e4rke.<\/p>\n<ul>\n<li>Einstiegsdudelsack<\/li>\n<li>Zweitinstrument zur Great Highland Bagpipe<\/li>\n<li>Instrument f\u00fcr Erwachsene (Kinderversion auf Anfrage)<\/li>\n<\/ul>\n<ul>\n<li><a href=\"https:\/\/folk.world\/wp-content\/uploads\/2021\/05\/FW-Anleitung-WP-zu-PC.pdf\">Anleitung: Wee-Pipe zum Practice Chanter umbauen<\/a><\/li>\n<\/ul>\n","protected":false},"featured_media":9585,"comment_status":"open","ping_status":"closed","template":"","meta":[],"product_brand":[],"product_cat":[625],"product_tag":[791],"class_list":{"0":"post-1812","1":"product","2":"type-product","3":"status-publish","4":"has-post-thumbnail","6":"product_cat-wee-pipe","7":"product_tag-dudelsack","8":"product_shipping_class-instruments","10":"first","11":"outofstock","12":"featured","13":"taxable","14":"shipping-taxable","15":"purchasable","16":"product-type-simple"},"composite_virtual":false,"composite_layout":"","composite_add_to_cart_form_location":"","composite_editable_in_cart":false,"composite_sold_individually_context":"","composite_shop_price_calc":"","composite_components":[],"composite_scenarios":[],"bundled_by":[],"bundle_stock_status":"outofstock","bundle_stock_quantity":0,"bundle_virtual":false,"bundle_layout":"","bundle_add_to_cart_form_location":"","bundle_editable_in_cart":false,"bundle_sold_individually_context":"","bundle_item_grouping":"","bundle_min_size":"","bundle_max_size":"","bundle_price":[],"bundled_items":[],"bundle_sell_ids":[],"exclude_global_add_ons":[],"addons":[],"tiered_pricing_type":"fixed","tiered_pricing_fixed_rules":[],"tiered_pricing_product_settings":{"layout":"default","base_unit_name":{"singular":null,"plural":null},"default_variation":null},"tiered_pricing_minimum_quantity":null,"tiered_pricing_roles_data":[],"tiered_pricing_percentage_rules":[],"tiered_pricing_maximum_quantity":null,"tiered_pricing_quantity_step":null,"_links":{"self":[{"href":"https:\/\/folk.world\/de\/wp-json\/wp\/v2\/product\/1812","targetHints":{"allow":["GET"]}}],"collection":[{"href":"https:\/\/folk.world\/de\/wp-json\/wp\/v2\/product"}],"about":[{"href":"https:\/\/folk.world\/de\/wp-json\/wp\/v2\/types\/product"}],"replies":[{"embeddable":true,"href":"https:\/\/folk.world\/de\/wp-json\/wp\/v2\/comments?post=1812"}],"wp:featuredmedia":[{"embeddable":true,"href":"https:\/\/folk.world\/de\/wp-json\/wp\/v2\/media\/9585"}],"wp:attachment":[{"href":"https:\/\/folk.world\/de\/wp-json\/wp\/v2\/media?parent=1812"}],"wp:term":[{"taxonomy":"product_brand","embeddable":true,"href":"https:\/\/folk.world\/de\/wp-json\/wp\/v2\/product_brand?post=1812"},{"taxonomy":"product_cat","embeddable":true,"href":"https:\/\/folk.world\/de\/wp-json\/wp\/v2\/product_cat?post=1812"},{"taxonomy":"product_tag","embeddable":true,"href":"https:\/\/folk.world\/de\/wp-json\/wp\/v2\/product_tag?post=1812"}],"curies":[{"name":"wp","href":"https:\/\/api.w.org\/{rel}","templated":true}]}}