{"id":18174,"date":"2023-12-14T17:28:23","date_gmt":"2023-12-14T16:28:23","guid":{"rendered":"https:\/\/folk.world\/?post_type=product&#038;p=18174"},"modified":"2026-04-04T16:38:41","modified_gmt":"2026-04-04T14:38:41","slug":"wee-pipe-mittelalterlich","status":"publish","type":"product","link":"https:\/\/folk.world\/de\/s\/wee-pipe\/wee-pipe-mittelalterlich\/","title":{"rendered":"Wee-Pipe mittelalterlich"},"content":{"rendered":"<p><strong>Die Great Highland-Bagpipe aus Schottland und die mittelalterliche Marktsackpfeife (auch mal A-Schwein genannt) sind f\u00fcr den Einstieg recht komplex. Beim \u00dcben in den eigenen vier W\u00e4nden wird die Zimmerlautst\u00e4rke schnell \u00fcberschritten.<\/strong><\/p>\n<p>Darum ist die\u00a0<span class=\"font\">Wee-Pipe<\/span>\u00a0Dein optimales Einsteiger-Instrument als Dudelsackspieler oder Mittelalter-Freund. Die\u00a0<span class=\"font\">Wee-Pipe<\/span>\u00a0wurde in Deutschland und Schottland entwickelt mit dem Ziel, einfach, praktisch, g\u00fcnstig und leise zu sein. Und trotzdem ist die\u00a0<span class=\"font\">Wee-Pipe<\/span>\u00a0ein vollst\u00e4ndiger und hochwertiger Dudelsack.<\/p>\n<p><iframe loading=\"lazy\" src=\"https:\/\/w.soundcloud.com\/player\/?url=https%3A\/\/api.soundcloud.com\/playlists\/225420753&amp;auto_play=false&amp;hide_related=true&amp;show_comments=false&amp;show_user=false&amp;show_reposts=false&amp;visual=false\" width=\"100%\" height=\"320\" frameborder=\"no\" scrolling=\"no\" data-mce-fragment=\"1\"><\/iframe><\/p>\n<p>Mit dieser weltweit einzigartigen Entwicklung hast Du sogar zwei Instrumente in einem. Die Windkapsel (Anblasrohr) und die Schalmei ergeben zusammengesteckt die \u00dcbungsfl\u00f6te (Practice Chanter). Mit dem Practice Chanter kannst Du Dich vollkommen auf die Spieltechnik und Melodie konzentrieren.<\/p>\n<p>Nun ziehst Du den Practice Chanter wieder auseinander und schlie\u00dft beide Teile an den Ledersack an. Voil\u00e1! Schon hast Du eine vollst\u00e4ndige Sackpfeife mit Brummer (Bordun\/Drone) f\u00fcr den tiefen Dauerton und langes Spiel.<\/p>\n<h3>Video-Vorf\u00fchrung<\/h3>\n<p><iframe loading=\"lazy\" title=\"Unterschied zwischen Wee-Pipe und German Smallpipe\" width=\"980\" height=\"551\" src=\"https:\/\/www.youtube.com\/embed\/LcJEM9eC6n8?feature=oembed\" frameborder=\"0\" allow=\"accelerometer; autoplay; clipboard-write; encrypted-media; gyroscope; picture-in-picture; web-share\" referrerpolicy=\"strict-origin-when-cross-origin\" allowfullscreen><\/iframe><\/p>\n<h3>Bestandteile<\/h3>\n<ul class=\"list-style1\">\n<li><strong>CANMORE-Sack<\/strong><br \/>\nin edler Optik von Cordstoff<\/li>\n<li><strong>Drone- und Chanter-Reed<\/strong><br \/>\nMarke &#8220;Ezeedrone&#8221; (Pipe Dreams, Schottland)<\/li>\n<li><strong>Bordun<\/strong><br \/>\nmit typisch schottischer &#8220;Combing&#8221;-Verzierung<\/li>\n<li><strong>Chanter, Mundst\u00fcck und Bordun sind aus klangechtem Kunststoff,<\/strong><br \/>\ndas macht die\u00a0<span class=\"font\">Wee-Pipe<\/span>\u00a0weniger temperatur- und feuchtigkeitsanf\u00e4llig.<\/li>\n<\/ul>\n<div class=\"wow fadeIn animated\" data-wow-duration=\"1s\"><iframe loading=\"lazy\" src=\"https:\/\/w.soundcloud.com\/player\/?url=http%3A%2F%2Fapi.soundcloud.com%2Ftracks%2F76894537\" width=\"100%\" height=\"166\" frameborder=\"no\" scrolling=\"no\" data-mce-fragment=\"1\"><\/iframe><\/div>\n<div class=\"wow fadeIn animated\" data-wow-duration=\"1s\"><iframe loading=\"lazy\" src=\"https:\/\/w.soundcloud.com\/player\/?url=http%3A%2F%2Fapi.soundcloud.com%2Ftracks%2F77856059\" width=\"100%\" height=\"166\" frameborder=\"no\" scrolling=\"no\" data-mce-fragment=\"1\"><\/iframe><\/div>\n<div data-wow-duration=\"1s\">\n<h2>Zusatzinformation<\/h2>\n<table id=\"product-attribute-specs-table\" class=\"table table-bordered table-hover\">\n<colgroup>\n<col width=\"25%\" \/>\n<col \/><\/colgroup>\n<tbody>\n<tr class=\"first odd\">\n<th>Gewicht (kg)<\/th>\n<td class=\"last\">1.5000<\/td>\n<\/tr>\n<tr class=\"even\">\n<th>Tonart<\/th>\n<td class=\"last\">A dorisch<\/td>\n<\/tr>\n<tr class=\"odd\">\n<th>Lautst\u00e4rke<\/th>\n<td class=\"last\">ca. 65 dB<\/td>\n<\/tr>\n<tr class=\"last even\">\n<th>Material<\/th>\n<td class=\"last\">Kunststoff<\/td>\n<\/tr>\n<\/tbody>\n<\/table>\n<\/div>\n","protected":false},"excerpt":{"rendered":"<p>Du m\u00f6chtest Mittelalter-Dudelsack lernen? Der Mittelalter-Marktsack oder der schottische Dudelsack ist Dir zu laut oder zu teuer? Dann ist die Wee-Pipe genau das Richtige f\u00fcr Dich!<\/p>\n<ul>\n<li><a href=\"https:\/\/folk.world\/wp-content\/uploads\/2021\/05\/FW-Anleitung-WP-zu-PC.pdf\">Anleitung: Wee-Pipe zum Practice Chanter umbauen<\/a><\/li>\n<\/ul>\n","protected":false},"featured_media":9587,"comment_status":"open","ping_status":"closed","template":"","meta":[],"product_brand":[],"product_cat":[625],"product_tag":[791],"class_list":{"0":"post-18174","1":"product","2":"type-product","3":"status-publish","4":"has-post-thumbnail","6":"product_cat-wee-pipe","7":"product_tag-dudelsack","8":"product_shipping_class-instruments","10":"first","11":"instock","12":"taxable","13":"shipping-taxable","14":"purchasable","15":"product-type-simple"},"composite_virtual":false,"composite_layout":"","composite_add_to_cart_form_location":"","composite_editable_in_cart":false,"composite_sold_individually_context":"","composite_shop_price_calc":"","composite_components":[],"composite_scenarios":[],"bundled_by":[],"bundle_stock_status":"instock","bundle_stock_quantity":2,"bundle_virtual":false,"bundle_layout":"","bundle_add_to_cart_form_location":"","bundle_editable_in_cart":false,"bundle_sold_individually_context":"","bundle_item_grouping":"","bundle_min_size":"","bundle_max_size":"","bundle_price":[],"bundled_items":[],"bundle_sell_ids":[],"exclude_global_add_ons":[],"addons":[],"tiered_pricing_type":"fixed","tiered_pricing_fixed_rules":[],"tiered_pricing_product_settings":{"layout":"default","base_unit_name":{"singular":null,"plural":null},"default_variation":null},"tiered_pricing_minimum_quantity":null,"tiered_pricing_roles_data":[],"tiered_pricing_percentage_rules":[],"tiered_pricing_maximum_quantity":null,"tiered_pricing_quantity_step":null,"_links":{"self":[{"href":"https:\/\/folk.world\/de\/wp-json\/wp\/v2\/product\/18174","targetHints":{"allow":["GET"]}}],"collection":[{"href":"https:\/\/folk.world\/de\/wp-json\/wp\/v2\/product"}],"about":[{"href":"https:\/\/folk.world\/de\/wp-json\/wp\/v2\/types\/product"}],"replies":[{"embeddable":true,"href":"https:\/\/folk.world\/de\/wp-json\/wp\/v2\/comments?post=18174"}],"wp:featuredmedia":[{"embeddable":true,"href":"https:\/\/folk.world\/de\/wp-json\/wp\/v2\/media\/9587"}],"wp:attachment":[{"href":"https:\/\/folk.world\/de\/wp-json\/wp\/v2\/media?parent=18174"}],"wp:term":[{"taxonomy":"product_brand","embeddable":true,"href":"https:\/\/folk.world\/de\/wp-json\/wp\/v2\/product_brand?post=18174"},{"taxonomy":"product_cat","embeddable":true,"href":"https:\/\/folk.world\/de\/wp-json\/wp\/v2\/product_cat?post=18174"},{"taxonomy":"product_tag","embeddable":true,"href":"https:\/\/folk.world\/de\/wp-json\/wp\/v2\/product_tag?post=18174"}],"curies":[{"name":"wp","href":"https:\/\/api.w.org\/{rel}","templated":true}]}}