{"id":18217,"date":"2024-01-25T17:59:23","date_gmt":"2024-01-25T16:59:23","guid":{"rendered":"https:\/\/folk.world\/?post_type=product&#038;p=18217"},"modified":"2024-12-12T17:00:19","modified_gmt":"2024-12-12T16:00:19","slug":"rueckgaberecht-plus","status":"publish","type":"product","link":"https:\/\/folk.world\/de\/s\/folkflute\/irish-flute\/rueckgaberecht-plus\/","title":{"rendered":"R\u00fcckgaberecht PLUS"},"content":{"rendered":"<p>Alle Vorteile findest Du unter: <a href=\"https:\/\/folk.world\/de\/rent-an-instrument-dudelsack-im-mietkauf\/\">R\u00fcckgaberecht PLUS bedeutet 24 Monate testen<\/a><\/p>\n<p>&nbsp;<\/p>\n","protected":false},"excerpt":{"rendered":"<p>Teste 6 Monate lang. Bei Nichtgefallen kannst Du das Instrument bis <strong>24 Monate<\/strong> nach dem Kauf zur\u00fcck geben. Bedingungen und R\u00fcckkaufwert erh\u00e4ltst Du wenn Du zur Kasse gehst. R\u00fcckgaberecht PLUS ersetzt den fr\u00fcheren Mietkauf. Details siehe <a href=\"\/scat\/rent-an-instrument\/mietkauf\/\">R\u00fcckgaberecht PLUS (Mietkauf)<\/a>.<\/p>\n<p><strong>Ratenkauf:<\/strong><br \/>\nWenn gew\u00fcnscht, w\u00e4hle KLARNA Ratenkauf oder PayPal Ratenkauf, wenn Du sp\u00e4ter mit Deinem Warenkorb zur Kasse gehst. Das <i>R\u00fcckgaberecht PLUS<\/i> gilt f\u00fcr jede Zahlungsart.<\/p>\n","protected":false},"featured_media":18228,"comment_status":"open","ping_status":"closed","template":"","meta":[],"product_brand":[],"product_cat":[1572],"product_tag":[],"class_list":{"0":"post-18217","1":"product","2":"type-product","3":"status-publish","4":"has-post-thumbnail","6":"product_cat-irish-flute","8":"first","9":"instock","10":"virtual","11":"sold-individually","12":"taxable","13":"purchasable","14":"product-type-simple"},"composite_virtual":false,"composite_layout":"","composite_add_to_cart_form_location":"","composite_editable_in_cart":false,"composite_sold_individually_context":"","composite_shop_price_calc":"","composite_components":[],"composite_scenarios":[],"bundled_by":[],"bundle_stock_status":"instock","bundle_stock_quantity":null,"bundle_virtual":false,"bundle_layout":"","bundle_add_to_cart_form_location":"","bundle_editable_in_cart":false,"bundle_sold_individually_context":"","bundle_item_grouping":"","bundle_min_size":"","bundle_max_size":"","bundle_price":[],"bundled_items":[],"bundle_sell_ids":[],"exclude_global_add_ons":[],"addons":[],"tiered_pricing_type":"fixed","tiered_pricing_fixed_rules":[],"tiered_pricing_product_settings":{"layout":"default","base_unit_name":{"singular":null,"plural":null},"default_variation":null},"tiered_pricing_minimum_quantity":null,"tiered_pricing_roles_data":[],"tiered_pricing_percentage_rules":[],"tiered_pricing_maximum_quantity":null,"tiered_pricing_quantity_step":null,"_links":{"self":[{"href":"https:\/\/folk.world\/de\/wp-json\/wp\/v2\/product\/18217","targetHints":{"allow":["GET"]}}],"collection":[{"href":"https:\/\/folk.world\/de\/wp-json\/wp\/v2\/product"}],"about":[{"href":"https:\/\/folk.world\/de\/wp-json\/wp\/v2\/types\/product"}],"replies":[{"embeddable":true,"href":"https:\/\/folk.world\/de\/wp-json\/wp\/v2\/comments?post=18217"}],"wp:featuredmedia":[{"embeddable":true,"href":"https:\/\/folk.world\/de\/wp-json\/wp\/v2\/media\/18228"}],"wp:attachment":[{"href":"https:\/\/folk.world\/de\/wp-json\/wp\/v2\/media?parent=18217"}],"wp:term":[{"taxonomy":"product_brand","embeddable":true,"href":"https:\/\/folk.world\/de\/wp-json\/wp\/v2\/product_brand?post=18217"},{"taxonomy":"product_cat","embeddable":true,"href":"https:\/\/folk.world\/de\/wp-json\/wp\/v2\/product_cat?post=18217"},{"taxonomy":"product_tag","embeddable":true,"href":"https:\/\/folk.world\/de\/wp-json\/wp\/v2\/product_tag?post=18217"}],"curies":[{"name":"wp","href":"https:\/\/api.w.org\/{rel}","templated":true}]}}