{"id":18241,"date":"2024-02-15T16:51:32","date_gmt":"2024-02-15T15:51:32","guid":{"rendered":"https:\/\/folk.world\/?post_type=product&#038;p=18241"},"modified":"2024-10-03T20:23:18","modified_gmt":"2024-10-03T18:23:18","slug":"huemmelchen-schulmodell-mit-2-bordunen-2","status":"publish","type":"product","link":"https:\/\/folk.world\/de\/s\/huemmelchen\/huemmelchen-schulmodell-mit-2-bordunen-2\/","title":{"rendered":"H\u00fcmmelchen Schulmodell mit 2 Bordunen"},"content":{"rendered":"<p><strong>H\u00fcmmelchen-Schulmodelle bew\u00e4hren sich seit \u00fcber 30 Jahren als Einsteiger- und Lerninstrumente!<\/strong><\/p>\n<p>Dieses H\u00fcmmelchen ist ein hervorragender Weg um das Dudelsackspielen zu erlernen.\u00a0Das Schulmodell ist ein leise klingender, leicht spielbarer und zuverl\u00e4ssiger Dudelsack mit barocker Fl\u00f6tengriffweise. Er ist ein &#8220;leiser&#8221; Dudelsack, da die Spielpfeife\u00a0mit zylindrischer Bohrung gebohrt ist.\u00a0Der Vorteil\u00a0solcher Instrumente\u00a0ist, dass sie sich mit anderen Instrumenten klanglich mischen.<\/p>\n<p>Das H\u00fcmmelchen eignet sich hervorragend zum Zusammenspiel mit (Block-)Fl\u00f6ten, Saiteninstrumenten, Krummh\u00f6rnern, Cornamusen, Streichinstrumenten, aber auch mit Cembalo, Portativ und anderen historischen Musikinstrumenten. Der leicht umstimmbare Bordun l\u00e4sst sich mit einem St\u00f6psel verschlie\u00dfen um den Begleitton abzustellen.<\/p>\n<p>Tonumfang der Sopran-Spielpfeife: c&#8217; &#8211; d&#8221;<\/p>\n<p align=\"center\"><img loading=\"lazy\" decoding=\"async\" src=\"https:\/\/bagpipe.de\/media\/images\/produkte\/hummelchen_dudey\/Detail-UeDu1_m.gif\" width=\"240\" height=\"165\" alt=\"-\" title=\"\"><\/p>\n<p>Dieses Modell\u00a0hat\u00a0<strong>2 Bordune<\/strong>. Ein Bordun ist in C und der andere in F\u00a0bzw. D\u00a0gestimmt. Das hat den Vorteil, dass man in der Tonart F-Dur mit zwei Bordunen gleichzeitig spielen kann, was\u00a0dem Instrument\u00a0einen erheblich volleren Klang verleiht. Beim Wechsel von der Tonart F-Dur nach C-Dur braucht man\u00a0hier keinen Bordun mehr umstimmen, sondern kann mit den mitgelieferten St\u00f6pseln den F-Bordun abstellen und den D-Bordun \u00f6ffnen.<\/p>\n<p>In Verbindung mit den optionalen Bordun-Zwischenst\u00fccken (siehe unten) kann man hier auch die Bordunstimmung tief C + hoch c einstellen und in der C-Dur Tonart mit einem vollen, oktaviertem Bordunklang spielen.<\/p>\n<p>Die spielbaren Tonarten des H\u00fcmmelchen Schulmodells sind:\u00a0<strong>F-Dur<\/strong>\u00a0(mit f- Bordun),\u00a0<strong>C-Dur<\/strong>\u00a0(mit c- Bordun) und\u00a0<strong>d-Moll<\/strong>\u00a0(mit weit ausgezogenem F-Bordun)<\/p>\n<p>Das spielbare Repertoire umfa\u00dft Melodien aus Mittelalter, Renaissance und Barock (siehe auch Spielmanns Notenbuch mit CD), traditionelle Tanzmelodien mit dem Tonumfang einer None bis hin zu Volks-(tanz)liedern und neu komponierter Bordunmusik.<\/p>\n<p>Unser Schulmodell ist ganz bewu\u00dft auf einfache Bedienung uns zuverl\u00e4ssige Funktion hin konzipiert. Es entspricht von seiner inneren Bauweise her genau den gr\u00f6\u00dferen Modellen von H\u00fcmmelchen und Dudey. Die \u00e4u\u00dfere Formgebung ist jedoch einfach gehalten um einen g\u00fcnstigen Preis zu erzielen. Der Bordun kann durch Umstecken sowohl auf f als auch auf c gestimmt werden.<\/p>\n<p>Das H\u00fcmmelchen ist aus hochwertigem Elsbeerholz gefertigt. Der Sack ist aus hochwertigem Leder oder (auf Wunsch) aus einem moderen Synthetik-Material gearbeitet. Die langlebigen Rohrbl\u00e4tter sind aus Kunststoff. Das Instrument wird standardm\u00e4ssig mit einer Sopranspielpfeife in c\u00b4 geliefert. Dem Instrument liegt ebenfalls eine Grifftabelle und eine kurze Spielanleitung bei.<\/p>\n<p>Nach Absprache kann Ihr gebrauchtes Schulmodell bei Kauf eines h\u00f6herwertigen Dudelsacks wieder in Zahlung genommen werden! Sprechen Sie uns auf die Modalit\u00e4ten an.<\/p>\n<p>&nbsp;<\/p>\n<p><strong>Bestellung und Lieferung<\/strong>: Aktuell leiten wir Ihre Bestellung an unsere Partnerfirma weiter, mit der zusammen wir seit \u00fcber 25 Jahren diese Instrumente herstellen und vertreiben. Sie werden nach Ihrer Bestellung von unserem Partner in Bezug auf Lieferzeit und Zahlungsweise direkt kontaktiert. Bei Fragen stehen wir Ihnen jederzeit beratend zur Seite.<\/p>\n<p>&nbsp;<\/p>\n<p>&nbsp;<\/p>\n<p><strong>Windkapsel-System<\/strong><\/p>\n<p>Ab sofort statten wir Ihr Schulmodell ohne Aufpreis mit dem Windkapsel-System aus, mit dem Sie verschiedene Spielpfeifen schnell und einfach auswechseln k\u00f6nnen.<\/p>\n<p align=\"center\"><a href=\"http:\/\/www.bagpipe.de\/wbc.php?sid=100730e5c4c6&amp;tpl=produktdetail.html&amp;pid=603\" target=\"_blank\" rel=\"noopener\"><img loading=\"lazy\" decoding=\"async\" src=\"http:\/\/www.bagpipe.de\/media\/images\/produkte\/schulmodelle\/huem-uedu-stock-mit-wk_k.gif\" width=\"100\" height=\"86\" border=\"0\" hspace=\"0\" alt=\"-\" title=\"\"><\/a><\/p>\n<p>Mit dem Windkapsel-System k\u00f6nnen Sie neben der mitgelieferten Sopran-Spielpfeife folgende Pfeifen verwenden:<\/p>\n<p>&#8211; Alt-Spielpfeife f\u00fcr Schulmodell\u00a0mit barocker Fl\u00f6tengriffweise (f &#8211; g&#8217;)<\/p>\n<p>&#8211; Leise Mittelalter-Spielpfeife f\u00fcr Schulmodell mit der Griffweise der mittelalterlichen Markt-Sackpfeifen (g &#8211; a&#8217;) **<\/p>\n<p>&#8211; Spielpfeife mit halbgeschlossener Griffweise\u00a0f\u00fcr Schulmodell (Franz\u00f6sische Griffweise mit zweitem Daumenloch, h &#8211; c&#8221;)<\/p>\n<p><em>(** Diese Spielpfeife ben\u00f6tigt das optionale Set (Bordunverl\u00e4ngerung&#8217;)<\/em><\/p>\n<p>&nbsp;<\/p>\n<p><strong><span style=\"color: #660000;\">OPTION<\/span>: Bordun-Zwischenst\u00fccke\u00a0<\/strong>(gegen Aufpreis)<\/p>\n<p align=\"center\"><a href=\"http:\/\/www.bagpipe.de\/wbc.php?sid=100730e5c4c6&amp;tpl=produktdetail.html&amp;pid=459\" target=\"_blank\" rel=\"noopener\"><img loading=\"lazy\" decoding=\"async\" src=\"http:\/\/www.bagpipe.de\/media\/images\/produkte\/hummelchen_dudey\/UeDu-ZS_k.gif\" width=\"100\" height=\"108\" alt=\"-\" title=\"\"><\/a><\/p>\n<p>Der in beiden Schulmodellen vorhandene F-Bordun (bisher auf d, f und c\u00b4 stimmbar) kann mit Zwischenst\u00fccken ganz leicht auf weitere T\u00f6ne umgestimmt werden.<\/p>\n<p>Somit ergeben sich neue Bordunstimmungen, mit denen sich auch andere Tonarten spielen lassen (G, tief D, tief C und tief A).<\/p>\n<p>Unsere H\u00fcmmelchen-Schulmodelle verf\u00fcgen damit nun auch \u00fcber einen tiefen c-Bordun und k\u00f6nnen auch auf g- oder A-Bordun gestimmt werden (passend zur optional erh\u00e4ltlichen leisen Mittelalter-Spielpfeife).<\/p>\n<p>Die tiefen Bordunt\u00f6ne sind bei Verwendung der Zwischenst\u00fccke wesentlich druckunempfindlicher als bisher. Das eingebaute Bordunrohrblatt muss zum Umstimmen nicht ver\u00e4ndert werden!<\/p>\n<p>Die Zwischenst\u00fccke sind aus hochwertiger ge\u00f6lter Elsbeere mit Schelllackoberfl\u00e4che gefertigt.<\/p>\n","protected":false},"excerpt":{"rendered":"<p>Leiser Dudelsack in c\/f Stimmung mit Sopranspielpfeife (barocke Griffweise) und 2 Bordunen in C und F<\/p>\n","protected":false},"featured_media":16029,"comment_status":"open","ping_status":"closed","template":"","meta":[],"product_brand":[],"product_cat":[1599],"product_tag":[],"class_list":{"0":"post-18241","1":"product","2":"type-product","3":"status-publish","4":"has-post-thumbnail","6":"product_cat-huemmelchen","8":"first","9":"outofstock","10":"taxable","11":"shipping-taxable","12":"purchasable","13":"product-type-simple"},"composite_virtual":false,"composite_layout":"","composite_add_to_cart_form_location":"","composite_editable_in_cart":false,"composite_sold_individually_context":"","composite_shop_price_calc":"","composite_components":[],"composite_scenarios":[],"bundled_by":[],"bundle_stock_status":"outofstock","bundle_stock_quantity":0,"bundle_virtual":false,"bundle_layout":"","bundle_add_to_cart_form_location":"","bundle_editable_in_cart":false,"bundle_sold_individually_context":"","bundle_item_grouping":"","bundle_min_size":"","bundle_max_size":"","bundle_price":[],"bundled_items":[],"bundle_sell_ids":[18217],"exclude_global_add_ons":[],"addons":[],"tiered_pricing_type":"fixed","tiered_pricing_fixed_rules":[],"tiered_pricing_product_settings":{"layout":"default","base_unit_name":{"singular":null,"plural":null},"default_variation":null},"tiered_pricing_minimum_quantity":null,"tiered_pricing_roles_data":[],"tiered_pricing_percentage_rules":[],"tiered_pricing_maximum_quantity":null,"tiered_pricing_quantity_step":null,"_links":{"self":[{"href":"https:\/\/folk.world\/de\/wp-json\/wp\/v2\/product\/18241","targetHints":{"allow":["GET"]}}],"collection":[{"href":"https:\/\/folk.world\/de\/wp-json\/wp\/v2\/product"}],"about":[{"href":"https:\/\/folk.world\/de\/wp-json\/wp\/v2\/types\/product"}],"replies":[{"embeddable":true,"href":"https:\/\/folk.world\/de\/wp-json\/wp\/v2\/comments?post=18241"}],"wp:featuredmedia":[{"embeddable":true,"href":"https:\/\/folk.world\/de\/wp-json\/wp\/v2\/media\/16029"}],"wp:attachment":[{"href":"https:\/\/folk.world\/de\/wp-json\/wp\/v2\/media?parent=18241"}],"wp:term":[{"taxonomy":"product_brand","embeddable":true,"href":"https:\/\/folk.world\/de\/wp-json\/wp\/v2\/product_brand?post=18241"},{"taxonomy":"product_cat","embeddable":true,"href":"https:\/\/folk.world\/de\/wp-json\/wp\/v2\/product_cat?post=18241"},{"taxonomy":"product_tag","embeddable":true,"href":"https:\/\/folk.world\/de\/wp-json\/wp\/v2\/product_tag?post=18241"}],"curies":[{"name":"wp","href":"https:\/\/api.w.org\/{rel}","templated":true}]}}