{"id":406,"date":"2017-11-15T13:44:54","date_gmt":"2017-11-15T12:44:54","guid":{"rendered":"http:\/\/folkworld.apps-1and1.net\/?post_type=product&#038;p=406"},"modified":"2024-10-03T20:23:18","modified_gmt":"2024-10-03T18:23:18","slug":"gibson-chanter-reed-rohrblatt","status":"publish","type":"product","link":"https:\/\/folk.world\/de\/s\/german-smallpipe\/zubehoer-gsp\/gibson-chanter-reed-rohrblatt\/","title":{"rendered":"Gibson Practice Chanter Reed (Rohrblatt)"},"content":{"rendered":"<p>Das Gibson Practice Chanter Reed ist ein sehr bew\u00e4hrtes Rohrbl\u00e4tter f\u00fcr schottische Practice Chanter und daher die beste Wahl f\u00fcr die\u00a0<a href=\"\/?p=4194\">German Smallpipe<\/a>. Alleinstellungsmerkmale sind der volle und erhabene Klang, auch bei starken Bl\u00e4sern, sowie die langlebige, hochwertige und anpassbare Verarbeitung.<\/p>\n<h3>Wof\u00fcr ben\u00f6tige ich ein Reed?<\/h3>\n<p>Das Reed, oder auf Deutsch Rohrblatt, ist das Herzst\u00fcck eines jeden Dudelsacks. Ohne dieses Kernelement w\u00e4re es nicht m\u00f6glich, auf ihm zu spielen. Erst die durch Luft erzeugten Schwingungen, die aus dem Sack str\u00f6men, bringen das Rohrblatt dazu, einen Ton zu erzeugen. Unterschieden wird dabei zwischen den sogenannten &#8220;Drone Reeds&#8221; und den &#8220;Chanter Reeds&#8221;. Die Chanter Reeds unterteilen sich wiederum in Pipe Chanter Reeds (Spielpfeife) und Practice Chanter Reeds (\u00dcbungspeife). Zu Letzteren z\u00e4hlt auch das Gibson Practice Chanter Reed. Das Gibson Practice Chanter Reed ist f\u00fcr die schottischen \u00dcbungspfeifen so beliebt, sodass wir es in der German Smallpipe als Rohrblatt f\u00fcr die Spielpfeife verwenden.<\/p>\n<h3>Aus welchem Material besteht das Gibson Reed?<\/h3>\n<p>Normalerweise ist das traditionelle Rohrblatt aus d\u00fcnnen Schilfplatten gefertigt. Die Luft aus dem Sack bringt die aufeinander liegenden Zungen zum schwingen. Dies wiederum erzeugt den Ton. Das Gibson Reed hingegen ist neben der Metallh\u00fclse und dem<a href=\"\/?p=4306\"> Hanfgarn<\/a> vollst\u00e4ndig aus Kunststoff gefertigt. Dies hat zum einen den Vorteil, dass es deutlich best\u00e4ndiger ist als herk\u00f6mmliche Rohrbl\u00e4tter. Zum anderen minimiert sich durch die Verwendung von Kunststoff die Gefahr der Feuchtigkeitsaufnahme. Das hat zur Folge, dass das Gibson Reed in der Regel jahrelang best\u00e4ndig und zuverl\u00e4ssig Verwendung finden kann, ohne nachgebessert werden zu m\u00fcssen. Solltest Du dennoch Nachbesserungen vornehmen wollen, ist dies &#8211; wie von Schilfrohrbl\u00e4ttern gewohnt &#8211; trotzdem m\u00f6glich. Das Gibson Reed l\u00e4sst sich schleifen und sogar k\u00fcrzen, um die gew\u00fcnschte St\u00e4rke und Tonh\u00f6he zu erreichen. Das solltest Du allerdings nur mit der n\u00f6tigen Erfahrung und konzentriert tun, denn das \u00c4ndern eines Rohrblattes erfordert nicht nur Geduld, sondern auch akribische Ma\u00dfarbeit.<\/p>\n<h3>F\u00fcr welche Chanters ist das Gibson Reed geeignet?<\/h3>\n<p>Das Gibson Reed ist ein \u00dcbungspfeifenblatt und eignet sich hervorragend zur Verwendung in German Smallpipes, Gibson Practice Chantern oder einer Vielzahl an Practice Chantern anderer Hersteller. Das Gibson Reed eignet sich beispielsweise f\u00fcr folgende Chanter:<\/p>\n<ul>\n<li>Dunbar Poly Reg\/Long<\/li>\n<li>Gibson Poly Reg\/Long<\/li>\n<li>Gibson Wood<\/li>\n<li>Hardie Poly Long<\/li>\n<li>McCallum Wood Reg<\/li>\n<li>Naill Poly\/Wood Long<\/li>\n<li>Walsh Poly Reg\/Long<\/li>\n<li>und viele weitere Practice Chanter<\/li>\n<\/ul>\n<p>Nicht geeignet ist das Gibson Rohrblatt f\u00fcr Spielpfeifen, die eine schmale Rohrblattaufnahme haben, etwa die &#8220;McCallum Poly\/Wood Long (PC4, PC5, PC8, PC9, PC11)&#8221;.<\/p>\n<p><strong>Die Ma\u00dfe des Reeds sind:<\/strong><\/p>\n<p><em>L\u00e4nge:<\/em> ca. 53 mm<br \/>\n<em>Breite:<\/em> ca. 12,5 mm<br \/>\n<em>H\u00f6he:<\/em> ca. 7 mm<br \/>\n<em>Durchmesser der H\u00fclse au\u00dfen, ohne Hemp:<\/em> 5 mm<\/p>\n<h3>Was macht das Gibson Reed so besonders?<\/h3>\n<p>Zun\u00e4chst ist das die spezielle Bauweise des Rohrblattes, welches aus zwei aufeinander liegenden Bl\u00e4ttern aus Kunststoff besteht. Die Bl\u00e4tter sind hierbei besonders breit. Dadurch wird nicht nur die Tonh\u00f6he deutlich flacher, sondern auch ein h\u00f6herer Luftdruck m\u00f6glich. Das Gibson Reed h\u00e4lt somit einem erh\u00f6hten Luftdruck stand und minimiert das Risiko, dass sich die Rohrbl\u00e4tter bei zu hoher Druckaus\u00fcbung schlie\u00dfen. Ein weiterer positiver Effekt ist das dadurch entstehende Klangvolumen, denn auch hohe Lautst\u00e4rken sind somit m\u00f6glich zu spielen. Der typische Shutting-Off-Effekt geh\u00f6rt damit der Vergangenheit an. So haben auch starke Bl\u00e4ser keine Probleme damit, dass ihr Practice Chanter pl\u00f6tzlich keinen Ton mehr von sich gibt.<\/p>\n<h3>F\u00fcr wen ist das Gibson Reed geeignet?<\/h3>\n<p>Das <a href=\"https:\/\/www.gibsonbagpipesllc.com\/chanters-practice-chanters-new-hamp\" target=\"_blank\" rel=\"noopener\">Gibson Practice Chanter<\/a> Reed eignet sich f\u00fcr jeden, der beim Spielen auf seinem Practice Chanter oder seiner German Smallpipe h\u00e4ufig erh\u00f6hten Luftdruck aus\u00fcbt und dennoch einem Verlust der Klangqualit\u00e4t zuvorkommen will. Ob f\u00fcr den Practice Chanter oder die German Smallpipe \u2013 das Gibson Reed ist gerade f\u00fcr Leute, die schw\u00e4chere Rohrbl\u00e4tter gew\u00f6hnt sind, eine \u00dcberraschung. Das liegt daran, dass es definitiv mehr Luftdruck und somit auch Aufwand ben\u00f6tigt als ein herk\u00f6mmliches Rohrblatt. Anf\u00e4nger auf dem schottischen Practice Chanter sollten daher lieber ein Blatt w\u00e4hlen, das einfacher zu blasen ist. Andernfalls kann es passieren, dass das Spielen der Noten mit den Fingern zu kurz kommt, da der Fokus zu sehr auf dem Blasen von ausreichend Luft liegt.<\/p>\n<h3>Wie baue ich das Gibson Reed ein?<\/h3>\n<p>Du m\u00f6chtest Dein Rohrblatt in einen Practice Chanter oder eine German Smallpipe einbauen? Dann solltest Du folgende Hinweise beachten. Zun\u00e4chst muss das Blatt etwa f\u00fcnf bis sieben mm tief im Chanter sitzen \u2013 die gelbe Wicklung sollte dabei gerade so verschwinden. Blase nun vorsichtig hinein und pr\u00fcfe dabei die Oktave vom tiefen A bis zum hohen A. Sollte diese noch nicht stimmen, korrigiere die Position des Blattes, bis Du den richtigen Klang erreicht hast. Wichtig ist, sich dabei ausreichend Zeit zu nehmen \u2013 oftmals haben Verschiebungen von einem Zehntel Millimeter bereits gro\u00dfe Auswirkungen auf den Klang. Spiele mindestens zehn Minuten. Fr\u00fchestens jetzt erh\u00e4ltst Du den echten Klang Deines Chanters und des Reeds, wenn Dein Instrument warm gespielt ist. Sobald Du die richtige Oktave erreicht hast, kannst Du dich ans Testen der restlichen Tonleiter machen.<\/p>\n<h3>Wie kann ich das Gibson Practice Chanter Reed selber stimmen?<\/h3>\n<p>Da gute Practice Chanters und die German Smallpipe in Handarbeit gefertigt sind, m\u00fcssen Rohrbl\u00e4tter vor dem Einsetzen in die jeweilige Spielpfeife des \u00f6fteren angepasst werden. Auch hier gilt es, \u00e4u\u00dferst behutsam und geduldig zu arbeiten. Grunds\u00e4tzlich empfiehlt es sich daher, das Stimmen deines Gibson Reeds vom Profi \u00fcbernehmen zu lassen. Solltest Du dies dennoch gerne selber in die Hand nehmen, ber\u00fccksichtige folgende Faustregeln:<\/p>\n<ol>\n<li>Pr\u00fcfe immer, dass die Bl\u00e4tter synchron aufeinander liegen. Pr\u00fcfe, dass kein Staub oder N\u00e4sse die Rohrblattzungen behindern.<\/li>\n<li>K\u00fcrze die Rohrblattspitzen mit einem geraden gleichm\u00e4\u00dfigem Schnitt zugleich. Der Ton wird dadurch h\u00f6her.<\/li>\n<li>Schleife die Zungen gleichm\u00e4\u00dfig mit Sandpapier auf beiden Seiten an. Der Ton wird dadurch weicher\/leiser.<\/li>\n<li>Fahre mit den Fingern synchron \u00fcber beide Bl\u00e4tter und erf\u00fchle, ob das Reed von Dir symetrisch bearbeitet wurde. Der Ton wird sonst instabil.<\/li>\n<li>Nimm nicht zu viel Material auf einmal ab, sondern spiele vor jeder \u00c4nderung ausgiebig auf dem Chanter. Das Rohrblatt wird sonst zu kurz oder zu d\u00fcnn.<\/li>\n<\/ol>\n","protected":false},"excerpt":{"rendered":"<ul>\n<li>f\u00fcr die German Smallpipe<\/li>\n<li>f\u00fcr Gibson Chanters<\/li>\n<li>f\u00fcr viele Practice Chanters<\/li>\n<\/ul>\n","protected":false},"featured_media":10404,"comment_status":"open","ping_status":"closed","template":"","meta":[],"product_brand":[],"product_cat":[643,672],"product_tag":[794],"class_list":{"0":"post-406","1":"product","2":"type-product","3":"status-publish","4":"has-post-thumbnail","6":"product_cat-zubehoer-gsp","7":"product_cat-dudelsack-zubehoer","8":"product_tag-rohrblatt","9":"product_shipping_class-etc","11":"first","12":"outofstock","13":"taxable","14":"shipping-taxable","15":"purchasable","16":"product-type-simple"},"composite_virtual":false,"composite_layout":"","composite_add_to_cart_form_location":"","composite_editable_in_cart":false,"composite_sold_individually_context":"","composite_shop_price_calc":"","composite_components":[],"composite_scenarios":[],"bundled_by":[],"bundle_stock_status":"outofstock","bundle_stock_quantity":0,"bundle_virtual":false,"bundle_layout":"","bundle_add_to_cart_form_location":"","bundle_editable_in_cart":false,"bundle_sold_individually_context":"","bundle_item_grouping":"","bundle_min_size":"","bundle_max_size":"","bundle_price":[],"bundled_items":[],"bundle_sell_ids":[],"exclude_global_add_ons":[],"addons":[],"tiered_pricing_type":"fixed","tiered_pricing_fixed_rules":[],"tiered_pricing_product_settings":{"layout":"default","base_unit_name":{"singular":null,"plural":null},"default_variation":null},"tiered_pricing_minimum_quantity":null,"tiered_pricing_roles_data":[],"tiered_pricing_percentage_rules":[],"tiered_pricing_maximum_quantity":null,"tiered_pricing_quantity_step":null,"_links":{"self":[{"href":"https:\/\/folk.world\/de\/wp-json\/wp\/v2\/product\/406","targetHints":{"allow":["GET"]}}],"collection":[{"href":"https:\/\/folk.world\/de\/wp-json\/wp\/v2\/product"}],"about":[{"href":"https:\/\/folk.world\/de\/wp-json\/wp\/v2\/types\/product"}],"replies":[{"embeddable":true,"href":"https:\/\/folk.world\/de\/wp-json\/wp\/v2\/comments?post=406"}],"wp:featuredmedia":[{"embeddable":true,"href":"https:\/\/folk.world\/de\/wp-json\/wp\/v2\/media\/10404"}],"wp:attachment":[{"href":"https:\/\/folk.world\/de\/wp-json\/wp\/v2\/media?parent=406"}],"wp:term":[{"taxonomy":"product_brand","embeddable":true,"href":"https:\/\/folk.world\/de\/wp-json\/wp\/v2\/product_brand?post=406"},{"taxonomy":"product_cat","embeddable":true,"href":"https:\/\/folk.world\/de\/wp-json\/wp\/v2\/product_cat?post=406"},{"taxonomy":"product_tag","embeddable":true,"href":"https:\/\/folk.world\/de\/wp-json\/wp\/v2\/product_tag?post=406"}],"curies":[{"name":"wp","href":"https:\/\/api.w.org\/{rel}","templated":true}]}}