{"id":4120,"date":"2018-08-24T13:54:46","date_gmt":"2018-08-24T11:54:46","guid":{"rendered":"https:\/\/folk.world\/?post_type=product&#038;p=4120"},"modified":"2022-05-10T08:49:37","modified_gmt":"2022-05-10T06:49:37","slug":"practise-chanter-fuer-german-smallpipe","status":"publish","type":"product","link":"https:\/\/folk.world\/de\/s\/german-smallpipe\/practise-chanter-fuer-german-smallpipe\/","title":{"rendered":"Mittelalterlicher Practice Chanter f\u00fcr German Smallpipe"},"content":{"rendered":"<p>Hier h\u00f6rst Du die Tonleiter (A-)G-A-H-C-D-E-Fis-G-A und wieder abw\u00e4rts.<\/p>\n<p><iframe loading=\"lazy\" src=\"https:\/\/w.soundcloud.com\/player\/?url=https%3A\/\/api.soundcloud.com\/tracks\/145518135\" width=\"100%\" height=\"166\" frameborder=\"no\" scrolling=\"no\"><\/iframe><\/p>\n<p>Beginne zun\u00e4chst Deine Karriere als Dudelsackspieler mit diesem tollen Practice Chanter und der <a href=\"http:\/\/www.german-smallpipe.com\/2014-06-22-20-55-07\/die-sackpfeifen-fibel\" target=\"_self\" rel=\"noopener noreferrer\">Sackpfeifenfibel<\/a>. Wenn Du die Fingertechnik erlernt hast und beherrschst, ist die Zeit gekommen, Dir das <a href=\"https:\/\/folk.world\/de\/s\/german-smallpipe-erweiterungsset-2\/\">Erweiterungsset<\/a> zu kaufen.<\/p>\n<h3>Technische Daten<\/h3>\n<p>Tonart: <strong>A<\/strong><\/p>\n<h2>Zusatzinformation<\/h2>\n<p>&nbsp;<\/p>\n<table id=\"product-attribute-specs-table\" class=\"table table-bordered table-hover\">\n<colgroup>\n<col width=\"25%\" \/>\n<col \/><\/colgroup>\n<tbody>\n<tr class=\"first odd\">\n<th>Gewicht (kg)<\/th>\n<td class=\"last\">0.5000<\/td>\n<\/tr>\n<tr class=\"even\">\n<th>Tonart<\/th>\n<td class=\"last\">A dorisch<\/td>\n<\/tr>\n<tr class=\"odd\">\n<th>Lautst\u00e4rke<\/th>\n<td class=\"last\">Nein<\/td>\n<\/tr>\n<tr class=\"last even\">\n<th>Material<\/th>\n<td class=\"last\">Kirschholz<\/td>\n<\/tr>\n<tr class=\"last even\">\n<th>Enth\u00e4lt<\/th>\n<td class=\"last\">Spielpfeife, Chanter Reed, Windkapsel<\/td>\n<\/tr>\n<\/tbody>\n<\/table>\n","protected":false},"excerpt":{"rendered":"<p>Beginne wie die Profis! Mit dem Practise Chanter lernst Du neue Melodien am besten. Dieser Practise Chanter l\u00e4sst sich sp\u00e4ter mit dem Erweiterungsset zum vollst\u00e4ndigen German Smallpipe Classic Dudelsack ausbauen!<\/p>\n<p><strong>ACHTUNG ausverkauft!<\/strong><\/p>\n<p>Der Hersteller m\u00f6chte die Practice Chanters nicht mehr einzeln verkaufen. Du kannst stattdessen die gesamte <a href=\"https:\/\/folk.world\/de\/s\/german-smallpipe\/\">German Smallpipe<\/a> bestellen. Oder schau Dir Folk.Worlds Alternative an:<\/p>\n<ul>\n<li><a href=\"https:\/\/folk.world\/de\/s\/practice-chanter-wee-pipe-mittelalterlich\/\">Wee-Pipe Practice Chanter mittelalterlich<\/a><\/li>\n<\/ul>\n","protected":false},"featured_media":9992,"comment_status":"open","ping_status":"closed","template":"","meta":[],"product_brand":[],"product_cat":[645],"product_tag":[796],"class_list":{"0":"post-4120","1":"product","2":"type-product","3":"status-publish","4":"has-post-thumbnail","6":"product_cat-german-smallpipe","7":"product_tag-spielpfeife","8":"product_shipping_class-instruments","10":"first","11":"instock","12":"taxable","13":"shipping-taxable","14":"purchasable","15":"product-type-simple"},"composite_virtual":false,"composite_layout":"","composite_add_to_cart_form_location":"","composite_editable_in_cart":false,"composite_sold_individually_context":"","composite_shop_price_calc":"","composite_components":[],"composite_scenarios":[],"bundled_by":[],"bundle_stock_status":"instock","bundle_stock_quantity":null,"bundle_virtual":false,"bundle_layout":"","bundle_add_to_cart_form_location":"","bundle_editable_in_cart":false,"bundle_sold_individually_context":"","bundle_item_grouping":"","bundle_min_size":"","bundle_max_size":"","bundle_price":[],"bundled_items":[],"bundle_sell_ids":[],"exclude_global_add_ons":[],"addons":[],"tiered_pricing_type":"fixed","tiered_pricing_fixed_rules":[],"tiered_pricing_product_settings":{"layout":"default","base_unit_name":{"singular":null,"plural":null},"default_variation":null},"tiered_pricing_minimum_quantity":null,"tiered_pricing_roles_data":[],"tiered_pricing_percentage_rules":[],"tiered_pricing_maximum_quantity":null,"tiered_pricing_quantity_step":null,"_links":{"self":[{"href":"https:\/\/folk.world\/de\/wp-json\/wp\/v2\/product\/4120","targetHints":{"allow":["GET"]}}],"collection":[{"href":"https:\/\/folk.world\/de\/wp-json\/wp\/v2\/product"}],"about":[{"href":"https:\/\/folk.world\/de\/wp-json\/wp\/v2\/types\/product"}],"replies":[{"embeddable":true,"href":"https:\/\/folk.world\/de\/wp-json\/wp\/v2\/comments?post=4120"}],"wp:featuredmedia":[{"embeddable":true,"href":"https:\/\/folk.world\/de\/wp-json\/wp\/v2\/media\/9992"}],"wp:attachment":[{"href":"https:\/\/folk.world\/de\/wp-json\/wp\/v2\/media?parent=4120"}],"wp:term":[{"taxonomy":"product_brand","embeddable":true,"href":"https:\/\/folk.world\/de\/wp-json\/wp\/v2\/product_brand?post=4120"},{"taxonomy":"product_cat","embeddable":true,"href":"https:\/\/folk.world\/de\/wp-json\/wp\/v2\/product_cat?post=4120"},{"taxonomy":"product_tag","embeddable":true,"href":"https:\/\/folk.world\/de\/wp-json\/wp\/v2\/product_tag?post=4120"}],"curies":[{"name":"wp","href":"https:\/\/api.w.org\/{rel}","templated":true}]}}