{"id":4123,"date":"2018-08-24T14:13:21","date_gmt":"2018-08-24T12:13:21","guid":{"rendered":"https:\/\/folk.world\/?post_type=product&#038;p=4123"},"modified":"2024-09-25T19:31:48","modified_gmt":"2024-09-25T17:31:48","slug":"dudelsack-ventil-bagpipe-valve","status":"publish","type":"product","link":"https:\/\/folk.world\/de\/s\/german-smallpipe\/zubehoer-gsp\/dudelsack-ventil-bagpipe-valve\/","title":{"rendered":"Dudelsack Ventil"},"content":{"rendered":"<p>Dein Dudelsack ben\u00f6tigt ein R\u00fcckschlagventil, damit der Luftvorrat nicht entweicht, w\u00e4hrend du Luft holst. Denn daf\u00fcr musst du deinen Mund vom Anblasrohr absetzen. Deine Lippen verschlie\u00dfen das Anblasrohr in diesem Moment nicht mehr. Das \u00fcbernimmt das Dudelsack Ventil. Dieses Dudelsack Ventil ist f\u00fcr die Blowpipe aller <a href=\"\/?page_id=4361\">Dudels\u00e4cke<\/a> geeignet, die ein Anblasrohr mit 10 mm Au\u00dfendurchmesser haben. Dabei ist es ganz egal, ob du eine German Smallpipe spielst, eine Wee-Pipe, eine Sch\u00e4ferpfeife oder eines der vielen anderen <a href=\"https:\/\/de.wikipedia.org\/wiki\/Sackpfeife_(Musikinstrument)\" target=\"_blank\" rel=\"noopener\">Sackpfeifen<\/a>.<\/p>\n<h2>Langlebiges Dudelsack Ventil aus Kunststoff<\/h2>\n<p>Ganz egal, f\u00fcr welchen Dudelsack du dieses Ersatzventil verwendest: Du wirst lange Freude daran haben. Denn bei sachgem\u00e4\u00dfem Gebrauch und guter Pflege h\u00e4lt das Dudelsack Ventil lange. Es ist feuchtigkeitsresistent und verzieht sich nicht. Allerdings solltest du es vorsichtig behandeln und die Ventilklappe nicht eigenh\u00e4ndig bewegen. Dadurch k\u00f6nnte das Ventil abrei\u00dfen oder undicht werden. Der Innendurchmesser dieses Dudelsack Ventils liegt bei 1 cm beziehungsweise 10 mm. Das bedeutet, dass der Aufsatz am Anblasrohr deines Dudelsacks einen Au\u00dfendurchmesser von 10 mm oder 1 cm haben sollte. Au\u00dferdem sollte der Aufsatz etwa 1 cm vorstehen. Das ist n\u00f6tig, damit du das Ventil leicht drauf schieben kannst. Wir haben mit den Ventilen aus Kunststoff sehr gute Erfahrung gemacht. Sie sind pflegeleicht und haltbar, die Verarbeitung ist hervorragend.<\/p>\n<h2>Passend f\u00fcr viele verschiedene Dudels\u00e4cke<\/h2>\n<p>Es gibt unz\u00e4hlige verschiedene Dudels\u00e4cke. Sie k\u00f6nnen aus Rindsleder oder Synthetik gefertigt sein. Sie k\u00f6nnen German Smallpipes oder <a href=\"\/?p=1812\">Wee-Pipes<\/a> sein, Sch\u00e4ferpfeifen oder eine andere Arten von Dudels\u00e4cken. Jedes dieser hochwertigen Musikinstrumente ben\u00f6tigt jedoch ein Anblasrohr. Durch das Anblasrohr f\u00fcllst du deinen Dudelsack mit einem Luftvorrat. Und dieser Luftvorrat darf auch nicht entwichen, wenn Du den Mund absetzt, um selbst Luft zu holen. Das Dudelsack Ventil ist ein R\u00fcckschlagventil, das genau diesen Zweck erf\u00fcllt.<\/p>\n<p>Viele Hersteller geben ihrem Dudelsack ein Anblasrohr mit einem Au\u00dfendurchmesser von 10 mm beziehungsweise 1 cm mit. Dieses Ersatzventil f\u00fcr die Blowpipe, also das Anblasrohr, kannst du f\u00fcr jeden Dudelsack verwenden, solange die Blowpipe besagten Au\u00dfendurchmesser von 10 mm hat.<\/p>\n<p>Wir empfehlen dieses Ersatzventil, weil es aus langj\u00e4hriger Erfahrung mit verschiedenen Materialien heraus sich mit seiner Langlebigkeit am besten bew\u00e4hrt hat. Folk.World stellt hier ein langlebiges R\u00fcckschlagventil zur Verf\u00fcgung, das zwar mit allem n\u00f6tigen Respekt behandelt werden muss, aber dann auch langlebig und hoch funktional ist.<\/p>\n<h2>Ersatzventil richtig einsetzen<\/h2>\n<p>Das Ersatzventil muss ordnungsgem\u00e4\u00df eingesetzt werden, damit es seine Funktion auch wirklich erf\u00fcllt. Wenn du das Dudelsack Ventil tauschst, gehst du schrittweise vor:<\/p>\n<ol>\n<li>Ziehe die Blowpipe inklusive dem R\u00fcckschlagventil aus dem Ledersack.<\/li>\n<li>Ziehe vorsichtig das alte Dudelsack Ventil ab.<\/li>\n<li>Schiebe das neue R\u00fcckschlagventil feinf\u00fchlig auf die Blowpipe.<\/li>\n<li>Jetzt solltest du kurz durch die Blowpipe pusten. Das Ventil muss sich \u00f6ffnen.<\/li>\n<li>Sauge kurz an der Blowpipe. Das R\u00fcckschlagventil sollte sich schlie\u00dfen.<\/li>\n<li>Bringe die Blowpipe wieder im Ledersack an.<\/li>\n<\/ol>\n<p>Du ben\u00f6tigst weder Werkzeuge, noch andere Hilfsmittel, um dein Dudelsack Ventil auszutauschen. Behandle das R\u00fcckschlagventil vorsichtig und versuche nicht, die Ventilklappe mit den Fingern zu bewegen. Denn daf\u00fcr ist sie einfach zu empfindlich.<\/p>\n<h2>Zus\u00e4tzliche Informationen<\/h2>\n<p>Das R\u00fcckschlagventil ist f\u00fcr alle Dudels\u00e4cke mit einer Blowpipe geeignet, solange die Blowpipe einen Au\u00dfendurchmesser von 10 mm hat. Das Dudelsack Ventil ist in Packungseinheiten von 1, 2 der 3 St\u00fcck erh\u00e4ltlich.<\/p>\n<p>&nbsp;<\/p>\n","protected":false},"excerpt":{"rendered":"<ul>\n<li>f\u00fcr alle Dudels\u00e4cke mit 10mm-Anblasrohr<\/li>\n<li>f\u00fcr <a href=\"https:\/\/folk.world\/de\/s\/german-smallpipe\/\">German Smallpipe<\/a><\/li>\n<li>f\u00fcr <a href=\"https:\/\/folk.world\/de\/s\/wee-pipe-schottisch\/\">Wee-Pipe<\/a><\/li>\n<\/ul>\n","protected":false},"featured_media":10462,"comment_status":"open","ping_status":"closed","template":"","meta":[],"product_brand":[],"product_cat":[643,672,656],"product_tag":[790],"class_list":{"0":"post-4123","1":"product","2":"type-product","3":"status-publish","4":"has-post-thumbnail","6":"product_cat-zubehoer-gsp","7":"product_cat-dudelsack-zubehoer","8":"product_cat-zubehoer-wp","9":"product_tag-zubehoer","10":"product_shipping_class-etc","12":"first","13":"outofstock","14":"taxable","15":"shipping-taxable","16":"purchasable","17":"product-type-simple"},"composite_virtual":false,"composite_layout":"","composite_add_to_cart_form_location":"","composite_editable_in_cart":false,"composite_sold_individually_context":"","composite_shop_price_calc":"","composite_components":[],"composite_scenarios":[],"bundled_by":[],"bundle_stock_status":"outofstock","bundle_stock_quantity":0,"bundle_virtual":false,"bundle_layout":"","bundle_add_to_cart_form_location":"","bundle_editable_in_cart":false,"bundle_sold_individually_context":"","bundle_item_grouping":"","bundle_min_size":"","bundle_max_size":"","bundle_price":[],"bundled_items":[],"bundle_sell_ids":[],"exclude_global_add_ons":[],"addons":[],"tiered_pricing_type":"fixed","tiered_pricing_fixed_rules":[],"tiered_pricing_product_settings":{"layout":"default","base_unit_name":{"singular":null,"plural":null},"default_variation":null},"tiered_pricing_minimum_quantity":null,"tiered_pricing_roles_data":[],"tiered_pricing_percentage_rules":[],"tiered_pricing_maximum_quantity":null,"tiered_pricing_quantity_step":null,"_links":{"self":[{"href":"https:\/\/folk.world\/de\/wp-json\/wp\/v2\/product\/4123","targetHints":{"allow":["GET"]}}],"collection":[{"href":"https:\/\/folk.world\/de\/wp-json\/wp\/v2\/product"}],"about":[{"href":"https:\/\/folk.world\/de\/wp-json\/wp\/v2\/types\/product"}],"replies":[{"embeddable":true,"href":"https:\/\/folk.world\/de\/wp-json\/wp\/v2\/comments?post=4123"}],"wp:featuredmedia":[{"embeddable":true,"href":"https:\/\/folk.world\/de\/wp-json\/wp\/v2\/media\/10462"}],"wp:attachment":[{"href":"https:\/\/folk.world\/de\/wp-json\/wp\/v2\/media?parent=4123"}],"wp:term":[{"taxonomy":"product_brand","embeddable":true,"href":"https:\/\/folk.world\/de\/wp-json\/wp\/v2\/product_brand?post=4123"},{"taxonomy":"product_cat","embeddable":true,"href":"https:\/\/folk.world\/de\/wp-json\/wp\/v2\/product_cat?post=4123"},{"taxonomy":"product_tag","embeddable":true,"href":"https:\/\/folk.world\/de\/wp-json\/wp\/v2\/product_tag?post=4123"}],"curies":[{"name":"wp","href":"https:\/\/api.w.org\/{rel}","templated":true}]}}