{"id":4132,"date":"2018-08-24T15:09:56","date_gmt":"2018-08-24T15:09:56","guid":{"rendered":"https:\/\/folk.world\/?post_type=product&#038;p=4132"},"modified":"2024-10-03T20:23:18","modified_gmt":"2024-10-03T18:23:18","slug":"dudelsack-dichtmittel-bagpipe-seasoning","status":"publish","type":"product","link":"https:\/\/folk.world\/de\/s\/german-smallpipe\/zubehoer-gsp\/dudelsack-dichtmittel-bagpipe-seasoning\/","title":{"rendered":"Dudelsack Dichtmittel"},"content":{"rendered":"<p>Nur ein zuverl\u00e4ssig abgedichteter Dudelsack, dessen Leder nat\u00fcrlich flexibel und geschmeidig ist, entfaltet seinen besonderen und einmaligen Klang. Dabei spielt das verwendete\u00a0Dudelsack Dichtmittel\u00a0und seine Zusammensetzung eine wichtige Rolle. Wir f\u00fchren f\u00fcr dich ein hochwertiges\u00a0Bagpipe Seasoning, das h\u00f6chste Anforderungen erf\u00fcllt. Es dichtet deinen Dudelsack zuverl\u00e4ssig ab und macht das Leder geschmeidig und lange haltbar.<\/p>\n<h3>Bew\u00e4hrte Rezeptur f\u00fcr Rindsleder<\/h3>\n<p>Unser\u00a0Dudelsack Dichtmittel\u00a0ist ein\u00a0Bagpipe Seasoning nach bew\u00e4hrter Rezeptur f\u00fcr mundgeblasene Dudels\u00e4cke aus Rindsleder. Es eignet sich f\u00fcr den Einsatz an <a href=\"\/?p=4194\">German Smallpipes<\/a> gleicherma\u00dfen wie zum Abdichten von <a href=\"\/?p=1812\">Wee-Pipes<\/a> aus Rindsleder, Sch\u00e4ferpfeifen, Great Highland Bagpipes oder deinen Marktsack. Frag Deinen Instrumentenbauer, ob unser Dichtmittel aus Knochenleim und Glycerin f\u00fcr Dein Instrument geeignet ist.<\/p>\n<p>Das\u00a0Dudelsack Dichtmittel\u00a0ist geleeartig und versiegelt die Poren des Rindsleders sowie die N\u00e4hte, ohne die nat\u00fcrliche Flexibilit\u00e4t des hochwertigen Naturmaterials zu beeinflussen. Nach dem Abdichten wird das Leder wieder elastisch und weist eine geschmeidige Oberfl\u00e4che auf. Mit diesem hochwertigen\u00a0Dudelsack Dichtmittel\u00a0geh\u00f6ren trockene und oft zu steife Leders\u00e4cke der Vergangenheit an.<\/p>\n<h3>Bagpipe Seasoning\u00a0als komfortabel anwendbares Dichtmittel<\/h3>\n<p>Ein Dichtmittel f\u00fcr den Ledersack deines Musikinstruments selbst zu mischen gleicht oft einer Serie an Experimenten mit zahlreichen Fehlschl\u00e4gen. Der Luftsack ist pl\u00f6tzlich steif wie ein Brett und beinahe unspielbar, die hoch gelobte Mischung beginnt nach dem Trocknen abzubr\u00f6ckeln oder das von allen gepriesene Dichtmittel pr\u00e4sentiert sich w\u00e4hrend des Spiels als Verteiler wenig attraktiver Ger\u00fcche. Mit unserem\u00a0Bagpipe Seasoning\u00a0geh\u00f6ren diese oft unerfreulichen Ergebnisse der Vergangenheit an. Denn erfahrene Dudelsackspieler wissen, dass Glycerin und Knochenleim dem Ledersack alles bieten, was f\u00fcr seine zuverl\u00e4ssige Funktionalit\u00e4t erforderlich ist.<\/p>\n<p>Unser\u00a0Dudelsack Dichtmittel\u00a0ist ein\u00a0Bagpipe Seasoning, das auf die traditionelle Erfahrung von Dudelsack-Spielern zur\u00fcck greift und als fertig gemischtes Seasoning das Abdichten und die Pflege erleichtert.<\/p>\n<h3>Qualitativ hochwertiges\u00a0Dudelsack Dichtmittel<\/h3>\n<p>Das aus nat\u00fcrlichen Rohstoffen produzierte\u00a0Bagpipe Seasoning\u00a0ist als Gel in zwei verschiedenen Gebindegr\u00f6\u00dfen verf\u00fcgbar. Durch die hochwertigen Inhaltsstoffe ist das\u00a0Dudelsack Dichtmittel\u00a0besonders ergiebig.<\/p>\n<p>Entscheidest du dich f\u00fcr das 100ml-Gebinde, reicht dies f\u00fcr zwei Neuabdichtungen oder drei bis f\u00fcnf Nachdichtungen. Mit der 200ml-Variante dichtest du deinen Dudelsack ungef\u00e4hr dreimal komplett ab oder f\u00fchrst bis zu zehn Nachdichtungen durch.<\/p>\n<p>Da das\u00a0Dudelsack Dichtmittel\u00a0eine geleeartige Konsistenz aufweist und sich erst durch Erw\u00e4rmen verfl\u00fcssigt, zieht es gut in das Leder ein, ohne sp\u00e4ter zu versteifen. So \u00fcberzeugt der Ledersack nach dem Abk\u00fchlen und Trocknen durch seine besondere Geschmeidigkeit.<\/p>\n<h3>Nat\u00fcrliche Pflege f\u00fcr nat\u00fcrliche Materialien<\/h3>\n<p>Leder ist eines der sch\u00f6nsten nat\u00fcrlichen Materialien und vielseitig verwendbar. Allerdings erfordert es eine gezielt auf den Einsatzbereich abgestimmte Pflege. Nur dann beh\u00e4lt es die daf\u00fcr erforderlichen Eigenschaften. Unser hochwertiges\u00a0Bagpipe Seasoning\u00a0ist auf diese hohen Anforderungen abgestimmt. Es dichtet und pflegt ausschlie\u00dflich mit nat\u00fcrlichen und f\u00fcr den Menschen vertr\u00e4glichen Inhaltsstoffen.<\/p>\n<ul>\n<li>pflanzliches Glycerin<\/li>\n<li>Knochenleim vom Rind<\/li>\n<li><a href=\"https:\/\/de.wikipedia.org\/wiki\/Sorbins%C3%A4ure\" target=\"_blank\" rel=\"noopener\">Sorbins\u00e4ure<\/a> sch\u00fctzt vor Schimmelbefall<\/li>\n<li>Wasser<\/li>\n<\/ul>\n<h3>Dudelsack Dichtmittel\u00a0richtig anwenden<\/h3>\n<p>Das beste\u00a0Bagpipe Seasoning\u00a0wirkt nicht optimal, wenn es falsch angewendet ist. Daher findest du nachfolgend eine \u00fcbersichtlich gestaltete Schritt-f\u00fcr-Schritt-Anleitung zum korrekten Abdichten deines wertvollen Musikinstruments.<\/p>\n<p>Das ben\u00f6tigst du zum professionellen Abdichten<\/p>\n<ul>\n<li>Dichtmittel im Glas<\/li>\n<li>mit Wasser gef\u00fcllten Topf, um das Dichtmittel im Wasserbad zu erw\u00e4rmen<\/li>\n<li>K\u00fcchenkrepp<\/li>\n<li>Trichter<\/li>\n<li>feuchten Schwamm oder\u00a0 feuchtes Sp\u00fcltuch<\/li>\n<li>Korkstopfen zum Abdichten der St\u00f6cke<\/li>\n<\/ul>\n<p>Alternativ zu fertigen Korkstopfen kannst du diese selbst herstellen. Daf\u00fcr umwickelst du Holzd\u00fcbelst\u00e4be fest mit Garn, sodass sie fest in den St\u00f6cken sitzen und diese abdichten.<\/p>\n<h4>Schritt 1: Musikinstrument zum Abdichten vorbereiten<\/h4>\n<ul>\n<li>Entferne alle Pfeifen aus den St\u00f6cken sowie den eventuell vorhandenen Schaumstoff-Propf, der bei einigen Instrumenten hinter den Rohrbl\u00e4ttern angebracht ist.<\/li>\n<li>Dichte nun alle St\u00f6cke mit den Korkstopfen oder selbst hergestellten Stopfen ab. Achte darauf, dass sie ausreichend tief im Stock sitzen. So verhinderst du, dass das\u00a0Dudelsack Dichtmittel in den Stock l\u00e4uft.<\/li>\n<li>Achtung: Der Stock der Spielpfeife wird nicht abgedichtet. Hier f\u00fcllst du \u00fcber den Trichter das\u00a0Bagpipe Seasoning\u00a0ein!<\/li>\n<\/ul>\n<h4>Schritt 2:\u00a0Dudelsack Dichtmittel\u00a0langsam erw\u00e4rmen<\/h4>\n<ul>\n<li>Der n\u00e4chste Schritt ist das langsame Erw\u00e4rmen des Dichtmittels im Wasserbad auf <em>nicht mehr<\/em> als 70 \u00b0C ! (Bei \u00fcber 75 \u00b0C leidet der Knochenleim durch Eiwei\u00dfdenaturierung.) \u00d6ffne das Glas und erw\u00e4rme das Dudelsack Dichtmittel bis es fl\u00fcssig ist. Es darf auf keinen Fall kochen, sonst wird es zerst\u00f6rt!<\/li>\n<\/ul>\n<h4>Schritt 3:\u00a0Dudelsack Dichtmittel\u00a0einf\u00fcllen<\/h4>\n<ul>\n<li>Umwickle den Spielpfeifen-Stock mit einem K\u00fcchenkrepp, um ihn vor Verunreinigung zu sch\u00fctzen und steck den Trichter in die \u00d6ffnung.<\/li>\n<li>Nun f\u00fcllst du das erw\u00e4rmte Dichtmittel in den Ledersack.<\/li>\n<li>Spielpfeifen-Stock mit einem passenden Stopfen abdichten.<\/li>\n<\/ul>\n<p>Achte beim Einf\u00fcllen des Dichtmittels darauf, dass nichts auf das Leder tropft. Es hinterl\u00e4sst unansehnliche Flecken und klebt. Sollte es trotzdem passieren, entferne die Tropfen umgehend mit einem feuchten K\u00fcchenschwamm. Das Dichtmittel ist wasserl\u00f6slich.<\/p>\n<h4>Schritt 4: Dudelsack abdichten<\/h4>\n<ul>\n<li>Nun walkst du den Ledersack gr\u00fcndlich durch. Achte dabei vor allem darauf, dass sich das Mittel an der Naht gut verteilt.<\/li>\n<li>Anschlie\u00dfend l\u00f6st du den Verschluss-Stopfen am Spielpfeifen-Stock und bl\u00e4st den Sack fest auf. Nun presst du den Ledersack kr\u00e4ftig durch. Durch den entstehenden Druck dringt das Mittel nun tief in die Lederporen und -n\u00e4hte ein.<\/li>\n<\/ul>\n<p>Tritt w\u00e4hrend des Pressens an der Naht Fl\u00fcssigkeit aus, entfernst du diese umgehend mit einem feuchten Tuch und vermindest den Druck. L\u00e4sst sich der Fluss nicht aufhalten, wende Dich bitte an Deinen Instrumentenbauer. Hier m\u00fcssen die N\u00e4hte \u00fcberpr\u00fcft werden.<\/p>\n<ul>\n<li>Nach dem kr\u00e4ftigen Durchpressen des Ledersacks gie\u00dft du das das Dichtmittel zur\u00fcck in den Beh\u00e4lter. Um das Verklumpen von \u00fcbersch\u00fcssigem\u00a0Dudelsack Dichtmittel\u00a0zu verhindern, streichst du den Ledersack dabei kr\u00e4ftig aus.<\/li>\n<\/ul>\n<h4>Schritt 5: Trocknen lassen und zusammenbauen<\/h4>\n<ul>\n<li>Nachdem du das gesamte Dichtmittel entfernt hast, bl\u00e4st du den Dudelsack ganz leicht auf.<\/li>\n<li>Entferne alle Stopfen und s\u00e4ubere die St\u00f6cke innen und au\u00dfen.<\/li>\n<li>Nun l\u00e4sst du den Sack mindestens zwei Stunden abk\u00fchlen. Komplett durchgetrocknet nach 24 Stunden.<\/li>\n<li>Sobald das Instrument ausreichend ausgek\u00fchlt und getrocknet ist, baust du es wieder sorgf\u00e4ltig zusammen.<\/li>\n<\/ul>\n<p>F\u00fchrst du diese Behandlung ein- bis zweimal j\u00e4hrlich mit unserem hochwertigen\u00a0Dudelsack-Dichtmittel\u00a0durch, erh\u00e4ltst du dauerhaft die wichtige Funktion des Ledersacks deines wertvollen Musikinstruments.<\/p>\n","protected":false},"excerpt":{"rendered":"<ul>\n<li>f\u00fcr alle mundgeblasenen Dudels\u00e4cke aus Rindsleder<\/li>\n<li>f\u00fcr German Smallpipe<\/li>\n<li>f\u00fcr Wee-Pipe aus Rindsleder<\/li>\n<\/ul>\n<p>Dudelsack Dichtmittel\u00a0versiegelt zuverl\u00e4ssig Poren und N\u00e4hte.<\/p>\n","protected":false},"featured_media":14077,"comment_status":"open","ping_status":"closed","template":"","meta":[],"product_brand":[],"product_cat":[672,643,656],"product_tag":[790],"class_list":{"0":"post-4132","1":"product","2":"type-product","3":"status-publish","4":"has-post-thumbnail","6":"product_cat-dudelsack-zubehoer","7":"product_cat-zubehoer-gsp","8":"product_cat-zubehoer-wp","9":"product_tag-zubehoer","10":"product_shipping_class-etc","12":"first","13":"outofstock","14":"featured","15":"taxable","16":"shipping-taxable","17":"purchasable","18":"product-type-simple"},"composite_virtual":false,"composite_layout":"","composite_add_to_cart_form_location":"","composite_editable_in_cart":false,"composite_sold_individually_context":"","composite_shop_price_calc":"","composite_components":[],"composite_scenarios":[],"bundled_by":[],"bundle_stock_status":"outofstock","bundle_stock_quantity":-11,"bundle_virtual":false,"bundle_layout":"","bundle_add_to_cart_form_location":"","bundle_editable_in_cart":false,"bundle_sold_individually_context":"","bundle_item_grouping":"","bundle_min_size":"","bundle_max_size":"","bundle_price":[],"bundled_items":[],"bundle_sell_ids":[],"exclude_global_add_ons":[],"addons":[],"tiered_pricing_type":"fixed","tiered_pricing_fixed_rules":[],"tiered_pricing_product_settings":{"layout":"default","base_unit_name":{"singular":null,"plural":null},"default_variation":null},"tiered_pricing_minimum_quantity":null,"tiered_pricing_roles_data":[],"tiered_pricing_percentage_rules":[],"tiered_pricing_maximum_quantity":null,"tiered_pricing_quantity_step":null,"_links":{"self":[{"href":"https:\/\/folk.world\/de\/wp-json\/wp\/v2\/product\/4132","targetHints":{"allow":["GET"]}}],"collection":[{"href":"https:\/\/folk.world\/de\/wp-json\/wp\/v2\/product"}],"about":[{"href":"https:\/\/folk.world\/de\/wp-json\/wp\/v2\/types\/product"}],"replies":[{"embeddable":true,"href":"https:\/\/folk.world\/de\/wp-json\/wp\/v2\/comments?post=4132"}],"wp:featuredmedia":[{"embeddable":true,"href":"https:\/\/folk.world\/de\/wp-json\/wp\/v2\/media\/14077"}],"wp:attachment":[{"href":"https:\/\/folk.world\/de\/wp-json\/wp\/v2\/media?parent=4132"}],"wp:term":[{"taxonomy":"product_brand","embeddable":true,"href":"https:\/\/folk.world\/de\/wp-json\/wp\/v2\/product_brand?post=4132"},{"taxonomy":"product_cat","embeddable":true,"href":"https:\/\/folk.world\/de\/wp-json\/wp\/v2\/product_cat?post=4132"},{"taxonomy":"product_tag","embeddable":true,"href":"https:\/\/folk.world\/de\/wp-json\/wp\/v2\/product_tag?post=4132"}],"curies":[{"name":"wp","href":"https:\/\/api.w.org\/{rel}","templated":true}]}}