{"id":4189,"date":"2018-08-29T12:08:45","date_gmt":"2018-08-29T12:08:45","guid":{"rendered":"https:\/\/folk.world\/?post_type=product&#038;p=4189"},"modified":"2026-01-27T15:56:20","modified_gmt":"2026-01-27T14:56:20","slug":"die-sackpfeifen-fibel-teil-1-lehrbuch","status":"publish","type":"product","link":"https:\/\/folk.world\/de\/s\/german-smallpipe\/lehrwerk-gsp\/die-sackpfeifen-fibel-teil-1-lehrbuch\/","title":{"rendered":"Die Sackpfeifen-Fibel 1 &#8211; Mittelalterlichen Dudelsack lernen mit Erfolg"},"content":{"rendered":"<p>Die Sackpfeife verleiht der mittelalterlichen Musik ihren typischen Klang. Um sie zu beherrschen, braucht es sehr viel \u00dcbung und Geschick. Es gibt aber nur wenige Lehrer, bei denen Du lernen kannst, den Dudelsack zu spielen. Deshalb bringen sich die meisten Musiker alles Notwendige selbst bei. In der Sackpfeifen-Fibel 1 von Thomas Z\u00f6ller findest Du alles, was Du \u00fcber dieses besondere Instrument wissen musst.<\/p>\n<ul>\n<li><a href=\"https:\/\/folk.world\/wp-content\/uploads\/2018\/08\/LeseprobeSackpfeifen-Fibel.pdf\">Leseprobe Sackpfeifen-Fibel (PDF)<\/a><\/li>\n<\/ul>\n<p>[lwptoc]<\/p>\n<h3>Der Mittelalter-Dudelsack f\u00fcr Anf\u00e4nger und Fortgeschrittene<\/h3>\n<p>Das Lehrbuch f\u00fcr die Marktsackpfeife richtet sich an alle, die lernen wollen, den Mittelalter-Dudelsack zu spielen. Als Anf\u00e4nger kannst Du dank der ausf\u00fchrlichen Beschreibungen das Instrument von Grund auf kennen lernen. Dabei sorgt der hervorragende logische Aufbau f\u00fcr ein tief gehendes Verst\u00e4ndnis. Sachliche Erl\u00e4uterungen wechseln sich mit praktischen \u00dcbungen ab. Diese werden durch eine ausf\u00fchrliche Bebilderung anschaulich gemacht. So werden bei Dir sicher keine Fragen offen bleiben. Wenn Du schon Kenntnisse hast, kannst Du problemlos an jeder Stelle des Buchs einsteigen. In der Sackpfeifen-Fibel 1 findest Du auf jeden Fall neue Herausforderungen. Dadurch kannst Du das Beste aus Deinem <a href=\"https:\/\/folk.world\/s\/german-smallpipe\/\">Mittelalter-Dudelsack<\/a> herausholen.<\/p>\n<h3>Die Sackpfeifen-Fibel 1 bietet detaillierte Anleitungen<\/h3>\n<p>Besonders wichtig ist beim Mittelalter-Dudelsack die richtige Technik. Deshalb legt dieses Lehbuch gro\u00dfen Wert auf die Fingerhaltung. Um diese zu lernen, solltest Du eine <a href=\"https:\/\/folk.world\/s\/practise-chanter-fuer-german-smallpipe\/\">\u00dcbungspfeife<\/a> verwenden. Auf zahlreichen Abbildungen im Vierfarbendruck zeigt Dir die Sackpfeifen-Fibel 1 alle Griffe. Es ist dabei egal, ob Du Rechts- oder Linksh\u00e4nder bist. Nat\u00fcrlich kannst Du dabei auch die Grifftabelle und das Notationssystem lernen. Nach den ersten Grundlagent\u00f6nen folgen klassische Alternierungen. Diese bringen von Anfang an Abwechslung in Deine Musik.<\/p>\n<h3>Passende Songs f\u00fcr jede K\u00f6nnerstufe<\/h3>\n<p>Spa\u00df machen in der Sackpfeifen-Fibel 1 auch die zahlreichen Musikst\u00fccke. Nach den \u00dcbungen findest Du jeweils Noten zu einem oder mehreren Liedern. Diese passen zu dem, was Du schon gelernt hast. Mit etwas \u00dcbung kannst Du also bald ganze Songs spielen. Zu diesen St\u00fccken z\u00e4hlen nat\u00fcrlich die mittelalterlichen Lieder, die Du von Bands wie In Extremo und Corvus Corax kennst. Du kannst mit der Fibel aber auch neuzeitliche St\u00fccke lernen, die den Mittelalter-Dudelsack modern klingen lassen. Damit Dir die Musik niemals ausgeht, rundet eine Website die Sackpfeifen-Fibel 1 ab. Dort findest Du die Noten von vielen weiteren Songs.<\/p>\n<p>Lieder aus dem Buch sind:<\/p>\n<ul>\n<li>Goddesses<\/li>\n<li>Pavane<\/li>\n<li>Skudrinka<\/li>\n<li>Pal\u00e4stinalied<\/li>\n<li>B\u00e4rentanz<\/li>\n<li>&#8230; und weitere<\/li>\n<\/ul>\n<h3>Wichtige Dudelsack Grundlagen lernen<\/h3>\n<p>Als Musiker willst Du aber nat\u00fcrlich nicht nur blind Anleitungen folgen. Du willst auch verstehen, was Du tust. Dies gilt ganz besonders bei einem Instrument wie dem Mittelalter-Dudelsack. Deshalb vermittelt Dir die Sackpfeifen-Fibel 1 umfassende Kenntnisse \u00fcber das Instrument. Dazu geh\u00f6rt beispielsweise die Geschichte der Sackpfeife. Der heutige Mittelalter-Dudelsack entwickelte sich aus historischen Vorl\u00e4ufern. Verschiedene regionale Sackpfeifen spielten dabei ebenfalls eine Rolle. Au\u00dferdem kannst Du lernen, wie der Mittelalter-Dudelsack aufgebaut ist. Die unterschiedlichen Teile erf\u00fcllen bestimmte Aufgaben, die Du beim Spielen kennen musst.<\/p>\n<h3>Mittelalter-Dudelsack pflegen und aufbewahren<\/h3>\n<p>Damit Du lange Freude an Deinem Mittelalter-Dudelsack hast, solltest Du ihn gut behandeln. Deshalb d\u00fcrfen in der Sackpfeifen-Fibel 1 Tipps zur Pflege nat\u00fcrlich nicht fehlen. Mit diesem tollen Lehrwerk kannst Du lernen, wie Du alle Teile Deiner Sackpfeife richtig reinigst. Durch vorsichtiges S\u00e4ubern und \u00d6len bleibt Dein Instrument lange spielbar. Au\u00dferdem erf\u00e4hrst Du, worauf Du bei einem Mittelalter-Dudelsack achten musst: Bei einer \u00e4lteren Sackpfeife kann beispielsweise der <a href=\"https:\/\/folk.world\/s\/dudelsack-dichtmittel-bagpipe-seasoning\/\">Sack undicht<\/a> werden. Aus diesem Grund solltest Du Deinen Mittelalter-Dudelsack immer gut \u00fcberpr\u00fcfen. Mit den Hinweisen aus der Sackpfeifen-Fibel 1 kannst Du aber lernen, kleine Probleme selbst zu beheben.<\/p>\n<h3>Die Sackpfeifen-Fibel 1: Fazit<\/h3>\n<p>Die Sackpfeifen-Fibel 1 bietet eine gelungene Mischung aus Theorie und Praxis. Dabei merkt man, dass <a href=\"https:\/\/de.wikipedia.org\/wiki\/Thomas_Z%C3%B6ller\" target=\"_blank\" rel=\"noopener\">Thomas Z\u00f6ller<\/a> ein echter Fachmann ist. Er vermittelt sein Wissen auf leichte und anschauliche Weise. Wenn Du lernen m\u00f6chtest, den Mittelalter-Dudelsack zu spielen, ist dieses Lehrwerk ein unverzichtbarer Helfer.<\/p>\n<h3>Zusatzinformation<\/h3>\n<table id=\"product-attribute-specs-table\" class=\"table table-bordered table-hover\">\n<colgroup>\n<col width=\"25%\" \/>\n<col \/><\/colgroup>\n<tbody>\n<tr class=\"first odd\">\n<th><span style=\"font-weight: 400;\">Verlag<\/span><\/th>\n<td class=\"last\">Verlag der Spielleute<\/td>\n<\/tr>\n<tr class=\"even\">\n<th><span style=\"font-weight: 400;\">Auflage<\/span><\/th>\n<td class=\"last\">1. Auflage 2009<\/td>\n<\/tr>\n<tr class=\"odd\">\n<th><span style=\"font-weight: 400;\">Seitenanzahl<\/span><\/th>\n<td class=\"last\">80<\/td>\n<\/tr>\n<tr class=\"even\">\n<th><span style=\"font-weight: 400;\">Einband<\/span><\/th>\n<td class=\"last\">Broschur mit Fadenheftung<\/td>\n<\/tr>\n<tr class=\"odd\">\n<th><span style=\"font-weight: 400;\">Zusatzmedien<\/span><\/th>\n<td class=\"last\">keine<\/td>\n<\/tr>\n<\/tbody>\n<\/table>\n","protected":false},"excerpt":{"rendered":"<p>Die Sackpfeifen-Fibel ist das bislang erste und einzige Lehrbuch zur Sackpfeife, dem mittelalterlichen Dudelsack, wie man ihn von mittelalterlichen M\u00e4rkten oder von Bands wie In Extremo oder Corvus Corax kennt.<\/p>\n<p>Geeignet f\u00fcr:<\/p>\n<ul>\n<li><a href=\"https:\/\/folk.world\/de\/s\/german-smallpipe\/\">German Smallpipe<\/a><\/li>\n<li><a href=\"https:\/\/folk.world\/de\/s\/practise-chanter-fuer-german-smallpipe\/\">Practice Chanter der German Smallpipe<\/a><\/li>\n<li><a href=\"https:\/\/folk.world\/de\/s\/wee-pipe-mittelalterlich\/\">Wee-Pipe Dudelsack mittelalterlich<\/a><\/li>\n<li><a href=\"https:\/\/folk.world\/de\/s\/practice-chanter-wee-pipe-mittelalterlich\/\">Wee-Pipe Practice Chanter mittelalterlich<\/a><\/li>\n<\/ul>\n","protected":false},"featured_media":4191,"comment_status":"open","ping_status":"closed","template":"","meta":[],"product_brand":[],"product_cat":[646,630],"product_tag":[795],"class_list":{"0":"post-4189","1":"product","2":"type-product","3":"status-publish","4":"has-post-thumbnail","6":"product_cat-lehrwerk-gsp","7":"product_cat-lehrwerk-wp","8":"product_tag-lehrbuch","9":"product_shipping_class-books","11":"first","12":"outofstock","13":"featured","14":"taxable","15":"shipping-taxable","16":"purchasable","17":"product-type-simple"},"composite_virtual":false,"composite_layout":"","composite_add_to_cart_form_location":"","composite_editable_in_cart":false,"composite_sold_individually_context":"","composite_shop_price_calc":"","composite_components":[],"composite_scenarios":[],"bundled_by":[],"bundle_stock_status":"outofstock","bundle_stock_quantity":0,"bundle_virtual":false,"bundle_layout":"","bundle_add_to_cart_form_location":"","bundle_editable_in_cart":false,"bundle_sold_individually_context":"","bundle_item_grouping":"","bundle_min_size":"","bundle_max_size":"","bundle_price":[],"bundled_items":[],"bundle_sell_ids":[],"exclude_global_add_ons":[],"addons":[],"tiered_pricing_type":"fixed","tiered_pricing_fixed_rules":[],"tiered_pricing_product_settings":{"layout":"default","base_unit_name":{"singular":null,"plural":null},"default_variation":null},"tiered_pricing_minimum_quantity":null,"tiered_pricing_roles_data":[],"tiered_pricing_percentage_rules":[],"tiered_pricing_maximum_quantity":null,"tiered_pricing_quantity_step":null,"_links":{"self":[{"href":"https:\/\/folk.world\/de\/wp-json\/wp\/v2\/product\/4189","targetHints":{"allow":["GET"]}}],"collection":[{"href":"https:\/\/folk.world\/de\/wp-json\/wp\/v2\/product"}],"about":[{"href":"https:\/\/folk.world\/de\/wp-json\/wp\/v2\/types\/product"}],"replies":[{"embeddable":true,"href":"https:\/\/folk.world\/de\/wp-json\/wp\/v2\/comments?post=4189"}],"wp:featuredmedia":[{"embeddable":true,"href":"https:\/\/folk.world\/de\/wp-json\/wp\/v2\/media\/4191"}],"wp:attachment":[{"href":"https:\/\/folk.world\/de\/wp-json\/wp\/v2\/media?parent=4189"}],"wp:term":[{"taxonomy":"product_brand","embeddable":true,"href":"https:\/\/folk.world\/de\/wp-json\/wp\/v2\/product_brand?post=4189"},{"taxonomy":"product_cat","embeddable":true,"href":"https:\/\/folk.world\/de\/wp-json\/wp\/v2\/product_cat?post=4189"},{"taxonomy":"product_tag","embeddable":true,"href":"https:\/\/folk.world\/de\/wp-json\/wp\/v2\/product_tag?post=4189"}],"curies":[{"name":"wp","href":"https:\/\/api.w.org\/{rel}","templated":true}]}}