{"id":4192,"date":"2018-08-29T12:12:33","date_gmt":"2018-08-29T12:12:33","guid":{"rendered":"https:\/\/folk.world\/?post_type=product&#038;p=4192"},"modified":"2025-03-01T10:54:44","modified_gmt":"2025-03-01T09:54:44","slug":"die-sackpfeifen-fibel-teil-2-lehrbuch","status":"publish","type":"product","link":"https:\/\/folk.world\/de\/s\/german-smallpipe\/lehrwerk-gsp\/die-sackpfeifen-fibel-teil-2-lehrbuch\/","title":{"rendered":"Die Sackpfeifen-Fibel 2"},"content":{"rendered":"<p>Aufbauend aus den Lektionen der<a href=\"http:\/\/www.german-smallpipe.com\/die-sackpfeifen-fibel\" target=\"_blank\" rel=\"noopener\">\u00a0ersten Sackpfeifen-Fibel<\/a>, vermittelt dieser\u00a0<strong>Band 2<\/strong>\u00a0folgende Schwerpunkte:<\/p>\n<ul>\n<li><strong>Variationen entwickeln<\/strong>\u00a0und dadurch seinen eigenen Stil entwickeln<\/li>\n<li>Viele \u00dcbungen zum Thema\u00a0<strong>Rythmus<\/strong>\u00a0&amp; Sackpfeife<\/li>\n<li>Weiterf\u00fchrende\u00a0<strong>Musiktheorie<\/strong>\u00a0zur Intonation der Sackpfeife und zum\u00a0<strong>Einsatz des G-Borduns<\/strong><\/li>\n<\/ul>\n<p>Doch nicht nur der G-Bordun erweitert das musikalischen Universum,\u00a0<strong>die neuen T\u00f6ne Cis und Gis<\/strong>\u00a0erm\u00f6glichen dies ebenso. In\u00a0<strong>z<\/strong><strong>ahlreichen neue Melodien<\/strong>\u00a0werden diese vielen Anregungen angewandt.\u00a0Au\u00dferdem werden\u00a0<strong>neue Verzierungen, das Vibrato und gezogene T\u00f6ne<\/strong>\u00a0besprochen, um die Ausdrucksm\u00f6glichkeiten zu erweitern.<\/p>\n<p>Auf der Internetseite\u00a0<a title=\"zur Homepage der Sackpfeifen Fibel\" href=\"http:\/\/www.sackpfeifen-fibel.de\/\" target=\"_blank\" rel=\"noopener noreferrer\">www.sackpfeifen-fibel.de<\/a>\u00a0wird den Besitzern dieses Lehrbuchs erneut eine Online-Datenbank zur Verf\u00fcgung gestellt. Diese enth\u00e4lt alle in der Sackpfeifen-Fibel besprochenen St\u00fccke und \u00dcbungen zum anh\u00f6ren und mitspielen. Diese\u00a0<a href=\"http:\/\/www.sackpfeifen-fibel.de\/sackpfeifen-fibel-teil-2\/online-datenbank\/\" target=\"_blank\" rel=\"noopener\">Online-Datenbank mit Klangbeispielen<\/a>\u00a0steht allen K\u00e4ufern dieses Lehrbuchs offen, die per E-Mail an den Autor die Zugangsinformationen zur Online-Datenbank angefordert haben.<\/p>\n<p>Die beiden B\u00e4nde der Sackpfeifen-Fibel sind das einzige umfassende Lehrwerk zur Sackpfeife, dem mittelalterlichen Dudelsack, wie man ihn von mittelalterlichen M\u00e4rkten oder Bands wie\u00a0<strong><em>In Extremo<\/em><\/strong>\u00a0oder\u00a0<strong><em>Corvus Corax<\/em><\/strong>\u00a0kennt. Beide Lehrb\u00fccher vermitteln Anf\u00e4ngern und Fortgeschrittenen eine strukturierte Spiel- und Verzierungs\u00adtechnik. Sie f\u00fchren den Lernenden Schritt f\u00fcr Schritt von der \u00dcbungspfeife an die Sackpfeife. Alle Inhalte werden anschaulich mit Texten, Bildern und Grafiken dargestellt.<\/p>\n<p>Vor dem Arbeiten mit dem Band 2 sollte man den\u00a0<a href=\"http:\/\/www.german-smallpipe.com\/die-sackpfeifen-fibel\" target=\"_blank\" rel=\"noopener\">ersten Band der Sackpfeifen-Fibel\u00a0<\/a>durchgearbeitet und verstanden haben.<\/p>\n<h2>Zusatzinformation<\/h2>\n<table id=\"product-attribute-specs-table\" class=\"table table-bordered table-hover\">\n<colgroup>\n<col width=\"25%\" \/>\n<col \/><\/colgroup>\n<tbody>\n<tr class=\"first odd\">\n<th>Verlag<\/th>\n<td class=\"last\">Verlag der Spielleute<\/td>\n<\/tr>\n<tr class=\"even\">\n<th>Auflage<\/th>\n<td class=\"last\">&#8211;<\/td>\n<\/tr>\n<tr class=\"odd\">\n<th>Seitenanzahl<\/th>\n<td class=\"last\">80<\/td>\n<\/tr>\n<tr class=\"even\">\n<th>Einband<\/th>\n<td class=\"last\">Broschur mit Fadenheftung<\/td>\n<\/tr>\n<tr class=\"odd\">\n<th>Zusatzmedien<\/th>\n<td class=\"last\">keine<\/td>\n<\/tr>\n<\/tbody>\n<\/table>\n","protected":false},"excerpt":{"rendered":"<p>Die Sackpfeifen-Fibeln sind die ersten und einzigen Lehrb\u00fccher zur Sackpfeife, dem mittelalterlichen Dudelsack, wie man ihn von mittelalterlichen M\u00e4rkten oder von Bands wie In Extremo oder Corvus Corax kennt.<\/p>\n","protected":false},"featured_media":4193,"comment_status":"open","ping_status":"closed","template":"","meta":[],"product_brand":[],"product_cat":[646,630],"product_tag":[795],"class_list":{"0":"post-4192","1":"product","2":"type-product","3":"status-publish","4":"has-post-thumbnail","6":"product_cat-lehrwerk-gsp","7":"product_cat-lehrwerk-wp","8":"product_tag-lehrbuch","9":"product_shipping_class-books","11":"first","12":"outofstock","13":"taxable","14":"shipping-taxable","15":"purchasable","16":"product-type-simple"},"composite_virtual":false,"composite_layout":"","composite_add_to_cart_form_location":"","composite_editable_in_cart":false,"composite_sold_individually_context":"","composite_shop_price_calc":"","composite_components":[],"composite_scenarios":[],"bundled_by":[],"bundle_stock_status":"outofstock","bundle_stock_quantity":0,"bundle_virtual":false,"bundle_layout":"","bundle_add_to_cart_form_location":"","bundle_editable_in_cart":false,"bundle_sold_individually_context":"","bundle_item_grouping":"","bundle_min_size":"","bundle_max_size":"","bundle_price":[],"bundled_items":[],"bundle_sell_ids":[],"exclude_global_add_ons":[],"addons":[],"tiered_pricing_type":"fixed","tiered_pricing_fixed_rules":[],"tiered_pricing_product_settings":{"layout":"default","base_unit_name":{"singular":null,"plural":null},"default_variation":null},"tiered_pricing_minimum_quantity":null,"tiered_pricing_roles_data":[],"tiered_pricing_percentage_rules":[],"tiered_pricing_maximum_quantity":null,"tiered_pricing_quantity_step":null,"_links":{"self":[{"href":"https:\/\/folk.world\/de\/wp-json\/wp\/v2\/product\/4192","targetHints":{"allow":["GET"]}}],"collection":[{"href":"https:\/\/folk.world\/de\/wp-json\/wp\/v2\/product"}],"about":[{"href":"https:\/\/folk.world\/de\/wp-json\/wp\/v2\/types\/product"}],"replies":[{"embeddable":true,"href":"https:\/\/folk.world\/de\/wp-json\/wp\/v2\/comments?post=4192"}],"wp:featuredmedia":[{"embeddable":true,"href":"https:\/\/folk.world\/de\/wp-json\/wp\/v2\/media\/4193"}],"wp:attachment":[{"href":"https:\/\/folk.world\/de\/wp-json\/wp\/v2\/media?parent=4192"}],"wp:term":[{"taxonomy":"product_brand","embeddable":true,"href":"https:\/\/folk.world\/de\/wp-json\/wp\/v2\/product_brand?post=4192"},{"taxonomy":"product_cat","embeddable":true,"href":"https:\/\/folk.world\/de\/wp-json\/wp\/v2\/product_cat?post=4192"},{"taxonomy":"product_tag","embeddable":true,"href":"https:\/\/folk.world\/de\/wp-json\/wp\/v2\/product_tag?post=4192"}],"curies":[{"name":"wp","href":"https:\/\/api.w.org\/{rel}","templated":true}]}}