{"id":4194,"date":"2018-08-29T12:16:50","date_gmt":"2018-08-29T12:16:50","guid":{"rendered":"https:\/\/folk.world\/?post_type=product&#038;p=4194"},"modified":"2024-10-03T20:23:18","modified_gmt":"2024-10-03T18:23:18","slug":"german-smallpipe","status":"publish","type":"product","link":"https:\/\/folk.world\/de\/s\/german-smallpipe\/german-smallpipe\/","title":{"rendered":"German Smallpipe"},"content":{"rendered":"<strong>Neu:<\/strong> Chanter jetzt aus edler Zwetschke. Das Holz ist etwas dunkler und hat eine st\u00e4rkere Maserung. (Produktbild: Abbildung \u00e4hnlich)\r\n\r\nDie Great Highland-Bagpipe aus Schottland und die mittelalterliche Marktsackpfeife sind f\u00fcr den Einstieg schwerg\u00e4ngig und sehr laut. Beim \u00dcben in den eigenen vier W\u00e4nden wird die Zimmerlautst\u00e4rke schnell \u00fcberschritten. Aber Du m\u00f6chtest trotzdem einen vollwertigen Dudelsack aus Holz spielen? Sehr gut, denn die German Smallpipe von Dominik Pawlat ist Dein optimales Einsteigerinstrument als Dudelsackspieler oder Folk Musik Session Freund. Die\u00a0<span class=\"font\">German Smallpipe Classic<\/span>\u00a0wurde in Deutschland entwickelt, richtet sich an ambitionierte Einsteiger und ist als vollwertiges Instrument aus Kirschholz trotzdem leise und einfach zu spielen. Als Rohrblatt dient ein stabiles <a href=\"https:\/\/folk.world\/s\/gibson-chanter-reed-rohrblatt\/\">Gibson Practice Chanter Reed<\/a>.\r\n\r\n<iframe loading=\"lazy\" src=\"https:\/\/w.soundcloud.com\/player\/?url=https%3A\/\/api.soundcloud.com\/playlists\/223936126&amp;auto_play=false&amp;hide_related=true&amp;show_comments=false&amp;show_user=false&amp;show_reposts=false&amp;visual=false\" width=\"100%\" height=\"320\" data-mce-fragment=\"1\"><\/iframe>\r\n\r\nMit dieser durchdachten und genialen Entwicklung hast Du sogar zwei Instrumente in einem. Die Windkapsel (im Lieferumfang enthalten) und die Schalmei ergeben zusammengesteckt die \u00dcbungsfl\u00f6te (Practice Chanter). Mit dem Practice Chanter kannst Du Dich vollkommen auf die Spieltechnik und Melodie konzentrieren. Nun ziehst Du den Practice Chanter wieder auseinander und schlie\u00dft den Chanter an den Ledersack an. Voil\u00e1! Schon hast Du eine vollst\u00e4ndige Sackpfeife mit Brummer (Bordun\/Drone) f\u00fcr den tiefen Dauerton und langes Spiel. Der Dudelsack spielt sich in A. Die Tonleiter ist G-A-H-C-D-E-Fis-G-A.\r\n\r\n\r\n<h3>Grifftabelle<\/h3>\r\n<a href=\"https:\/\/folk.world\/wp-content\/uploads\/2018\/08\/grifftabelle_offen_german-smallpipe-classic_printable.png\"><img loading=\"lazy\" decoding=\"async\" class=\"size-large wp-image-4196 aligncenter\" src=\"https:\/\/folk.world\/wp-content\/uploads\/2018\/08\/grifftabelle_offen_german-smallpipe-classic_printable-1024x885.png\" alt=\"-\" width=\"980\" height=\"847\" title=\"\" srcset=\"https:\/\/folk.world\/wp-content\/uploads\/2018\/08\/grifftabelle_offen_german-smallpipe-classic_printable-1024x885.png 1024w, https:\/\/folk.world\/wp-content\/uploads\/2018\/08\/grifftabelle_offen_german-smallpipe-classic_printable-324x280.png 324w, https:\/\/folk.world\/wp-content\/uploads\/2018\/08\/grifftabelle_offen_german-smallpipe-classic_printable-416x359.png 416w, https:\/\/folk.world\/wp-content\/uploads\/2018\/08\/grifftabelle_offen_german-smallpipe-classic_printable-300x259.png 300w, https:\/\/folk.world\/wp-content\/uploads\/2018\/08\/grifftabelle_offen_german-smallpipe-classic_printable-768x664.png 768w\" sizes=\"auto, (max-width: 980px) 100vw, 980px\" \/><\/a>\r\n<ul>\r\n \t<li>[\u00a0<a href=\"https:\/\/folk.world\/wp-content\/uploads\/2018\/08\/German-Smallpipe-Grifftabelle-v2.pdf\">German Smallpipe Grifftabelle<\/a> ] (PDF)<\/li>\r\n<\/ul>\r\n<h3>Video<\/h3>\r\n<iframe loading=\"lazy\" title=\"Gitarre und German Smallpipe: Mazurka de Gilles Chabenat\" width=\"980\" height=\"551\" src=\"https:\/\/www.youtube.com\/embed\/1rgW76sTAGw?feature=oembed\" frameborder=\"0\" allow=\"accelerometer; autoplay; clipboard-write; encrypted-media; gyroscope; picture-in-picture; web-share\" referrerpolicy=\"strict-origin-when-cross-origin\" allowfullscreen><\/iframe>\r\n<h3>Bestandteile<\/h3>\r\n<ul class=\"list-style1\">\r\n \t<li><strong>Echtleder-Sack<\/strong> aus Rindsleder<\/li>\r\n \t<li><strong>Bordun und Chanter, Blowpipe<\/strong> aus Kirschholz, durch Lein\u00f6l gesch\u00fctzt<\/li>\r\n \t<li><strong>zus\u00e4tzlich: Windkapsel<\/strong>\u00a0f\u00fcr Chanter ebenfalls aus Kirschholz<\/li>\r\n<\/ul><!-- \/wp:post-content -->","protected":false},"excerpt":{"rendered":"<p>Du m\u00f6chtest <strong>Mittelalter-Dudelsack<\/strong> lernen? Beginne mit der hochwertigen, g\u00fcnstigen German Smallpipe. Aus Rindsleder und Kirschholz.<\/p>\n<p>Die brandneue German Smallpipe wird ab Bestellung f\u00fcr Dich fertig gestellt: Ein frisch gebackener Dudelsack direkt vom Instrumentenbauer Dominik Pawlat.<\/p>\n<ul>\n<li><a href=\"https:\/\/folk.world\/wp-content\/uploads\/2018\/08\/FW-Pflegehinweise-GSP.pdf\">FW &#8211; Pflegehinweise GSP<\/a><\/li>\n<\/ul>\n","protected":false},"featured_media":9578,"comment_status":"open","ping_status":"closed","template":"","meta":[],"product_brand":[],"product_cat":[645],"product_tag":[791],"class_list":{"0":"post-4194","1":"product","2":"type-product","3":"status-publish","4":"has-post-thumbnail","6":"product_cat-german-smallpipe","7":"product_tag-dudelsack","8":"product_shipping_class-instruments","10":"first","11":"outofstock","12":"featured","13":"taxable","14":"shipping-taxable","15":"purchasable","16":"product-type-simple"},"composite_virtual":false,"composite_layout":"","composite_add_to_cart_form_location":"","composite_editable_in_cart":false,"composite_sold_individually_context":"","composite_shop_price_calc":"","composite_components":[],"composite_scenarios":[],"bundled_by":[],"bundle_stock_status":"outofstock","bundle_stock_quantity":-1,"bundle_virtual":false,"bundle_layout":"","bundle_add_to_cart_form_location":"","bundle_editable_in_cart":false,"bundle_sold_individually_context":"","bundle_item_grouping":"","bundle_min_size":"","bundle_max_size":"","bundle_price":[],"bundled_items":[],"bundle_sell_ids":[18217],"exclude_global_add_ons":[],"addons":[],"tiered_pricing_type":"fixed","tiered_pricing_fixed_rules":[],"tiered_pricing_product_settings":{"layout":"default","base_unit_name":{"singular":null,"plural":null},"default_variation":null},"tiered_pricing_minimum_quantity":null,"tiered_pricing_roles_data":[],"tiered_pricing_percentage_rules":[],"tiered_pricing_maximum_quantity":null,"tiered_pricing_quantity_step":null,"_links":{"self":[{"href":"https:\/\/folk.world\/de\/wp-json\/wp\/v2\/product\/4194","targetHints":{"allow":["GET"]}}],"collection":[{"href":"https:\/\/folk.world\/de\/wp-json\/wp\/v2\/product"}],"about":[{"href":"https:\/\/folk.world\/de\/wp-json\/wp\/v2\/types\/product"}],"replies":[{"embeddable":true,"href":"https:\/\/folk.world\/de\/wp-json\/wp\/v2\/comments?post=4194"}],"wp:featuredmedia":[{"embeddable":true,"href":"https:\/\/folk.world\/de\/wp-json\/wp\/v2\/media\/9578"}],"wp:attachment":[{"href":"https:\/\/folk.world\/de\/wp-json\/wp\/v2\/media?parent=4194"}],"wp:term":[{"taxonomy":"product_brand","embeddable":true,"href":"https:\/\/folk.world\/de\/wp-json\/wp\/v2\/product_brand?post=4194"},{"taxonomy":"product_cat","embeddable":true,"href":"https:\/\/folk.world\/de\/wp-json\/wp\/v2\/product_cat?post=4194"},{"taxonomy":"product_tag","embeddable":true,"href":"https:\/\/folk.world\/de\/wp-json\/wp\/v2\/product_tag?post=4194"}],"curies":[{"name":"wp","href":"https:\/\/api.w.org\/{rel}","templated":true}]}}