{"id":4200,"date":"2018-08-29T21:10:32","date_gmt":"2018-08-29T19:10:32","guid":{"rendered":"https:\/\/folk.world\/?post_type=product&#038;p=4200"},"modified":"2025-04-17T10:41:53","modified_gmt":"2025-04-17T08:41:53","slug":"mittelalter-dudelsack-workshop-fuer-einsteiger-teil-1-2-samstag-1-oktober-2016","status":"publish","type":"product","link":"https:\/\/folk.world\/de\/s\/german-smallpipe\/workshops-gsp\/mittelalter-dudelsack-workshop-fuer-einsteiger-teil-1-2-samstag-1-oktober-2016\/","title":{"rendered":"Mittelalter Dudelsack-Workshop f\u00fcr Einsteiger [Teil 1\/2] &#8211; Samstag, 1. Oktober 2016"},"content":{"rendered":"<h2>Der Grundkurs<\/h2>\n<p>Der Workshop ist als Grundkurs f\u00fcr Teilnehmer ohne oder mit wenig Vorkenntnissen ausgelegt.<\/p>\n<p>Der Kurs dauert 5 Stunden lang und beinhaltet zwei Pausen. Wir werden uns inhaltlich mit folgenden Themen auseinander setzen:<\/p>\n<div class=\"row\">\n<div class=\"col-sm-4\">\n<p><strong>Theorie<\/strong><\/p>\n<ul>\n<li>Ger\u00e4tekunde<\/li>\n<li>Historisches<\/li>\n<li>Bordunmusik<\/li>\n<\/ul>\n<\/div>\n<div class=\"col-sm-4\">\n<p><strong>Fingertraining<\/strong><\/p>\n<ul>\n<li>Tonleiter auf dem Chanter<\/li>\n<li>Gemeinsam spielen<\/li>\n<li>Trennung der T\u00f6ne<\/li>\n<\/ul>\n<\/div>\n<div class=\"col-sm-4\">\n<p><strong>Praxis<\/strong><\/p>\n<ul>\n<li>Luftdruck halten auf dem Dudelsack<\/li>\n<li>Tonleiter<\/li>\n<li>Erste einfache Melodie<\/li>\n<\/ul>\n<\/div>\n<div class=\"col-sm-4\">\n<p><strong>\u00dcben<\/strong><\/p>\n<ul>\n<li>Festigen der Theorie und Praxis<\/li>\n<li>Wiederholen<\/li>\n<li>\u00dcben<\/li>\n<\/ul>\n<\/div>\n<div class=\"col-sm-4\">\n<p><strong>Ausblick<\/strong><\/p>\n<ul>\n<li>Stimmen des Dudelsacks<\/li>\n<li>\u00dcbungen f\u00fcr zuhause<\/li>\n<li>Ausblick, Fragerunde, sonstiges<\/li>\n<\/ul>\n<\/div>\n<\/div>\n<h2>Instrument &amp; Lehrbuch<\/h2>\n<p>F\u00fcr unser Einsteiger-Seminar f\u00fcr Fans des Mittelalter-Dudelsacks ben\u00f6tigst Du eine eigene Sackpfeife. Optimal ist die German Smallpipe oder ein vergleichbarer Dudelsack in A-Moll\/dorisch in Gitarrenlautst\u00e4rke.<\/p>\n<p>Sollte Dir ein eigenes Instrument fehlen, stellen wir Dir gegen eine Leihgeb\u00fchr gerne eine German Smallpipe bereit. \u00dcbrigens: Wenn Dir das Instrument gef\u00e4llt und Du das Instrument bei uns kaufen m\u00f6chtest, rechnen wir die Leihgeb\u00fchr dem Kaufpreis an.<\/p>\n<p>F\u00fcr die Theorie und die einzelnen \u00dcbungen ben\u00f6tigen wir die\u00a0<a href=\"http:\/\/www.german-smallpipe.com\/lehrwerk\/die-sackpfeifen-fibel.html\" target=\"_blank\" rel=\"noopener\">Sackpfeifen-Fibel, Teil 1<\/a>. Du kannst dieses Dudelsackbuch bei uns im Shop oder vor Ort beim Kurs erwerben.<\/p>\n<h2>Deine Vorkenntnisse<\/h2>\n<p>Du brauchst f\u00fcr unseren Einsteiger Workshop f\u00fcr den Mittelalter-Dudelsack keine Notenkenntnisse oder anderes besonderes Vorwissen. Wir beginnen mit Grundlagen, die einander aufbauen.<\/p>\n<h2>Datum &amp; Veranstaltungsort<\/h2>\n<p>Wir beginnen am\u00a0<strong>Samstag, dem 1. Oktober um 10:00 Uhr<\/strong>\u00a0und beenden den Workshop gegen 16:30 Uhr. Der Kurs dauert sechseinhalb Stunden und beinhaltet ausreichend Pausezeiten.<\/p>\n<p>Der Dudelsack-Kurs f\u00fcr den mittelalterlichen Marktsack findet statt in der<\/p>\n<ul>\n<li>Bessunger Knabenschule<br \/>\nLudwigsh\u00f6hstra\u00dfe 42<br \/>\n64285 Darmstadt<\/li>\n<\/ul>\n<p>Auf dem Gel\u00e4nde sind Parkpl\u00e4tze vorhanden.<\/p>\n<h2>Die Verpflegung<\/h2>\n<p>Zur gro\u00dfen Mittagspause besuchen wir gemeinschaftlich ein Lokal vor Ort, bei dem wir f\u00fcr uns einen Tisch reservieren. Wir achten bei der Auswahl des Restaurants, dass auch vegetarische Gerichte m\u00f6glich sind.<\/p>\n<h2>Noch Fragen?<\/h2>\n<p>Hast Du noch Fragen zu dieser Dudelsack-Schulung oder brauchst Hilfe bei der Kurswahl? Ruf gerne an oder schreibe uns eine E-Mail, unser Kontaktdaten findest unten auf dieser Webseite.<\/p>\n<p>&nbsp;<\/p>\n<div class=\"alert alert-success\" role=\"alert\">\n<h2><a href=\"http:\/\/www.german-smallpipe.com\/workshops\/german-smallpipe-workshop-fuer-einsteiger-teil2.html\" target=\"_blank\" rel=\"noopener\">Buche den 2. Teil des Dudelsack-Seminars<\/a>\u00a0dazu und erhalte auf beide Kurse 7% Rabatt!<\/h2>\n<p>Oder bestelle f\u00fcr Deine Freundin \/ Deinen Freund gleich mit: Denn immer ab zwei Tickets im Warenkorb schenken wir Dir\u00a0<strong>7%<\/strong>\u00a0auf unsere Workshops!<\/p>\n<h2>Zusatzinformation<\/h2>\n<table id=\"product-attribute-specs-table\" class=\"table table-bordered table-hover\">\n<colgroup>\n<col width=\"25%\" \/>\n<col \/><\/colgroup>\n<tbody>\n<tr class=\"first odd\">\n<th>Termin<\/th>\n<td class=\"last\">Samstag, 1. Oktober 2016, 10 &#8211; 16:30 Uhr<\/td>\n<\/tr>\n<tr class=\"even\">\n<th>Dozent<\/th>\n<td class=\"last\">Jonas B\u00f6ttcher<\/td>\n<\/tr>\n<tr class=\"odd\">\n<th>Veranstaltungsort<\/th>\n<td class=\"last\">Bessunger Knabenschule, Ludwigsh\u00f6hstra\u00dfe 42, 64285 Darmstadt<\/td>\n<\/tr>\n<tr class=\"even\">\n<th>Dauer<\/th>\n<td class=\"last\">6,5 Stunden inklusive ausreichender Pause<\/td>\n<\/tr>\n<tr class=\"odd\">\n<th>verf\u00fcgbare Pl\u00e4tze<\/th>\n<td class=\"last\">5 &#8211; 8<\/td>\n<\/tr>\n<tr class=\"even\">\n<th>ben\u00f6tigte Vorkenntnisse<\/th>\n<td class=\"last\">kein Vorwissen erforderlich<\/td>\n<\/tr>\n<tr class=\"odd\">\n<th>Instrumente\/Equipment<\/th>\n<td class=\"last\"><a href=\"http:\/\/www.german-smallpipe.com\/german-smallpipe\/german-smallpipe.html\" target=\"_blank\" rel=\"noopener\">German Smallpipe<\/a>\u00a0und\u00a0<a href=\"http:\/\/www.german-smallpipe.com\/lehrwerk\/die-sackpfeifen-fibel.html\" target=\"_blank\" rel=\"noopener\">Sackpfeifen-Fibel (Teil 1)<\/a>\u00a0ben\u00f6tigt<\/td>\n<\/tr>\n<tr class=\"last even\">\n<th>Verpflegung<\/th>\n<td class=\"last\">Wir besuchen den Mittagstisch eines lokalen Restaurants.<\/td>\n<\/tr>\n<\/tbody>\n<\/table>\n<h2>Einen Kurs buchen<\/h2>\n<h3 class=\"theme-color\">1. Ausw\u00e4hlen<\/h3>\n<p>W\u00e4hle den gew\u00fcnschten Kurs aus. Achte dabei auf den passenden Termin und den Veranstaltungsort. Lege Deine Auswahl &#8220;in den Warenkorb&#8221;.<\/p>\n<h3 class=\"theme-color\">2. Buchen<\/h3>\n<p>Ganz oben rechts auf unserer Website findest Du den gew\u00e4hlten Workshop in &#8220;Mein Warenkorb&#8221; wieder. Um die Bestellung abzuschlie\u00dfen, w\u00e4hle dort &#8220;Zur Kasse gehen&#8221; und folge den Hinweisen.<\/p>\n<h3 class=\"theme-color\">3. Teilnehmen<\/h3>\n<p>Nach Abschluss der Bestellung hast Du Dein Seminar bei uns gebucht. Rechtzeitig vor beginn melden wir uns bei Dir mit den Details wie Anfahrt oder Besonderheiten.<\/p>\n<p>Wichtig: Beachte bitte die\u00a0<a href=\"http:\/\/www.german-smallpipe.com\/booking-notice\/\" target=\"_blank\" rel=\"noopener\">Buchungshinweise<\/a>.<\/p>\n<\/div>\n","protected":false},"excerpt":{"rendered":"<p>Mittelalterlichen Dudelsack spielen lernen ohne Vorkenntnisse, das kannst Du hier auf einem unserer Anf\u00e4nger-Kurse!<\/p>\n","protected":false},"featured_media":4204,"comment_status":"open","ping_status":"closed","template":"","meta":[],"product_brand":[],"product_cat":[644],"product_tag":[792],"class_list":{"0":"post-4200","1":"product","2":"type-product","3":"status-publish","4":"has-post-thumbnail","6":"product_cat-workshops-gsp","7":"product_tag-lehrkurs","8":"product_shipping_class-etc","10":"first","11":"outofstock","12":"taxable","13":"shipping-taxable","14":"purchasable","15":"product-type-variable"},"composite_virtual":false,"composite_layout":"","composite_add_to_cart_form_location":"","composite_editable_in_cart":false,"composite_sold_individually_context":"","composite_shop_price_calc":"","composite_components":[],"composite_scenarios":[],"bundled_by":[],"bundle_stock_status":"outofstock","bundle_stock_quantity":null,"bundle_virtual":false,"bundle_layout":"","bundle_add_to_cart_form_location":"","bundle_editable_in_cart":false,"bundle_sold_individually_context":"","bundle_item_grouping":"","bundle_min_size":"","bundle_max_size":"","bundle_price":[],"bundled_items":[],"bundle_sell_ids":[],"exclude_global_add_ons":[],"addons":[],"tiered_pricing_type":"fixed","tiered_pricing_fixed_rules":[],"tiered_pricing_product_settings":{"layout":"default","base_unit_name":{"singular":null,"plural":null},"default_variation":null},"tiered_pricing_minimum_quantity":null,"tiered_pricing_roles_data":[],"tiered_pricing_percentage_rules":[],"tiered_pricing_maximum_quantity":null,"tiered_pricing_quantity_step":null,"_links":{"self":[{"href":"https:\/\/folk.world\/de\/wp-json\/wp\/v2\/product\/4200","targetHints":{"allow":["GET"]}}],"collection":[{"href":"https:\/\/folk.world\/de\/wp-json\/wp\/v2\/product"}],"about":[{"href":"https:\/\/folk.world\/de\/wp-json\/wp\/v2\/types\/product"}],"replies":[{"embeddable":true,"href":"https:\/\/folk.world\/de\/wp-json\/wp\/v2\/comments?post=4200"}],"wp:featuredmedia":[{"embeddable":true,"href":"https:\/\/folk.world\/de\/wp-json\/wp\/v2\/media\/4204"}],"wp:attachment":[{"href":"https:\/\/folk.world\/de\/wp-json\/wp\/v2\/media?parent=4200"}],"wp:term":[{"taxonomy":"product_brand","embeddable":true,"href":"https:\/\/folk.world\/de\/wp-json\/wp\/v2\/product_brand?post=4200"},{"taxonomy":"product_cat","embeddable":true,"href":"https:\/\/folk.world\/de\/wp-json\/wp\/v2\/product_cat?post=4200"},{"taxonomy":"product_tag","embeddable":true,"href":"https:\/\/folk.world\/de\/wp-json\/wp\/v2\/product_tag?post=4200"}],"curies":[{"name":"wp","href":"https:\/\/api.w.org\/{rel}","templated":true}]}}