{"id":4298,"date":"2018-10-30T15:03:34","date_gmt":"2018-10-30T14:03:34","guid":{"rendered":"https:\/\/folk.world\/?post_type=product&#038;p=4298"},"modified":"2024-08-12T11:18:30","modified_gmt":"2024-08-12T09:18:30","slug":"knaldemper","status":"publish","type":"product","link":"https:\/\/folk.world\/de\/s\/german-smallpipe\/zubehoer-gsp\/knaldemper\/","title":{"rendered":"Knaldemper"},"content":{"rendered":"<p>Je nach Ger\u00e4uschkulisse und Einsatz kann es w\u00fcnschenswert sein, dass die Bordunpfeife der German Smallpipe leiser spielen soll, als normal. F\u00fcr diesen Zweck wurde der Knaldemper entwickelt. Er reduziert die Lautst\u00e4rke des Borduns und l\u00e4sst dadurch im Verh\u00e4ltnis die Spielpfeife mehr dominieren. Der Knaldemper wird einfach auf den Drone Top aufgesteckt und nach Belieben wieder entfernt. Durch den Wechsel muss der Bordun jeweils nachgestimmt werden. Der Knaldemper passt auf Bordunpfeifen von Dudels\u00e4cken mit 10mm zylindrischer Innenbohrung. Es ist ausreichend gewachstes Hanfgarn mitgegeben um die Wicklung des Knaldempers auf Deine Sackpfeife anzupassen. Der Knaldemper ist aus Kirschholz gedrechselt und mit Lein\u00f6l behandelt.<\/p>\n","protected":false},"excerpt":{"rendered":"<p>Reduziert die Lautst\u00e4rke des Borduns<\/p>\n","protected":false},"featured_media":13599,"comment_status":"open","ping_status":"closed","template":"","meta":[],"product_brand":[],"product_cat":[643,672],"product_tag":[790],"class_list":{"0":"post-4298","1":"product","2":"type-product","3":"status-publish","4":"has-post-thumbnail","6":"product_cat-zubehoer-gsp","7":"product_cat-dudelsack-zubehoer","8":"product_tag-zubehoer","9":"product_shipping_class-etc","11":"first","12":"outofstock","13":"taxable","14":"shipping-taxable","15":"purchasable","16":"product-type-simple"},"composite_virtual":false,"composite_layout":"","composite_add_to_cart_form_location":"","composite_editable_in_cart":false,"composite_sold_individually_context":"","composite_shop_price_calc":"","composite_components":[],"composite_scenarios":[],"bundled_by":[],"bundle_stock_status":"outofstock","bundle_stock_quantity":0,"bundle_virtual":false,"bundle_layout":"","bundle_add_to_cart_form_location":"","bundle_editable_in_cart":false,"bundle_sold_individually_context":"","bundle_item_grouping":"","bundle_min_size":"","bundle_max_size":"","bundle_price":[],"bundled_items":[],"bundle_sell_ids":[],"exclude_global_add_ons":[],"addons":[],"tiered_pricing_type":"fixed","tiered_pricing_fixed_rules":[],"tiered_pricing_product_settings":{"layout":"default","base_unit_name":{"singular":null,"plural":null},"default_variation":null},"tiered_pricing_minimum_quantity":null,"tiered_pricing_roles_data":[],"tiered_pricing_percentage_rules":[],"tiered_pricing_maximum_quantity":null,"tiered_pricing_quantity_step":null,"_links":{"self":[{"href":"https:\/\/folk.world\/de\/wp-json\/wp\/v2\/product\/4298","targetHints":{"allow":["GET"]}}],"collection":[{"href":"https:\/\/folk.world\/de\/wp-json\/wp\/v2\/product"}],"about":[{"href":"https:\/\/folk.world\/de\/wp-json\/wp\/v2\/types\/product"}],"replies":[{"embeddable":true,"href":"https:\/\/folk.world\/de\/wp-json\/wp\/v2\/comments?post=4298"}],"wp:featuredmedia":[{"embeddable":true,"href":"https:\/\/folk.world\/de\/wp-json\/wp\/v2\/media\/13599"}],"wp:attachment":[{"href":"https:\/\/folk.world\/de\/wp-json\/wp\/v2\/media?parent=4298"}],"wp:term":[{"taxonomy":"product_brand","embeddable":true,"href":"https:\/\/folk.world\/de\/wp-json\/wp\/v2\/product_brand?post=4298"},{"taxonomy":"product_cat","embeddable":true,"href":"https:\/\/folk.world\/de\/wp-json\/wp\/v2\/product_cat?post=4298"},{"taxonomy":"product_tag","embeddable":true,"href":"https:\/\/folk.world\/de\/wp-json\/wp\/v2\/product_tag?post=4298"}],"curies":[{"name":"wp","href":"https:\/\/api.w.org\/{rel}","templated":true}]}}