{"id":4757,"date":"2018-11-23T14:24:15","date_gmt":"2018-11-23T14:24:15","guid":{"rendered":"https:\/\/folk.world\/?post_type=product&#038;p=4757"},"modified":"2024-09-25T19:32:18","modified_gmt":"2024-09-25T17:32:18","slug":"ezee-pipe-dreams-practice-chanter-reed","status":"publish","type":"product","link":"https:\/\/folk.world\/de\/s\/wee-pipe\/zubehoer-wp\/ezee-pipe-dreams-practice-chanter-reed\/","title":{"rendered":"Ezee Pipe Dreams Practice Chanter Reed"},"content":{"rendered":"<p>Rohrblatt f\u00fcr die Wee-Pipe<\/p>\n<p>Ezee Drone PC Reed<\/p>\n<p>Original-Ersatzreed f\u00fcr Wee-Pipes<\/p>\n<p>Kunststoffrohrblatt auf einer Messingklammer, passend f\u00fcr die meisten Fabrikate von \u00dcbungspfeifen.<\/p>\n","protected":false},"excerpt":{"rendered":"<p>Rohrblatt f\u00fcr die Wee-Pipe Ezee Drone PC Reed Original-Ersatzreed f\u00fcr Wee-Pipes Kunststoffrohrblatt auf einer Messingklammer, passend f\u00fcr die meisten Fabrikate von \u00dcbungspfeifen.<\/p>\n","protected":false},"featured_media":15204,"comment_status":"open","ping_status":"closed","template":"","meta":[],"product_brand":[],"product_cat":[656,672],"product_tag":[794],"class_list":{"0":"post-4757","1":"product","2":"type-product","3":"status-publish","4":"has-post-thumbnail","6":"product_cat-zubehoer-wp","7":"product_cat-dudelsack-zubehoer","8":"product_tag-rohrblatt","9":"product_shipping_class-etc","11":"first","12":"outofstock","13":"taxable","14":"shipping-taxable","15":"purchasable","16":"product-type-simple"},"composite_virtual":false,"composite_layout":"","composite_add_to_cart_form_location":"","composite_editable_in_cart":false,"composite_sold_individually_context":"","composite_shop_price_calc":"","composite_components":[],"composite_scenarios":[],"bundled_by":[],"bundle_stock_status":"outofstock","bundle_stock_quantity":0,"bundle_virtual":false,"bundle_layout":"","bundle_add_to_cart_form_location":"","bundle_editable_in_cart":false,"bundle_sold_individually_context":"","bundle_item_grouping":"","bundle_min_size":"","bundle_max_size":"","bundle_price":[],"bundled_items":[],"bundle_sell_ids":[],"exclude_global_add_ons":[],"addons":[],"tiered_pricing_type":"fixed","tiered_pricing_fixed_rules":[],"tiered_pricing_product_settings":{"layout":"default","base_unit_name":{"singular":null,"plural":null},"default_variation":null},"tiered_pricing_minimum_quantity":null,"tiered_pricing_roles_data":[],"tiered_pricing_percentage_rules":[],"tiered_pricing_maximum_quantity":null,"tiered_pricing_quantity_step":null,"_links":{"self":[{"href":"https:\/\/folk.world\/de\/wp-json\/wp\/v2\/product\/4757","targetHints":{"allow":["GET"]}}],"collection":[{"href":"https:\/\/folk.world\/de\/wp-json\/wp\/v2\/product"}],"about":[{"href":"https:\/\/folk.world\/de\/wp-json\/wp\/v2\/types\/product"}],"replies":[{"embeddable":true,"href":"https:\/\/folk.world\/de\/wp-json\/wp\/v2\/comments?post=4757"}],"wp:featuredmedia":[{"embeddable":true,"href":"https:\/\/folk.world\/de\/wp-json\/wp\/v2\/media\/15204"}],"wp:attachment":[{"href":"https:\/\/folk.world\/de\/wp-json\/wp\/v2\/media?parent=4757"}],"wp:term":[{"taxonomy":"product_brand","embeddable":true,"href":"https:\/\/folk.world\/de\/wp-json\/wp\/v2\/product_brand?post=4757"},{"taxonomy":"product_cat","embeddable":true,"href":"https:\/\/folk.world\/de\/wp-json\/wp\/v2\/product_cat?post=4757"},{"taxonomy":"product_tag","embeddable":true,"href":"https:\/\/folk.world\/de\/wp-json\/wp\/v2\/product_tag?post=4757"}],"curies":[{"name":"wp","href":"https:\/\/api.w.org\/{rel}","templated":true}]}}