{"id":4826,"date":"2018-11-25T15:13:55","date_gmt":"2018-11-25T15:13:55","guid":{"rendered":"https:\/\/folk.world\/?post_type=product&#038;p=4826"},"modified":"2025-10-07T23:13:38","modified_gmt":"2025-10-07T21:13:38","slug":"practice-chanter-wee-pipe-mittelalterlich","status":"publish","type":"product","link":"https:\/\/folk.world\/de\/s\/wee-pipe\/practice-chanter-wee-pipe-mittelalterlich\/","title":{"rendered":"Practice Chanter (Wee-Pipe mittelalterlich)"},"content":{"rendered":"<p>Hier h\u00f6rst Du die Tonleiter (A-)G-A-H-C-D-E-Fis-G-A und wieder abw\u00e4rts vom Practise Chanter der\u00a0<a href=\"http:\/\/www.wee-pipe.com\/wee-pipe\/instruments\/wee-pipe\/medieval\" target=\"_blank\" rel=\"noopener\">Wee-Pipe<\/a>:<\/p>\n<p><iframe loading=\"lazy\" src=\"https:\/\/w.soundcloud.com\/player\/?url=https%3A\/\/api.soundcloud.com\/tracks\/145518122\" width=\"100%\" height=\"166\" data-mce-fragment=\"1\"><\/iframe><\/p>\n<p>Beginne zun\u00e4chst Deine Karriere als Dudelsackspieler mit diesem tollen Practise Chanter und der\u00a0<a href=\"http:\/\/www.wee-pipe.com\/wee-pipe\/extras\/die-sackpfeifen-fibel\" target=\"_blank\" rel=\"noopener\">Sackpfeifenfibel<\/a>. Wenn Du die Fingertechnik erlernt hast und beherrschst, ist die Zeit gekommen, Dir das Erweiterungsset zu kaufen.<\/p>\n<h3>Grifftabelle<\/h3>\n<p><a href=\"https:\/\/folk.world\/wp-content\/uploads\/2018\/11\/grifftabelle.png\"><img loading=\"lazy\" decoding=\"async\" class=\"size-full wp-image-4828 alignnone\" src=\"https:\/\/folk.world\/wp-content\/uploads\/2018\/11\/grifftabelle.png\" alt=\"-\" width=\"637\" height=\"239\" title=\"\" srcset=\"https:\/\/folk.world\/wp-content\/uploads\/2018\/11\/grifftabelle.png 637w, https:\/\/folk.world\/wp-content\/uploads\/2018\/11\/grifftabelle-324x122.png 324w, https:\/\/folk.world\/wp-content\/uploads\/2018\/11\/grifftabelle-416x156.png 416w, https:\/\/folk.world\/wp-content\/uploads\/2018\/11\/grifftabelle-300x113.png 300w\" sizes=\"auto, (max-width: 637px) 100vw, 637px\" \/><\/a><\/p>\n<h3>Technische Daten<\/h3>\n<p>Tonart:\u00a0<strong>A, 440 Hz<\/strong><\/p>\n<h3><strong>Das Erweiterungsset<\/strong><\/h3>\n<p>besteht aus den noch fehlenden Komponenten bis zur\u00a0<a href=\"http:\/\/www.wee-pipe.com\/wee-pipe\/instruments\/wee-pipe\/medieval\" target=\"_blank\" rel=\"noopener\">Wee-Pipe<\/a>.<\/p>\n<ul>\n<li>Es enth\u00e4lt den Ledersack und<\/li>\n<li>dem Bordun f\u00fcr den begleitenden Brummton.<\/li>\n<\/ul>\n<p>Bestelle das Erweiterungsset bei uns auf Anfrage. Das Erweiterungsset ist NICHT Bestandteil dieses Artikels.<\/p>\n<p>Dudelsackspieler greifen ein Leben lang auf den Practise Chanter zur\u00fcck. So kannst Du neue Melodien erst in Ruhe auf dem Practise Chanter \u00fcben. Wenn Du die Melodie kannst, spielst Du sie auf dem\u00a0<a href=\"http:\/\/www.wee-pipe.com\/wee-pipe\/instruments\/wee-pipe\/medieval\" target=\"_blank\" rel=\"noopener\">vollst\u00e4ndigen Wee-Pipe Dudelsack<\/a>.<\/p>\n<h2>Zusatzinformation<\/h2>\n<table id=\"product-attribute-specs-table\" class=\"table table-bordered table-hover\">\n<colgroup>\n<col width=\"25%\" \/>\n<col \/><\/colgroup>\n<tbody>\n<tr class=\"first odd\">\n<th>Gewicht (kg)<\/th>\n<td class=\"last\">0.5000<\/td>\n<\/tr>\n<tr class=\"even\">\n<th>Tonart<\/th>\n<td class=\"last\">Nein<\/td>\n<\/tr>\n<tr class=\"odd\">\n<th>Lautst\u00e4rke<\/th>\n<td class=\"last\">Nein<\/td>\n<\/tr>\n<tr class=\"last even\">\n<th>Material<\/th>\n<td class=\"last\">Nein<\/td>\n<\/tr>\n<\/tbody>\n<\/table>\n","protected":false},"excerpt":{"rendered":"<p>Beginne wie die Profis! Mit dem Practise Chanter lernst Du neue Melodien am besten. Dieser Practise Chanter l\u00e4sst sich sp\u00e4ter mit dem Erweiterungsset zur vollst\u00e4ndigen Wee-Pipe ausbauen!<\/p>\n","protected":false},"featured_media":10048,"comment_status":"open","ping_status":"closed","template":"","meta":[],"product_brand":[],"product_cat":[625],"product_tag":[796],"class_list":{"0":"post-4826","1":"product","2":"type-product","3":"status-publish","4":"has-post-thumbnail","6":"product_cat-wee-pipe","7":"product_tag-spielpfeife","8":"product_shipping_class-instruments","10":"first","11":"instock","12":"taxable","13":"shipping-taxable","14":"purchasable","15":"product-type-simple"},"composite_virtual":false,"composite_layout":"","composite_add_to_cart_form_location":"","composite_editable_in_cart":false,"composite_sold_individually_context":"","composite_shop_price_calc":"","composite_components":[],"composite_scenarios":[],"bundled_by":[],"bundle_stock_status":"instock","bundle_stock_quantity":9,"bundle_virtual":false,"bundle_layout":"","bundle_add_to_cart_form_location":"","bundle_editable_in_cart":false,"bundle_sold_individually_context":"","bundle_item_grouping":"","bundle_min_size":"","bundle_max_size":"","bundle_price":[],"bundled_items":[],"bundle_sell_ids":[],"exclude_global_add_ons":[],"addons":[],"tiered_pricing_type":"fixed","tiered_pricing_fixed_rules":[],"tiered_pricing_product_settings":{"layout":"default","base_unit_name":{"singular":null,"plural":null},"default_variation":null},"tiered_pricing_minimum_quantity":null,"tiered_pricing_roles_data":[],"tiered_pricing_percentage_rules":[],"tiered_pricing_maximum_quantity":null,"tiered_pricing_quantity_step":null,"_links":{"self":[{"href":"https:\/\/folk.world\/de\/wp-json\/wp\/v2\/product\/4826","targetHints":{"allow":["GET"]}}],"collection":[{"href":"https:\/\/folk.world\/de\/wp-json\/wp\/v2\/product"}],"about":[{"href":"https:\/\/folk.world\/de\/wp-json\/wp\/v2\/types\/product"}],"replies":[{"embeddable":true,"href":"https:\/\/folk.world\/de\/wp-json\/wp\/v2\/comments?post=4826"}],"wp:featuredmedia":[{"embeddable":true,"href":"https:\/\/folk.world\/de\/wp-json\/wp\/v2\/media\/10048"}],"wp:attachment":[{"href":"https:\/\/folk.world\/de\/wp-json\/wp\/v2\/media?parent=4826"}],"wp:term":[{"taxonomy":"product_brand","embeddable":true,"href":"https:\/\/folk.world\/de\/wp-json\/wp\/v2\/product_brand?post=4826"},{"taxonomy":"product_cat","embeddable":true,"href":"https:\/\/folk.world\/de\/wp-json\/wp\/v2\/product_cat?post=4826"},{"taxonomy":"product_tag","embeddable":true,"href":"https:\/\/folk.world\/de\/wp-json\/wp\/v2\/product_tag?post=4826"}],"curies":[{"name":"wp","href":"https:\/\/api.w.org\/{rel}","templated":true}]}}