{"id":4832,"date":"2018-11-25T15:34:15","date_gmt":"2018-11-25T14:34:15","guid":{"rendered":"https:\/\/folk.world\/?post_type=product&#038;p=4832"},"modified":"2024-10-03T20:23:18","modified_gmt":"2024-10-03T18:23:18","slug":"das-dudelsack-lehrbuch","status":"publish","type":"product","link":"https:\/\/folk.world\/de\/s\/wee-pipe\/lehrwerk-wp\/das-dudelsack-lehrbuch\/","title":{"rendered":"Das Dudelsack-Lehrbuch f\u00fcr schottischen Dudelsack"},"content":{"rendered":"<p>Dieses einzigartige Dudelsack-Lehrbuch von <a href=\"http:\/\/www.bagpiper-andy.de\/\" target=\"_blank\" rel=\"noopener\">Andreas Hambsch<\/a> ist ein perfekter Begleiter f\u00fcr alle, die gern Dudelsack lernen m\u00f6chten. Der Autor f\u00fchrt in die Kunst des Dudelsackspiels ein und zeigt seinen Lesern anschaulich, wie ein schottischer Dudelsack zum Klingen zu bringen ist. Anf\u00e4nger wie versierte Spieler der Great Highland Bagpipe profitieren gleicherma\u00dfen von den vielen, praxisorientierten \u00dcbungen.<\/p>\n<h3>Ein ganz besonderes Dudelsack-Lehrbuch<\/h3>\n<p>Du bist hellauf begeistert, sobald ein schottischer Dudelsack ert\u00f6nt? Und immer, wenn jemand eine Great Highland Bagpipe zum Klingen bringt, m\u00f6chtest Du am liebsten sofort selbst Dudelsack lernen? Oder geh\u00f6rst du zu den Spielern, deren schottischer Dudelsack bereits die ersten T\u00f6ne oder Melodien von sich gibt? Ganz egal. Die Lektionen in diesem Dudelsack-Lehrbuch versetzen Anf\u00e4nger in die Lage, schnell erste Melodien zu spielen. Versierte Spieler der Great Highland Bagpipe finden anspruchsvolle \u00dcbungen, um ihre Fingerfertigkeit zu trainieren und ihr Spiel zu verbessern.<\/p>\n<ul>\n<li><a href=\"https:\/\/folk.world\/wp-content\/uploads\/2018\/11\/Das-Dudelsack-Lehrbuch-Leseprobe.pdf\" target=\"_blank\" rel=\"noopener noreferrer\">Das Dudelsack-Lehrbuch Leseprobe<\/a>\u00a0(PDF)<\/li>\n<\/ul>\n<p>Dudelsack lernen ist ein Abenteuer. Folk.World h\u00e4lt das Dudelsack-Lehrbuch von Andreas Hambsch f\u00fcr das beste, was zu finden ist. Das gilt f\u00fcr absolute Laien, die Dudelsack lernen m\u00f6chten, ebenso wie f\u00fcr Piper aller Ausbildungsstufen. Theorie und Praxis sind in diesem Dudelsack-Lehrbuch unzertrennlich verwoben. Allen, die Dudelsack lernen, vermittelt der Autor spielerisch die n\u00f6tigen Kenntnisse und Handgriffe. Im Unterschied zu anderen Lehrb\u00fcchern f\u00fcr das Dudelsackspiel enth\u00e4lt dieses Dudelsack-Lehrbuch viel mehr \u00dcbungen und zeigt Dir alle Fingertechniken, die Du brauchst, wenn Du Dudelsack lernen m\u00f6chtest.<\/p>\n<h3>Spielerisch Dudelsack lernen<\/h3>\n<p>Jeder Schritt wird ausf\u00fchrlich erkl\u00e4rt, sodass die \u00dcbungen leicht nachvollziehbar sind. Die Lektionen sind logisch und systematisch aufgebaut. Sofort nach den Grundlagen zeigt Dir der Autor, wie Du erste kurze Melodien schottischer Lieder spielst. Das macht viel mehr Spa\u00df, als ausschlie\u00dflich Tonleitern zu \u00fcben.<br \/>\nDu wirst schnell merken, dass Andreas Hambsch ein erfahrener Lehrer der <a href=\"https:\/\/de.wikipedia.org\/wiki\/Great_Highland_Bagpipe\" target=\"_blank\" rel=\"noopener\">Great Highland Bagpipe<\/a> ist. Seine durchdachten Unterrichtsmethoden eignen sich perfekt f\u00fcr das Selbststudium. Sie erm\u00f6glichen es Dir als Anf\u00e4nger, schnell erste Songs einzu\u00fcben. Falls Dein schottischer Dudelsack bereits in Deinen H\u00e4nden klingt, helfen Dir die im Buch enthaltenen \u00dcbungen, Deine Technik und damit Dein Spiel zu verbessern.<\/p>\n<p>Nicht zuletzt ist das Lehrbuch grafisch ausgezeichnet gestaltet und das Ringbuchformat eignet sich perfekt zum \u00dcben. Das motiviert zus\u00e4tzlich, weil Leser dieses Dudelsack-Lehrbuch immer wieder gern zur Hand nehmen.<\/p>\n<h3>Das Dudelsack-Lehrbuch mit der Kombi-Methode<\/h3>\n<p>Didaktisch ist die in diesem Dudelsack-Lehrbuch vermittelte Kombi-Methode genial. Im st\u00e4ndigen Wechsel erlernst Du Fingertechniken und Lieder. Alles, was Du lernst, probierst Du sofort aus. Das verspricht viel Spa\u00df beim Dudelsack lernen, weil Du schnell h\u00f6rbare Fortschritte erzielst.<br \/>\nSchritt f\u00fcr Schritt erkl\u00e4rt das Lehrbuch Dir alle Griffe und Finger\u00fcbungen detailliert und leicht verst\u00e4ndlich. Anschauliche Illustrationen und viele wertvolle Tipps runden die Sache ab.<\/p>\n<p>Au\u00dferdem vermittelt Dir der Autor von Anfang an ein Gef\u00fchl f\u00fcr die sogenannten \u201ekleinen\u201c Noten. Ein <a href=\"https:\/\/folk.world\/s\/wee-pipe-schottisch\/\">schottischer Dudelsack<\/a> in der Hand eines erfahrenen Pipers klingt deshalb phantastisch, weil er die Technik der Gracenotes beherrscht. Gerade durch diese Verzierungsnoten, die eine Melodie \u201eausschm\u00fccken\u201c und variieren, wird die Dudelsackmusik lebendiger. Im Dudelsack-Lehrbuch von Andreas Hambsch findest Du zu jeder Note der Tonleiter zugleich \u00dcbungen zu entsprechenden Verzierungsnoten.<\/p>\n<h3>Schnell zahlreiche Songs spielen k\u00f6nnen<\/h3>\n<p>Dieses Dudelsack-Lehrbuch stellt Dir zahlreiche, traditionelle Melodien vor. Deine ersten Griffe und Songs erlernst Du mit einer \u00dcbungsfl\u00f6te, dem <a href=\"https:\/\/folk.world\/s\/practise-chanter-wee-pipe-schottisch\/\">Practice Chanter<\/a>. Damit eignest Du Dir die Fingertechnik am einfachsten an. \u00dcbrigens spielen selbst ge\u00fcbte Dudelsackspieler immer wieder auf solch einer Fl\u00f6te, wenn sie neue Melodien einstudieren oder ihre Fingerfertigkeit trainieren wollen.<\/p>\n<p>Am Ende des Lehrbuchs angelangt, kennst Du insgesamt 21 Lieder mit den dazugeh\u00f6rigen Noten. Dazu z\u00e4hlen bekannte Folk-Songs wie:<\/p>\n<ul>\n<li>Scotland the Brave,<\/li>\n<li>Amazing Grace und<\/li>\n<li>Highroad To Gairloch.<\/li>\n<\/ul>\n<p>Auf der dem Lehrbuch beigelegten CD findest Du alle im Buch vorgestellten Melodien in zwei Geschwindigkeiten. Das hilft Dir, beim \u00dcben vom langsamen Spiel hin zur regul\u00e4ren Spielgeschwindigkeit der Songs zu gelangen. Damit macht Dudelsack lernen noch mehr Spa\u00df.<\/p>\n<h3>Fazit<\/h3>\n<p>Ein schottischer Dudelsack ist ein faszinierendes Instrument. Viele w\u00fcrden gern darauf spielen k\u00f6nnen. Dieses Dudelsack-Lehrbuch weckt bei jedem Leser, der Dudelsack lernen will, die Spielfreude. Der Autor vermittelt sein Wissen konsequent praxisbezogen \u2013 im besten Sinne von \u201elearning by doing\u201c. Du m\u00f6chtest gern Dudelsack lernen? Dann ist dies das beste Dudelsack-Lehrbuch in deutscher Sprache, das Du findest. Dank der durchdachten Lehrmethode wirst Du schnell Fortschritte machen. Gleichzeitig bleibt Dir der Spa\u00df am Dudelsackspiel durch alle Lektionen hindurch erhalten. Folk.World legt Dir dieses Buch w\u00e4rmstens ans Herz.<\/p>\n<h2>Zusatzinformation<\/h2>\n<table id=\"product-attribute-specs-table\" class=\"table table-bordered table-hover\">\n<colgroup>\n<col width=\"25%\" \/>\n<col \/><\/colgroup>\n<tbody>\n<tr class=\"first odd\">\n<th>Verlag<\/th>\n<td class=\"last\">Selbstverlag<\/td>\n<\/tr>\n<tr class=\"even\">\n<th>Auflage<\/th>\n<td class=\"last\">2014<\/td>\n<\/tr>\n<tr class=\"odd\">\n<th>Seitenanzahl<\/th>\n<td class=\"last\">80<\/td>\n<\/tr>\n<tr class=\"even\">\n<th>Einband<\/th>\n<td class=\"last\">Spiralbindung<\/td>\n<\/tr>\n<tr class=\"odd\">\n<th>Zusatzmedien<\/th>\n<td class=\"last\">Audio-CD<\/td>\n<\/tr>\n<tr class=\"even\">\n<th>Gewicht (kg)<\/th>\n<td class=\"last\">0.5700<\/td>\n<\/tr>\n<tr class=\"last odd\">\n<th>Gr\u00f6\u00dfe (H, B, T)<\/th>\n<td class=\"last\">Nein<\/td>\n<\/tr>\n<\/tbody>\n<\/table>\n","protected":false},"excerpt":{"rendered":"<p>Das Dudelsack-Lehrbuch f\u00fcr den schottischen Dudelsack ist eines der fachlichsten und meist verkauften Dudelsack-Lehrb\u00fccher in deutscher Sprache. Es beinhaltet sehr viele bekannte und traditionelle Melodien.<\/p>\n<ul>\n<li>f\u00fcr schottischen Dudelsack<\/li>\n<li>leichter Einstieg<\/li>\n<li>schnelle Erfolge<\/li>\n<\/ul>\n<p><strong>Geeignet f\u00fcr:<\/strong><\/p>\n<ul>\n<li><a href=\"https:\/\/folk.world\/de\/s\/wee-pipe-schottisch\/\">Wee-Pipe Dudelsack schottisch<\/a><\/li>\n<li><a href=\"https:\/\/folk.world\/de\/s\/practise-chanter-wee-pipe-schottisch\/\">Wee-Pipe Practice Chanter schottisch<\/a><\/li>\n<\/ul>\n","protected":false},"featured_media":14081,"comment_status":"open","ping_status":"closed","template":"","meta":[],"product_brand":[],"product_cat":[630],"product_tag":[795],"class_list":{"0":"post-4832","1":"product","2":"type-product","3":"status-publish","4":"has-post-thumbnail","6":"product_cat-lehrwerk-wp","7":"product_tag-lehrbuch","8":"product_shipping_class-books","10":"first","11":"outofstock","12":"taxable","13":"shipping-taxable","14":"purchasable","15":"product-type-simple"},"composite_virtual":false,"composite_layout":"","composite_add_to_cart_form_location":"","composite_editable_in_cart":false,"composite_sold_individually_context":"","composite_shop_price_calc":"","composite_components":[],"composite_scenarios":[],"bundled_by":[],"bundle_stock_status":"outofstock","bundle_stock_quantity":0,"bundle_virtual":false,"bundle_layout":"","bundle_add_to_cart_form_location":"","bundle_editable_in_cart":false,"bundle_sold_individually_context":"","bundle_item_grouping":"","bundle_min_size":"","bundle_max_size":"","bundle_price":[],"bundled_items":[],"bundle_sell_ids":[],"exclude_global_add_ons":[],"addons":[],"tiered_pricing_type":"fixed","tiered_pricing_fixed_rules":[],"tiered_pricing_product_settings":{"layout":"default","base_unit_name":{"singular":null,"plural":null},"default_variation":null},"tiered_pricing_minimum_quantity":null,"tiered_pricing_roles_data":[],"tiered_pricing_percentage_rules":[],"tiered_pricing_maximum_quantity":null,"tiered_pricing_quantity_step":null,"_links":{"self":[{"href":"https:\/\/folk.world\/de\/wp-json\/wp\/v2\/product\/4832","targetHints":{"allow":["GET"]}}],"collection":[{"href":"https:\/\/folk.world\/de\/wp-json\/wp\/v2\/product"}],"about":[{"href":"https:\/\/folk.world\/de\/wp-json\/wp\/v2\/types\/product"}],"replies":[{"embeddable":true,"href":"https:\/\/folk.world\/de\/wp-json\/wp\/v2\/comments?post=4832"}],"wp:featuredmedia":[{"embeddable":true,"href":"https:\/\/folk.world\/de\/wp-json\/wp\/v2\/media\/14081"}],"wp:attachment":[{"href":"https:\/\/folk.world\/de\/wp-json\/wp\/v2\/media?parent=4832"}],"wp:term":[{"taxonomy":"product_brand","embeddable":true,"href":"https:\/\/folk.world\/de\/wp-json\/wp\/v2\/product_brand?post=4832"},{"taxonomy":"product_cat","embeddable":true,"href":"https:\/\/folk.world\/de\/wp-json\/wp\/v2\/product_cat?post=4832"},{"taxonomy":"product_tag","embeddable":true,"href":"https:\/\/folk.world\/de\/wp-json\/wp\/v2\/product_tag?post=4832"}],"curies":[{"name":"wp","href":"https:\/\/api.w.org\/{rel}","templated":true}]}}