{"id":4860,"date":"2018-11-25T17:06:39","date_gmt":"2018-11-25T16:06:39","guid":{"rendered":"https:\/\/folk.world\/?post_type=product&#038;p=4860"},"modified":"2025-01-04T15:38:21","modified_gmt":"2025-01-04T14:38:21","slug":"wee-pipe-erweiterungsset","status":"publish","type":"product","link":"https:\/\/folk.world\/de\/s\/wee-pipe\/zubehoer-wp\/wee-pipe-erweiterungsset\/","title":{"rendered":"Wee-Pipe Erweiterungsset in A"},"content":{"rendered":"<p>Auf dem\u00a0<a href=\"http:\/\/www.wee-pipe.com\/wee-pipe.html\" target=\"_blank\" rel=\"noopener\">Practice Chanter<\/a>\u00a0lernt der Einsteiger mithilfe des\u00a0<a href=\"http:\/\/www.wee-pipe.com\/lehrwerk.html\" target=\"_blank\" rel=\"noopener\">Lehrbuchs<\/a>Dudelsack spielen. Diese \u00dcbungspfeife dient der Erlernung der Tonleiter und des Fingerspiels. Nach einiger Zeit macht es Sinn, seinen Wee-Pipe Chanter um den \u00fcbrigen Dudelsack zu erweitern. Hierzu erh\u00e4lst Du von uns den noch fehlenden Luftsack, den Bordun und das passende Drone-Reed.<\/p>\n<p>Bestelle jetzt das Wee-Pipe Erweiterungsset um Deinen\u00a0<a href=\"http:\/\/www.wee-pipe.com\/wee-pipe\/practise-chanter-wee-pipe-schottisch.html\" target=\"_blank\" rel=\"noopener\">schottischen<\/a>\u00a0oder\u00a0<a href=\"http:\/\/www.wee-pipe.com\/wee-pipe\/practise-chanter-wee-pipe-mittelalterlich.html\" target=\"_blank\" rel=\"noopener\">mittelalerlichen Wee-Pipe Practice Chanter<\/a>\u00a0zum vollst\u00e4ndigen Dudelsack zu erg\u00e4nzen.<\/p>\n<p>Wir liefern die Wee-Pipe mit optisch ansprechenden Canmore-Bag im Look von Cord-Stoff.<\/p>\n<h2>Zusatzinformation<\/h2>\n<table id=\"product-attribute-specs-table\" class=\"table table-bordered table-hover\">\n<colgroup>\n<col width=\"25%\" \/>\n<col \/><\/colgroup>\n<tbody>\n<tr class=\"first odd\">\n<th>Gewicht (kg)<\/th>\n<td class=\"last\">0.5000<\/td>\n<\/tr>\n<tr class=\"even\">\n<th>Tonart<\/th>\n<td class=\"last\">nein<\/td>\n<\/tr>\n<tr class=\"odd\">\n<th>Lautst\u00e4rke<\/th>\n<td class=\"last\">nein<\/td>\n<\/tr>\n<tr class=\"last even\">\n<th>Material<\/th>\n<td class=\"last\">Kunststoff<\/td>\n<\/tr>\n<\/tbody>\n<\/table>\n","protected":false},"excerpt":{"rendered":"<p>Du m\u00f6chtest Dudelsack lernen? Du hast nun auf dem Wee-Pipe Chanter lange genug ge\u00fcbt? Dann hole Dir jetzt das Wee-Pipe Erg\u00e4nzungsset!<\/p>\n","protected":false},"featured_media":4861,"comment_status":"open","ping_status":"closed","template":"","meta":[],"product_brand":[],"product_cat":[656],"product_tag":[790],"class_list":{"0":"post-4860","1":"product","2":"type-product","3":"status-publish","4":"has-post-thumbnail","6":"product_cat-zubehoer-wp","7":"product_tag-zubehoer","9":"first","10":"outofstock","11":"taxable","12":"shipping-taxable","13":"purchasable","14":"product-type-simple"},"composite_virtual":false,"composite_layout":"","composite_add_to_cart_form_location":"","composite_editable_in_cart":false,"composite_sold_individually_context":"","composite_shop_price_calc":"","composite_components":[],"composite_scenarios":[],"bundled_by":[],"bundle_stock_status":"outofstock","bundle_stock_quantity":0,"bundle_virtual":false,"bundle_layout":"","bundle_add_to_cart_form_location":"","bundle_editable_in_cart":false,"bundle_sold_individually_context":"","bundle_item_grouping":"","bundle_min_size":"","bundle_max_size":"","bundle_price":[],"bundled_items":[],"bundle_sell_ids":[],"exclude_global_add_ons":[],"addons":[],"tiered_pricing_type":"fixed","tiered_pricing_fixed_rules":[],"tiered_pricing_product_settings":{"layout":"default","base_unit_name":{"singular":null,"plural":null},"default_variation":null},"tiered_pricing_minimum_quantity":null,"tiered_pricing_roles_data":[],"tiered_pricing_percentage_rules":[],"tiered_pricing_maximum_quantity":null,"tiered_pricing_quantity_step":null,"_links":{"self":[{"href":"https:\/\/folk.world\/de\/wp-json\/wp\/v2\/product\/4860","targetHints":{"allow":["GET"]}}],"collection":[{"href":"https:\/\/folk.world\/de\/wp-json\/wp\/v2\/product"}],"about":[{"href":"https:\/\/folk.world\/de\/wp-json\/wp\/v2\/types\/product"}],"replies":[{"embeddable":true,"href":"https:\/\/folk.world\/de\/wp-json\/wp\/v2\/comments?post=4860"}],"wp:featuredmedia":[{"embeddable":true,"href":"https:\/\/folk.world\/de\/wp-json\/wp\/v2\/media\/4861"}],"wp:attachment":[{"href":"https:\/\/folk.world\/de\/wp-json\/wp\/v2\/media?parent=4860"}],"wp:term":[{"taxonomy":"product_brand","embeddable":true,"href":"https:\/\/folk.world\/de\/wp-json\/wp\/v2\/product_brand?post=4860"},{"taxonomy":"product_cat","embeddable":true,"href":"https:\/\/folk.world\/de\/wp-json\/wp\/v2\/product_cat?post=4860"},{"taxonomy":"product_tag","embeddable":true,"href":"https:\/\/folk.world\/de\/wp-json\/wp\/v2\/product_tag?post=4860"}],"curies":[{"name":"wp","href":"https:\/\/api.w.org\/{rel}","templated":true}]}}