{"id":4943,"date":"2018-11-27T12:01:59","date_gmt":"2018-11-27T12:01:59","guid":{"rendered":"https:\/\/folk.world\/?post_type=product&#038;p=4943"},"modified":"2020-04-01T16:33:49","modified_gmt":"2020-04-01T14:33:49","slug":"buch-mit-cd-oberton-singen-von-wolfgang-saus","status":"publish","type":"product","link":"https:\/\/folk.world\/de\/s\/harmonic-singing\/lehrwerk-hs\/buch-mit-cd-oberton-singen-von-wolfgang-saus\/","title":{"rendered":"Buch mit CD: &#8220;Oberton Singen&#8221; von Wolfgang Saus"},"content":{"rendered":"<h3>Der Verlag \u00fcber das Buch<\/h3>\n<p>Dieses Buch \u00fcber die Welt der Obert\u00f6ne ist gleicherma\u00dfen f\u00fcr Einsteiger wie Fortgeschrittene geeignet.<\/p>\n<p>Oberton-Pionier Wolfgang Saus leitet seine Leserinnen und H\u00f6rer im von ihm entwickelten &#8220;Drei-Stufen-Kurs&#8221; zum Oberton singen an. Die Methodik ist so verbl\u00fcffend einfach, das man nur staunen kann: Auf der beiliegenden CD leitet Saus kleine Kinder an und nimmt so jede Angst vor dem Singen.<\/p>\n<p>Das Saus der erste Klangforscher und Obertons\u00e4nger ist, der das Geheimnis der Entstehung von Obert\u00f6nen in der menschlichen Stimme wissenschaftlich entschl\u00fcsselt hat, machte seine Lehrmethodik erst m\u00f6glich.<\/p>\n<p>Im theoretischen Teil nimmt Saus die Leser tief in die Welt der Obertonph\u00e4nomene mit.<\/p>\n<p>Der Obertonschieber, ebenfalls eine Entwicklung des Autors, hilft dem singenden Laien ebenso wie Profis, gezielt Obertonst\u00fccke zu komponieren.<\/p>\n<p>Wer sich f\u00fcr die Welt des Obertongesangs interessiert, kommt an Wolfgang Saus und dieser deutlich \u00fcber ein Grundlagenwerk hinausgehende Buch-CD-Kombination nicht vorbei.<\/p>\n<h4>Aus dem Inhalt<\/h4>\n<ul class=\"list-style1\">\n<li>Der neue Drei-Stufen-Lernkurs Der Obertonschieber von Wolfgang Saus<\/li>\n<li>Obert\u00f6ne sichtbar gemacht<\/li>\n<li>Kompositions- und Verst\u00e4ndnishilfe f\u00fcr Profis wie Laien<\/li>\n<li>Die Welt der Obert\u00f6ne: Reichlich Wissen und Ph\u00e4nomenales erstmals in einem Buch zusammengetragen<\/li>\n<li>Der Lernkurs auf CD &#8211; Macht Spass, ist unterhaltsam und funktioniert<\/li>\n<\/ul>\n<h4>Buchr\u00fcckentext<\/h4>\n<blockquote><p>Dieses Buch lehrt Dich Oberton Singen in der verbl\u00fcffend einfachen Drei-Stufen-Methode von Wolfgang Saus. Sie erfahren bisher nirgends zu findende Geheimnisse \u00fcber die faszinierende Welt der Obert\u00f6ne und Kl\u00e4nge. Auf nachvollziehbare Art verschafft Ihnen der Autor einen neuen und spielerischen Zugang zur Welt der Musik und zu ihrer eigenen Stimme und Musikalit\u00e4t.<\/p>\n<p>Die Methodik von Saus ist \u00fcberraschend effektiv. Er ist der erste Obertons\u00e4nger weltweit, der die Natur und Entstehung des Obertonsingens bewusst aufgeschl\u00fcsselt hat. Innerhalb weniger Stunden bringt er mit seinem Wissen und K\u00f6nnen, das nun in diesem Buch vorliegt, lernbegeisterten Sch\u00fclern das Oberton singen bei.<\/p>\n<p>Mit diesem Buch (inklusive Lehr-CD) haben S\u00e4nger und solche, die singen lernen wollen, ein fundiertes und verst\u00e4ndliches Lehrwerk an der Hand. Ebenso richtet es sich an alle Menschen (Lehrer, Ausbilder, Moderatoren, Manager, \u00c4rzte und andere mehr), die in der \u00d6ffentlichkeit mit einer ausdrucksstarken und tragbaren Stimme pr\u00e4sent sein m\u00fcssen.<\/p>\n<p>Weiterhin f\u00fchrt &#8220;Oberton Singen &#8211; Das Geheimnis einer magischen Stimmkunst&#8221; das von Wolfgang Saus entwickelte revolution\u00e4re Prinzip des Obertonschiebers ein. Dieses einfache wie \u00fcberaus effektive Instrument wird in Zukunft Ihr Wissen \u00fcber die Welt der Kl\u00e4nge auf spielerische Art und Weise erweitern und vertiefen. Professionelle Musiker und Musiklehrer k\u00f6nnen dieses Werkzeug nutzen, um Obertonmusik zu komponieren oder sie f\u00fcr ihre Sch\u00fcler logisch erfahrbar zu machen.<small><cite title=\"Quelle\">Kurzbeschreibung auf der Buchr\u00fcckseite<\/cite><\/small><\/p><\/blockquote>\n<h3>Der Verlag \u00fcber den Autor<\/h3>\n<p>Wolfgang Saus hat sich in den letzten Jahren fraglos zu einem der weltbesten Obertons\u00e4nger entwickelt. Seine Gesangstechniken werden weltweit nur von einer handvoll S\u00e4ngern beherrscht (O-Ton Wolfgang: Die kenne ich alle pers\u00f6nlich, die k\u00f6nnen das auch, aber sie wissen nicht genau,\u00a0<i>wie<\/i>\u00a0sie es machen. Ich wei\u00df das Wie).<\/p>\n<p>Saus ist europaweit in der T\u00fcrkei, Israel, \u00c4gypten und der Mongolei als Obertonspezialist gefragt, in Singapur sang er mit einem ganzen Orchester Singapur und in der tschechischen Republik kommen aus ganz Europa die besten Obertons\u00e4nger in seinem &#8220;Europ\u00e4ischen Obertonchor&#8221; zusammen.<\/p>\n<p>Komponisten schreiben St\u00fccke speziell f\u00fcr seine einzigartige Technik -, er entwickelte die Musiksoftware &#8220;overtone analyzer&#8221; und ist weltweit gefragter Ausbilder. Dabei hat Wolfgang sich eine charmante Art beibehalten: Seine Vortr\u00e4ge und Workshops sind stets gepr\u00e4gt von seinem staubtrockenen Humor und seinem klaren Blick auf das Ph\u00e4nomen Oberton- und Klangkultur.<\/p>\n<hr \/>\n<p><i>Texte mit freundlicher Genehmigung von David Lindner, Traumzeit-Verlag<\/i><\/p>\n<h2>Zusatzinformation<\/h2>\n<table id=\"product-attribute-specs-table\" class=\"table table-bordered table-hover\">\n<colgroup>\n<col width=\"25%\" \/>\n<col \/><\/colgroup>\n<tbody>\n<tr class=\"first odd\">\n<th>Verlag<\/th>\n<td class=\"last\">Traumzeit-Verlag<\/td>\n<\/tr>\n<tr class=\"even\">\n<th>Auflage<\/th>\n<td class=\"last\">2. Auflage 2006<\/td>\n<\/tr>\n<tr class=\"odd\">\n<th>Seitenanzahl<\/th>\n<td class=\"last\">132<\/td>\n<\/tr>\n<tr class=\"even\">\n<th>Einband<\/th>\n<td class=\"last\">Hardcover<\/td>\n<\/tr>\n<tr class=\"odd\">\n<th>Zusatzmedien<\/th>\n<td class=\"last\">Audio CD<\/td>\n<\/tr>\n<tr class=\"even\">\n<th>Gewicht (kg)<\/th>\n<td class=\"last\">0.5700<\/td>\n<\/tr>\n<tr class=\"last odd\">\n<th>Gr\u00f6\u00dfe (H, B, T)<\/th>\n<td class=\"last\">21 x 21 cm<\/td>\n<\/tr>\n<\/tbody>\n<\/table>\n","protected":false},"excerpt":{"rendered":"<p>Das Geheimnis einer magischen Stimmkunst &#8211; Obertongesang lernen mit dem neuen Drei-Stufen-Kurs<br \/>\n\ufffc\ufffc<br \/>\n\ufffc<\/p>\n","protected":false},"featured_media":4944,"comment_status":"open","ping_status":"closed","template":"","meta":[],"product_brand":[],"product_cat":[664],"product_tag":[792],"class_list":{"0":"post-4943","1":"product","2":"type-product","3":"status-publish","4":"has-post-thumbnail","6":"product_cat-lehrwerk-hs","7":"product_tag-lehrkurs","9":"first","10":"instock","11":"taxable","12":"shipping-taxable","13":"purchasable","14":"product-type-simple"},"composite_virtual":false,"composite_layout":"","composite_add_to_cart_form_location":"","composite_editable_in_cart":false,"composite_sold_individually_context":"","composite_shop_price_calc":"","composite_components":[],"composite_scenarios":[],"bundled_by":[],"bundle_stock_status":"instock","bundle_stock_quantity":null,"bundle_virtual":false,"bundle_layout":"","bundle_add_to_cart_form_location":"","bundle_editable_in_cart":false,"bundle_sold_individually_context":"","bundle_item_grouping":"","bundle_min_size":"","bundle_max_size":"","bundle_price":[],"bundled_items":[],"bundle_sell_ids":[],"exclude_global_add_ons":[],"addons":[],"tiered_pricing_type":"fixed","tiered_pricing_fixed_rules":[],"tiered_pricing_product_settings":{"layout":"default","base_unit_name":{"singular":null,"plural":null},"default_variation":null},"tiered_pricing_minimum_quantity":null,"tiered_pricing_roles_data":[],"tiered_pricing_percentage_rules":[],"tiered_pricing_maximum_quantity":null,"tiered_pricing_quantity_step":null,"_links":{"self":[{"href":"https:\/\/folk.world\/de\/wp-json\/wp\/v2\/product\/4943","targetHints":{"allow":["GET"]}}],"collection":[{"href":"https:\/\/folk.world\/de\/wp-json\/wp\/v2\/product"}],"about":[{"href":"https:\/\/folk.world\/de\/wp-json\/wp\/v2\/types\/product"}],"replies":[{"embeddable":true,"href":"https:\/\/folk.world\/de\/wp-json\/wp\/v2\/comments?post=4943"}],"wp:featuredmedia":[{"embeddable":true,"href":"https:\/\/folk.world\/de\/wp-json\/wp\/v2\/media\/4944"}],"wp:attachment":[{"href":"https:\/\/folk.world\/de\/wp-json\/wp\/v2\/media?parent=4943"}],"wp:term":[{"taxonomy":"product_brand","embeddable":true,"href":"https:\/\/folk.world\/de\/wp-json\/wp\/v2\/product_brand?post=4943"},{"taxonomy":"product_cat","embeddable":true,"href":"https:\/\/folk.world\/de\/wp-json\/wp\/v2\/product_cat?post=4943"},{"taxonomy":"product_tag","embeddable":true,"href":"https:\/\/folk.world\/de\/wp-json\/wp\/v2\/product_tag?post=4943"}],"curies":[{"name":"wp","href":"https:\/\/api.w.org\/{rel}","templated":true}]}}